{"id":1735,"date":"2014-11-12T10:30:49","date_gmt":"2014-11-12T10:30:49","guid":{"rendered":"http:\/\/www.kunnskap.de\/?page_id=1735"},"modified":"2021-06-25T12:48:22","modified_gmt":"2021-06-25T10:48:22","slug":"branchenindex","status":"publish","type":"page","link":"https:\/\/prudentwater.com\/en\/branchenindex\/","title":{"rendered":"Branchenindex"},"content":{"rendered":"<p>engl. <strong>Sector Index<\/strong><\/p>\n<p>Ein Branchenindex ber\u00fccksichtigt und enth\u00e4lt nur die Aktien einer bestimmten Branche. Somit l\u00e4sst sich die Gesamtverfassung einer einzelnen Branche anhand des Index widerspiegeln. Ein Branchenindex gibt die Wertentwicklung einer bestimmten Branche wider. Dabei k\u00f6nnen alle oder nur einzelne Unternehmen der Branche in dem jeweiligen Index vertreten sein. In der Regel weisen die einzelnen Aktien in dem Branchenindex eine hohe Korrelation auf. Dies bedeutet, dass die Aktien oftmals gemeinsam fallen oder steigen und nur einzelne unternehmensspezifische Nachrichten zu markanten Abweichungen bei einzelnen Aktien gegen\u00fcber dem Index f\u00fchren.<\/p>\n","protected":false},"excerpt":{"rendered":"<p>engl. Sector Index Ein Branchenindex ber\u00fccksichtigt und enth\u00e4lt nur die Aktien einer bestimmten Branche. Somit l\u00e4sst sich die Gesamtverfassung einer einzelnen Branche anhand des Index widerspiegeln. Ein Branchenindex gibt die Wertentwicklung einer bestimmten Branche wider. Dabei k\u00f6nnen alle oder nur einzelne Unternehmen der Branche in dem jeweiligen Index vertreten sein. In der Regel weisen die [&hellip;]<\/p>\n","protected":false},"author":1,"featured_media":0,"parent":0,"menu_order":0,"comment_status":"closed","ping_status":"closed","template":"","meta":{"site-sidebar-layout":"default","site-content-layout":"","ast-site-content-layout":"","site-content-style":"default","site-sidebar-style":"default","ast-global-header-display":"","ast-banner-title-visibility":"","ast-main-header-display":"","ast-hfb-above-header-display":"","ast-hfb-below-header-display":"","ast-hfb-mobile-header-display":"","site-post-title":"","ast-breadcrumbs-content":"","ast-featured-img":"","footer-sml-layout":"","theme-transparent-header-meta":"","adv-header-id-meta":"","stick-header-meta":"","header-above-stick-meta":"","header-main-stick-meta":"","header-below-stick-meta":"","astra-migrate-meta-layouts":"default","ast-page-background-enabled":"default","ast-page-background-meta":{"desktop":{"background-color":"","background-image":"","background-repeat":"repeat","background-position":"center center","background-size":"auto","background-attachment":"scroll","background-type":"","background-media":"","overlay-type":"","overlay-color":"","overlay-opacity":"","overlay-gradient":""},"tablet":{"background-color":"","background-image":"","background-repeat":"repeat","background-position":"center center","background-size":"auto","background-attachment":"scroll","background-type":"","background-media":"","overlay-type":"","overlay-color":"","overlay-opacity":"","overlay-gradient":""},"mobile":{"background-color":"","background-image":"","background-repeat":"repeat","background-position":"center center","background-size":"auto","background-attachment":"scroll","background-type":"","background-media":"","overlay-type":"","overlay-color":"","overlay-opacity":"","overlay-gradient":""}},"ast-content-background-meta":{"desktop":{"background-color":"var(--ast-global-color-5)","background-image":"","background-repeat":"repeat","background-position":"center center","background-size":"auto","background-attachment":"scroll","background-type":"","background-media":"","overlay-type":"","overlay-color":"","overlay-opacity":"","overlay-gradient":""},"tablet":{"background-color":"var(--ast-global-color-5)","background-image":"","background-repeat":"repeat","background-position":"center center","background-size":"auto","background-attachment":"scroll","background-type":"","background-media":"","overlay-type":"","overlay-color":"","overlay-opacity":"","overlay-gradient":""},"mobile":{"background-color":"var(--ast-global-color-5)","background-image":"","background-repeat":"repeat","background-position":"center center","background-size":"auto","background-attachment":"scroll","background-type":"","background-media":"","overlay-type":"","overlay-color":"","overlay-opacity":"","overlay-gradient":""}},"footnotes":""},"class_list":["post-1735","page","type-page","status-publish","hentry"],"translation":{"provider":"WPGlobus","version":"3.0.2","language":"en","enabled_languages":["de","en"],"languages":{"de":{"title":true,"content":true,"excerpt":false},"en":{"title":false,"content":false,"excerpt":false}}},"featured_image_urls_v2":{"full":"","thumbnail":"","medium":"","medium_large":"","large":"","1536x1536":"","2048x2048":""},"post_excerpt_stackable_v2":"<p>engl. Sector Index Ein Branchenindex ber\u00fccksichtigt und enth\u00e4lt nur die Aktien einer bestimmten Branche. Somit l\u00e4sst sich die Gesamtverfassung einer einzelnen Branche anhand des Index widerspiegeln. Ein Branchenindex gibt die Wertentwicklung einer bestimmten Branche wider. Dabei k\u00f6nnen alle oder nur einzelne Unternehmen der Branche in dem jeweiligen Index vertreten sein. In der Regel weisen die einzelnen Aktien in dem Branchenindex eine hohe Korrelation auf. Dies bedeutet, dass die Aktien oftmals gemeinsam fallen oder steigen und nur einzelne unternehmensspezifische Nachrichten zu markanten Abweichungen bei einzelnen Aktien gegen\u00fcber dem Index f\u00fchren.<\/p>\n","category_list_v2":"","author_info_v2":{"name":"PrudentWater","url":"https:\/\/prudentwater.com\/en\/author\/niklas33\/"},"comments_num_v2":"0 comments","_links":{"self":[{"href":"https:\/\/prudentwater.com\/en\/wp-json\/wp\/v2\/pages\/1735","targetHints":{"allow":["GET"]}}],"collection":[{"href":"https:\/\/prudentwater.com\/en\/wp-json\/wp\/v2\/pages"}],"about":[{"href":"https:\/\/prudentwater.com\/en\/wp-json\/wp\/v2\/types\/page"}],"author":[{"embeddable":true,"href":"https:\/\/prudentwater.com\/en\/wp-json\/wp\/v2\/users\/1"}],"replies":[{"embeddable":true,"href":"https:\/\/prudentwater.com\/en\/wp-json\/wp\/v2\/comments?post=1735"}],"version-history":[{"count":0,"href":"https:\/\/prudentwater.com\/en\/wp-json\/wp\/v2\/pages\/1735\/revisions"}],"wp:attachment":[{"href":"https:\/\/prudentwater.com\/en\/wp-json\/wp\/v2\/media?parent=1735"}],"curies":[{"name":"wp","href":"https:\/\/api.w.org\/{rel}","templated":true}]}}