{"id":1738,"date":"2014-11-12T10:53:54","date_gmt":"2014-11-12T10:53:54","guid":{"rendered":"http:\/\/www.kunnskap.de\/?page_id=1738"},"modified":"2021-06-25T12:48:22","modified_gmt":"2021-06-25T10:48:22","slug":"bullenfalle","status":"publish","type":"page","link":"https:\/\/prudentwater.com\/en\/bullenfalle\/","title":{"rendered":"Bullenfalle"},"content":{"rendered":"<p>engl. <strong>Bull Trap<\/strong><\/p>\n<p>Der Begriff Bullenfalle kommt oftmals in der technischen Analyse vor. Dabei handelt es sich um eine Fehlinterpretation von charttechnischen Signalen, die eigentlich eine Hausse (steigende Kurse) andeuten sollen, tats\u00e4chlich jedoch fallen die Kurse kurze Zeit sp\u00e4ter. Anleger meinen ein eindeutiges Chartsignal f\u00fcr steigende Kurse zu erkennen, liegen damit jedoch falsch, da der Kurs des Wertpapieres hinterher f\u00e4llt. Durchbricht beispielsweise der Kurs nach oben eine Widerstandslinie, so rechnen viele Anleger, die ihre Entscheidungen aufgrund technischer Analysen treffen, mit weiter steigenden Kursen. In einer Bullenfalle war dies jedoch ein Fehlsignal bzw. eine Fehlinterpretation, da der Kurs der Aktie anschlie\u00dfend wieder f\u00e4llt und alte Widerstandslinien nach unten hin durchbricht.<\/p>\n","protected":false},"excerpt":{"rendered":"<p>engl. Bull Trap Der Begriff Bullenfalle kommt oftmals in der technischen Analyse vor. Dabei handelt es sich um eine Fehlinterpretation von charttechnischen Signalen, die eigentlich eine Hausse (steigende Kurse) andeuten sollen, tats\u00e4chlich jedoch fallen die Kurse kurze Zeit sp\u00e4ter. Anleger meinen ein eindeutiges Chartsignal f\u00fcr steigende Kurse zu erkennen, liegen damit jedoch falsch, da der [&hellip;]<\/p>\n","protected":false},"author":1,"featured_media":0,"parent":0,"menu_order":0,"comment_status":"closed","ping_status":"closed","template":"","meta":{"site-sidebar-layout":"default","site-content-layout":"","ast-site-content-layout":"","site-content-style":"default","site-sidebar-style":"default","ast-global-header-display":"","ast-banner-title-visibility":"","ast-main-header-display":"","ast-hfb-above-header-display":"","ast-hfb-below-header-display":"","ast-hfb-mobile-header-display":"","site-post-title":"","ast-breadcrumbs-content":"","ast-featured-img":"","footer-sml-layout":"","theme-transparent-header-meta":"","adv-header-id-meta":"","stick-header-meta":"","header-above-stick-meta":"","header-main-stick-meta":"","header-below-stick-meta":"","astra-migrate-meta-layouts":"default","ast-page-background-enabled":"default","ast-page-background-meta":{"desktop":{"background-color":"","background-image":"","background-repeat":"repeat","background-position":"center center","background-size":"auto","background-attachment":"scroll","background-type":"","background-media":"","overlay-type":"","overlay-color":"","overlay-opacity":"","overlay-gradient":""},"tablet":{"background-color":"","background-image":"","background-repeat":"repeat","background-position":"center center","background-size":"auto","background-attachment":"scroll","background-type":"","background-media":"","overlay-type":"","overlay-color":"","overlay-opacity":"","overlay-gradient":""},"mobile":{"background-color":"","background-image":"","background-repeat":"repeat","background-position":"center center","background-size":"auto","background-attachment":"scroll","background-type":"","background-media":"","overlay-type":"","overlay-color":"","overlay-opacity":"","overlay-gradient":""}},"ast-content-background-meta":{"desktop":{"background-color":"var(--ast-global-color-5)","background-image":"","background-repeat":"repeat","background-position":"center center","background-size":"auto","background-attachment":"scroll","background-type":"","background-media":"","overlay-type":"","overlay-color":"","overlay-opacity":"","overlay-gradient":""},"tablet":{"background-color":"var(--ast-global-color-5)","background-image":"","background-repeat":"repeat","background-position":"center center","background-size":"auto","background-attachment":"scroll","background-type":"","background-media":"","overlay-type":"","overlay-color":"","overlay-opacity":"","overlay-gradient":""},"mobile":{"background-color":"var(--ast-global-color-5)","background-image":"","background-repeat":"repeat","background-position":"center center","background-size":"auto","background-attachment":"scroll","background-type":"","background-media":"","overlay-type":"","overlay-color":"","overlay-opacity":"","overlay-gradient":""}},"footnotes":""},"class_list":["post-1738","page","type-page","status-publish","hentry"],"translation":{"provider":"WPGlobus","version":"3.0.2","language":"en","enabled_languages":["de","en"],"languages":{"de":{"title":true,"content":true,"excerpt":false},"en":{"title":false,"content":false,"excerpt":false}}},"featured_image_urls_v2":{"full":"","thumbnail":"","medium":"","medium_large":"","large":"","1536x1536":"","2048x2048":""},"post_excerpt_stackable_v2":"<p>engl. Bull Trap Der Begriff Bullenfalle kommt oftmals in der technischen Analyse vor. Dabei handelt es sich um eine Fehlinterpretation von charttechnischen Signalen, die eigentlich eine Hausse (steigende Kurse) andeuten sollen, tats\u00e4chlich jedoch fallen die Kurse kurze Zeit sp\u00e4ter. Anleger meinen ein eindeutiges Chartsignal f\u00fcr steigende Kurse zu erkennen, liegen damit jedoch falsch, da der Kurs des Wertpapieres hinterher f\u00e4llt. Durchbricht beispielsweise der Kurs nach oben eine Widerstandslinie, so rechnen viele Anleger, die ihre Entscheidungen aufgrund technischer Analysen treffen, mit weiter steigenden Kursen. In einer Bullenfalle war dies jedoch ein Fehlsignal bzw. eine Fehlinterpretation, da der Kurs der Aktie anschlie\u00dfend&hellip;<\/p>\n","category_list_v2":"","author_info_v2":{"name":"PrudentWater","url":"https:\/\/prudentwater.com\/en\/author\/niklas33\/"},"comments_num_v2":"0 comments","_links":{"self":[{"href":"https:\/\/prudentwater.com\/en\/wp-json\/wp\/v2\/pages\/1738","targetHints":{"allow":["GET"]}}],"collection":[{"href":"https:\/\/prudentwater.com\/en\/wp-json\/wp\/v2\/pages"}],"about":[{"href":"https:\/\/prudentwater.com\/en\/wp-json\/wp\/v2\/types\/page"}],"author":[{"embeddable":true,"href":"https:\/\/prudentwater.com\/en\/wp-json\/wp\/v2\/users\/1"}],"replies":[{"embeddable":true,"href":"https:\/\/prudentwater.com\/en\/wp-json\/wp\/v2\/comments?post=1738"}],"version-history":[{"count":0,"href":"https:\/\/prudentwater.com\/en\/wp-json\/wp\/v2\/pages\/1738\/revisions"}],"wp:attachment":[{"href":"https:\/\/prudentwater.com\/en\/wp-json\/wp\/v2\/media?parent=1738"}],"curies":[{"name":"wp","href":"https:\/\/api.w.org\/{rel}","templated":true}]}}