{"id":174,"date":"2014-08-18T16:01:28","date_gmt":"2014-08-18T16:01:28","guid":{"rendered":"http:\/\/www.kunnskap.de\/?page_id=174"},"modified":"2023-01-18T10:57:29","modified_gmt":"2023-01-18T09:57:29","slug":"adr-american-depository-receipt","status":"publish","type":"page","link":"https:\/\/prudentwater.com\/en\/adr-american-depository-receipt\/","title":{"rendered":"American Depositary Receipt"},"content":{"rendered":"<p>Auch <strong>ADR<\/strong><\/p>\n<p>American Depositary Receipts sind von US-Banken begebene Hinterlegungsscheine f\u00fcr Aktien und werden an der B\u00f6rse stellvertretend f\u00fcr die jeweilige Aktie gehandelt. Dabei handelt es sich genauer gesagt um Zertifikate, die von amerikanischen Finanzinstituten ausgestellt werden. Die Finanzinstitute haben die zugrunde liegenden Aktien jedoch bei sich in Verwahrung genommen, die Zertifikate werden dann stellvertretend f\u00fcr die Aktien gehandelt. Bei diesem Vorgang f\u00e4llt f\u00fcr die Aktiengesellschaft das Zulassungsverfahren f\u00fcr die B\u00f6rsennotierung weg, weshalb ADRs weltweit durchaus beliebt sind. American Depositary Receipts k\u00f6nnen eine, mehrere oder auch nur einen Bruchteil einer Aktie widerspiegeln. Ist in dem Titel beispielsweise &#8220;<b>Repr 2 Shs<\/b>&#8221; oder &#8220;<b>\/2<\/b>&#8221; angegeben, so repr\u00e4sentiert ein American Depositary Receipt insgesamt 2 Aktien des Unternehmens. Ein ADR-Schein enth\u00e4lt somit auch die Dividende f\u00fcr 2 Aktien des Unternehmens. ADRs sind somit dividendenberechtigt, besitzen jedoch kein Stimmrecht. Informationen \u00fcber einzelne ADRs sind hier zu finden: <a href=\"https:\/\/adr.com\/\" target=\"_blank\" rel=\"noopener noreferrer\">https:\/\/adr.com\/<\/a><\/p>\n<h3>Nachteile von American Depositary Receipts<\/h3>\n<p>American Depositary Receipts sind f\u00fcr den Anleger jedoch keine Musterl\u00f6sung. Privatanleger sollten vorab wissen, womit sie handeln, wenn sie American Depositary Receipts kaufen. Zun\u00e4chst sind sie mit einer zus\u00e4tzlichen Geb\u00fchr verbunden. Anleger, die diese Scheine in ihrem Depot halten, m\u00fcssen eine j\u00e4hrliche Geb\u00fchr bezahlen, die nicht vom Broker selbst erhoben wird, sondern von den Finanzinstituten, welche die ADRs urspr\u00fcnglich ausgestellt haben. Vom Broker erh\u00e4lt der Anleger dann j\u00e4hrlich eine Mitteilung, dass die ausl\u00e4ndische Lagerstelle eine Depotservicegeb\u00fchr erhoben hat, welche abh\u00e4ngig von der Anzahl der gehaltenen ADRs ist und oftmals bei 0,01-0,03 USD pro ADR liegt. Au\u00dferdem kann bei der Dividendenzahlung teilweise eine zus\u00e4tzliche Geb\u00fchr erhoben werden, welche bei ca. 8,00 &#8211; 15,00 USD liegt. Das Handelsvolumen von American Depositary Receipts ist oftmals eher gering als im Vergleich zu den tats\u00e4chlichen Aktien, wodurch American Depositary Receipts an der B\u00f6rse einen h\u00f6heren Spread aufweisen und somit f\u00fcr den Anleger eventuell kostenintensiver zu handeln sind. Au\u00dferdem kann das American Depositary Receipt-Programm beendet werden, obwohl die zugrunde liegende Aktie weiter an der B\u00f6rse notiert. F\u00fcr den Anleger entstehen dann m\u00f6glicherweise Kursverluste.<\/p>\n<h3>Vorteile von American Depositary Receipts<\/h3>\n<p>Der Vorteil von ADRs liegt aber eben darin, dass sie den Anlegern \u00fcberhaupt erst den Zugang zu bestimmten Aktiengesellschaften bieten und sie so an deren Wertentwicklung inklusive Dividende partizipieren k\u00f6nnen, auch wenn sie nicht direkt die jeweiligen Aktien halten, sondern eben stellvertretende Hinterlegungsscheine, welche die zugrunde liegenden Aktien 1:1 abbilden.<\/p>\n","protected":false},"excerpt":{"rendered":"<p>Auch ADR American Depositary Receipts sind von US-Banken begebene Hinterlegungsscheine f\u00fcr Aktien und werden an der B\u00f6rse stellvertretend f\u00fcr die jeweilige Aktie gehandelt. Dabei handelt es sich genauer gesagt um Zertifikate, die von amerikanischen Finanzinstituten ausgestellt werden. Die Finanzinstitute haben die zugrunde liegenden Aktien jedoch bei sich in Verwahrung genommen, die Zertifikate werden dann stellvertretend [&hellip;]<\/p>\n","protected":false},"author":1,"featured_media":0,"parent":0,"menu_order":0,"comment_status":"closed","ping_status":"closed","template":"","meta":{"site-sidebar-layout":"default","site-content-layout":"","ast-site-content-layout":"","site-content-style":"default","site-sidebar-style":"default","ast-global-header-display":"","ast-banner-title-visibility":"","ast-main-header-display":"","ast-hfb-above-header-display":"","ast-hfb-below-header-display":"","ast-hfb-mobile-header-display":"","site-post-title":"","ast-breadcrumbs-content":"","ast-featured-img":"","footer-sml-layout":"","theme-transparent-header-meta":"","adv-header-id-meta":"","stick-header-meta":"","header-above-stick-meta":"","header-main-stick-meta":"","header-below-stick-meta":"","astra-migrate-meta-layouts":"default","ast-page-background-enabled":"default","ast-page-background-meta":{"desktop":{"background-color":"","background-image":"","background-repeat":"repeat","background-position":"center center","background-size":"auto","background-attachment":"scroll","background-type":"","background-media":"","overlay-type":"","overlay-color":"","overlay-opacity":"","overlay-gradient":""},"tablet":{"background-color":"","background-image":"","background-repeat":"repeat","background-position":"center center","background-size":"auto","background-attachment":"scroll","background-type":"","background-media":"","overlay-type":"","overlay-color":"","overlay-opacity":"","overlay-gradient":""},"mobile":{"background-color":"","background-image":"","background-repeat":"repeat","background-position":"center center","background-size":"auto","background-attachment":"scroll","background-type":"","background-media":"","overlay-type":"","overlay-color":"","overlay-opacity":"","overlay-gradient":""}},"ast-content-background-meta":{"desktop":{"background-color":"var(--ast-global-color-5)","background-image":"","background-repeat":"repeat","background-position":"center center","background-size":"auto","background-attachment":"scroll","background-type":"","background-media":"","overlay-type":"","overlay-color":"","overlay-opacity":"","overlay-gradient":""},"tablet":{"background-color":"var(--ast-global-color-5)","background-image":"","background-repeat":"repeat","background-position":"center center","background-size":"auto","background-attachment":"scroll","background-type":"","background-media":"","overlay-type":"","overlay-color":"","overlay-opacity":"","overlay-gradient":""},"mobile":{"background-color":"var(--ast-global-color-5)","background-image":"","background-repeat":"repeat","background-position":"center center","background-size":"auto","background-attachment":"scroll","background-type":"","background-media":"","overlay-type":"","overlay-color":"","overlay-opacity":"","overlay-gradient":""}},"footnotes":""},"class_list":["post-174","page","type-page","status-publish","hentry"],"translation":{"provider":"WPGlobus","version":"3.0.2","language":"en","enabled_languages":["de","en"],"languages":{"de":{"title":true,"content":true,"excerpt":false},"en":{"title":false,"content":false,"excerpt":false}}},"featured_image_urls_v2":{"full":"","thumbnail":"","medium":"","medium_large":"","large":"","1536x1536":"","2048x2048":""},"post_excerpt_stackable_v2":"<p>Auch ADR American Depositary Receipts sind von US-Banken begebene Hinterlegungsscheine f\u00fcr Aktien und werden an der B\u00f6rse stellvertretend f\u00fcr die jeweilige Aktie gehandelt. Dabei handelt es sich genauer gesagt um Zertifikate, die von amerikanischen Finanzinstituten ausgestellt werden. Die Finanzinstitute haben die zugrunde liegenden Aktien jedoch bei sich in Verwahrung genommen, die Zertifikate werden dann stellvertretend f\u00fcr die Aktien gehandelt. Bei diesem Vorgang f\u00e4llt f\u00fcr die Aktiengesellschaft das Zulassungsverfahren f\u00fcr die B\u00f6rsennotierung weg, weshalb ADRs weltweit durchaus beliebt sind. American Depositary Receipts k\u00f6nnen eine, mehrere oder auch nur einen Bruchteil einer Aktie widerspiegeln. Ist in dem Titel beispielsweise &#8220;Repr 2 Shs&#8221;&hellip;<\/p>\n","category_list_v2":"","author_info_v2":{"name":"PrudentWater","url":"https:\/\/prudentwater.com\/en\/author\/niklas33\/"},"comments_num_v2":"0 comments","_links":{"self":[{"href":"https:\/\/prudentwater.com\/en\/wp-json\/wp\/v2\/pages\/174","targetHints":{"allow":["GET"]}}],"collection":[{"href":"https:\/\/prudentwater.com\/en\/wp-json\/wp\/v2\/pages"}],"about":[{"href":"https:\/\/prudentwater.com\/en\/wp-json\/wp\/v2\/types\/page"}],"author":[{"embeddable":true,"href":"https:\/\/prudentwater.com\/en\/wp-json\/wp\/v2\/users\/1"}],"replies":[{"embeddable":true,"href":"https:\/\/prudentwater.com\/en\/wp-json\/wp\/v2\/comments?post=174"}],"version-history":[{"count":0,"href":"https:\/\/prudentwater.com\/en\/wp-json\/wp\/v2\/pages\/174\/revisions"}],"wp:attachment":[{"href":"https:\/\/prudentwater.com\/en\/wp-json\/wp\/v2\/media?parent=174"}],"curies":[{"name":"wp","href":"https:\/\/api.w.org\/{rel}","templated":true}]}}