{"id":1757,"date":"2014-11-14T11:29:40","date_gmt":"2014-11-14T11:29:40","guid":{"rendered":"http:\/\/www.kunnskap.de\/?page_id=1757"},"modified":"2021-06-25T12:48:22","modified_gmt":"2021-06-25T10:48:22","slug":"bundesanleihe","status":"publish","type":"page","link":"https:\/\/prudentwater.com\/en\/bundesanleihe\/","title":{"rendered":"Bundesanleihe"},"content":{"rendered":"<p>Auch <strong>Bunds<\/strong><br \/>\nengl. <strong>Federal Bond<\/strong><\/p>\n<p>Die Bundesanleihe ist ein festverzinsliches Wertpapier, welches von der Bundesrepublik Deutschland herausgegeben wird. Bundesanleihen geh\u00f6ren zu den Bundeswertpapieren. Sie sind b\u00f6rsennotiert mit einer Laufzeit von 10 bis 30 Jahren. Die R\u00fcckzahlung erfolgt dabei stets zum Nominalwert der Anleihe (zu 100 %). Die Zinszahlung findet j\u00e4hrlich zu einem festen Zinssatz statt. Bundesanleihen stellen f\u00fcr den deutschen Staat eine wichtige Finanzierungsm\u00f6glichkeit dar und kennzeichnen sich vor allem durch ihre hohe Liquidit\u00e4t aus, welche sich in einem geringen Spread &#8211; also der Differenz zwischen Geldkurs und Briefkurs &#8211; widerspiegelt. Weder f\u00fcr den Schuldner noch f\u00fcr den Gl\u00e4ubiger ist eine vorzeitige K\u00fcndigung der Anleihe m\u00f6glich, der K\u00e4ufer der Bundesanleihe kann diese aber nat\u00fcrlich jederzeit an der B\u00f6rse weiterverkaufen. Bundesanleihen mit einer Laufzeit von 10 Jahren gelten dar\u00fcber hinaus als Referenzzinssatz f\u00fcr die gesamte Europ\u00e4ische W\u00e4hrungsunion und dr\u00fccken somit das aktuelle Zinsniveau in Europa aus. Werden die aktuellen Zinsniveaus verschiedener Kontinente miteinander verglichen, so werden f\u00fcr Europa in der Regel Bundesanleihen mit einer Laufzeit von 10 Jahren herangezogen.<\/p>\n","protected":false},"excerpt":{"rendered":"<p>Auch Bunds engl. Federal Bond Die Bundesanleihe ist ein festverzinsliches Wertpapier, welches von der Bundesrepublik Deutschland herausgegeben wird. Bundesanleihen geh\u00f6ren zu den Bundeswertpapieren. Sie sind b\u00f6rsennotiert mit einer Laufzeit von 10 bis 30 Jahren. Die R\u00fcckzahlung erfolgt dabei stets zum Nominalwert der Anleihe (zu 100 %). Die Zinszahlung findet j\u00e4hrlich zu einem festen Zinssatz statt. [&hellip;]<\/p>\n","protected":false},"author":1,"featured_media":0,"parent":0,"menu_order":0,"comment_status":"closed","ping_status":"closed","template":"","meta":{"site-sidebar-layout":"default","site-content-layout":"","ast-site-content-layout":"","site-content-style":"default","site-sidebar-style":"default","ast-global-header-display":"","ast-banner-title-visibility":"","ast-main-header-display":"","ast-hfb-above-header-display":"","ast-hfb-below-header-display":"","ast-hfb-mobile-header-display":"","site-post-title":"","ast-breadcrumbs-content":"","ast-featured-img":"","footer-sml-layout":"","theme-transparent-header-meta":"","adv-header-id-meta":"","stick-header-meta":"","header-above-stick-meta":"","header-main-stick-meta":"","header-below-stick-meta":"","astra-migrate-meta-layouts":"default","ast-page-background-enabled":"default","ast-page-background-meta":{"desktop":{"background-color":"","background-image":"","background-repeat":"repeat","background-position":"center center","background-size":"auto","background-attachment":"scroll","background-type":"","background-media":"","overlay-type":"","overlay-color":"","overlay-opacity":"","overlay-gradient":""},"tablet":{"background-color":"","background-image":"","background-repeat":"repeat","background-position":"center center","background-size":"auto","background-attachment":"scroll","background-type":"","background-media":"","overlay-type":"","overlay-color":"","overlay-opacity":"","overlay-gradient":""},"mobile":{"background-color":"","background-image":"","background-repeat":"repeat","background-position":"center center","background-size":"auto","background-attachment":"scroll","background-type":"","background-media":"","overlay-type":"","overlay-color":"","overlay-opacity":"","overlay-gradient":""}},"ast-content-background-meta":{"desktop":{"background-color":"var(--ast-global-color-5)","background-image":"","background-repeat":"repeat","background-position":"center center","background-size":"auto","background-attachment":"scroll","background-type":"","background-media":"","overlay-type":"","overlay-color":"","overlay-opacity":"","overlay-gradient":""},"tablet":{"background-color":"var(--ast-global-color-5)","background-image":"","background-repeat":"repeat","background-position":"center center","background-size":"auto","background-attachment":"scroll","background-type":"","background-media":"","overlay-type":"","overlay-color":"","overlay-opacity":"","overlay-gradient":""},"mobile":{"background-color":"var(--ast-global-color-5)","background-image":"","background-repeat":"repeat","background-position":"center center","background-size":"auto","background-attachment":"scroll","background-type":"","background-media":"","overlay-type":"","overlay-color":"","overlay-opacity":"","overlay-gradient":""}},"footnotes":""},"class_list":["post-1757","page","type-page","status-publish","hentry"],"translation":{"provider":"WPGlobus","version":"3.0.2","language":"en","enabled_languages":["de","en"],"languages":{"de":{"title":true,"content":true,"excerpt":false},"en":{"title":false,"content":false,"excerpt":false}}},"featured_image_urls_v2":{"full":"","thumbnail":"","medium":"","medium_large":"","large":"","1536x1536":"","2048x2048":""},"post_excerpt_stackable_v2":"<p>Auch Bunds engl. Federal Bond Die Bundesanleihe ist ein festverzinsliches Wertpapier, welches von der Bundesrepublik Deutschland herausgegeben wird. Bundesanleihen geh\u00f6ren zu den Bundeswertpapieren. Sie sind b\u00f6rsennotiert mit einer Laufzeit von 10 bis 30 Jahren. Die R\u00fcckzahlung erfolgt dabei stets zum Nominalwert der Anleihe (zu 100 %). Die Zinszahlung findet j\u00e4hrlich zu einem festen Zinssatz statt. Bundesanleihen stellen f\u00fcr den deutschen Staat eine wichtige Finanzierungsm\u00f6glichkeit dar und kennzeichnen sich vor allem durch ihre hohe Liquidit\u00e4t aus, welche sich in einem geringen Spread &#8211; also der Differenz zwischen Geldkurs und Briefkurs &#8211; widerspiegelt. Weder f\u00fcr den Schuldner noch f\u00fcr den Gl\u00e4ubiger ist&hellip;<\/p>\n","category_list_v2":"","author_info_v2":{"name":"PrudentWater","url":"https:\/\/prudentwater.com\/en\/author\/niklas33\/"},"comments_num_v2":"0 comments","_links":{"self":[{"href":"https:\/\/prudentwater.com\/en\/wp-json\/wp\/v2\/pages\/1757","targetHints":{"allow":["GET"]}}],"collection":[{"href":"https:\/\/prudentwater.com\/en\/wp-json\/wp\/v2\/pages"}],"about":[{"href":"https:\/\/prudentwater.com\/en\/wp-json\/wp\/v2\/types\/page"}],"author":[{"embeddable":true,"href":"https:\/\/prudentwater.com\/en\/wp-json\/wp\/v2\/users\/1"}],"replies":[{"embeddable":true,"href":"https:\/\/prudentwater.com\/en\/wp-json\/wp\/v2\/comments?post=1757"}],"version-history":[{"count":0,"href":"https:\/\/prudentwater.com\/en\/wp-json\/wp\/v2\/pages\/1757\/revisions"}],"wp:attachment":[{"href":"https:\/\/prudentwater.com\/en\/wp-json\/wp\/v2\/media?parent=1757"}],"curies":[{"name":"wp","href":"https:\/\/api.w.org\/{rel}","templated":true}]}}