{"id":1771,"date":"2014-11-14T18:05:43","date_gmt":"2014-11-14T18:05:43","guid":{"rendered":"http:\/\/www.kunnskap.de\/?page_id=1771"},"modified":"2021-06-25T12:48:22","modified_gmt":"2021-06-25T10:48:22","slug":"bundesschatzanweisung","status":"publish","type":"page","link":"https:\/\/prudentwater.com\/en\/bundesschatzanweisung\/","title":{"rendered":"Bundesschatzanweisung"},"content":{"rendered":"<p>Die Bundesschatzanweisung ist ein festverzinsliches Wertpapier, welches von der Bundesrepublik Deutschland herausgegeben wird. Bundesschatzanweisungen geh\u00f6ren zu den Bundeswertpapieren. Sie sind b\u00f6rsennotiert mit einer Laufzeit von 2 Jahren. Die R\u00fcckzahlung erfolgt dabei zum Nominalwert (zu 100 %). Die Zinszahlung findet j\u00e4hrlich zu einem festen Zinssatz statt. Bundesschatzanweisungen stellen f\u00fcr den deutschen Staat eine wichtige Finanzierungsm\u00f6glichkeit dar und kennzeichnen sich vor allem durch die hohe Liquidit\u00e4t aus. Dies bedeutet, dass Bundesschatzanweisungen einen geringen Spread aufweisen und jederzeit an der B\u00f6rse \u00fcber dem Sekund\u00e4rmarkt ge- und verkauft werden k\u00f6nnen.<\/p>\n","protected":false},"excerpt":{"rendered":"<p>Die Bundesschatzanweisung ist ein festverzinsliches Wertpapier, welches von der Bundesrepublik Deutschland herausgegeben wird. Bundesschatzanweisungen geh\u00f6ren zu den Bundeswertpapieren. Sie sind b\u00f6rsennotiert mit einer Laufzeit von 2 Jahren. Die R\u00fcckzahlung erfolgt dabei zum Nominalwert (zu 100 %). Die Zinszahlung findet j\u00e4hrlich zu einem festen Zinssatz statt. Bundesschatzanweisungen stellen f\u00fcr den deutschen Staat eine wichtige Finanzierungsm\u00f6glichkeit dar [&hellip;]<\/p>\n","protected":false},"author":1,"featured_media":0,"parent":0,"menu_order":0,"comment_status":"closed","ping_status":"closed","template":"","meta":{"site-sidebar-layout":"default","site-content-layout":"","ast-site-content-layout":"","site-content-style":"default","site-sidebar-style":"default","ast-global-header-display":"","ast-banner-title-visibility":"","ast-main-header-display":"","ast-hfb-above-header-display":"","ast-hfb-below-header-display":"","ast-hfb-mobile-header-display":"","site-post-title":"","ast-breadcrumbs-content":"","ast-featured-img":"","footer-sml-layout":"","theme-transparent-header-meta":"","adv-header-id-meta":"","stick-header-meta":"","header-above-stick-meta":"","header-main-stick-meta":"","header-below-stick-meta":"","astra-migrate-meta-layouts":"default","ast-page-background-enabled":"default","ast-page-background-meta":{"desktop":{"background-color":"","background-image":"","background-repeat":"repeat","background-position":"center center","background-size":"auto","background-attachment":"scroll","background-type":"","background-media":"","overlay-type":"","overlay-color":"","overlay-opacity":"","overlay-gradient":""},"tablet":{"background-color":"","background-image":"","background-repeat":"repeat","background-position":"center center","background-size":"auto","background-attachment":"scroll","background-type":"","background-media":"","overlay-type":"","overlay-color":"","overlay-opacity":"","overlay-gradient":""},"mobile":{"background-color":"","background-image":"","background-repeat":"repeat","background-position":"center center","background-size":"auto","background-attachment":"scroll","background-type":"","background-media":"","overlay-type":"","overlay-color":"","overlay-opacity":"","overlay-gradient":""}},"ast-content-background-meta":{"desktop":{"background-color":"var(--ast-global-color-5)","background-image":"","background-repeat":"repeat","background-position":"center center","background-size":"auto","background-attachment":"scroll","background-type":"","background-media":"","overlay-type":"","overlay-color":"","overlay-opacity":"","overlay-gradient":""},"tablet":{"background-color":"var(--ast-global-color-5)","background-image":"","background-repeat":"repeat","background-position":"center center","background-size":"auto","background-attachment":"scroll","background-type":"","background-media":"","overlay-type":"","overlay-color":"","overlay-opacity":"","overlay-gradient":""},"mobile":{"background-color":"var(--ast-global-color-5)","background-image":"","background-repeat":"repeat","background-position":"center center","background-size":"auto","background-attachment":"scroll","background-type":"","background-media":"","overlay-type":"","overlay-color":"","overlay-opacity":"","overlay-gradient":""}},"footnotes":""},"class_list":["post-1771","page","type-page","status-publish","hentry"],"translation":{"provider":"WPGlobus","version":"3.0.2","language":"en","enabled_languages":["de","en"],"languages":{"de":{"title":true,"content":true,"excerpt":false},"en":{"title":false,"content":false,"excerpt":false}}},"featured_image_urls_v2":{"full":"","thumbnail":"","medium":"","medium_large":"","large":"","1536x1536":"","2048x2048":""},"post_excerpt_stackable_v2":"<p>Die Bundesschatzanweisung ist ein festverzinsliches Wertpapier, welches von der Bundesrepublik Deutschland herausgegeben wird. Bundesschatzanweisungen geh\u00f6ren zu den Bundeswertpapieren. Sie sind b\u00f6rsennotiert mit einer Laufzeit von 2 Jahren. Die R\u00fcckzahlung erfolgt dabei zum Nominalwert (zu 100 %). Die Zinszahlung findet j\u00e4hrlich zu einem festen Zinssatz statt. Bundesschatzanweisungen stellen f\u00fcr den deutschen Staat eine wichtige Finanzierungsm\u00f6glichkeit dar und kennzeichnen sich vor allem durch die hohe Liquidit\u00e4t aus. Dies bedeutet, dass Bundesschatzanweisungen einen geringen Spread aufweisen und jederzeit an der B\u00f6rse \u00fcber dem Sekund\u00e4rmarkt ge- und verkauft werden k\u00f6nnen.<\/p>\n","category_list_v2":"","author_info_v2":{"name":"PrudentWater","url":"https:\/\/prudentwater.com\/en\/author\/niklas33\/"},"comments_num_v2":"0 comments","_links":{"self":[{"href":"https:\/\/prudentwater.com\/en\/wp-json\/wp\/v2\/pages\/1771","targetHints":{"allow":["GET"]}}],"collection":[{"href":"https:\/\/prudentwater.com\/en\/wp-json\/wp\/v2\/pages"}],"about":[{"href":"https:\/\/prudentwater.com\/en\/wp-json\/wp\/v2\/types\/page"}],"author":[{"embeddable":true,"href":"https:\/\/prudentwater.com\/en\/wp-json\/wp\/v2\/users\/1"}],"replies":[{"embeddable":true,"href":"https:\/\/prudentwater.com\/en\/wp-json\/wp\/v2\/comments?post=1771"}],"version-history":[{"count":0,"href":"https:\/\/prudentwater.com\/en\/wp-json\/wp\/v2\/pages\/1771\/revisions"}],"wp:attachment":[{"href":"https:\/\/prudentwater.com\/en\/wp-json\/wp\/v2\/media?parent=1771"}],"curies":[{"name":"wp","href":"https:\/\/api.w.org\/{rel}","templated":true}]}}