{"id":178,"date":"2014-08-18T16:03:08","date_gmt":"2014-08-18T16:03:08","guid":{"rendered":"http:\/\/www.kunnskap.de\/?page_id=178"},"modified":"2022-09-14T10:48:52","modified_gmt":"2022-09-14T08:48:52","slug":"akquisition","status":"publish","type":"page","link":"https:\/\/prudentwater.com\/en\/akquisition\/","title":{"rendered":"Akquisition"},"content":{"rendered":"<p>Auch <b>\u00dcbernahme<\/b><br \/>\nengl. <b>Acquisition<\/b><\/p>\n<p>Bei der Akquisition handelt es sich um den Aufkauf eines anderen Unternehmens, wobei es sich auch nur um einzelne Unternehmensteile handeln kann, die vom Akquisiteur \u00fcbernommen werden und anschlie\u00dfend in das eigene Unternehmen eingegliedert werden. Die Akquisition von kleinen oder mittelst\u00e4ndischen Unternehmen durch gro\u00dfe Konzerne ist ein oftmals genutztes Mittel, um direkten Zugang zu den gew\u00fcnschten M\u00e4rkten und auch Technologien zu bekommen. Ansonsten m\u00fcsste der Konzern selbst zun\u00e4chst eine eigene Unternehmenssparte in jenem Bereich, in dem es pr\u00e4sent werden m\u00f6chte, aufbauen und entwickeln, was wiederum jedoch mit Zeit und Geld verbunden ist. F\u00fchrt ein Unternehmen jedoch jedes Jahr mehrere Akquisitionen durch, sollte dies allgemein als vorsichtiger Warnhinweis von (potenziellen) Investoren verstanden werden. Denn die Menge an Akquisitionen f\u00fchrt nicht nur oft zu einer steigenden Verschuldung, sondern wirft auch die Frage nach einer m\u00f6glicherweise fehlenden Innovationskraft beim eigenen Management des Unternehmens auf. Bei mehreren Akquisitionen pro Jahr wurde &#8211; abh\u00e4ngig von der Branche &#8211; die Forschung und Entwicklung in dem Unternehmen m\u00f6glichweise in der Vergangenheit vernachl\u00e4ssigt, was nun das Management durch kostspielige und teilweise risikoreiche \u00dcbernahmen versucht zu kompensieren, da es andernfalls nicht langfristig wettbewerbsf\u00e4hig bleiben kann.<\/p>\n","protected":false},"excerpt":{"rendered":"<p>Auch \u00dcbernahme engl. Acquisition Bei der Akquisition handelt es sich um den Aufkauf eines anderen Unternehmens, wobei es sich auch nur um einzelne Unternehmensteile handeln kann, die vom Akquisiteur \u00fcbernommen werden und anschlie\u00dfend in das eigene Unternehmen eingegliedert werden. Die Akquisition von kleinen oder mittelst\u00e4ndischen Unternehmen durch gro\u00dfe Konzerne ist ein oftmals genutztes Mittel, um [&hellip;]<\/p>\n","protected":false},"author":1,"featured_media":0,"parent":0,"menu_order":0,"comment_status":"closed","ping_status":"closed","template":"","meta":{"site-sidebar-layout":"default","site-content-layout":"","ast-site-content-layout":"","site-content-style":"default","site-sidebar-style":"default","ast-global-header-display":"","ast-banner-title-visibility":"","ast-main-header-display":"","ast-hfb-above-header-display":"","ast-hfb-below-header-display":"","ast-hfb-mobile-header-display":"","site-post-title":"","ast-breadcrumbs-content":"","ast-featured-img":"","footer-sml-layout":"","theme-transparent-header-meta":"","adv-header-id-meta":"","stick-header-meta":"","header-above-stick-meta":"","header-main-stick-meta":"","header-below-stick-meta":"","astra-migrate-meta-layouts":"default","ast-page-background-enabled":"default","ast-page-background-meta":{"desktop":{"background-color":"","background-image":"","background-repeat":"repeat","background-position":"center center","background-size":"auto","background-attachment":"scroll","background-type":"","background-media":"","overlay-type":"","overlay-color":"","overlay-opacity":"","overlay-gradient":""},"tablet":{"background-color":"","background-image":"","background-repeat":"repeat","background-position":"center center","background-size":"auto","background-attachment":"scroll","background-type":"","background-media":"","overlay-type":"","overlay-color":"","overlay-opacity":"","overlay-gradient":""},"mobile":{"background-color":"","background-image":"","background-repeat":"repeat","background-position":"center center","background-size":"auto","background-attachment":"scroll","background-type":"","background-media":"","overlay-type":"","overlay-color":"","overlay-opacity":"","overlay-gradient":""}},"ast-content-background-meta":{"desktop":{"background-color":"var(--ast-global-color-5)","background-image":"","background-repeat":"repeat","background-position":"center center","background-size":"auto","background-attachment":"scroll","background-type":"","background-media":"","overlay-type":"","overlay-color":"","overlay-opacity":"","overlay-gradient":""},"tablet":{"background-color":"var(--ast-global-color-5)","background-image":"","background-repeat":"repeat","background-position":"center center","background-size":"auto","background-attachment":"scroll","background-type":"","background-media":"","overlay-type":"","overlay-color":"","overlay-opacity":"","overlay-gradient":""},"mobile":{"background-color":"var(--ast-global-color-5)","background-image":"","background-repeat":"repeat","background-position":"center center","background-size":"auto","background-attachment":"scroll","background-type":"","background-media":"","overlay-type":"","overlay-color":"","overlay-opacity":"","overlay-gradient":""}},"footnotes":""},"class_list":["post-178","page","type-page","status-publish","hentry"],"translation":{"provider":"WPGlobus","version":"3.0.2","language":"en","enabled_languages":["de","en"],"languages":{"de":{"title":true,"content":true,"excerpt":false},"en":{"title":false,"content":false,"excerpt":false}}},"featured_image_urls_v2":{"full":"","thumbnail":"","medium":"","medium_large":"","large":"","1536x1536":"","2048x2048":""},"post_excerpt_stackable_v2":"<p>Auch \u00dcbernahme engl. Acquisition Bei der Akquisition handelt es sich um den Aufkauf eines anderen Unternehmens, wobei es sich auch nur um einzelne Unternehmensteile handeln kann, die vom Akquisiteur \u00fcbernommen werden und anschlie\u00dfend in das eigene Unternehmen eingegliedert werden. Die Akquisition von kleinen oder mittelst\u00e4ndischen Unternehmen durch gro\u00dfe Konzerne ist ein oftmals genutztes Mittel, um direkten Zugang zu den gew\u00fcnschten M\u00e4rkten und auch Technologien zu bekommen. Ansonsten m\u00fcsste der Konzern selbst zun\u00e4chst eine eigene Unternehmenssparte in jenem Bereich, in dem es pr\u00e4sent werden m\u00f6chte, aufbauen und entwickeln, was wiederum jedoch mit Zeit und Geld verbunden ist. F\u00fchrt ein Unternehmen jedoch&hellip;<\/p>\n","category_list_v2":"","author_info_v2":{"name":"PrudentWater","url":"https:\/\/prudentwater.com\/en\/author\/niklas33\/"},"comments_num_v2":"0 comments","_links":{"self":[{"href":"https:\/\/prudentwater.com\/en\/wp-json\/wp\/v2\/pages\/178","targetHints":{"allow":["GET"]}}],"collection":[{"href":"https:\/\/prudentwater.com\/en\/wp-json\/wp\/v2\/pages"}],"about":[{"href":"https:\/\/prudentwater.com\/en\/wp-json\/wp\/v2\/types\/page"}],"author":[{"embeddable":true,"href":"https:\/\/prudentwater.com\/en\/wp-json\/wp\/v2\/users\/1"}],"replies":[{"embeddable":true,"href":"https:\/\/prudentwater.com\/en\/wp-json\/wp\/v2\/comments?post=178"}],"version-history":[{"count":0,"href":"https:\/\/prudentwater.com\/en\/wp-json\/wp\/v2\/pages\/178\/revisions"}],"wp:attachment":[{"href":"https:\/\/prudentwater.com\/en\/wp-json\/wp\/v2\/media?parent=178"}],"curies":[{"name":"wp","href":"https:\/\/api.w.org\/{rel}","templated":true}]}}