{"id":1783,"date":"2014-11-16T12:54:28","date_gmt":"2014-11-16T12:54:28","guid":{"rendered":"http:\/\/www.kunnskap.de\/?page_id=1783"},"modified":"2023-05-12T22:15:01","modified_gmt":"2023-05-12T20:15:01","slug":"euro-bund-future","status":"publish","type":"page","link":"https:\/\/prudentwater.com\/en\/euro-bund-future\/","title":{"rendered":"Euro Bund Future"},"content":{"rendered":"\n<div class=\"wp-block-stackable-notification stk-block-notification stk-block stk-b3a7798 is-style-plain\" data-block-id=\"b3a7798\"><style>.stk-b3a7798{box-shadow:0px 2px 20px rgba(153,153,153,0.2) !important}.stk-b3a7798-container{border-radius:20px !important;overflow:hidden !important;box-shadow:0px 10px 60px rgba(0,0,0,0.1) !important}.stk-b3a7798 .stk-block-notification__content{padding-top:32px !important;padding-right:32px !important;padding-bottom:32px !important;padding-left:32px !important}<\/style><div class=\"stk-block-notification__content stk-content-align stk-b3a7798-column stk-container stk-b3a7798-container stk--no-background stk--no-padding\"><div class=\"stk-block-content stk-inner-blocks\">\n<div class=\"wp-block-stackable-heading stk-block-heading stk-block-heading--v2 stk-block stk-40c06f9\" id=\"strong-zentrale-kernaussagen-strong\" data-block-id=\"40c06f9\"><style>.stk-40c06f9{margin-bottom:15px !important}.stk-40c06f9 .stk-block-heading__text{font-size:17px !important;margin:0 !important;color:#da8611 !important;font-weight:400 !important;letter-spacing:1px !important}@media screen and (max-width:1023px){.stk-40c06f9 .stk-block-heading__text{font-size:17px !important}}<\/style><h2 class=\"stk-block-heading__text has-text-color\"><b>ZENTRALE KERNAUSSAGEN<\/b><\/h2><\/div>\n\n\n\n<ul class=\"has-ast-global-color-8-color has-text-color wp-block-list\" style=\"font-size:16px;font-style:normal;font-weight:500;line-height:2\">\n<li>Der Euro Bund Future ist ein standardisierter Terminkontrakt auf eine fiktive deutsche Staatsanleihe mit einer Nominalverzinsung von sechs Prozent und einer Laufzeit von 8,5 bis 10 Jahren.<\/li>\n\n\n\n<li>Der Euro Bund Future gilt als Erwartungsindikator des Marktes f\u00fcr die zuk\u00fcnftige langfristige Zinsentwicklung in Deutschland.<\/li>\n\n\n\n<li>Steigt der Bund Future, so erwartet der Kapitalmarkt fallende Zinsen. F\u00e4llt er hingegen, so wird zuk\u00fcnftig ein ansteigendes Zinsniveau in Deutschland aber auch im Euro-Raum erwartet.<\/li>\n<\/ul>\n<\/div><\/div><\/div>\n\n\n\n<div class=\"tradingview-widget-container\">\n  <div class=\"tradingview-widget-container__widget\"><\/div>\n  <div class=\"tradingview-widget-copyright\"><a href=\"https:\/\/de.tradingview.com\/symbols\/NYSE-WMS\/\" rel=\"noopener\" target=\"_blank\"><span class=\"blue-text\"><\/span><\/a><\/div>\n  <script type=\"text\/javascript\" src=\"https:\/\/s3.tradingview.com\/external-embedding\/embed-widget-symbol-info.js\" async=\"\">\n  {\n  \"symbol\": \"OANDA:DE10YBEUR\",\n  \"width\": \"100%\",\n  \"locale\": \"de_DE\",\n  \"colorTheme\": \"light\",\n  \"isTransparent\": false,\n  \"largeChartUrl\": \"https:\/\/prudentwater.com\/\"\n}\n  <\/script>\n<\/div>\n<!-- TradingView Widget BEGIN -->\n<div class=\"tradingview-widget-container\">\n  <div id=\"tradingview_2cfc7\"><\/div>\n  <div class=\"tradingview-widget-copyright\"><a href=\"https:\/\/de.tradingview.com\/symbols\/ECONOMICS-USINTR\/\" rel=\"noopener\" target=\"_blank\"><span class=\"blue-text\"><\/span><\/a><\/div>\n  <script type=\"text\/javascript\" src=\"https:\/\/s3.tradingview.com\/tv.js\"><\/script>\n  <script type=\"text\/javascript\">\n  new TradingView.widget(\n  {\n  \"width\": \"100%\",\n  \"height\": \"580\",\n  \"symbol\": \"OANDA:DE10YBEUR\",\n  \"interval\": \"D\",\n  \"timezone\": \"Europe\/Berlin\",\n  \"theme\": \"light\",\n  \"style\": \"2\",\n  \"locale\": \"de_DE\",\n  \"toolbar_bg\": \"#f1f3f6\",\n  \"enable_publishing\": false,\n  \"withdateranges\": true,\n  \"range\": \"ALL\",\n  \"allow_symbol_change\": true,\n  \"save_image\": false,\n  \"container_id\": \"tradingview_2cfc7\"\n}\n  );\n  <\/script>\n<\/div>\n<!-- TradingView Widget END -->\n\n\n<p style=\"margin-bottom: 50px;\">\n<\/p><p>Der Euro-Bund-Future wurde 1990 eingef\u00fchrt und ist ein Zinsterminkontrakt, der auf eine fiktive deutsche Bundesanleihe mit sechsprozentiger Verzinsung und einer Laufzeit von 8,5 bis 10 Jahren standardisiert ist. Es wird deshalb eine fiktive Anleihe als Basiswert genommen, da bei einer echten Anleihe sich laufend die Restlaufzeit verk\u00fcrzen w\u00fcrde und dies auf Dauer den Kurs der Anleihe beeinflusst. Zus\u00e4tzlich ist es so nicht m\u00f6glich, dass eine kleine Anzahl an Anlegern eine gro\u00dfe Anzahl der Anleihen h\u00e4lt und so den Preis beeinflussen kann. In den Future einlieferbar sind jedoch effektive Anleihen. In den allermeisten F\u00e4llen findet bei einem Futuregesch\u00e4ft mit Basiswert Bund Future jedoch keine physische Lieferung der entsprechenden Anleihe statt, sondern eine vorherige Glattstellung. Ein handelbarer Terminkontrakt auf den Euro Bund Future besteht aus Anleihen mit einem Nominalwert von 100 000 Euro und hat eine Laufzeit von maximal neuen Monaten. Gehandelt werden k\u00f6nnen diese Kontrakte an der Terminb\u00f6rse EUREX. Verfallstag ist jeweils der 10. Tag in den Monaten M\u00e4rz, Juni, September und Dezember. Wie eine herk\u00f6mmliche Anleihe wird dabei auch der Kurs des Bund Future in Prozent ausgedr\u00fcckt. Ein Tick, also die kleinste handelbare Einheit betr\u00e4gt 0,01 Prozent und entspricht 10 Euro Kontraktwert.<\/p>\n<h2>Euro Bund Future als Erwartungsindikator f\u00fcr die Zinsentwicklung<\/h2>\n<p>Der Bund Future gilt als wichtiger Indikator f\u00fcr die Entwicklung der langfristigen Zinsen in Deutschland aber auch im Euroraum. Steigt der Kurs des Bund Future an, so erwartet der Markt sinkende Zinsen. F\u00e4llt der Kurs des Bund Future hingegen, wird vom Markt erwartet, dass die Zinsen steigen. Der Kurs des Bund Future wird jedoch von vielen Faktoren bestimmt, vor allem aber von der Inflationsentwicklung, dem Zinsniveau, dem Kapitalbedarf des Bundes sowie von der Entwicklung der Konjunktur. Zeigen sich deflation\u00e4re Tendenzen oder erweist sich die Wirtschaft weniger stabil als erwartet, steigt der Kurs des Bund Future h\u00e4ufig an, was mit fallenden Zinsen einhergeht. Liegt der Kurs des Euro Bund Future \u00fcber 160, so bedeutet dies, dass die fiktive Anleihe einen Negativzins aufweist. In inflation\u00e4ren Zeiten oder in Zeiten in der die Wirtschaft anzieht und sich stetig verbessert, f\u00e4llt der Kurs des Bund Future oftmals, was zugleich steigende Zinsen verursacht.<\/p>","protected":false},"excerpt":{"rendered":"<p>ZENTRALE KERNAUSSAGEN Der Euro-Bund-Future wurde 1990 eingef\u00fchrt und ist ein Zinsterminkontrakt, der auf eine fiktive deutsche Bundesanleihe mit sechsprozentiger Verzinsung und einer Laufzeit von 8,5 bis 10 Jahren standardisiert ist. Es wird deshalb eine fiktive Anleihe als Basiswert genommen, da bei einer echten Anleihe sich laufend die Restlaufzeit verk\u00fcrzen w\u00fcrde und dies auf Dauer den [&hellip;]<\/p>\n","protected":false},"author":1,"featured_media":0,"parent":0,"menu_order":0,"comment_status":"closed","ping_status":"closed","template":"","meta":{"site-sidebar-layout":"default","site-content-layout":"","ast-site-content-layout":"","site-content-style":"default","site-sidebar-style":"default","ast-global-header-display":"","ast-banner-title-visibility":"","ast-main-header-display":"","ast-hfb-above-header-display":"","ast-hfb-below-header-display":"","ast-hfb-mobile-header-display":"","site-post-title":"","ast-breadcrumbs-content":"","ast-featured-img":"","footer-sml-layout":"","theme-transparent-header-meta":"","adv-header-id-meta":"","stick-header-meta":"","header-above-stick-meta":"","header-main-stick-meta":"","header-below-stick-meta":"","astra-migrate-meta-layouts":"default","ast-page-background-enabled":"default","ast-page-background-meta":{"desktop":{"background-color":"","background-image":"","background-repeat":"repeat","background-position":"center center","background-size":"auto","background-attachment":"scroll","background-type":"","background-media":"","overlay-type":"","overlay-color":"","overlay-opacity":"","overlay-gradient":""},"tablet":{"background-color":"","background-image":"","background-repeat":"repeat","background-position":"center center","background-size":"auto","background-attachment":"scroll","background-type":"","background-media":"","overlay-type":"","overlay-color":"","overlay-opacity":"","overlay-gradient":""},"mobile":{"background-color":"","background-image":"","background-repeat":"repeat","background-position":"center center","background-size":"auto","background-attachment":"scroll","background-type":"","background-media":"","overlay-type":"","overlay-color":"","overlay-opacity":"","overlay-gradient":""}},"ast-content-background-meta":{"desktop":{"background-color":"var(--ast-global-color-5)","background-image":"","background-repeat":"repeat","background-position":"center center","background-size":"auto","background-attachment":"scroll","background-type":"","background-media":"","overlay-type":"","overlay-color":"","overlay-opacity":"","overlay-gradient":""},"tablet":{"background-color":"var(--ast-global-color-5)","background-image":"","background-repeat":"repeat","background-position":"center center","background-size":"auto","background-attachment":"scroll","background-type":"","background-media":"","overlay-type":"","overlay-color":"","overlay-opacity":"","overlay-gradient":""},"mobile":{"background-color":"var(--ast-global-color-5)","background-image":"","background-repeat":"repeat","background-position":"center center","background-size":"auto","background-attachment":"scroll","background-type":"","background-media":"","overlay-type":"","overlay-color":"","overlay-opacity":"","overlay-gradient":""}},"footnotes":""},"class_list":["post-1783","page","type-page","status-publish","hentry"],"translation":{"provider":"WPGlobus","version":"3.0.2","language":"en","enabled_languages":["de","en"],"languages":{"de":{"title":true,"content":true,"excerpt":false},"en":{"title":false,"content":false,"excerpt":false}}},"featured_image_urls_v2":{"full":"","thumbnail":"","medium":"","medium_large":"","large":"","1536x1536":"","2048x2048":""},"post_excerpt_stackable_v2":"<p>ZENTRALE KERNAUSSAGEN Der Euro Bund Future ist ein standardisierter Terminkontrakt auf eine fiktive deutsche Staatsanleihe mit einer Nominalverzinsung von sechs Prozent und einer Laufzeit von 8,5 bis 10 Jahren. Der Euro Bund Future gilt als Erwartungsindikator des Marktes f\u00fcr die zuk\u00fcnftige langfristige Zinsentwicklung in Deutschland. Steigt der Bund Future, so erwartet der Kapitalmarkt fallende Zinsen. F\u00e4llt er hingegen, so wird zuk\u00fcnftig ein ansteigendes Zinsniveau in Deutschland aber auch im Euro-Raum erwartet. Der Euro-Bund-Future wurde 1990 eingef\u00fchrt und ist ein Zinsterminkontrakt, der auf eine fiktive deutsche Bundesanleihe mit sechsprozentiger Verzinsung und einer Laufzeit von 8,5 bis 10 Jahren standardisiert ist. Es&hellip;<\/p>\n","category_list_v2":"","author_info_v2":{"name":"PrudentWater","url":"https:\/\/prudentwater.com\/en\/author\/niklas33\/"},"comments_num_v2":"0 comments","_links":{"self":[{"href":"https:\/\/prudentwater.com\/en\/wp-json\/wp\/v2\/pages\/1783","targetHints":{"allow":["GET"]}}],"collection":[{"href":"https:\/\/prudentwater.com\/en\/wp-json\/wp\/v2\/pages"}],"about":[{"href":"https:\/\/prudentwater.com\/en\/wp-json\/wp\/v2\/types\/page"}],"author":[{"embeddable":true,"href":"https:\/\/prudentwater.com\/en\/wp-json\/wp\/v2\/users\/1"}],"replies":[{"embeddable":true,"href":"https:\/\/prudentwater.com\/en\/wp-json\/wp\/v2\/comments?post=1783"}],"version-history":[{"count":0,"href":"https:\/\/prudentwater.com\/en\/wp-json\/wp\/v2\/pages\/1783\/revisions"}],"wp:attachment":[{"href":"https:\/\/prudentwater.com\/en\/wp-json\/wp\/v2\/media?parent=1783"}],"curies":[{"name":"wp","href":"https:\/\/api.w.org\/{rel}","templated":true}]}}