{"id":1790,"date":"2014-11-16T19:03:35","date_gmt":"2014-11-16T19:03:35","guid":{"rendered":"http:\/\/www.kunnskap.de\/?page_id=1790"},"modified":"2021-06-25T12:49:38","modified_gmt":"2021-06-25T10:49:38","slug":"operatives-geschaft","status":"publish","type":"page","link":"https:\/\/prudentwater.com\/en\/operatives-geschaft\/","title":{"rendered":"Operatives Gesch\u00e4ft"},"content":{"rendered":"<p>Auch <strong>Kerngesch\u00e4ft<\/strong><br \/>\nengl. <strong>Operational Business<\/strong><\/p>\n<p>Jene Hauptgesch\u00e4ftst\u00e4tigkeiten eines Unternehmens werden dem operativen Gesch\u00e4ft zugeordnet. Es ist das Kerngesch\u00e4ft eines Unternehmens, welches im direkten Zusammenhang zum Betriebszweck steht. \u00dcber das operative Gesch\u00e4ft erzielt das Unternehmen den mit Abstand gr\u00f6\u00dften Teil seines Umsatzes.<br \/>\nDas operative Gesch\u00e4ft eines Autovermietungsunternehmen ist das Vermieten von Autos f\u00fcr eine bestimmte Zeitdauer. \u00dcber diese T\u00e4tigkeit erzielt das Unternehmen den gr\u00f6\u00dften Teil seines Umsatzes. Werden jedoch zus\u00e4tzlich nebenbei Einnahmen durch Werbeanzeigen auf den vermieteten Autos erzielt, geh\u00f6rt dieser Gesch\u00e4ftsbereich nicht zum operativen Gesch\u00e4ft. <\/p>\n","protected":false},"excerpt":{"rendered":"<p>Auch Kerngesch\u00e4ft engl. Operational Business Jene Hauptgesch\u00e4ftst\u00e4tigkeiten eines Unternehmens werden dem operativen Gesch\u00e4ft zugeordnet. Es ist das Kerngesch\u00e4ft eines Unternehmens, welches im direkten Zusammenhang zum Betriebszweck steht. \u00dcber das operative Gesch\u00e4ft erzielt das Unternehmen den mit Abstand gr\u00f6\u00dften Teil seines Umsatzes. Das operative Gesch\u00e4ft eines Autovermietungsunternehmen ist das Vermieten von Autos f\u00fcr eine bestimmte Zeitdauer. [&hellip;]<\/p>\n","protected":false},"author":1,"featured_media":0,"parent":0,"menu_order":0,"comment_status":"closed","ping_status":"closed","template":"","meta":{"site-sidebar-layout":"default","site-content-layout":"","ast-site-content-layout":"","site-content-style":"default","site-sidebar-style":"default","ast-global-header-display":"","ast-banner-title-visibility":"","ast-main-header-display":"","ast-hfb-above-header-display":"","ast-hfb-below-header-display":"","ast-hfb-mobile-header-display":"","site-post-title":"","ast-breadcrumbs-content":"","ast-featured-img":"","footer-sml-layout":"","theme-transparent-header-meta":"","adv-header-id-meta":"","stick-header-meta":"","header-above-stick-meta":"","header-main-stick-meta":"","header-below-stick-meta":"","astra-migrate-meta-layouts":"default","ast-page-background-enabled":"default","ast-page-background-meta":{"desktop":{"background-color":"","background-image":"","background-repeat":"repeat","background-position":"center center","background-size":"auto","background-attachment":"scroll","background-type":"","background-media":"","overlay-type":"","overlay-color":"","overlay-opacity":"","overlay-gradient":""},"tablet":{"background-color":"","background-image":"","background-repeat":"repeat","background-position":"center center","background-size":"auto","background-attachment":"scroll","background-type":"","background-media":"","overlay-type":"","overlay-color":"","overlay-opacity":"","overlay-gradient":""},"mobile":{"background-color":"","background-image":"","background-repeat":"repeat","background-position":"center center","background-size":"auto","background-attachment":"scroll","background-type":"","background-media":"","overlay-type":"","overlay-color":"","overlay-opacity":"","overlay-gradient":""}},"ast-content-background-meta":{"desktop":{"background-color":"var(--ast-global-color-5)","background-image":"","background-repeat":"repeat","background-position":"center center","background-size":"auto","background-attachment":"scroll","background-type":"","background-media":"","overlay-type":"","overlay-color":"","overlay-opacity":"","overlay-gradient":""},"tablet":{"background-color":"var(--ast-global-color-5)","background-image":"","background-repeat":"repeat","background-position":"center center","background-size":"auto","background-attachment":"scroll","background-type":"","background-media":"","overlay-type":"","overlay-color":"","overlay-opacity":"","overlay-gradient":""},"mobile":{"background-color":"var(--ast-global-color-5)","background-image":"","background-repeat":"repeat","background-position":"center center","background-size":"auto","background-attachment":"scroll","background-type":"","background-media":"","overlay-type":"","overlay-color":"","overlay-opacity":"","overlay-gradient":""}},"footnotes":""},"class_list":["post-1790","page","type-page","status-publish","hentry"],"translation":{"provider":"WPGlobus","version":"3.0.2","language":"en","enabled_languages":["de","en"],"languages":{"de":{"title":true,"content":true,"excerpt":false},"en":{"title":false,"content":false,"excerpt":false}}},"featured_image_urls_v2":{"full":"","thumbnail":"","medium":"","medium_large":"","large":"","1536x1536":"","2048x2048":""},"post_excerpt_stackable_v2":"<p>Auch Kerngesch\u00e4ft engl. Operational Business Jene Hauptgesch\u00e4ftst\u00e4tigkeiten eines Unternehmens werden dem operativen Gesch\u00e4ft zugeordnet. Es ist das Kerngesch\u00e4ft eines Unternehmens, welches im direkten Zusammenhang zum Betriebszweck steht. \u00dcber das operative Gesch\u00e4ft erzielt das Unternehmen den mit Abstand gr\u00f6\u00dften Teil seines Umsatzes. Das operative Gesch\u00e4ft eines Autovermietungsunternehmen ist das Vermieten von Autos f\u00fcr eine bestimmte Zeitdauer. \u00dcber diese T\u00e4tigkeit erzielt das Unternehmen den gr\u00f6\u00dften Teil seines Umsatzes. Werden jedoch zus\u00e4tzlich nebenbei Einnahmen durch Werbeanzeigen auf den vermieteten Autos erzielt, geh\u00f6rt dieser Gesch\u00e4ftsbereich nicht zum operativen Gesch\u00e4ft.<\/p>\n","category_list_v2":"","author_info_v2":{"name":"PrudentWater","url":"https:\/\/prudentwater.com\/en\/author\/niklas33\/"},"comments_num_v2":"0 comments","_links":{"self":[{"href":"https:\/\/prudentwater.com\/en\/wp-json\/wp\/v2\/pages\/1790","targetHints":{"allow":["GET"]}}],"collection":[{"href":"https:\/\/prudentwater.com\/en\/wp-json\/wp\/v2\/pages"}],"about":[{"href":"https:\/\/prudentwater.com\/en\/wp-json\/wp\/v2\/types\/page"}],"author":[{"embeddable":true,"href":"https:\/\/prudentwater.com\/en\/wp-json\/wp\/v2\/users\/1"}],"replies":[{"embeddable":true,"href":"https:\/\/prudentwater.com\/en\/wp-json\/wp\/v2\/comments?post=1790"}],"version-history":[{"count":0,"href":"https:\/\/prudentwater.com\/en\/wp-json\/wp\/v2\/pages\/1790\/revisions"}],"wp:attachment":[{"href":"https:\/\/prudentwater.com\/en\/wp-json\/wp\/v2\/media?parent=1790"}],"curies":[{"name":"wp","href":"https:\/\/api.w.org\/{rel}","templated":true}]}}