{"id":1802,"date":"2014-11-17T21:08:50","date_gmt":"2014-11-17T21:08:50","guid":{"rendered":"http:\/\/www.kunnskap.de\/?page_id=1802"},"modified":"2021-06-25T12:48:22","modified_gmt":"2021-06-25T10:48:22","slug":"call","status":"publish","type":"page","link":"https:\/\/prudentwater.com\/en\/call\/","title":{"rendered":"Call"},"content":{"rendered":"<p>Auch <strong>Kaufoption<\/strong><\/p>\n<p>Mit einem Call erwirbt der K\u00e4ufer das Recht, den zugrunde liegenden Basiswert des Call zu vorher festgelegten Konditionen erwerben zu k\u00f6nnen. Es handelt sich jedoch nur um ein Recht, verpflichtet ist der K\u00e4ufer des Call dazu jedoch nicht. Ebenso kann er den Call bei F\u00e4lligkeit wertlos verfallen lassen.<br \/>\nDar\u00fcber hinaus kennzeichnet der Begriff Call jedes Derivat daraufhin, dass es sich um ein Wertpapier handelt, mit dem auf steigende Kurse des Basiswertes spekuliert werden kann. In den allermeisten F\u00e4llen dient eine Call Option n\u00e4mlich ausschlie\u00dflich dazu, um an der Kursentwicklung des Basiswertes zu partizipieren. Zu einer Aus\u00fcbung der Option kommt es nur in den seltensten F\u00e4llen bzw. wird eher von institutionellen Marktteilnehmern durchgef\u00fchrt.<\/p>\n","protected":false},"excerpt":{"rendered":"<p>Auch Kaufoption Mit einem Call erwirbt der K\u00e4ufer das Recht, den zugrunde liegenden Basiswert des Call zu vorher festgelegten Konditionen erwerben zu k\u00f6nnen. Es handelt sich jedoch nur um ein Recht, verpflichtet ist der K\u00e4ufer des Call dazu jedoch nicht. Ebenso kann er den Call bei F\u00e4lligkeit wertlos verfallen lassen. Dar\u00fcber hinaus kennzeichnet der Begriff [&hellip;]<\/p>\n","protected":false},"author":1,"featured_media":0,"parent":0,"menu_order":0,"comment_status":"closed","ping_status":"closed","template":"","meta":{"site-sidebar-layout":"default","site-content-layout":"","ast-site-content-layout":"","site-content-style":"default","site-sidebar-style":"default","ast-global-header-display":"","ast-banner-title-visibility":"","ast-main-header-display":"","ast-hfb-above-header-display":"","ast-hfb-below-header-display":"","ast-hfb-mobile-header-display":"","site-post-title":"","ast-breadcrumbs-content":"","ast-featured-img":"","footer-sml-layout":"","theme-transparent-header-meta":"","adv-header-id-meta":"","stick-header-meta":"","header-above-stick-meta":"","header-main-stick-meta":"","header-below-stick-meta":"","astra-migrate-meta-layouts":"default","ast-page-background-enabled":"default","ast-page-background-meta":{"desktop":{"background-color":"","background-image":"","background-repeat":"repeat","background-position":"center center","background-size":"auto","background-attachment":"scroll","background-type":"","background-media":"","overlay-type":"","overlay-color":"","overlay-opacity":"","overlay-gradient":""},"tablet":{"background-color":"","background-image":"","background-repeat":"repeat","background-position":"center center","background-size":"auto","background-attachment":"scroll","background-type":"","background-media":"","overlay-type":"","overlay-color":"","overlay-opacity":"","overlay-gradient":""},"mobile":{"background-color":"","background-image":"","background-repeat":"repeat","background-position":"center center","background-size":"auto","background-attachment":"scroll","background-type":"","background-media":"","overlay-type":"","overlay-color":"","overlay-opacity":"","overlay-gradient":""}},"ast-content-background-meta":{"desktop":{"background-color":"var(--ast-global-color-5)","background-image":"","background-repeat":"repeat","background-position":"center center","background-size":"auto","background-attachment":"scroll","background-type":"","background-media":"","overlay-type":"","overlay-color":"","overlay-opacity":"","overlay-gradient":""},"tablet":{"background-color":"var(--ast-global-color-5)","background-image":"","background-repeat":"repeat","background-position":"center center","background-size":"auto","background-attachment":"scroll","background-type":"","background-media":"","overlay-type":"","overlay-color":"","overlay-opacity":"","overlay-gradient":""},"mobile":{"background-color":"var(--ast-global-color-5)","background-image":"","background-repeat":"repeat","background-position":"center center","background-size":"auto","background-attachment":"scroll","background-type":"","background-media":"","overlay-type":"","overlay-color":"","overlay-opacity":"","overlay-gradient":""}},"footnotes":""},"class_list":["post-1802","page","type-page","status-publish","hentry"],"translation":{"provider":"WPGlobus","version":"3.0.2","language":"en","enabled_languages":["de","en"],"languages":{"de":{"title":true,"content":true,"excerpt":false},"en":{"title":false,"content":false,"excerpt":false}}},"featured_image_urls_v2":{"full":"","thumbnail":"","medium":"","medium_large":"","large":"","1536x1536":"","2048x2048":""},"post_excerpt_stackable_v2":"<p>Auch Kaufoption Mit einem Call erwirbt der K\u00e4ufer das Recht, den zugrunde liegenden Basiswert des Call zu vorher festgelegten Konditionen erwerben zu k\u00f6nnen. Es handelt sich jedoch nur um ein Recht, verpflichtet ist der K\u00e4ufer des Call dazu jedoch nicht. Ebenso kann er den Call bei F\u00e4lligkeit wertlos verfallen lassen. Dar\u00fcber hinaus kennzeichnet der Begriff Call jedes Derivat daraufhin, dass es sich um ein Wertpapier handelt, mit dem auf steigende Kurse des Basiswertes spekuliert werden kann. In den allermeisten F\u00e4llen dient eine Call Option n\u00e4mlich ausschlie\u00dflich dazu, um an der Kursentwicklung des Basiswertes zu partizipieren. Zu einer Aus\u00fcbung der Option&hellip;<\/p>\n","category_list_v2":"","author_info_v2":{"name":"PrudentWater","url":"https:\/\/prudentwater.com\/en\/author\/niklas33\/"},"comments_num_v2":"0 comments","_links":{"self":[{"href":"https:\/\/prudentwater.com\/en\/wp-json\/wp\/v2\/pages\/1802","targetHints":{"allow":["GET"]}}],"collection":[{"href":"https:\/\/prudentwater.com\/en\/wp-json\/wp\/v2\/pages"}],"about":[{"href":"https:\/\/prudentwater.com\/en\/wp-json\/wp\/v2\/types\/page"}],"author":[{"embeddable":true,"href":"https:\/\/prudentwater.com\/en\/wp-json\/wp\/v2\/users\/1"}],"replies":[{"embeddable":true,"href":"https:\/\/prudentwater.com\/en\/wp-json\/wp\/v2\/comments?post=1802"}],"version-history":[{"count":0,"href":"https:\/\/prudentwater.com\/en\/wp-json\/wp\/v2\/pages\/1802\/revisions"}],"wp:attachment":[{"href":"https:\/\/prudentwater.com\/en\/wp-json\/wp\/v2\/media?parent=1802"}],"curies":[{"name":"wp","href":"https:\/\/api.w.org\/{rel}","templated":true}]}}