{"id":1816,"date":"2014-11-18T14:34:23","date_gmt":"2014-11-18T14:34:23","guid":{"rendered":"http:\/\/www.kunnskap.de\/?page_id=1816"},"modified":"2022-10-21T21:14:19","modified_gmt":"2022-10-21T19:14:19","slug":"stuckelung","status":"publish","type":"page","link":"https:\/\/prudentwater.com\/en\/stuckelung\/","title":{"rendered":"St\u00fcckelung"},"content":{"rendered":"<p>engl. <strong>Denomination<\/strong><\/p>\n<p>Die St\u00fcckelung gibt die kleinste handelbare Nominalwert-Einheit einer Anleihe an. Die St\u00fcckelung liegt in der Regel bei 0.01, 100, 500 oder aber bei 1.000. Liegt die St\u00fcckelung bei einer Anleihe beispielsweise bei 1.000, so muss der Anleger mindestens im Nominalwert von 1000 Euro Anleihen kaufen. In dem Fall k\u00f6nnen Anleihen nicht mit einer St\u00fcckelung von 1500 kaufen, sondern immer nur in 1000er-Schritten, also Anleihen im Nominalwert von 1000, 2000, 3000 usw. Liegt die St\u00fcckelung bei 1000, der Kurs der Anleihe bei 104 %, so m\u00fcssen 1040 Euro f\u00fcr einen Nominalwert von 1000 Euro bezahlt werden. Liegt der Kurs mit derselben St\u00fcckelung jedoch bei 97 %, so m\u00fcssen 970 Euro f\u00fcr einen Nominalwert von 1000 Euro bezahlt werden (St\u00fcckzinsen nicht ber\u00fccksichtigt). Die St\u00fcckelung einer Bundesanleihe liegt hingegen oftmals bei 0,01. Somit soll sichergestellt werden, dass Bundesanleihen auch von Kleinanlegern gekauft werden k\u00f6nnen. Es kommt jedoch auch vor, dass die St\u00fcckelung einer Anleihe bei 50.000 oder 100.000 Euro liegt. Dann richtet sich die Emission der Anleihe jedoch auch eher an institutionelle Investoren.<\/p>\n","protected":false},"excerpt":{"rendered":"<p>engl. Denomination Die St\u00fcckelung gibt die kleinste handelbare Nominalwert-Einheit einer Anleihe an. Die St\u00fcckelung liegt in der Regel bei 0.01, 100, 500 oder aber bei 1.000. Liegt die St\u00fcckelung bei einer Anleihe beispielsweise bei 1.000, so muss der Anleger mindestens im Nominalwert von 1000 Euro Anleihen kaufen. In dem Fall k\u00f6nnen Anleihen nicht mit einer [&hellip;]<\/p>\n","protected":false},"author":1,"featured_media":0,"parent":0,"menu_order":0,"comment_status":"closed","ping_status":"closed","template":"","meta":{"site-sidebar-layout":"default","site-content-layout":"","ast-site-content-layout":"","site-content-style":"default","site-sidebar-style":"default","ast-global-header-display":"","ast-banner-title-visibility":"","ast-main-header-display":"","ast-hfb-above-header-display":"","ast-hfb-below-header-display":"","ast-hfb-mobile-header-display":"","site-post-title":"","ast-breadcrumbs-content":"","ast-featured-img":"","footer-sml-layout":"","theme-transparent-header-meta":"","adv-header-id-meta":"","stick-header-meta":"","header-above-stick-meta":"","header-main-stick-meta":"","header-below-stick-meta":"","astra-migrate-meta-layouts":"default","ast-page-background-enabled":"default","ast-page-background-meta":{"desktop":{"background-color":"","background-image":"","background-repeat":"repeat","background-position":"center center","background-size":"auto","background-attachment":"scroll","background-type":"","background-media":"","overlay-type":"","overlay-color":"","overlay-opacity":"","overlay-gradient":""},"tablet":{"background-color":"","background-image":"","background-repeat":"repeat","background-position":"center center","background-size":"auto","background-attachment":"scroll","background-type":"","background-media":"","overlay-type":"","overlay-color":"","overlay-opacity":"","overlay-gradient":""},"mobile":{"background-color":"","background-image":"","background-repeat":"repeat","background-position":"center center","background-size":"auto","background-attachment":"scroll","background-type":"","background-media":"","overlay-type":"","overlay-color":"","overlay-opacity":"","overlay-gradient":""}},"ast-content-background-meta":{"desktop":{"background-color":"var(--ast-global-color-5)","background-image":"","background-repeat":"repeat","background-position":"center center","background-size":"auto","background-attachment":"scroll","background-type":"","background-media":"","overlay-type":"","overlay-color":"","overlay-opacity":"","overlay-gradient":""},"tablet":{"background-color":"var(--ast-global-color-5)","background-image":"","background-repeat":"repeat","background-position":"center center","background-size":"auto","background-attachment":"scroll","background-type":"","background-media":"","overlay-type":"","overlay-color":"","overlay-opacity":"","overlay-gradient":""},"mobile":{"background-color":"var(--ast-global-color-5)","background-image":"","background-repeat":"repeat","background-position":"center center","background-size":"auto","background-attachment":"scroll","background-type":"","background-media":"","overlay-type":"","overlay-color":"","overlay-opacity":"","overlay-gradient":""}},"footnotes":""},"class_list":["post-1816","page","type-page","status-publish","hentry"],"translation":{"provider":"WPGlobus","version":"3.0.2","language":"en","enabled_languages":["de","en"],"languages":{"de":{"title":true,"content":true,"excerpt":false},"en":{"title":false,"content":false,"excerpt":false}}},"featured_image_urls_v2":{"full":"","thumbnail":"","medium":"","medium_large":"","large":"","1536x1536":"","2048x2048":""},"post_excerpt_stackable_v2":"<p>engl. Denomination Die St\u00fcckelung gibt die kleinste handelbare Nominalwert-Einheit einer Anleihe an. Die St\u00fcckelung liegt in der Regel bei 0.01, 100, 500 oder aber bei 1.000. Liegt die St\u00fcckelung bei einer Anleihe beispielsweise bei 1.000, so muss der Anleger mindestens im Nominalwert von 1000 Euro Anleihen kaufen. In dem Fall k\u00f6nnen Anleihen nicht mit einer St\u00fcckelung von 1500 kaufen, sondern immer nur in 1000er-Schritten, also Anleihen im Nominalwert von 1000, 2000, 3000 usw. Liegt die St\u00fcckelung bei 1000, der Kurs der Anleihe bei 104 %, so m\u00fcssen 1040 Euro f\u00fcr einen Nominalwert von 1000 Euro bezahlt werden. Liegt der Kurs&hellip;<\/p>\n","category_list_v2":"","author_info_v2":{"name":"PrudentWater","url":"https:\/\/prudentwater.com\/en\/author\/niklas33\/"},"comments_num_v2":"0 comments","_links":{"self":[{"href":"https:\/\/prudentwater.com\/en\/wp-json\/wp\/v2\/pages\/1816","targetHints":{"allow":["GET"]}}],"collection":[{"href":"https:\/\/prudentwater.com\/en\/wp-json\/wp\/v2\/pages"}],"about":[{"href":"https:\/\/prudentwater.com\/en\/wp-json\/wp\/v2\/types\/page"}],"author":[{"embeddable":true,"href":"https:\/\/prudentwater.com\/en\/wp-json\/wp\/v2\/users\/1"}],"replies":[{"embeddable":true,"href":"https:\/\/prudentwater.com\/en\/wp-json\/wp\/v2\/comments?post=1816"}],"version-history":[{"count":0,"href":"https:\/\/prudentwater.com\/en\/wp-json\/wp\/v2\/pages\/1816\/revisions"}],"wp:attachment":[{"href":"https:\/\/prudentwater.com\/en\/wp-json\/wp\/v2\/media?parent=1816"}],"curies":[{"name":"wp","href":"https:\/\/api.w.org\/{rel}","templated":true}]}}