{"id":1820,"date":"2014-11-18T22:12:39","date_gmt":"2014-11-18T22:12:39","guid":{"rendered":"http:\/\/www.kunnskap.de\/?page_id=1820"},"modified":"2021-08-13T20:05:51","modified_gmt":"2021-08-13T18:05:51","slug":"cashflow","status":"publish","type":"page","link":"https:\/\/prudentwater.com\/en\/cashflow\/","title":{"rendered":"Cashflow"},"content":{"rendered":"<p>Auch <strong>Zahlungsstrom<\/strong><br \/>\n<div class=\"perfect-pullquote vcard pullquote-align-full pullquote-border-placement-top\" style=\"font-size:21px !important;\"><blockquote><p style=\"font-size:21px !important;\">Der Cashflow ist die Differenz aus den tats\u00e4chlich stattgefundenen Einzahlungen und Auszahlungen, die ein Unternehmen innerhalb eines bestimmten Zeitraumes verbuchen konnte. Der Cashflow steht dem Unternehmen hinterher f\u00fcr Investitionen, Gewinnaussch\u00fcttungen und Tilgungszahlungen zur Verf\u00fcgung. <\/p><\/blockquote><\/div><\/p>\n<p>Der Cashflow ist somit der Zuwachs (Mittelzufluss) oder die Abnahme (Mittelabfluss) an liquiden Mitteln eines Unternehmens. Mit dem Cashflow wird deutlich, in welchem Ma\u00dfe ein Unternehmen Geld aus eigener Kraft durch das operative Gesch\u00e4ft erwirtschaftet hat. Er zeigt somit an, wie sehr ein Unternehmen sich von innen heraus finanzieren kann, denn so h\u00f6her der Cashflow, desto weniger ist es auf Fremdkapital angewiesen. Ein positiver Cashflow wird auch Mittelzufluss genannt, wohingegen ein negativer Cashflow Mittelabfluss genannt wird und langfristig zu einer Unterliquidit\u00e4t des Unternehmens f\u00fchrt.<\/p>\n<h4>Definition und Interpretation des Cashflows<\/h4>\n<p>Cashflow und Gewinn eines Unternehmens sind jedoch nicht dasselbe. Die Gewinn- und Verlustrechnung wird u.a. durch Abschreibungen verzerrt, da es sich bei der Abschreibung jedoch um eine nicht zahlungswirksame Aufwendung handelt, bleibt die Abschreibung in der Kapitalflussrechnung unber\u00fccksichtigt, da tats\u00e4chlich kein Geld abgeflossen ist. Die H\u00f6he der Abschreibung vermindert allerdings den Jahresgewinn entsprechend, die Cashflowberechnung ist von Abschreibungen oder auch zum Beispiel von Buchgewinnen unbetroffen, da in beiden F\u00e4llen tats\u00e4chlich kein Geld aus dem Unternehmen abgeflossen ist.<br \/>\n<div class=\"perfect-pullquote vcard pullquote-align-full pullquote-border-placement-left\" style=\"border-color:#9cd3db !important;font-size:22px !important;\"><blockquote><p style=\"font-size:22px !important;\">Bei der Ermittlung des Cashflows d\u00fcrfen ausschlie\u00dflich zahlungswirksame Vorg\u00e4nge ber\u00fccksichtigt werden. Abschreibungen, Zuschreibungen und R\u00fcckstellungen bleiben bei der Berechnung somit unber\u00fccksichtigt.<\/p><\/blockquote><\/div><\/p>\n<p>Der Cashflow ber\u00fccksichtigt somit nur alle wirklich stattgefundenen Zahlungsstr\u00f6me innerhalb einer Zeitperiode. Hat das Unternehmen zum Beispiel eine bestimmte Menge seiner Waren auf Rechnung verkauft, wurden diese offenen Rechnungen jedoch zum Zeitpunkt der Erstellung des Jahresabschlusses von den Kunden noch nicht beglichen, so flie\u00dfen diese Ums\u00e4tze auch nicht mit in die Cashflowberechnung ein. Dem Unternehmen ist bis dato noch kein Geld aus den verkauften Waren zugeflossen, also wird diese Position in der Cashflowberechnung herausgerechnet. Der Jahresgewinn hingegen ber\u00fccksichtigt diesen Posten, auch wenn das Geld noch gar nicht auf dem Konto des Unternehmens eingegangen ist.<\/p>\n<hr>\n<h6>Berechnung<\/h6>\n<p style=\"margin-bottom: 20px;\">\n<p><img loading=\"lazy\" decoding=\"async\" src=\"https:\/\/prudentwater.com\/wp-content\/uploads\/2021\/04\/Cashflow.png\" alt=\"\" class=\"aligncenter size-full=\" &quot;=\"\" wp-image-12029&quot;=\"\" width=\"690\" height=\"57\" wp-image-12029 title=\"\"><\/p>\n<hr>\n<p>Zu den nicht auszahlungswirksamen Aufwendungen geh\u00f6ren vor allem Abschreibungen, die Bildung oder Erh\u00f6hung von R\u00fcckstellungen oder R\u00fccklagen sowie Bestandminderungen an fertigen oder halbfertigen Erzeugnissen. Zu den nicht einzahlungswirksamen Ertr\u00e4gen hingegen geh\u00f6ren Zuschreibungen, die Aufl\u00f6sung oder Herabsetzung von R\u00fcckstellungen sowie die Bestanderh\u00f6hung an fertigen oder halbfertigen Erzeugnissen.<\/p>\n<h4>Drei Komponenten des Cashflows<\/h4>\n<p>Es gibt drei unterschiedliche Gr\u00f6\u00dfen, aus denen sich der Cashflow zusammensetzt. Jede Cashflowgr\u00f6\u00dfe kann auch f\u00fcr sich einzeln betrachtet werden und gibt Auskunft \u00fcber den jeweiligen Bereich des Unternehmens. Der operative Cashflow gilt als wichtigste Cashflowgr\u00f6\u00dfe und gibt den Zahlungsstrom aus dem t\u00e4glichen und operativen Gesch\u00e4ftsbetrieb wieder. Der Cashflow aus Investitionst\u00e4tigkeit ist die Differenz aus Investitionen und Desinvestitionen des Unternehmens. Der Cashflow aus Finanzierungst\u00e4tigkeit als dritte Gr\u00f6\u00dfe ist die Differenz zwischen Finanzeinzahlungen und Finanzauszahlungen. Der Differenzbetrag, der sich aus den drei Cashflowgr\u00f6\u00dfen ergibt, ist die positive \/ negative Ver\u00e4nderung der Zahlungsmittel und Zahlungsmittel\u00e4quivalente. Dieser Zahlungsmittelbestand eines Unternehmens sind die liquiden Mittel bestehend aus Bankguthaben, Kassenbest\u00e4nde, Schecks (Zahlungsmittel) sowie kurzfristige Wertpapiere.<\/p>\n<h4>Warum der Cashflow f\u00fcr Unternehmen so wichtig ist<\/h4>\n<p>Der Cashflow eines Unternehmens und dessen Entwicklung ist deshalb so wichtig, da der wirtschaftliche Erfolg zum gro\u00dfen Teil durch Ein- und Auszahlungen und durch eine stets ausreichende Liquidit\u00e4t bestimmt wird. Um langfristig zu existieren und am Markt zu bestehen, muss das Unternehmen nachhaltige Einzahlungs\u00fcbersch\u00fcsse generieren und jederzeit \u00fcber ausreichend Liquidit\u00e4t verf\u00fcgen, um stets allen Zahlungsverpflichtungen nachkommen zu k\u00f6nnen. Der Cashflow gibt nun eben genau an, ob das Unternehmen tats\u00e4chlich Einzahlungs\u00fcbersch\u00fcsse erzielt hat, Anleger sollten deshalb vor dem Aktienkauf die Cashflowgr\u00f6\u00dfen des jeweiligen Unternehmens m\u00f6glichst genau analysieren. Au\u00dferdem hat der Cashflow den Vorteil, dass bei der Berechnung Manipulationen und Bilanztricks deutlich weniger m\u00f6glich sind als bei der Berechnung des Jahresabschlusses. Die Cashflowgr\u00f6\u00dfen bilden somit oftmals ein ehrlicheres Bild der finanziellen Lage des Unternehmens ab.<\/p>\n","protected":false},"excerpt":{"rendered":"<p>Auch Zahlungsstrom Der Cashflow ist somit der Zuwachs (Mittelzufluss) oder die Abnahme (Mittelabfluss) an liquiden Mitteln eines Unternehmens. Mit dem Cashflow wird deutlich, in welchem Ma\u00dfe ein Unternehmen Geld aus eigener Kraft durch das operative Gesch\u00e4ft erwirtschaftet hat. Er zeigt somit an, wie sehr ein Unternehmen sich von innen heraus finanzieren kann, denn so h\u00f6her [&hellip;]<\/p>\n","protected":false},"author":1,"featured_media":0,"parent":0,"menu_order":0,"comment_status":"closed","ping_status":"closed","template":"","meta":{"site-sidebar-layout":"default","site-content-layout":"default","ast-site-content-layout":"","site-content-style":"default","site-sidebar-style":"default","ast-global-header-display":"","ast-banner-title-visibility":"","ast-main-header-display":"","ast-hfb-above-header-display":"","ast-hfb-below-header-display":"","ast-hfb-mobile-header-display":"","site-post-title":"","ast-breadcrumbs-content":"","ast-featured-img":"","footer-sml-layout":"","theme-transparent-header-meta":"default","adv-header-id-meta":"","stick-header-meta":"","header-above-stick-meta":"","header-main-stick-meta":"","header-below-stick-meta":"","astra-migrate-meta-layouts":"default","ast-page-background-enabled":"default","ast-page-background-meta":{"desktop":{"background-color":"","background-image":"","background-repeat":"repeat","background-position":"center center","background-size":"auto","background-attachment":"scroll","background-type":"","background-media":"","overlay-type":"","overlay-color":"","overlay-opacity":"","overlay-gradient":""},"tablet":{"background-color":"","background-image":"","background-repeat":"repeat","background-position":"center center","background-size":"auto","background-attachment":"scroll","background-type":"","background-media":"","overlay-type":"","overlay-color":"","overlay-opacity":"","overlay-gradient":""},"mobile":{"background-color":"","background-image":"","background-repeat":"repeat","background-position":"center center","background-size":"auto","background-attachment":"scroll","background-type":"","background-media":"","overlay-type":"","overlay-color":"","overlay-opacity":"","overlay-gradient":""}},"ast-content-background-meta":{"desktop":{"background-color":"var(--ast-global-color-5)","background-image":"","background-repeat":"repeat","background-position":"center center","background-size":"auto","background-attachment":"scroll","background-type":"","background-media":"","overlay-type":"","overlay-color":"","overlay-opacity":"","overlay-gradient":""},"tablet":{"background-color":"var(--ast-global-color-5)","background-image":"","background-repeat":"repeat","background-position":"center center","background-size":"auto","background-attachment":"scroll","background-type":"","background-media":"","overlay-type":"","overlay-color":"","overlay-opacity":"","overlay-gradient":""},"mobile":{"background-color":"var(--ast-global-color-5)","background-image":"","background-repeat":"repeat","background-position":"center center","background-size":"auto","background-attachment":"scroll","background-type":"","background-media":"","overlay-type":"","overlay-color":"","overlay-opacity":"","overlay-gradient":""}},"footnotes":""},"class_list":["post-1820","page","type-page","status-publish","hentry"],"translation":{"provider":"WPGlobus","version":"3.0.2","language":"en","enabled_languages":["de","en"],"languages":{"de":{"title":true,"content":true,"excerpt":false},"en":{"title":false,"content":false,"excerpt":false}}},"featured_image_urls_v2":{"full":"","thumbnail":"","medium":"","medium_large":"","large":"","1536x1536":"","2048x2048":""},"post_excerpt_stackable_v2":"<p>Auch Zahlungsstrom Der Cashflow ist die Differenz aus den tats\u00e4chlich stattgefundenen Einzahlungen und Auszahlungen, die ein Unternehmen innerhalb eines bestimmten Zeitraumes verbuchen konnte. Der Cashflow steht dem Unternehmen hinterher f\u00fcr Investitionen, Gewinnaussch\u00fcttungen und Tilgungszahlungen zur Verf\u00fcgung. Der Cashflow ist somit der Zuwachs (Mittelzufluss) oder die Abnahme (Mittelabfluss) an liquiden Mitteln eines Unternehmens. Mit dem Cashflow wird deutlich, in welchem Ma\u00dfe ein Unternehmen Geld aus eigener Kraft durch das operative Gesch\u00e4ft erwirtschaftet hat. Er zeigt somit an, wie sehr ein Unternehmen sich von innen heraus finanzieren kann, denn so h\u00f6her der Cashflow, desto weniger ist es auf Fremdkapital angewiesen. Ein positiver&hellip;<\/p>\n","category_list_v2":"","author_info_v2":{"name":"PrudentWater","url":"https:\/\/prudentwater.com\/en\/author\/niklas33\/"},"comments_num_v2":"0 comments","_links":{"self":[{"href":"https:\/\/prudentwater.com\/en\/wp-json\/wp\/v2\/pages\/1820","targetHints":{"allow":["GET"]}}],"collection":[{"href":"https:\/\/prudentwater.com\/en\/wp-json\/wp\/v2\/pages"}],"about":[{"href":"https:\/\/prudentwater.com\/en\/wp-json\/wp\/v2\/types\/page"}],"author":[{"embeddable":true,"href":"https:\/\/prudentwater.com\/en\/wp-json\/wp\/v2\/users\/1"}],"replies":[{"embeddable":true,"href":"https:\/\/prudentwater.com\/en\/wp-json\/wp\/v2\/comments?post=1820"}],"version-history":[{"count":0,"href":"https:\/\/prudentwater.com\/en\/wp-json\/wp\/v2\/pages\/1820\/revisions"}],"wp:attachment":[{"href":"https:\/\/prudentwater.com\/en\/wp-json\/wp\/v2\/media?parent=1820"}],"curies":[{"name":"wp","href":"https:\/\/api.w.org\/{rel}","templated":true}]}}