{"id":1826,"date":"2014-11-19T11:08:56","date_gmt":"2014-11-19T11:08:56","guid":{"rendered":"http:\/\/www.kunnskap.de\/?page_id=1826"},"modified":"2023-04-14T10:30:46","modified_gmt":"2023-04-14T08:30:46","slug":"unbesicherte-anleihe","status":"publish","type":"page","link":"https:\/\/prudentwater.com\/en\/unbesicherte-anleihe\/","title":{"rendered":"Unbesicherte Anleihe"},"content":{"rendered":"<p>engl. <b>Debenture Bond<\/b><\/p>\n<p>Unbesicherte Anleihen sind die am weitesten verbreitete Art von Anleihen. Der Begriff &#8216;unbesichert&#8217; sagt aus, dass f\u00fcr die Anleihen keine zus\u00e4tzliche Deckungsmasse hinterlegt wurde. Kommt es zu einer Zahlungsunf\u00e4higkeit des Emittenten der Anleihe, sind somit keine separaten Sicherheiten f\u00fcr die Besitzer der Anleihen hinterlegt, auf welche sie zur\u00fcckgreifen k\u00f6nnten, um sich schadlos zu halten. Nichtsdestotrotz haftet der Emittent mit seinem gesamten Verm\u00f6gen, welches jedoch in der Regel im Falle einer Zahlungsunf\u00e4higkeit nicht ausreicht, um die Besitzer der unbesicherten Anleihen bedienen zu k\u00f6nnen.<br \/>\n<div class=\"perfect-pullquote vcard pullquote-align-full pullquote-border-placement-left\" style=\"border-color:#3A434F !important;font-size:22px !important;\"><blockquote><p style=\"font-size:22px !important;\">Dadurch, dass bei einer unbesicherten Anleihe das Risiko eines Total- oder Teilverlustes h\u00f6her ist als bei einer besicherten Anleihe, wird die unbesicherte Anleihe auch stets h\u00f6her verzinst.<\/p><\/blockquote><\/div>Die besicherte Anleihe hingegen weist eine separate Deckungsmasse auf, auf welche die Gl\u00e4ubiger im Zahlungsausfall des Emittenten Zugriff haben. Im Falle einer Insolvenz des Unternehmens werden die Besitzer von unbesicherten Anleihen zwar vor den Aktion\u00e4ren aus der m\u00f6glichen Insolvenzmasse bedient, jedoch erst nach den Besitzern von besicherten Anleihen sowie eventuell anderen Gl\u00e4ubigern wie Banken. In den allermeisten F\u00e4llen gehen Investoren von unbesicherten Anleihen deshalb bei einer Insolvenz des Emittenten komplett leer aus.<\/p>\n","protected":false},"excerpt":{"rendered":"<p>engl. Debenture Bond Unbesicherte Anleihen sind die am weitesten verbreitete Art von Anleihen. Der Begriff &#8216;unbesichert&#8217; sagt aus, dass f\u00fcr die Anleihen keine zus\u00e4tzliche Deckungsmasse hinterlegt wurde. Kommt es zu einer Zahlungsunf\u00e4higkeit des Emittenten der Anleihe, sind somit keine separaten Sicherheiten f\u00fcr die Besitzer der Anleihen hinterlegt, auf welche sie zur\u00fcckgreifen k\u00f6nnten, um sich schadlos [&hellip;]<\/p>\n","protected":false},"author":1,"featured_media":0,"parent":0,"menu_order":0,"comment_status":"closed","ping_status":"closed","template":"","meta":{"site-sidebar-layout":"default","site-content-layout":"","ast-site-content-layout":"","site-content-style":"default","site-sidebar-style":"default","ast-global-header-display":"","ast-banner-title-visibility":"","ast-main-header-display":"","ast-hfb-above-header-display":"","ast-hfb-below-header-display":"","ast-hfb-mobile-header-display":"","site-post-title":"","ast-breadcrumbs-content":"","ast-featured-img":"","footer-sml-layout":"","theme-transparent-header-meta":"","adv-header-id-meta":"","stick-header-meta":"","header-above-stick-meta":"","header-main-stick-meta":"","header-below-stick-meta":"","astra-migrate-meta-layouts":"default","ast-page-background-enabled":"default","ast-page-background-meta":{"desktop":{"background-color":"","background-image":"","background-repeat":"repeat","background-position":"center center","background-size":"auto","background-attachment":"scroll","background-type":"","background-media":"","overlay-type":"","overlay-color":"","overlay-opacity":"","overlay-gradient":""},"tablet":{"background-color":"","background-image":"","background-repeat":"repeat","background-position":"center center","background-size":"auto","background-attachment":"scroll","background-type":"","background-media":"","overlay-type":"","overlay-color":"","overlay-opacity":"","overlay-gradient":""},"mobile":{"background-color":"","background-image":"","background-repeat":"repeat","background-position":"center center","background-size":"auto","background-attachment":"scroll","background-type":"","background-media":"","overlay-type":"","overlay-color":"","overlay-opacity":"","overlay-gradient":""}},"ast-content-background-meta":{"desktop":{"background-color":"var(--ast-global-color-5)","background-image":"","background-repeat":"repeat","background-position":"center center","background-size":"auto","background-attachment":"scroll","background-type":"","background-media":"","overlay-type":"","overlay-color":"","overlay-opacity":"","overlay-gradient":""},"tablet":{"background-color":"var(--ast-global-color-5)","background-image":"","background-repeat":"repeat","background-position":"center center","background-size":"auto","background-attachment":"scroll","background-type":"","background-media":"","overlay-type":"","overlay-color":"","overlay-opacity":"","overlay-gradient":""},"mobile":{"background-color":"var(--ast-global-color-5)","background-image":"","background-repeat":"repeat","background-position":"center center","background-size":"auto","background-attachment":"scroll","background-type":"","background-media":"","overlay-type":"","overlay-color":"","overlay-opacity":"","overlay-gradient":""}},"footnotes":""},"class_list":["post-1826","page","type-page","status-publish","hentry"],"translation":{"provider":"WPGlobus","version":"3.0.2","language":"en","enabled_languages":["de","en"],"languages":{"de":{"title":true,"content":true,"excerpt":false},"en":{"title":false,"content":false,"excerpt":false}}},"featured_image_urls_v2":{"full":"","thumbnail":"","medium":"","medium_large":"","large":"","1536x1536":"","2048x2048":""},"post_excerpt_stackable_v2":"<p>engl. Debenture Bond Unbesicherte Anleihen sind die am weitesten verbreitete Art von Anleihen. Der Begriff &#8216;unbesichert&#8217; sagt aus, dass f\u00fcr die Anleihen keine zus\u00e4tzliche Deckungsmasse hinterlegt wurde. Kommt es zu einer Zahlungsunf\u00e4higkeit des Emittenten der Anleihe, sind somit keine separaten Sicherheiten f\u00fcr die Besitzer der Anleihen hinterlegt, auf welche sie zur\u00fcckgreifen k\u00f6nnten, um sich schadlos zu halten. Nichtsdestotrotz haftet der Emittent mit seinem gesamten Verm\u00f6gen, welches jedoch in der Regel im Falle einer Zahlungsunf\u00e4higkeit nicht ausreicht, um die Besitzer der unbesicherten Anleihen bedienen zu k\u00f6nnen. Dadurch, dass bei einer unbesicherten Anleihe das Risiko eines Total- oder Teilverlustes h\u00f6her ist als&hellip;<\/p>\n","category_list_v2":"","author_info_v2":{"name":"PrudentWater","url":"https:\/\/prudentwater.com\/en\/author\/niklas33\/"},"comments_num_v2":"0 comments","_links":{"self":[{"href":"https:\/\/prudentwater.com\/en\/wp-json\/wp\/v2\/pages\/1826","targetHints":{"allow":["GET"]}}],"collection":[{"href":"https:\/\/prudentwater.com\/en\/wp-json\/wp\/v2\/pages"}],"about":[{"href":"https:\/\/prudentwater.com\/en\/wp-json\/wp\/v2\/types\/page"}],"author":[{"embeddable":true,"href":"https:\/\/prudentwater.com\/en\/wp-json\/wp\/v2\/users\/1"}],"replies":[{"embeddable":true,"href":"https:\/\/prudentwater.com\/en\/wp-json\/wp\/v2\/comments?post=1826"}],"version-history":[{"count":0,"href":"https:\/\/prudentwater.com\/en\/wp-json\/wp\/v2\/pages\/1826\/revisions"}],"wp:attachment":[{"href":"https:\/\/prudentwater.com\/en\/wp-json\/wp\/v2\/media?parent=1826"}],"curies":[{"name":"wp","href":"https:\/\/api.w.org\/{rel}","templated":true}]}}