{"id":1844,"date":"2014-11-19T20:48:11","date_gmt":"2014-11-19T20:48:11","guid":{"rendered":"http:\/\/www.kunnskap.de\/?page_id=1844"},"modified":"2021-06-25T12:48:22","modified_gmt":"2021-06-25T10:48:22","slug":"borsencrash","status":"publish","type":"page","link":"https:\/\/prudentwater.com\/en\/borsencrash\/","title":{"rendered":"B\u00f6rsencrash"},"content":{"rendered":"<p>engl. <strong>Stock Market Crash<\/strong><\/p>\n<p>Der B\u00f6rsencrash beschreibt den starken und oftmals unerwarteten und pl\u00f6tzlichen Kurseinbruch des Aktienmarktes. Ab wann ein Kurseinbruch als Crash bezeichnet werden kann, ist jedoch nicht genau definiert. Einen gro\u00dfen B\u00f6rsencrash erlebten die B\u00f6rsianer beispielsweise am Schwarzen Freitag im Jahre 1929 oder am 19. November 1987, als der Dow Jones Industrial Average in den USA an einem Tag um mehr als 20 Prozent fiel. Oftmals werden B\u00f6rsencrashs durch sogenannte Panikverk\u00e4ufe ausgel\u00f6st, bei dem Anleger unkontrolliert handeln und ihre bis dahin angewandte Anlagestrategie aufgeben. Diese unkontrollierten Kurzschlussreaktionen in Form von Aktienverk\u00e4ufen n\u00e4hren dann wiederum weiter die bereits eingetretenen Kursr\u00fcckg\u00e4nge.<\/p>\n","protected":false},"excerpt":{"rendered":"<p>engl. Stock Market Crash Der B\u00f6rsencrash beschreibt den starken und oftmals unerwarteten und pl\u00f6tzlichen Kurseinbruch des Aktienmarktes. Ab wann ein Kurseinbruch als Crash bezeichnet werden kann, ist jedoch nicht genau definiert. Einen gro\u00dfen B\u00f6rsencrash erlebten die B\u00f6rsianer beispielsweise am Schwarzen Freitag im Jahre 1929 oder am 19. November 1987, als der Dow Jones Industrial Average [&hellip;]<\/p>\n","protected":false},"author":1,"featured_media":0,"parent":0,"menu_order":0,"comment_status":"closed","ping_status":"closed","template":"","meta":{"site-sidebar-layout":"default","site-content-layout":"","ast-site-content-layout":"","site-content-style":"default","site-sidebar-style":"default","ast-global-header-display":"","ast-banner-title-visibility":"","ast-main-header-display":"","ast-hfb-above-header-display":"","ast-hfb-below-header-display":"","ast-hfb-mobile-header-display":"","site-post-title":"","ast-breadcrumbs-content":"","ast-featured-img":"","footer-sml-layout":"","theme-transparent-header-meta":"","adv-header-id-meta":"","stick-header-meta":"","header-above-stick-meta":"","header-main-stick-meta":"","header-below-stick-meta":"","astra-migrate-meta-layouts":"default","ast-page-background-enabled":"default","ast-page-background-meta":{"desktop":{"background-color":"","background-image":"","background-repeat":"repeat","background-position":"center center","background-size":"auto","background-attachment":"scroll","background-type":"","background-media":"","overlay-type":"","overlay-color":"","overlay-opacity":"","overlay-gradient":""},"tablet":{"background-color":"","background-image":"","background-repeat":"repeat","background-position":"center center","background-size":"auto","background-attachment":"scroll","background-type":"","background-media":"","overlay-type":"","overlay-color":"","overlay-opacity":"","overlay-gradient":""},"mobile":{"background-color":"","background-image":"","background-repeat":"repeat","background-position":"center center","background-size":"auto","background-attachment":"scroll","background-type":"","background-media":"","overlay-type":"","overlay-color":"","overlay-opacity":"","overlay-gradient":""}},"ast-content-background-meta":{"desktop":{"background-color":"var(--ast-global-color-5)","background-image":"","background-repeat":"repeat","background-position":"center center","background-size":"auto","background-attachment":"scroll","background-type":"","background-media":"","overlay-type":"","overlay-color":"","overlay-opacity":"","overlay-gradient":""},"tablet":{"background-color":"var(--ast-global-color-5)","background-image":"","background-repeat":"repeat","background-position":"center center","background-size":"auto","background-attachment":"scroll","background-type":"","background-media":"","overlay-type":"","overlay-color":"","overlay-opacity":"","overlay-gradient":""},"mobile":{"background-color":"var(--ast-global-color-5)","background-image":"","background-repeat":"repeat","background-position":"center center","background-size":"auto","background-attachment":"scroll","background-type":"","background-media":"","overlay-type":"","overlay-color":"","overlay-opacity":"","overlay-gradient":""}},"footnotes":""},"class_list":["post-1844","page","type-page","status-publish","hentry"],"translation":{"provider":"WPGlobus","version":"3.0.2","language":"en","enabled_languages":["de","en"],"languages":{"de":{"title":true,"content":true,"excerpt":false},"en":{"title":false,"content":false,"excerpt":false}}},"featured_image_urls_v2":{"full":"","thumbnail":"","medium":"","medium_large":"","large":"","1536x1536":"","2048x2048":""},"post_excerpt_stackable_v2":"<p>engl. Stock Market Crash Der B\u00f6rsencrash beschreibt den starken und oftmals unerwarteten und pl\u00f6tzlichen Kurseinbruch des Aktienmarktes. Ab wann ein Kurseinbruch als Crash bezeichnet werden kann, ist jedoch nicht genau definiert. Einen gro\u00dfen B\u00f6rsencrash erlebten die B\u00f6rsianer beispielsweise am Schwarzen Freitag im Jahre 1929 oder am 19. November 1987, als der Dow Jones Industrial Average in den USA an einem Tag um mehr als 20 Prozent fiel. Oftmals werden B\u00f6rsencrashs durch sogenannte Panikverk\u00e4ufe ausgel\u00f6st, bei dem Anleger unkontrolliert handeln und ihre bis dahin angewandte Anlagestrategie aufgeben. Diese unkontrollierten Kurzschlussreaktionen in Form von Aktienverk\u00e4ufen n\u00e4hren dann wiederum weiter die bereits eingetretenen&hellip;<\/p>\n","category_list_v2":"","author_info_v2":{"name":"PrudentWater","url":"https:\/\/prudentwater.com\/en\/author\/niklas33\/"},"comments_num_v2":"0 comments","_links":{"self":[{"href":"https:\/\/prudentwater.com\/en\/wp-json\/wp\/v2\/pages\/1844","targetHints":{"allow":["GET"]}}],"collection":[{"href":"https:\/\/prudentwater.com\/en\/wp-json\/wp\/v2\/pages"}],"about":[{"href":"https:\/\/prudentwater.com\/en\/wp-json\/wp\/v2\/types\/page"}],"author":[{"embeddable":true,"href":"https:\/\/prudentwater.com\/en\/wp-json\/wp\/v2\/users\/1"}],"replies":[{"embeddable":true,"href":"https:\/\/prudentwater.com\/en\/wp-json\/wp\/v2\/comments?post=1844"}],"version-history":[{"count":0,"href":"https:\/\/prudentwater.com\/en\/wp-json\/wp\/v2\/pages\/1844\/revisions"}],"wp:attachment":[{"href":"https:\/\/prudentwater.com\/en\/wp-json\/wp\/v2\/media?parent=1844"}],"curies":[{"name":"wp","href":"https:\/\/api.w.org\/{rel}","templated":true}]}}