{"id":1858,"date":"2014-11-21T10:48:09","date_gmt":"2014-11-21T10:48:09","guid":{"rendered":"http:\/\/www.kunnskap.de\/?page_id=1858"},"modified":"2021-06-25T12:49:39","modified_gmt":"2021-06-25T10:49:39","slug":"panikverkauf","status":"publish","type":"page","link":"https:\/\/prudentwater.com\/en\/panikverkauf\/","title":{"rendered":"Panikverkauf"},"content":{"rendered":"<p>engl. <strong>Panic Selling<\/strong><\/p>\n<p>Ein Panikverkauf an den B\u00f6rsen findet oft dann statt, wenn Aktien bereits gefallen sind und die Noch-Aktienbesitzer bef\u00fcrchten, dass weitere erhebliche Kursverluste drohen. In solch einer Situation wird oftmals die eigene Strategie aufgegeben. Anleger handeln irrational und verkaufen schnellstm\u00f6glich ihre Wertpapiere, da sie von weiter fallenden Kursen ausgehen, ohne die Situation am Markt genau zu untersuchen. Durch diese Panikverk\u00e4ufe kann eine Art &#8220;Lawine&#8221; von Verk\u00e4ufen entstehen, da die Kurse durch die Verk\u00e4ufe immer weiter fallen und mehr und mehr Anleger sich dazu entscheiden, sich von ihren Wertpapieren zu trennen.<\/p>\n","protected":false},"excerpt":{"rendered":"<p>engl. Panic Selling Ein Panikverkauf an den B\u00f6rsen findet oft dann statt, wenn Aktien bereits gefallen sind und die Noch-Aktienbesitzer bef\u00fcrchten, dass weitere erhebliche Kursverluste drohen. In solch einer Situation wird oftmals die eigene Strategie aufgegeben. Anleger handeln irrational und verkaufen schnellstm\u00f6glich ihre Wertpapiere, da sie von weiter fallenden Kursen ausgehen, ohne die Situation am [&hellip;]<\/p>\n","protected":false},"author":1,"featured_media":0,"parent":0,"menu_order":0,"comment_status":"closed","ping_status":"closed","template":"","meta":{"site-sidebar-layout":"default","site-content-layout":"","ast-site-content-layout":"","site-content-style":"default","site-sidebar-style":"default","ast-global-header-display":"","ast-banner-title-visibility":"","ast-main-header-display":"","ast-hfb-above-header-display":"","ast-hfb-below-header-display":"","ast-hfb-mobile-header-display":"","site-post-title":"","ast-breadcrumbs-content":"","ast-featured-img":"","footer-sml-layout":"","theme-transparent-header-meta":"","adv-header-id-meta":"","stick-header-meta":"","header-above-stick-meta":"","header-main-stick-meta":"","header-below-stick-meta":"","astra-migrate-meta-layouts":"default","ast-page-background-enabled":"default","ast-page-background-meta":{"desktop":{"background-color":"","background-image":"","background-repeat":"repeat","background-position":"center center","background-size":"auto","background-attachment":"scroll","background-type":"","background-media":"","overlay-type":"","overlay-color":"","overlay-opacity":"","overlay-gradient":""},"tablet":{"background-color":"","background-image":"","background-repeat":"repeat","background-position":"center center","background-size":"auto","background-attachment":"scroll","background-type":"","background-media":"","overlay-type":"","overlay-color":"","overlay-opacity":"","overlay-gradient":""},"mobile":{"background-color":"","background-image":"","background-repeat":"repeat","background-position":"center center","background-size":"auto","background-attachment":"scroll","background-type":"","background-media":"","overlay-type":"","overlay-color":"","overlay-opacity":"","overlay-gradient":""}},"ast-content-background-meta":{"desktop":{"background-color":"var(--ast-global-color-5)","background-image":"","background-repeat":"repeat","background-position":"center center","background-size":"auto","background-attachment":"scroll","background-type":"","background-media":"","overlay-type":"","overlay-color":"","overlay-opacity":"","overlay-gradient":""},"tablet":{"background-color":"var(--ast-global-color-5)","background-image":"","background-repeat":"repeat","background-position":"center center","background-size":"auto","background-attachment":"scroll","background-type":"","background-media":"","overlay-type":"","overlay-color":"","overlay-opacity":"","overlay-gradient":""},"mobile":{"background-color":"var(--ast-global-color-5)","background-image":"","background-repeat":"repeat","background-position":"center center","background-size":"auto","background-attachment":"scroll","background-type":"","background-media":"","overlay-type":"","overlay-color":"","overlay-opacity":"","overlay-gradient":""}},"footnotes":""},"class_list":["post-1858","page","type-page","status-publish","hentry"],"translation":{"provider":"WPGlobus","version":"3.0.2","language":"en","enabled_languages":["de","en"],"languages":{"de":{"title":true,"content":true,"excerpt":false},"en":{"title":false,"content":false,"excerpt":false}}},"featured_image_urls_v2":{"full":"","thumbnail":"","medium":"","medium_large":"","large":"","1536x1536":"","2048x2048":""},"post_excerpt_stackable_v2":"<p>engl. Panic Selling Ein Panikverkauf an den B\u00f6rsen findet oft dann statt, wenn Aktien bereits gefallen sind und die Noch-Aktienbesitzer bef\u00fcrchten, dass weitere erhebliche Kursverluste drohen. In solch einer Situation wird oftmals die eigene Strategie aufgegeben. Anleger handeln irrational und verkaufen schnellstm\u00f6glich ihre Wertpapiere, da sie von weiter fallenden Kursen ausgehen, ohne die Situation am Markt genau zu untersuchen. Durch diese Panikverk\u00e4ufe kann eine Art &#8220;Lawine&#8221; von Verk\u00e4ufen entstehen, da die Kurse durch die Verk\u00e4ufe immer weiter fallen und mehr und mehr Anleger sich dazu entscheiden, sich von ihren Wertpapieren zu trennen.<\/p>\n","category_list_v2":"","author_info_v2":{"name":"PrudentWater","url":"https:\/\/prudentwater.com\/en\/author\/niklas33\/"},"comments_num_v2":"0 comments","_links":{"self":[{"href":"https:\/\/prudentwater.com\/en\/wp-json\/wp\/v2\/pages\/1858","targetHints":{"allow":["GET"]}}],"collection":[{"href":"https:\/\/prudentwater.com\/en\/wp-json\/wp\/v2\/pages"}],"about":[{"href":"https:\/\/prudentwater.com\/en\/wp-json\/wp\/v2\/types\/page"}],"author":[{"embeddable":true,"href":"https:\/\/prudentwater.com\/en\/wp-json\/wp\/v2\/users\/1"}],"replies":[{"embeddable":true,"href":"https:\/\/prudentwater.com\/en\/wp-json\/wp\/v2\/comments?post=1858"}],"version-history":[{"count":0,"href":"https:\/\/prudentwater.com\/en\/wp-json\/wp\/v2\/pages\/1858\/revisions"}],"wp:attachment":[{"href":"https:\/\/prudentwater.com\/en\/wp-json\/wp\/v2\/media?parent=1858"}],"curies":[{"name":"wp","href":"https:\/\/api.w.org\/{rel}","templated":true}]}}