{"id":1880,"date":"2014-11-22T10:17:52","date_gmt":"2014-11-22T10:17:52","guid":{"rendered":"http:\/\/www.kunnskap.de\/?page_id=1880"},"modified":"2021-08-10T13:45:07","modified_gmt":"2021-08-10T11:45:07","slug":"derivat","status":"publish","type":"page","link":"https:\/\/prudentwater.com\/en\/derivat\/","title":{"rendered":"Derivat"},"content":{"rendered":"<p>Auch <strong>Abgeleitetes Wertpapier<\/strong><br \/>\nengl. <strong>Derivative<\/strong><\/p>\n<p>Ein Derivat ist ein Finanzinstrument, welches stets einem Basiswert zugrunde liegt. Die Preisentwicklung des Derivates h\u00e4ngt dadurch fast komplett &#8211; jedoch nicht immer ausschlie\u00dflich &#8211; von der Wertentwicklung des Basiswertes ab. Jedoch deshalb nicht ausschlie\u00dflich, weil teilweise zus\u00e4tzlich (geringe) Wechselkurseffekte die Entwicklung des Derivates beeinflussen k\u00f6nnen. Als Basiswert des Derivates kann zum Beispiel eine Aktie, ein Rohstoff, ein Zinssatz oder ein W\u00e4hrungspaar dienen. Ein Derivat ist also ein Finanzinstrument, dessen Wertentwicklung an einen bestimmten Referenzwert gekoppelt ist. Derivate dienen zum einen zur Kursabsicherung des entsprechenden Basiswertes (Hedging) oder um das Wechselkursrisiko zu beseitigen. Viel mehr jedoch werden Derivate schlicht spekulativ gehandelt, da ihre Kurse deutlich st\u00e4rker schwanken als der Kurs des Basiswertes und sich somit h\u00f6here Gewinne erzielen lassen. Somit l\u00e4sst sich mit dem gleichen oder weniger Einsatz h\u00f6here Ertr\u00e4ge erzielen, aber ebenso k\u00f6nnen auch h\u00f6here Verluste bis hin zum Totalverlust erlitten werden.<br \/>\n<div class=\"perfect-pullquote vcard pullquote-align-full pullquote-border-placement-left\" style=\"border-color:#9cd3db !important;font-size:21px !important;\"><blockquote><p style=\"font-size:21px !important;\">Die Kursentwicklung eines Derivates leitet sich beinahe 1:1 von der Kursentwicklung des zugrunde liegenden Basiswertes ab. Derivate haben fast immer eine begrenzte Laufzeit. Sie dienen weniger als mittel- bis langfristiges Investment, sondern eher zu Absicherungszwecken von gr\u00f6\u00dferen Wertpapierpositionen oder aber der Spekulation.<\/p><\/blockquote><\/div><br \/>\nNeben der erw\u00e4hnten Hebelwirkung  ist der wohl gr\u00f6\u00dfte Vorteil von Derivaten die M\u00f6glichkeit auf fallende Kurse zu spekulieren. Anleger k\u00f6nnen so mit dem Kauf von Put- \/ Short-Derivaten von fallenden Kursen profitieren.  Ein Zertifikat, eine Option, ein Future, ein Swap sowie der Optionsschein geh\u00f6ren alle zu der Gruppe der Derivate.<\/p>\n","protected":false},"excerpt":{"rendered":"<p>Auch Abgeleitetes Wertpapier engl. Derivative Ein Derivat ist ein Finanzinstrument, welches stets einem Basiswert zugrunde liegt. Die Preisentwicklung des Derivates h\u00e4ngt dadurch fast komplett &#8211; jedoch nicht immer ausschlie\u00dflich &#8211; von der Wertentwicklung des Basiswertes ab. Jedoch deshalb nicht ausschlie\u00dflich, weil teilweise zus\u00e4tzlich (geringe) Wechselkurseffekte die Entwicklung des Derivates beeinflussen k\u00f6nnen. Als Basiswert des Derivates [&hellip;]<\/p>\n","protected":false},"author":1,"featured_media":0,"parent":0,"menu_order":0,"comment_status":"closed","ping_status":"closed","template":"","meta":{"site-sidebar-layout":"default","site-content-layout":"default","ast-site-content-layout":"","site-content-style":"default","site-sidebar-style":"default","ast-global-header-display":"","ast-banner-title-visibility":"","ast-main-header-display":"","ast-hfb-above-header-display":"","ast-hfb-below-header-display":"","ast-hfb-mobile-header-display":"","site-post-title":"","ast-breadcrumbs-content":"","ast-featured-img":"","footer-sml-layout":"","theme-transparent-header-meta":"default","adv-header-id-meta":"","stick-header-meta":"","header-above-stick-meta":"","header-main-stick-meta":"","header-below-stick-meta":"","astra-migrate-meta-layouts":"default","ast-page-background-enabled":"default","ast-page-background-meta":{"desktop":{"background-color":"","background-image":"","background-repeat":"repeat","background-position":"center center","background-size":"auto","background-attachment":"scroll","background-type":"","background-media":"","overlay-type":"","overlay-color":"","overlay-opacity":"","overlay-gradient":""},"tablet":{"background-color":"","background-image":"","background-repeat":"repeat","background-position":"center center","background-size":"auto","background-attachment":"scroll","background-type":"","background-media":"","overlay-type":"","overlay-color":"","overlay-opacity":"","overlay-gradient":""},"mobile":{"background-color":"","background-image":"","background-repeat":"repeat","background-position":"center center","background-size":"auto","background-attachment":"scroll","background-type":"","background-media":"","overlay-type":"","overlay-color":"","overlay-opacity":"","overlay-gradient":""}},"ast-content-background-meta":{"desktop":{"background-color":"var(--ast-global-color-5)","background-image":"","background-repeat":"repeat","background-position":"center center","background-size":"auto","background-attachment":"scroll","background-type":"","background-media":"","overlay-type":"","overlay-color":"","overlay-opacity":"","overlay-gradient":""},"tablet":{"background-color":"var(--ast-global-color-5)","background-image":"","background-repeat":"repeat","background-position":"center center","background-size":"auto","background-attachment":"scroll","background-type":"","background-media":"","overlay-type":"","overlay-color":"","overlay-opacity":"","overlay-gradient":""},"mobile":{"background-color":"var(--ast-global-color-5)","background-image":"","background-repeat":"repeat","background-position":"center center","background-size":"auto","background-attachment":"scroll","background-type":"","background-media":"","overlay-type":"","overlay-color":"","overlay-opacity":"","overlay-gradient":""}},"footnotes":""},"class_list":["post-1880","page","type-page","status-publish","hentry"],"translation":{"provider":"WPGlobus","version":"3.0.2","language":"en","enabled_languages":["de","en"],"languages":{"de":{"title":true,"content":true,"excerpt":false},"en":{"title":false,"content":false,"excerpt":false}}},"featured_image_urls_v2":{"full":"","thumbnail":"","medium":"","medium_large":"","large":"","1536x1536":"","2048x2048":""},"post_excerpt_stackable_v2":"<p>Auch Abgeleitetes Wertpapier engl. Derivative Ein Derivat ist ein Finanzinstrument, welches stets einem Basiswert zugrunde liegt. Die Preisentwicklung des Derivates h\u00e4ngt dadurch fast komplett &#8211; jedoch nicht immer ausschlie\u00dflich &#8211; von der Wertentwicklung des Basiswertes ab. Jedoch deshalb nicht ausschlie\u00dflich, weil teilweise zus\u00e4tzlich (geringe) Wechselkurseffekte die Entwicklung des Derivates beeinflussen k\u00f6nnen. Als Basiswert des Derivates kann zum Beispiel eine Aktie, ein Rohstoff, ein Zinssatz oder ein W\u00e4hrungspaar dienen. Ein Derivat ist also ein Finanzinstrument, dessen Wertentwicklung an einen bestimmten Referenzwert gekoppelt ist. Derivate dienen zum einen zur Kursabsicherung des entsprechenden Basiswertes (Hedging) oder um das Wechselkursrisiko zu beseitigen. Viel mehr&hellip;<\/p>\n","category_list_v2":"","author_info_v2":{"name":"PrudentWater","url":"https:\/\/prudentwater.com\/en\/author\/niklas33\/"},"comments_num_v2":"0 comments","_links":{"self":[{"href":"https:\/\/prudentwater.com\/en\/wp-json\/wp\/v2\/pages\/1880","targetHints":{"allow":["GET"]}}],"collection":[{"href":"https:\/\/prudentwater.com\/en\/wp-json\/wp\/v2\/pages"}],"about":[{"href":"https:\/\/prudentwater.com\/en\/wp-json\/wp\/v2\/types\/page"}],"author":[{"embeddable":true,"href":"https:\/\/prudentwater.com\/en\/wp-json\/wp\/v2\/users\/1"}],"replies":[{"embeddable":true,"href":"https:\/\/prudentwater.com\/en\/wp-json\/wp\/v2\/comments?post=1880"}],"version-history":[{"count":0,"href":"https:\/\/prudentwater.com\/en\/wp-json\/wp\/v2\/pages\/1880\/revisions"}],"wp:attachment":[{"href":"https:\/\/prudentwater.com\/en\/wp-json\/wp\/v2\/media?parent=1880"}],"curies":[{"name":"wp","href":"https:\/\/api.w.org\/{rel}","templated":true}]}}