{"id":1884,"date":"2014-11-22T11:02:58","date_gmt":"2014-11-22T11:02:58","guid":{"rendered":"http:\/\/www.kunnskap.de\/?page_id=1884"},"modified":"2021-06-25T12:50:13","modified_gmt":"2021-06-25T10:50:13","slug":"terminborse","status":"publish","type":"page","link":"https:\/\/prudentwater.com\/en\/terminborse\/","title":{"rendered":"Terminb\u00f6rse"},"content":{"rendered":"<p>Auch <strong>Optionsb\u00f6rse<\/strong><br \/>\nengl. <strong>Futures Exchange<\/strong><\/p>\n<p>An der Terminb\u00f6rse findet das sogenannte Termingesch\u00e4ft mit Futures und Optionen statt. An diesem nicht-lokalisierbaren Handelsplatz finden also Finanzgesch\u00e4fte statt, die in der Gegenwart abgeschlossen, jedoch erst in der Zukunft erf\u00fcllt werden. An der Terminb\u00f6rse kann sich der Anleger gegen Kursverluste oder dem Wechselkursrisiko absichern. Gr\u00f6\u00dftenteils dient die Terminb\u00f6rse jedoch mittlerweile spekulativen Zwecken. Auszeichnen tut sich die Terminb\u00f6rse im Gegensatz zum au\u00dferb\u00f6rslichen Handel durch ihre einheitliche Standardisierung, sprich, Terminkontrakte an einer Terminb\u00f6rse besitzen einheitliche F\u00e4lligkeitstermine, ein bestimmtes Volumen sowie einen nach Qualit\u00e4t pr\u00e4zise bestimmten Basiswert. Au\u00dferdem ist an einer Terminb\u00f6rse jederzeit zwischen K\u00e4ufer und Verk\u00e4ufer ein Clearinghaus zwischengeschaltet, welches die Erf\u00fcllung beider Seiten garantiert und somit das Ausfallrisiko auf ein Minimales reduziert. Das Gegenst\u00fcck zur Terminb\u00f6rse ist hingegen die Kassab\u00f6rse. Dort m\u00fcssen Gesch\u00e4fte innerhalb von 48 Stunden abgeschlossen werden. Die EUREX ist innerhalb Europa die bedeutendste Terminb\u00f6rse. In den USA ist die CME Group die entscheidende und wichtigste Terminb\u00f6rse.<\/p>\n","protected":false},"excerpt":{"rendered":"<p>Auch Optionsb\u00f6rse engl. Futures Exchange An der Terminb\u00f6rse findet das sogenannte Termingesch\u00e4ft mit Futures und Optionen statt. An diesem nicht-lokalisierbaren Handelsplatz finden also Finanzgesch\u00e4fte statt, die in der Gegenwart abgeschlossen, jedoch erst in der Zukunft erf\u00fcllt werden. An der Terminb\u00f6rse kann sich der Anleger gegen Kursverluste oder dem Wechselkursrisiko absichern. Gr\u00f6\u00dftenteils dient die Terminb\u00f6rse jedoch [&hellip;]<\/p>\n","protected":false},"author":1,"featured_media":0,"parent":0,"menu_order":0,"comment_status":"closed","ping_status":"closed","template":"","meta":{"site-sidebar-layout":"default","site-content-layout":"","ast-site-content-layout":"","site-content-style":"default","site-sidebar-style":"default","ast-global-header-display":"","ast-banner-title-visibility":"","ast-main-header-display":"","ast-hfb-above-header-display":"","ast-hfb-below-header-display":"","ast-hfb-mobile-header-display":"","site-post-title":"","ast-breadcrumbs-content":"","ast-featured-img":"","footer-sml-layout":"","theme-transparent-header-meta":"","adv-header-id-meta":"","stick-header-meta":"","header-above-stick-meta":"","header-main-stick-meta":"","header-below-stick-meta":"","astra-migrate-meta-layouts":"default","ast-page-background-enabled":"default","ast-page-background-meta":{"desktop":{"background-color":"","background-image":"","background-repeat":"repeat","background-position":"center center","background-size":"auto","background-attachment":"scroll","background-type":"","background-media":"","overlay-type":"","overlay-color":"","overlay-opacity":"","overlay-gradient":""},"tablet":{"background-color":"","background-image":"","background-repeat":"repeat","background-position":"center center","background-size":"auto","background-attachment":"scroll","background-type":"","background-media":"","overlay-type":"","overlay-color":"","overlay-opacity":"","overlay-gradient":""},"mobile":{"background-color":"","background-image":"","background-repeat":"repeat","background-position":"center center","background-size":"auto","background-attachment":"scroll","background-type":"","background-media":"","overlay-type":"","overlay-color":"","overlay-opacity":"","overlay-gradient":""}},"ast-content-background-meta":{"desktop":{"background-color":"var(--ast-global-color-5)","background-image":"","background-repeat":"repeat","background-position":"center center","background-size":"auto","background-attachment":"scroll","background-type":"","background-media":"","overlay-type":"","overlay-color":"","overlay-opacity":"","overlay-gradient":""},"tablet":{"background-color":"var(--ast-global-color-5)","background-image":"","background-repeat":"repeat","background-position":"center center","background-size":"auto","background-attachment":"scroll","background-type":"","background-media":"","overlay-type":"","overlay-color":"","overlay-opacity":"","overlay-gradient":""},"mobile":{"background-color":"var(--ast-global-color-5)","background-image":"","background-repeat":"repeat","background-position":"center center","background-size":"auto","background-attachment":"scroll","background-type":"","background-media":"","overlay-type":"","overlay-color":"","overlay-opacity":"","overlay-gradient":""}},"footnotes":""},"class_list":["post-1884","page","type-page","status-publish","hentry"],"translation":{"provider":"WPGlobus","version":"3.0.2","language":"en","enabled_languages":["de","en"],"languages":{"de":{"title":true,"content":true,"excerpt":false},"en":{"title":false,"content":false,"excerpt":false}}},"featured_image_urls_v2":{"full":"","thumbnail":"","medium":"","medium_large":"","large":"","1536x1536":"","2048x2048":""},"post_excerpt_stackable_v2":"<p>Auch Optionsb\u00f6rse engl. Futures Exchange An der Terminb\u00f6rse findet das sogenannte Termingesch\u00e4ft mit Futures und Optionen statt. An diesem nicht-lokalisierbaren Handelsplatz finden also Finanzgesch\u00e4fte statt, die in der Gegenwart abgeschlossen, jedoch erst in der Zukunft erf\u00fcllt werden. An der Terminb\u00f6rse kann sich der Anleger gegen Kursverluste oder dem Wechselkursrisiko absichern. Gr\u00f6\u00dftenteils dient die Terminb\u00f6rse jedoch mittlerweile spekulativen Zwecken. Auszeichnen tut sich die Terminb\u00f6rse im Gegensatz zum au\u00dferb\u00f6rslichen Handel durch ihre einheitliche Standardisierung, sprich, Terminkontrakte an einer Terminb\u00f6rse besitzen einheitliche F\u00e4lligkeitstermine, ein bestimmtes Volumen sowie einen nach Qualit\u00e4t pr\u00e4zise bestimmten Basiswert. Au\u00dferdem ist an einer Terminb\u00f6rse jederzeit zwischen K\u00e4ufer und Verk\u00e4ufer&hellip;<\/p>\n","category_list_v2":"","author_info_v2":{"name":"PrudentWater","url":"https:\/\/prudentwater.com\/en\/author\/niklas33\/"},"comments_num_v2":"0 comments","_links":{"self":[{"href":"https:\/\/prudentwater.com\/en\/wp-json\/wp\/v2\/pages\/1884","targetHints":{"allow":["GET"]}}],"collection":[{"href":"https:\/\/prudentwater.com\/en\/wp-json\/wp\/v2\/pages"}],"about":[{"href":"https:\/\/prudentwater.com\/en\/wp-json\/wp\/v2\/types\/page"}],"author":[{"embeddable":true,"href":"https:\/\/prudentwater.com\/en\/wp-json\/wp\/v2\/users\/1"}],"replies":[{"embeddable":true,"href":"https:\/\/prudentwater.com\/en\/wp-json\/wp\/v2\/comments?post=1884"}],"version-history":[{"count":0,"href":"https:\/\/prudentwater.com\/en\/wp-json\/wp\/v2\/pages\/1884\/revisions"}],"wp:attachment":[{"href":"https:\/\/prudentwater.com\/en\/wp-json\/wp\/v2\/media?parent=1884"}],"curies":[{"name":"wp","href":"https:\/\/api.w.org\/{rel}","templated":true}]}}