{"id":1894,"date":"2014-11-22T12:09:24","date_gmt":"2014-11-22T12:09:24","guid":{"rendered":"http:\/\/www.kunnskap.de\/?page_id=1894"},"modified":"2022-08-24T16:47:28","modified_gmt":"2022-08-24T14:47:28","slug":"dienstmadchenhausse","status":"publish","type":"page","link":"https:\/\/prudentwater.com\/en\/dienstmadchenhausse\/","title":{"rendered":"Dienstm\u00e4dchenhausse"},"content":{"rendered":"<p>Auch <b>Milchm\u00e4dchenhausse<\/b> oder <b>Hausfrauenrally<\/b><\/p>\n<p>Die Dienstm\u00e4dchenhausse an der B\u00f6rse bezeichnet die Endphase einer Hausse und oftmals die letzten Tage einer Spekulationsblase, in der Aktienkurse zuvor stark angestiegen sind. \u00dcber die gesamte Hausse hinweg sind die B\u00f6rsenkurse \u00fcber einen l\u00e4ngeren Zeitraum gestiegen. In der letzten Phase der Hausse &#8211; der Dienstm\u00e4dchenhausse &#8211; kaufen oftmals unerfahrene und schlecht informierte Kleinanleger Aktien, da sie noch an den erhofften Kursgewinnen teilhaben wollen. Dadurch steigen die Kurse nochmals an, fallen anschlie\u00dfend jedoch umso st\u00e4rker, da gro\u00dfe Investoren nun ihre Aktien verkaufen, um Gewinne mitzunehmen und unerfahrene Anleger schlie\u00dflich auch &#8216;hastig&#8217; verkaufen. Eine Dienstm\u00e4dchenhausse gilt oftmals als Signal f\u00fcr ein baldiges Ende steigender Kurse.<\/p>\n","protected":false},"excerpt":{"rendered":"<p>Auch Milchm\u00e4dchenhausse oder Hausfrauenrally Die Dienstm\u00e4dchenhausse an der B\u00f6rse bezeichnet die Endphase einer Hausse und oftmals die letzten Tage einer Spekulationsblase, in der Aktienkurse zuvor stark angestiegen sind. \u00dcber die gesamte Hausse hinweg sind die B\u00f6rsenkurse \u00fcber einen l\u00e4ngeren Zeitraum gestiegen. In der letzten Phase der Hausse &#8211; der Dienstm\u00e4dchenhausse &#8211; kaufen oftmals unerfahrene und [&hellip;]<\/p>\n","protected":false},"author":1,"featured_media":0,"parent":0,"menu_order":0,"comment_status":"closed","ping_status":"closed","template":"","meta":{"site-sidebar-layout":"default","site-content-layout":"","ast-site-content-layout":"","site-content-style":"default","site-sidebar-style":"default","ast-global-header-display":"","ast-banner-title-visibility":"","ast-main-header-display":"","ast-hfb-above-header-display":"","ast-hfb-below-header-display":"","ast-hfb-mobile-header-display":"","site-post-title":"","ast-breadcrumbs-content":"","ast-featured-img":"","footer-sml-layout":"","theme-transparent-header-meta":"","adv-header-id-meta":"","stick-header-meta":"","header-above-stick-meta":"","header-main-stick-meta":"","header-below-stick-meta":"","astra-migrate-meta-layouts":"default","ast-page-background-enabled":"default","ast-page-background-meta":{"desktop":{"background-color":"","background-image":"","background-repeat":"repeat","background-position":"center center","background-size":"auto","background-attachment":"scroll","background-type":"","background-media":"","overlay-type":"","overlay-color":"","overlay-opacity":"","overlay-gradient":""},"tablet":{"background-color":"","background-image":"","background-repeat":"repeat","background-position":"center center","background-size":"auto","background-attachment":"scroll","background-type":"","background-media":"","overlay-type":"","overlay-color":"","overlay-opacity":"","overlay-gradient":""},"mobile":{"background-color":"","background-image":"","background-repeat":"repeat","background-position":"center center","background-size":"auto","background-attachment":"scroll","background-type":"","background-media":"","overlay-type":"","overlay-color":"","overlay-opacity":"","overlay-gradient":""}},"ast-content-background-meta":{"desktop":{"background-color":"var(--ast-global-color-5)","background-image":"","background-repeat":"repeat","background-position":"center center","background-size":"auto","background-attachment":"scroll","background-type":"","background-media":"","overlay-type":"","overlay-color":"","overlay-opacity":"","overlay-gradient":""},"tablet":{"background-color":"var(--ast-global-color-5)","background-image":"","background-repeat":"repeat","background-position":"center center","background-size":"auto","background-attachment":"scroll","background-type":"","background-media":"","overlay-type":"","overlay-color":"","overlay-opacity":"","overlay-gradient":""},"mobile":{"background-color":"var(--ast-global-color-5)","background-image":"","background-repeat":"repeat","background-position":"center center","background-size":"auto","background-attachment":"scroll","background-type":"","background-media":"","overlay-type":"","overlay-color":"","overlay-opacity":"","overlay-gradient":""}},"footnotes":""},"class_list":["post-1894","page","type-page","status-publish","hentry"],"translation":{"provider":"WPGlobus","version":"3.0.2","language":"en","enabled_languages":["de","en"],"languages":{"de":{"title":true,"content":true,"excerpt":false},"en":{"title":false,"content":false,"excerpt":false}}},"featured_image_urls_v2":{"full":"","thumbnail":"","medium":"","medium_large":"","large":"","1536x1536":"","2048x2048":""},"post_excerpt_stackable_v2":"<p>Auch Milchm\u00e4dchenhausse oder Hausfrauenrally Die Dienstm\u00e4dchenhausse an der B\u00f6rse bezeichnet die Endphase einer Hausse und oftmals die letzten Tage einer Spekulationsblase, in der Aktienkurse zuvor stark angestiegen sind. \u00dcber die gesamte Hausse hinweg sind die B\u00f6rsenkurse \u00fcber einen l\u00e4ngeren Zeitraum gestiegen. In der letzten Phase der Hausse &#8211; der Dienstm\u00e4dchenhausse &#8211; kaufen oftmals unerfahrene und schlecht informierte Kleinanleger Aktien, da sie noch an den erhofften Kursgewinnen teilhaben wollen. Dadurch steigen die Kurse nochmals an, fallen anschlie\u00dfend jedoch umso st\u00e4rker, da gro\u00dfe Investoren nun ihre Aktien verkaufen, um Gewinne mitzunehmen und unerfahrene Anleger schlie\u00dflich auch &#8216;hastig&#8217; verkaufen. Eine Dienstm\u00e4dchenhausse gilt oftmals&hellip;<\/p>\n","category_list_v2":"","author_info_v2":{"name":"PrudentWater","url":"https:\/\/prudentwater.com\/en\/author\/niklas33\/"},"comments_num_v2":"0 comments","_links":{"self":[{"href":"https:\/\/prudentwater.com\/en\/wp-json\/wp\/v2\/pages\/1894","targetHints":{"allow":["GET"]}}],"collection":[{"href":"https:\/\/prudentwater.com\/en\/wp-json\/wp\/v2\/pages"}],"about":[{"href":"https:\/\/prudentwater.com\/en\/wp-json\/wp\/v2\/types\/page"}],"author":[{"embeddable":true,"href":"https:\/\/prudentwater.com\/en\/wp-json\/wp\/v2\/users\/1"}],"replies":[{"embeddable":true,"href":"https:\/\/prudentwater.com\/en\/wp-json\/wp\/v2\/comments?post=1894"}],"version-history":[{"count":0,"href":"https:\/\/prudentwater.com\/en\/wp-json\/wp\/v2\/pages\/1894\/revisions"}],"wp:attachment":[{"href":"https:\/\/prudentwater.com\/en\/wp-json\/wp\/v2\/media?parent=1894"}],"curies":[{"name":"wp","href":"https:\/\/api.w.org\/{rel}","templated":true}]}}