{"id":1907,"date":"2014-11-23T21:21:45","date_gmt":"2014-11-23T21:21:45","guid":{"rendered":"http:\/\/www.kunnskap.de\/?page_id=1907"},"modified":"2021-06-25T12:48:57","modified_gmt":"2021-06-25T10:48:57","slug":"dividendenrendite","status":"publish","type":"page","link":"https:\/\/prudentwater.com\/en\/dividendenrendite\/","title":{"rendered":"Dividendenrendite"},"content":{"rendered":"<p>engl. <strong>Dividend Yield<\/strong><\/p>\n<p>Die Dividendenrendite dr\u00fcckt die H\u00f6he der Dividende im Verh\u00e4ltnis zum aktuellen Aktienkurs aus. Angegeben wird sie als Prozentsatz zum Kurs der Aktie. Die Dividendenrendite wird stets als Bruttodividende angegeben, also vor Abzug einer m\u00f6glichen Quellensteuer oder anderen anfallenden Steuern.<\/p>\n<hr>\n<h6>Berechnung:<\/h6>\n<p><center><img loading=\"lazy\" decoding=\"async\" src=\"https:\/\/prudentwater.com\/wp-content\/uploads\/2020\/03\/dividendenrendite.bmp\" alt=\"dividendenrendite\" class=\"alignnone size-full wp-image-6999\" width=\"394\" height=\"55\" title=\"\"><\/center><\/p>\n<hr>\n<p>Liegt die Dividendenrendite bei 6 % und der aktuelle Kurs der Aktie bei 50 Euro, so zahlt das Unternehmen eine Dividende von 3 Euro je Aktie. Die H\u00f6he der Dividendenrendite kann dar\u00fcber hinaus etwas \u00fcber die aktuelle finanzielle Stabilit\u00e4t des Unternehmens ausdr\u00fccken. Liegt sie weit oberhalb der durchschnittlichen Dividendenrendite einer Branche, beispielsweise bei 9 %, so bezweifelt der Markt, dass die Dividende in dieser H\u00f6he \u00fcberhaupt ausgesch\u00fcttet wird. Der Aktienkurs ist dann in der Regel vorher stark gefallen, wodurch sich die Dividendenrendite entsprechend erh\u00f6ht hat. Anleger kaufen die aufgrund der scheinbar hohen Rendite attraktive Aktie jedoch nicht, da sie eben nicht davon ausgehen, dass die Dividende auch tats\u00e4chlich in dieser H\u00f6he vom Unternehmen gezahlt werden kann. Privatanleger sollten sich deshalb nicht immer automatisch von der zun\u00e4chst optisch hohen Dividendenrendite locken lassen. Eine dauerhaft (zu) hohe Dividendenrendite kann auch ein Anzeichen daf\u00fcr sein, dass das Unternehmen versucht, seine Aktion\u00e4re &#8220;bei der Stange zu halten&#8221;, da es aufgrund fehlender Zukunftsperspektiven und Innovationen schlicht keinen Grund mehr gibt, die Aktie zu kaufen oder zu halten. Aktion\u00e4re sollten eine zu hohe Dividendenrendite stets auch kritisch betrachten und hinterfragen.<\/p>\n","protected":false},"excerpt":{"rendered":"<p>engl. Dividend Yield Die Dividendenrendite dr\u00fcckt die H\u00f6he der Dividende im Verh\u00e4ltnis zum aktuellen Aktienkurs aus. Angegeben wird sie als Prozentsatz zum Kurs der Aktie. Die Dividendenrendite wird stets als Bruttodividende angegeben, also vor Abzug einer m\u00f6glichen Quellensteuer oder anderen anfallenden Steuern. Berechnung: Liegt die Dividendenrendite bei 6 % und der aktuelle Kurs der Aktie [&hellip;]<\/p>\n","protected":false},"author":1,"featured_media":0,"parent":0,"menu_order":0,"comment_status":"closed","ping_status":"closed","template":"","meta":{"site-sidebar-layout":"default","site-content-layout":"","ast-site-content-layout":"","site-content-style":"default","site-sidebar-style":"default","ast-global-header-display":"","ast-banner-title-visibility":"","ast-main-header-display":"","ast-hfb-above-header-display":"","ast-hfb-below-header-display":"","ast-hfb-mobile-header-display":"","site-post-title":"","ast-breadcrumbs-content":"","ast-featured-img":"","footer-sml-layout":"","theme-transparent-header-meta":"","adv-header-id-meta":"","stick-header-meta":"","header-above-stick-meta":"","header-main-stick-meta":"","header-below-stick-meta":"","astra-migrate-meta-layouts":"default","ast-page-background-enabled":"default","ast-page-background-meta":{"desktop":{"background-color":"","background-image":"","background-repeat":"repeat","background-position":"center center","background-size":"auto","background-attachment":"scroll","background-type":"","background-media":"","overlay-type":"","overlay-color":"","overlay-opacity":"","overlay-gradient":""},"tablet":{"background-color":"","background-image":"","background-repeat":"repeat","background-position":"center center","background-size":"auto","background-attachment":"scroll","background-type":"","background-media":"","overlay-type":"","overlay-color":"","overlay-opacity":"","overlay-gradient":""},"mobile":{"background-color":"","background-image":"","background-repeat":"repeat","background-position":"center center","background-size":"auto","background-attachment":"scroll","background-type":"","background-media":"","overlay-type":"","overlay-color":"","overlay-opacity":"","overlay-gradient":""}},"ast-content-background-meta":{"desktop":{"background-color":"var(--ast-global-color-5)","background-image":"","background-repeat":"repeat","background-position":"center center","background-size":"auto","background-attachment":"scroll","background-type":"","background-media":"","overlay-type":"","overlay-color":"","overlay-opacity":"","overlay-gradient":""},"tablet":{"background-color":"var(--ast-global-color-5)","background-image":"","background-repeat":"repeat","background-position":"center center","background-size":"auto","background-attachment":"scroll","background-type":"","background-media":"","overlay-type":"","overlay-color":"","overlay-opacity":"","overlay-gradient":""},"mobile":{"background-color":"var(--ast-global-color-5)","background-image":"","background-repeat":"repeat","background-position":"center center","background-size":"auto","background-attachment":"scroll","background-type":"","background-media":"","overlay-type":"","overlay-color":"","overlay-opacity":"","overlay-gradient":""}},"footnotes":""},"class_list":["post-1907","page","type-page","status-publish","hentry"],"translation":{"provider":"WPGlobus","version":"3.0.2","language":"en","enabled_languages":["de","en"],"languages":{"de":{"title":true,"content":true,"excerpt":false},"en":{"title":false,"content":false,"excerpt":false}}},"featured_image_urls_v2":{"full":"","thumbnail":"","medium":"","medium_large":"","large":"","1536x1536":"","2048x2048":""},"post_excerpt_stackable_v2":"<p>engl. Dividend Yield Die Dividendenrendite dr\u00fcckt die H\u00f6he der Dividende im Verh\u00e4ltnis zum aktuellen Aktienkurs aus. Angegeben wird sie als Prozentsatz zum Kurs der Aktie. Die Dividendenrendite wird stets als Bruttodividende angegeben, also vor Abzug einer m\u00f6glichen Quellensteuer oder anderen anfallenden Steuern. Berechnung: Liegt die Dividendenrendite bei 6 % und der aktuelle Kurs der Aktie bei 50 Euro, so zahlt das Unternehmen eine Dividende von 3 Euro je Aktie. Die H\u00f6he der Dividendenrendite kann dar\u00fcber hinaus etwas \u00fcber die aktuelle finanzielle Stabilit\u00e4t des Unternehmens ausdr\u00fccken. Liegt sie weit oberhalb der durchschnittlichen Dividendenrendite einer Branche, beispielsweise bei 9 %, so bezweifelt&hellip;<\/p>\n","category_list_v2":"","author_info_v2":{"name":"PrudentWater","url":"https:\/\/prudentwater.com\/en\/author\/niklas33\/"},"comments_num_v2":"0 comments","_links":{"self":[{"href":"https:\/\/prudentwater.com\/en\/wp-json\/wp\/v2\/pages\/1907","targetHints":{"allow":["GET"]}}],"collection":[{"href":"https:\/\/prudentwater.com\/en\/wp-json\/wp\/v2\/pages"}],"about":[{"href":"https:\/\/prudentwater.com\/en\/wp-json\/wp\/v2\/types\/page"}],"author":[{"embeddable":true,"href":"https:\/\/prudentwater.com\/en\/wp-json\/wp\/v2\/users\/1"}],"replies":[{"embeddable":true,"href":"https:\/\/prudentwater.com\/en\/wp-json\/wp\/v2\/comments?post=1907"}],"version-history":[{"count":0,"href":"https:\/\/prudentwater.com\/en\/wp-json\/wp\/v2\/pages\/1907\/revisions"}],"wp:attachment":[{"href":"https:\/\/prudentwater.com\/en\/wp-json\/wp\/v2\/media?parent=1907"}],"curies":[{"name":"wp","href":"https:\/\/api.w.org\/{rel}","templated":true}]}}