{"id":1921,"date":"2014-11-25T10:53:31","date_gmt":"2014-11-25T10:53:31","guid":{"rendered":"http:\/\/www.kunnskap.de\/?page_id=1921"},"modified":"2021-06-25T12:48:57","modified_gmt":"2021-06-25T10:48:57","slug":"doppelwahrungsanleihe","status":"publish","type":"page","link":"https:\/\/prudentwater.com\/en\/doppelwahrungsanleihe\/","title":{"rendered":"Doppelw\u00e4hrungsanleihe"},"content":{"rendered":"<p>engl. <strong>Dual Currency Bond<\/strong><\/p>\n<p>Eine Doppelw\u00e4hrungsanleihe ist eine Sonderform der Anleihe und kann verschiedene Ausgestaltungen annehmen. Eine Variante der Doppelw\u00e4hrungsanleihe ist die Folgende: Die R\u00fcckzahlung zum Nominalwert sowie die laufenden Zinszahlungen finden in verschiedenen W\u00e4hrungen statt. Der Anleger kauft z.B. eine Anleihe, welche in USD ausgegeben wird. Die periodisch anfallenden Zinsertr\u00e4ge werden somit auch in USD bezahlt, die Kapitalr\u00fcckzahlung am Ende der Laufzeit erfolgt jedoch in einer anderen W\u00e4hrung. Diese kann z.B. in Britischen Pfund erfolgen. Doppelw\u00e4hrungsanleihen notieren dann meist in der W\u00e4hrung der Nominalzahlung (in diesem Fall Britisches Pfund).<br \/>\nKauft ein Investor mit der Heimatw\u00e4hrung Euro solch eine Anleihe, besteht ein Wechselkursrisiko sowie ein Zinsrisiko in zwei W\u00e4hrungen. Einmal in der W\u00e4hrung der Zinszahlung (US-Dollar) und einmal in der W\u00e4hrung der Tilgungszahlung (Britisches Pfund).<br \/>\nEs gibt jedoch auch eine andere Form der Doppelw\u00e4hrungsanleihe. Hierbei finden R\u00fcckzahlung und die j\u00e4hrlichen Kuponzahlungen in einer anderen W\u00e4hrung statt als jene, in der die Anleihe aktuell notiert. So kann eine Doppelw\u00e4hrungsanleihe in Japanischen Yen ausgegeben werden. Von da an notiert die Anleihe auch die ganze Laufzeit \u00fcber in dieser W\u00e4hrung. Die Kuponzahlungen sowie die R\u00fcckzahlung der Anleihe finden dann jedoch beispielsweise in US Dollar statt. Auch hier ist der Investor wieder einem doppelten W\u00e4hrungsrisiko ausgesetzt. Die genaue Struktur der Doppelw\u00e4hrungsanleihe kann jedoch beim Unternehmen bzw beim Staat nachgefragt oder aber in den Anleihenbedienungen nachgelesen werden.<br \/>\nDer Emittent der Doppelw\u00e4hrungsanleihe sichert sich mit dieser Form einen niedrigeren Zinssatz als in der Landesw\u00e4hrung. Somit k\u00f6nnen Kosten f\u00fcr die Aufnahme von Fremdkapital gesenkt werden, da Emittenten von Doppelw\u00e4hrungsanleihen oft aus Hochzinsl\u00e4ndern stammen. Ebenso \u00fcbertr\u00e4gt der Emittent das Wechselkursrisiko auf den Investor, falls die R\u00fcckzahlung der Anleihe in der Heimatw\u00e4hrung des Emittenten festgelegt ist. Im Gegensatz erh\u00e4lt der Anleger einen h\u00f6heren Zinssatz, als er f\u00fcr Anleihen in seiner Heimatw\u00e4hrung erhalten w\u00fcrde. Schuldnern und Gl\u00e4ubigern wird h\u00e4ufig ein vorzeitiges K\u00fcndigungsrecht einger\u00e4umt, um das Wechselkursrisiko einer Doppelw\u00e4hrungsanleihe zu begrenzen.<br \/>\nDer wichtige Unterschied zwischen einer Fremdw\u00e4hrungsanleihe und einer Doppelw\u00e4hrungsanleihe ist, dass die R\u00fcckzahlung bei der Doppelw\u00e4hrungsanleihe in einer anderen W\u00e4hrung erfolgt als noch bei der Ausgabe gew\u00e4hlt wurde. Bei der Fremdw\u00e4hrungsanleihe findet hingegen die Ausgabe und R\u00fcckgabe in derselben W\u00e4hrung statt.<\/p>\n","protected":false},"excerpt":{"rendered":"<p>engl. Dual Currency Bond Eine Doppelw\u00e4hrungsanleihe ist eine Sonderform der Anleihe und kann verschiedene Ausgestaltungen annehmen. Eine Variante der Doppelw\u00e4hrungsanleihe ist die Folgende: Die R\u00fcckzahlung zum Nominalwert sowie die laufenden Zinszahlungen finden in verschiedenen W\u00e4hrungen statt. Der Anleger kauft z.B. eine Anleihe, welche in USD ausgegeben wird. Die periodisch anfallenden Zinsertr\u00e4ge werden somit auch in [&hellip;]<\/p>\n","protected":false},"author":1,"featured_media":0,"parent":0,"menu_order":0,"comment_status":"closed","ping_status":"closed","template":"","meta":{"site-sidebar-layout":"default","site-content-layout":"","ast-site-content-layout":"","site-content-style":"default","site-sidebar-style":"default","ast-global-header-display":"","ast-banner-title-visibility":"","ast-main-header-display":"","ast-hfb-above-header-display":"","ast-hfb-below-header-display":"","ast-hfb-mobile-header-display":"","site-post-title":"","ast-breadcrumbs-content":"","ast-featured-img":"","footer-sml-layout":"","theme-transparent-header-meta":"","adv-header-id-meta":"","stick-header-meta":"","header-above-stick-meta":"","header-main-stick-meta":"","header-below-stick-meta":"","astra-migrate-meta-layouts":"default","ast-page-background-enabled":"default","ast-page-background-meta":{"desktop":{"background-color":"","background-image":"","background-repeat":"repeat","background-position":"center center","background-size":"auto","background-attachment":"scroll","background-type":"","background-media":"","overlay-type":"","overlay-color":"","overlay-opacity":"","overlay-gradient":""},"tablet":{"background-color":"","background-image":"","background-repeat":"repeat","background-position":"center center","background-size":"auto","background-attachment":"scroll","background-type":"","background-media":"","overlay-type":"","overlay-color":"","overlay-opacity":"","overlay-gradient":""},"mobile":{"background-color":"","background-image":"","background-repeat":"repeat","background-position":"center center","background-size":"auto","background-attachment":"scroll","background-type":"","background-media":"","overlay-type":"","overlay-color":"","overlay-opacity":"","overlay-gradient":""}},"ast-content-background-meta":{"desktop":{"background-color":"var(--ast-global-color-5)","background-image":"","background-repeat":"repeat","background-position":"center center","background-size":"auto","background-attachment":"scroll","background-type":"","background-media":"","overlay-type":"","overlay-color":"","overlay-opacity":"","overlay-gradient":""},"tablet":{"background-color":"var(--ast-global-color-5)","background-image":"","background-repeat":"repeat","background-position":"center center","background-size":"auto","background-attachment":"scroll","background-type":"","background-media":"","overlay-type":"","overlay-color":"","overlay-opacity":"","overlay-gradient":""},"mobile":{"background-color":"var(--ast-global-color-5)","background-image":"","background-repeat":"repeat","background-position":"center center","background-size":"auto","background-attachment":"scroll","background-type":"","background-media":"","overlay-type":"","overlay-color":"","overlay-opacity":"","overlay-gradient":""}},"footnotes":""},"class_list":["post-1921","page","type-page","status-publish","hentry"],"translation":{"provider":"WPGlobus","version":"3.0.2","language":"en","enabled_languages":["de","en"],"languages":{"de":{"title":true,"content":true,"excerpt":false},"en":{"title":false,"content":false,"excerpt":false}}},"featured_image_urls_v2":{"full":"","thumbnail":"","medium":"","medium_large":"","large":"","1536x1536":"","2048x2048":""},"post_excerpt_stackable_v2":"<p>engl. Dual Currency Bond Eine Doppelw\u00e4hrungsanleihe ist eine Sonderform der Anleihe und kann verschiedene Ausgestaltungen annehmen. Eine Variante der Doppelw\u00e4hrungsanleihe ist die Folgende: Die R\u00fcckzahlung zum Nominalwert sowie die laufenden Zinszahlungen finden in verschiedenen W\u00e4hrungen statt. Der Anleger kauft z.B. eine Anleihe, welche in USD ausgegeben wird. Die periodisch anfallenden Zinsertr\u00e4ge werden somit auch in USD bezahlt, die Kapitalr\u00fcckzahlung am Ende der Laufzeit erfolgt jedoch in einer anderen W\u00e4hrung. Diese kann z.B. in Britischen Pfund erfolgen. Doppelw\u00e4hrungsanleihen notieren dann meist in der W\u00e4hrung der Nominalzahlung (in diesem Fall Britisches Pfund). Kauft ein Investor mit der Heimatw\u00e4hrung Euro solch eine Anleihe,&hellip;<\/p>\n","category_list_v2":"","author_info_v2":{"name":"PrudentWater","url":"https:\/\/prudentwater.com\/en\/author\/niklas33\/"},"comments_num_v2":"0 comments","_links":{"self":[{"href":"https:\/\/prudentwater.com\/en\/wp-json\/wp\/v2\/pages\/1921","targetHints":{"allow":["GET"]}}],"collection":[{"href":"https:\/\/prudentwater.com\/en\/wp-json\/wp\/v2\/pages"}],"about":[{"href":"https:\/\/prudentwater.com\/en\/wp-json\/wp\/v2\/types\/page"}],"author":[{"embeddable":true,"href":"https:\/\/prudentwater.com\/en\/wp-json\/wp\/v2\/users\/1"}],"replies":[{"embeddable":true,"href":"https:\/\/prudentwater.com\/en\/wp-json\/wp\/v2\/comments?post=1921"}],"version-history":[{"count":0,"href":"https:\/\/prudentwater.com\/en\/wp-json\/wp\/v2\/pages\/1921\/revisions"}],"wp:attachment":[{"href":"https:\/\/prudentwater.com\/en\/wp-json\/wp\/v2\/media?parent=1921"}],"curies":[{"name":"wp","href":"https:\/\/api.w.org\/{rel}","templated":true}]}}