{"id":1929,"date":"2014-11-25T12:01:39","date_gmt":"2014-11-25T12:01:39","guid":{"rendered":"http:\/\/www.kunnskap.de\/?page_id=1929"},"modified":"2021-06-25T12:48:57","modified_gmt":"2021-06-25T10:48:57","slug":"dow-jones-industrial-average","status":"publish","type":"page","link":"https:\/\/prudentwater.com\/en\/dow-jones-industrial-average\/","title":{"rendered":"Dow Jones Industrial Average"},"content":{"rendered":"<p>Auch <strong>Dow-Jones-Index<\/strong> oder <strong>DJIA<\/strong><\/p>\n<p>Der Dow Jones Industrial Average; Index ist der wichtigste und bekannteste Aktienindex der USA. Der Index wurde im Jahre 1896 offiziell eingef\u00fchrt und das erste Mal berechnet. Entwickelt wurde der Index von Charles Dow und Edward David Jones.<br \/>\nZu Beginn enthielt der Index 12 Aktien, seit 1928 jedoch enth\u00e4lt der Dow-Jones-Index 30 Werte., welche die f\u00fchrenden Unternehmen aus den USA widerspiegeln. Von den Gr\u00fcndungsmitgliedern ist heute jedoch nur noch General Electric enthalten.<br \/>\nDer Dow-Jones-Index ist ein Kursindex. Aktiensplits sowie \u00c4nderungen in der Indexzusammensetzung werden ber\u00fccksichtigt, Dividendenzahlungen jedoch nicht. Der Dow Jones wird ausschlie\u00dflich aufgrund der Aktienkurse ermittelt. Er ist somit ein preisgewichteter Index.<\/p>\n","protected":false},"excerpt":{"rendered":"<p>Auch Dow-Jones-Index oder DJIA Der Dow Jones Industrial Average; Index ist der wichtigste und bekannteste Aktienindex der USA. Der Index wurde im Jahre 1896 offiziell eingef\u00fchrt und das erste Mal berechnet. Entwickelt wurde der Index von Charles Dow und Edward David Jones. Zu Beginn enthielt der Index 12 Aktien, seit 1928 jedoch enth\u00e4lt der Dow-Jones-Index [&hellip;]<\/p>\n","protected":false},"author":1,"featured_media":0,"parent":0,"menu_order":0,"comment_status":"closed","ping_status":"closed","template":"","meta":{"site-sidebar-layout":"default","site-content-layout":"","ast-site-content-layout":"","site-content-style":"default","site-sidebar-style":"default","ast-global-header-display":"","ast-banner-title-visibility":"","ast-main-header-display":"","ast-hfb-above-header-display":"","ast-hfb-below-header-display":"","ast-hfb-mobile-header-display":"","site-post-title":"","ast-breadcrumbs-content":"","ast-featured-img":"","footer-sml-layout":"","theme-transparent-header-meta":"","adv-header-id-meta":"","stick-header-meta":"","header-above-stick-meta":"","header-main-stick-meta":"","header-below-stick-meta":"","astra-migrate-meta-layouts":"default","ast-page-background-enabled":"default","ast-page-background-meta":{"desktop":{"background-color":"","background-image":"","background-repeat":"repeat","background-position":"center center","background-size":"auto","background-attachment":"scroll","background-type":"","background-media":"","overlay-type":"","overlay-color":"","overlay-opacity":"","overlay-gradient":""},"tablet":{"background-color":"","background-image":"","background-repeat":"repeat","background-position":"center center","background-size":"auto","background-attachment":"scroll","background-type":"","background-media":"","overlay-type":"","overlay-color":"","overlay-opacity":"","overlay-gradient":""},"mobile":{"background-color":"","background-image":"","background-repeat":"repeat","background-position":"center center","background-size":"auto","background-attachment":"scroll","background-type":"","background-media":"","overlay-type":"","overlay-color":"","overlay-opacity":"","overlay-gradient":""}},"ast-content-background-meta":{"desktop":{"background-color":"var(--ast-global-color-5)","background-image":"","background-repeat":"repeat","background-position":"center center","background-size":"auto","background-attachment":"scroll","background-type":"","background-media":"","overlay-type":"","overlay-color":"","overlay-opacity":"","overlay-gradient":""},"tablet":{"background-color":"var(--ast-global-color-5)","background-image":"","background-repeat":"repeat","background-position":"center center","background-size":"auto","background-attachment":"scroll","background-type":"","background-media":"","overlay-type":"","overlay-color":"","overlay-opacity":"","overlay-gradient":""},"mobile":{"background-color":"var(--ast-global-color-5)","background-image":"","background-repeat":"repeat","background-position":"center center","background-size":"auto","background-attachment":"scroll","background-type":"","background-media":"","overlay-type":"","overlay-color":"","overlay-opacity":"","overlay-gradient":""}},"footnotes":""},"class_list":["post-1929","page","type-page","status-publish","hentry"],"translation":{"provider":"WPGlobus","version":"3.0.2","language":"en","enabled_languages":["de","en"],"languages":{"de":{"title":true,"content":true,"excerpt":false},"en":{"title":false,"content":false,"excerpt":false}}},"featured_image_urls_v2":{"full":"","thumbnail":"","medium":"","medium_large":"","large":"","1536x1536":"","2048x2048":""},"post_excerpt_stackable_v2":"<p>Auch Dow-Jones-Index oder DJIA Der Dow Jones Industrial Average; Index ist der wichtigste und bekannteste Aktienindex der USA. Der Index wurde im Jahre 1896 offiziell eingef\u00fchrt und das erste Mal berechnet. Entwickelt wurde der Index von Charles Dow und Edward David Jones. Zu Beginn enthielt der Index 12 Aktien, seit 1928 jedoch enth\u00e4lt der Dow-Jones-Index 30 Werte., welche die f\u00fchrenden Unternehmen aus den USA widerspiegeln. Von den Gr\u00fcndungsmitgliedern ist heute jedoch nur noch General Electric enthalten. Der Dow-Jones-Index ist ein Kursindex. Aktiensplits sowie \u00c4nderungen in der Indexzusammensetzung werden ber\u00fccksichtigt, Dividendenzahlungen jedoch nicht. Der Dow Jones wird ausschlie\u00dflich aufgrund der Aktienkurse&hellip;<\/p>\n","category_list_v2":"","author_info_v2":{"name":"PrudentWater","url":"https:\/\/prudentwater.com\/en\/author\/niklas33\/"},"comments_num_v2":"0 comments","_links":{"self":[{"href":"https:\/\/prudentwater.com\/en\/wp-json\/wp\/v2\/pages\/1929","targetHints":{"allow":["GET"]}}],"collection":[{"href":"https:\/\/prudentwater.com\/en\/wp-json\/wp\/v2\/pages"}],"about":[{"href":"https:\/\/prudentwater.com\/en\/wp-json\/wp\/v2\/types\/page"}],"author":[{"embeddable":true,"href":"https:\/\/prudentwater.com\/en\/wp-json\/wp\/v2\/users\/1"}],"replies":[{"embeddable":true,"href":"https:\/\/prudentwater.com\/en\/wp-json\/wp\/v2\/comments?post=1929"}],"version-history":[{"count":0,"href":"https:\/\/prudentwater.com\/en\/wp-json\/wp\/v2\/pages\/1929\/revisions"}],"wp:attachment":[{"href":"https:\/\/prudentwater.com\/en\/wp-json\/wp\/v2\/media?parent=1929"}],"curies":[{"name":"wp","href":"https:\/\/api.w.org\/{rel}","templated":true}]}}