{"id":1932,"date":"2014-11-25T12:35:57","date_gmt":"2014-11-25T12:35:57","guid":{"rendered":"http:\/\/www.kunnskap.de\/?page_id=1932"},"modified":"2021-06-25T12:50:11","modified_gmt":"2021-06-25T10:50:11","slug":"short-call","status":"publish","type":"page","link":"https:\/\/prudentwater.com\/en\/short-call\/","title":{"rendered":"Short Call"},"content":{"rendered":"<p>Auch <strong>Verkauf einer Kaufoption<\/strong><br \/>\nErwartung: Fallende oder konstante Kurse<\/p>\n<p>Short Call ist eine der vier Basisstrategien im Optionshandel. Bei einem Short Call besitzt ein Optionshalter einen Call (Kaufoption), diese m\u00f6chte er jedoch an einen anderen Investor verkaufen. Der Optionshalter verkauft also seine Kaufoption. Anschlie\u00dfend ist er Stillhalter, da er bei Aus\u00fcbung der Option durch den neuen K\u00e4ufer des Calls den zugrunde liegenden Basiswert in der vereinbarten Menge liefern muss. Besitzt der Verk\u00e4ufer der Calls den Basiswert, handelt es sich um einen Covered Call. Besitzt er den Basiswert jedoch nicht, handelt es sich um einen Naked Call.<br \/>\nDer Verk\u00e4ufer des Calls erhofft sich bei dieser Strategie, dass die Call-Option wertlos verf\u00e4llt und er somit den Optionspreis (Pr\u00e4mie) komplett als Gewinn verbuchen kann. <\/p>\n<p><u>Zum Beispiel:<\/u><br \/>\nOptionspreis: 3 Euro<br \/>\nBasiswert der Option: Aktie XY<br \/>\nBasispreis: 100 Euro<\/p>\n<p>Steht am F\u00e4lligkeitstag der Kurs der AKtie XY unter 100 Euro, wird der K\u00e4ufer des Calls die Option nicht aus\u00fcben. Er kann die Aktie schlie\u00dflich jederzeit g\u00fcnstiger \u00fcber die B\u00f6rse erwerben. Der Schein verf\u00e4llt somit wertlos. Der Optionspreis kann vom Verk\u00e4ufer des Calls komplett als Gewinn verbucht werden.<br \/>\nSteht hingegen am F\u00e4lligkeitstag der Kurs der Aktie XY \u00fcber 100 Euro, so wird der K\u00e4ufer des Calls die Option aus\u00fcben, da er nun die Aktie billiger bekommen kann, als sie momentan an der B\u00f6rse gehandelt wird. Unter Ber\u00fccksichtigung der Optionspr\u00e4mie in H\u00f6he von 3 Euro macht der Verk\u00e4ufer des Calls einen Verlust, sobald die Aktie \u00fcber 103 Euro notiert, da er die Differenz ausgleichen muss. Steht die Aktie am F\u00e4lligkeitstag bei 107 Euro, muss er die Aktie zu diesem Preis am Markt kaufen (Naked Call, da er den Basiswert noch nicht besitzt) und dem K\u00e4ufer die Aktie f\u00fcr 100 Euro \u00fcberlassen. In diesem Fall hat der Verk\u00e4ufer des Calls einen Verlust von 4 Euro gemacht. Den Optionspreis muss er nicht zur\u00fcckzahlen, deshalb m\u00fcssen noch die 3 Euro von Differenzbetrag in H\u00f6he von 7 Euro abgezogen werden.<br \/>\nDie tats\u00e4chliche Aus\u00fcbung einer Option, bei der der Basiswert auch geliefert wird, ist jedoch eher un\u00fcblich. In der Regel wird nur die Differenz zwischen Basispreis und aktuellem Marktwert des Basiswertes ausgezahlt (Barausgleich).<\/p>\n","protected":false},"excerpt":{"rendered":"<p>Auch Verkauf einer Kaufoption Erwartung: Fallende oder konstante Kurse Short Call ist eine der vier Basisstrategien im Optionshandel. Bei einem Short Call besitzt ein Optionshalter einen Call (Kaufoption), diese m\u00f6chte er jedoch an einen anderen Investor verkaufen. Der Optionshalter verkauft also seine Kaufoption. Anschlie\u00dfend ist er Stillhalter, da er bei Aus\u00fcbung der Option durch den [&hellip;]<\/p>\n","protected":false},"author":1,"featured_media":0,"parent":0,"menu_order":0,"comment_status":"closed","ping_status":"closed","template":"","meta":{"site-sidebar-layout":"default","site-content-layout":"","ast-site-content-layout":"","site-content-style":"default","site-sidebar-style":"default","ast-global-header-display":"","ast-banner-title-visibility":"","ast-main-header-display":"","ast-hfb-above-header-display":"","ast-hfb-below-header-display":"","ast-hfb-mobile-header-display":"","site-post-title":"","ast-breadcrumbs-content":"","ast-featured-img":"","footer-sml-layout":"","theme-transparent-header-meta":"","adv-header-id-meta":"","stick-header-meta":"","header-above-stick-meta":"","header-main-stick-meta":"","header-below-stick-meta":"","astra-migrate-meta-layouts":"default","ast-page-background-enabled":"default","ast-page-background-meta":{"desktop":{"background-color":"","background-image":"","background-repeat":"repeat","background-position":"center center","background-size":"auto","background-attachment":"scroll","background-type":"","background-media":"","overlay-type":"","overlay-color":"","overlay-opacity":"","overlay-gradient":""},"tablet":{"background-color":"","background-image":"","background-repeat":"repeat","background-position":"center center","background-size":"auto","background-attachment":"scroll","background-type":"","background-media":"","overlay-type":"","overlay-color":"","overlay-opacity":"","overlay-gradient":""},"mobile":{"background-color":"","background-image":"","background-repeat":"repeat","background-position":"center center","background-size":"auto","background-attachment":"scroll","background-type":"","background-media":"","overlay-type":"","overlay-color":"","overlay-opacity":"","overlay-gradient":""}},"ast-content-background-meta":{"desktop":{"background-color":"var(--ast-global-color-5)","background-image":"","background-repeat":"repeat","background-position":"center center","background-size":"auto","background-attachment":"scroll","background-type":"","background-media":"","overlay-type":"","overlay-color":"","overlay-opacity":"","overlay-gradient":""},"tablet":{"background-color":"var(--ast-global-color-5)","background-image":"","background-repeat":"repeat","background-position":"center center","background-size":"auto","background-attachment":"scroll","background-type":"","background-media":"","overlay-type":"","overlay-color":"","overlay-opacity":"","overlay-gradient":""},"mobile":{"background-color":"var(--ast-global-color-5)","background-image":"","background-repeat":"repeat","background-position":"center center","background-size":"auto","background-attachment":"scroll","background-type":"","background-media":"","overlay-type":"","overlay-color":"","overlay-opacity":"","overlay-gradient":""}},"footnotes":""},"class_list":["post-1932","page","type-page","status-publish","hentry"],"translation":{"provider":"WPGlobus","version":"3.0.2","language":"en","enabled_languages":["de","en"],"languages":{"de":{"title":true,"content":true,"excerpt":false},"en":{"title":false,"content":false,"excerpt":false}}},"featured_image_urls_v2":{"full":"","thumbnail":"","medium":"","medium_large":"","large":"","1536x1536":"","2048x2048":""},"post_excerpt_stackable_v2":"<p>Auch Verkauf einer Kaufoption Erwartung: Fallende oder konstante Kurse Short Call ist eine der vier Basisstrategien im Optionshandel. Bei einem Short Call besitzt ein Optionshalter einen Call (Kaufoption), diese m\u00f6chte er jedoch an einen anderen Investor verkaufen. Der Optionshalter verkauft also seine Kaufoption. Anschlie\u00dfend ist er Stillhalter, da er bei Aus\u00fcbung der Option durch den neuen K\u00e4ufer des Calls den zugrunde liegenden Basiswert in der vereinbarten Menge liefern muss. Besitzt der Verk\u00e4ufer der Calls den Basiswert, handelt es sich um einen Covered Call. Besitzt er den Basiswert jedoch nicht, handelt es sich um einen Naked Call. Der Verk\u00e4ufer des Calls&hellip;<\/p>\n","category_list_v2":"","author_info_v2":{"name":"PrudentWater","url":"https:\/\/prudentwater.com\/en\/author\/niklas33\/"},"comments_num_v2":"0 comments","_links":{"self":[{"href":"https:\/\/prudentwater.com\/en\/wp-json\/wp\/v2\/pages\/1932","targetHints":{"allow":["GET"]}}],"collection":[{"href":"https:\/\/prudentwater.com\/en\/wp-json\/wp\/v2\/pages"}],"about":[{"href":"https:\/\/prudentwater.com\/en\/wp-json\/wp\/v2\/types\/page"}],"author":[{"embeddable":true,"href":"https:\/\/prudentwater.com\/en\/wp-json\/wp\/v2\/users\/1"}],"replies":[{"embeddable":true,"href":"https:\/\/prudentwater.com\/en\/wp-json\/wp\/v2\/comments?post=1932"}],"version-history":[{"count":0,"href":"https:\/\/prudentwater.com\/en\/wp-json\/wp\/v2\/pages\/1932\/revisions"}],"wp:attachment":[{"href":"https:\/\/prudentwater.com\/en\/wp-json\/wp\/v2\/media?parent=1932"}],"curies":[{"name":"wp","href":"https:\/\/api.w.org\/{rel}","templated":true}]}}