{"id":1940,"date":"2014-11-25T19:32:14","date_gmt":"2014-11-25T19:32:14","guid":{"rendered":"http:\/\/www.kunnskap.de\/?page_id=1940"},"modified":"2021-06-25T12:48:57","modified_gmt":"2021-06-25T10:48:57","slug":"dow-theorie","status":"publish","type":"page","link":"https:\/\/prudentwater.com\/en\/dow-theorie\/","title":{"rendered":"Dow-Theorie"},"content":{"rendered":"<p>engl. <strong>Dow Theory<\/strong><\/p>\n<p>Die Dow-Theorie wird von vielen als Grundlage der technischen Analyse angesehen. Entwickelt und erfunden wurde sie von Charles Dow um das Jahr 1900 herum. In der Dow-Theorie geht es vor allem darum, mithilfe der Charttechnik Hinweise auf die zuk\u00fcnftige Entwicklung von Aktienkursen zu erhalten.<\/p>\n<p>Die wichtigsten Aussagen der Dow-Theorie sind:<\/p>\n<ul>\n<li>Die Kurse der Indizes enthalten alle wichtigen und relevanten Informationen. Neue Ereignisse werden sofort in den Kurs eingepreist.<\/li>\n<li>Die technische Analyse beim Dow Jones Industrial Average Index als auch beim Dow Jones Transportation Average muss das gleiche Signal geben. Beide Indizes m\u00fcssen sich gegenseitig best\u00e4tigen und dieselbe Chartentwicklung vorhersagen.<\/li>\n<li>Der Markt wird durch drei Trends bestimmt. Der Prim\u00e4rtrend gibt die langfristige Richtung der B\u00f6rse an. Dieser Trend wird oftmals von dem Sekund\u00e4rtrend (mittelfristige Richtung) unterbrochen, welcher sich in die entgegengesetzte Richtung bewegt. \u00dcbergeordnet bleibt jedoch der Prim\u00e4rtrend erhalten. Der Terti\u00e4rtrend (kurzfristige Richtung) unterbricht wiederum den Sekund\u00e4rtrend entgegengesetzt.<\/li>\n<li>Der Prim\u00e4rtrend dauert mindestens ein Jahr an. Er kann jedoch auch deutlich l\u00e4nger andauern. Der Prim\u00e4rtrend kann jedoch als Hausse (steigende Kurse) oder als Baisse (fallende Kurse) vorkommen.<\/li>\n<ul>\n<li>Der Prim\u00e4rtrend wiederum besteht aus verschiedenen Phasen.<br \/>\n<b>Phase 1:<\/b> Die Nachrichten zu der Aktie sind schlecht und die breite \u00d6ffentlichkeit verkauft deshalb ihre Best\u00e4nde, woraufhin der Aktienkurs stark f\u00e4llt. Diese Aktien werden jedoch von gut informierten Investoren gekauft, woraufhin der Kurs eine Bodenbildung vollzieht und dann langsam wieder anf\u00e4ngt zu steigen.<br \/>\n<b>Phase 2:<\/b> Weitere Anleger werden durch Medien auf die Aktie aufmerksam und steigen nun auch ein. Zu diesem Zeitpunkt ist der Kurs schon gestiegen.<br \/>\n<b>Phase 3:<\/b> Kleinanleger und B\u00f6rsenneulinge werden auf die Aktie aufmerksam und kaufen die Aktie, obwohl diese schon stark angestiegen ist. Zu diesem Zeitpunkt steigen die gro\u00dfen und gut informierten Investoren jedoch aus und verkaufen die Aktie mit gro\u00dfem Gewinn. Die erhofften Kursgewinne k\u00f6nnen auf diesem hohen Niveau nicht gehalten werden, weshalb wenige die Aktien kaufen wollen. Daraufhin geben die Kurse nach. In der Panik wollen nun auch Kleinanleger ihre Aktien verkaufen, womit es zu weiter fallenden Kursen kommt. Die Endphase der dritten Phase wird dann auch Dienstm\u00e4dchenhausse genannt.<\/li>\n<\/ul>\n<li>Der Umsatz soll in die Richtung des Trends zeigen. Wenn die Kurse steigen, soll auch das Volumen steigen. In einer Hausse soll also das Volumen steigen, wenn die Kurse steigen und sinken, wenn auch die Kurse zwecks Sekund\u00e4rtrend zur\u00fcckgehen. In einer Baisse ist es hingegen umgekehrt. Bei fallenden Kursen soll das Volumen ansteigen und bei einer Zwischenerholung w\u00e4hrend einer Baisse (B\u00e4renmarktrallye) sinken.<\/li>\n<\/ul>\n","protected":false},"excerpt":{"rendered":"<p>engl. Dow Theory Die Dow-Theorie wird von vielen als Grundlage der technischen Analyse angesehen. Entwickelt und erfunden wurde sie von Charles Dow um das Jahr 1900 herum. In der Dow-Theorie geht es vor allem darum, mithilfe der Charttechnik Hinweise auf die zuk\u00fcnftige Entwicklung von Aktienkursen zu erhalten. Die wichtigsten Aussagen der Dow-Theorie sind: Die Kurse [&hellip;]<\/p>\n","protected":false},"author":1,"featured_media":0,"parent":0,"menu_order":0,"comment_status":"closed","ping_status":"closed","template":"","meta":{"site-sidebar-layout":"default","site-content-layout":"","ast-site-content-layout":"","site-content-style":"default","site-sidebar-style":"default","ast-global-header-display":"","ast-banner-title-visibility":"","ast-main-header-display":"","ast-hfb-above-header-display":"","ast-hfb-below-header-display":"","ast-hfb-mobile-header-display":"","site-post-title":"","ast-breadcrumbs-content":"","ast-featured-img":"","footer-sml-layout":"","theme-transparent-header-meta":"","adv-header-id-meta":"","stick-header-meta":"","header-above-stick-meta":"","header-main-stick-meta":"","header-below-stick-meta":"","astra-migrate-meta-layouts":"default","ast-page-background-enabled":"default","ast-page-background-meta":{"desktop":{"background-color":"","background-image":"","background-repeat":"repeat","background-position":"center center","background-size":"auto","background-attachment":"scroll","background-type":"","background-media":"","overlay-type":"","overlay-color":"","overlay-opacity":"","overlay-gradient":""},"tablet":{"background-color":"","background-image":"","background-repeat":"repeat","background-position":"center center","background-size":"auto","background-attachment":"scroll","background-type":"","background-media":"","overlay-type":"","overlay-color":"","overlay-opacity":"","overlay-gradient":""},"mobile":{"background-color":"","background-image":"","background-repeat":"repeat","background-position":"center center","background-size":"auto","background-attachment":"scroll","background-type":"","background-media":"","overlay-type":"","overlay-color":"","overlay-opacity":"","overlay-gradient":""}},"ast-content-background-meta":{"desktop":{"background-color":"var(--ast-global-color-5)","background-image":"","background-repeat":"repeat","background-position":"center center","background-size":"auto","background-attachment":"scroll","background-type":"","background-media":"","overlay-type":"","overlay-color":"","overlay-opacity":"","overlay-gradient":""},"tablet":{"background-color":"var(--ast-global-color-5)","background-image":"","background-repeat":"repeat","background-position":"center center","background-size":"auto","background-attachment":"scroll","background-type":"","background-media":"","overlay-type":"","overlay-color":"","overlay-opacity":"","overlay-gradient":""},"mobile":{"background-color":"var(--ast-global-color-5)","background-image":"","background-repeat":"repeat","background-position":"center center","background-size":"auto","background-attachment":"scroll","background-type":"","background-media":"","overlay-type":"","overlay-color":"","overlay-opacity":"","overlay-gradient":""}},"footnotes":""},"class_list":["post-1940","page","type-page","status-publish","hentry"],"translation":{"provider":"WPGlobus","version":"3.0.2","language":"en","enabled_languages":["de","en"],"languages":{"de":{"title":true,"content":true,"excerpt":false},"en":{"title":false,"content":false,"excerpt":false}}},"featured_image_urls_v2":{"full":"","thumbnail":"","medium":"","medium_large":"","large":"","1536x1536":"","2048x2048":""},"post_excerpt_stackable_v2":"<p>engl. Dow Theory Die Dow-Theorie wird von vielen als Grundlage der technischen Analyse angesehen. Entwickelt und erfunden wurde sie von Charles Dow um das Jahr 1900 herum. In der Dow-Theorie geht es vor allem darum, mithilfe der Charttechnik Hinweise auf die zuk\u00fcnftige Entwicklung von Aktienkursen zu erhalten. Die wichtigsten Aussagen der Dow-Theorie sind: Die Kurse der Indizes enthalten alle wichtigen und relevanten Informationen. Neue Ereignisse werden sofort in den Kurs eingepreist. Die technische Analyse beim Dow Jones Industrial Average Index als auch beim Dow Jones Transportation Average muss das gleiche Signal geben. Beide Indizes m\u00fcssen sich gegenseitig best\u00e4tigen und dieselbe&hellip;<\/p>\n","category_list_v2":"","author_info_v2":{"name":"PrudentWater","url":"https:\/\/prudentwater.com\/en\/author\/niklas33\/"},"comments_num_v2":"0 comments","_links":{"self":[{"href":"https:\/\/prudentwater.com\/en\/wp-json\/wp\/v2\/pages\/1940","targetHints":{"allow":["GET"]}}],"collection":[{"href":"https:\/\/prudentwater.com\/en\/wp-json\/wp\/v2\/pages"}],"about":[{"href":"https:\/\/prudentwater.com\/en\/wp-json\/wp\/v2\/types\/page"}],"author":[{"embeddable":true,"href":"https:\/\/prudentwater.com\/en\/wp-json\/wp\/v2\/users\/1"}],"replies":[{"embeddable":true,"href":"https:\/\/prudentwater.com\/en\/wp-json\/wp\/v2\/comments?post=1940"}],"version-history":[{"count":0,"href":"https:\/\/prudentwater.com\/en\/wp-json\/wp\/v2\/pages\/1940\/revisions"}],"wp:attachment":[{"href":"https:\/\/prudentwater.com\/en\/wp-json\/wp\/v2\/media?parent=1940"}],"curies":[{"name":"wp","href":"https:\/\/api.w.org\/{rel}","templated":true}]}}