{"id":1961,"date":"2014-11-26T11:22:04","date_gmt":"2014-11-26T11:22:04","guid":{"rendered":"http:\/\/www.kunnskap.de\/?page_id=1961"},"modified":"2023-03-10T15:54:36","modified_gmt":"2023-03-10T14:54:36","slug":"zentralbank","status":"publish","type":"page","link":"https:\/\/prudentwater.com\/en\/zentralbank\/","title":{"rendered":"Zentralbank"},"content":{"rendered":"<p>Auch <b>Notenbank<\/b><br \/>\nengl. <b>Central bank<\/b><\/p>\n<p>Die Zentralbank eines jeweiligen Landes oder W\u00e4hrungsraumes ist zust\u00e4ndig f\u00fcr die W\u00e4hrungs- und Geldpolitik. Sie ist verantwortlich f\u00fcr die Stabilit\u00e4t des Geldes, versucht Inflation bzw. Deflation zu kontrollieren und in ihrer M\u00f6glichkeit ein angemessenes Wirtschaftswachstum herstellen. Sie refinanziert Gesch\u00e4ftsbanken sowie (je nach Land) den Staat und gibt au\u00dferdem Banknoten in Umlauf. Das oberste Ziel einer Zentralbank ist jedoch die Geldwertstabilit\u00e4t langfristig zu garantieren. Daf\u00fcr wird von den meisten Zentralbanken eine j\u00e4hrliche Inflationsrate von knapp unter 2 Prozent angestrebt, um das Ziel der Preisstabilit\u00e4t zu erreichen. Dies tut die Zentralbank in erster Linie \u00fcber die Geldmenge sowie \u00fcber den jeweiligen Leitzins des W\u00e4hrungsraumes, welche als wichtigste Werkzeuge der Zentralbank gelten und von ihr jederzeit gesteuert werden k\u00f6nnen.<\/p>\n<h2>Aufgaben einer Zentralbank<\/h2>\n<p>Die Aufgaben einer Zentralbank k\u00f6nnen je nach Land und Wirtschaftssystem unterschiedlich sein, aber im Allgemeinen umfassen sie:<\/p>\n<ul>\n<li><b>Geldpolitik<\/b>: Eine der wichtigsten Aufgaben einer Zentralbank besteht darin, die Geldpolitik zu formulieren und durchzusetzen, um die Preisstabilit\u00e4t zu gew\u00e4hrleisten und die Inflation unter Kontrolle zu halten. Dazu geh\u00f6rt auch die Festlegung von Zinss\u00e4tzen, der Mindestreserveanforderungen und anderer Instrumente zur Steuerung der Geldmenge und zur Beeinflussung der Wirtschaftsaktivit\u00e4t.<\/li>\n<li><b>Bankenaufsicht und Regulierung<\/b>: Zentralbanken haben oft eine wichtige Rolle bei der Regulierung und \u00dcberwachung des Bankensektors, um die Finanzstabilit\u00e4t sicherzustellen. Dazu geh\u00f6rt die \u00dcberwachung der Bankenaufsichtsbeh\u00f6rden, die Einf\u00fchrung von Regulierungsvorschriften und die Beaufsichtigung von Finanzinstituten.<\/li>\n<li><b>Finanzmarktstabilit\u00e4t<\/b>: Zentralbanken haben auch eine Rolle bei der Stabilisierung der Finanzm\u00e4rkte und k\u00f6nnen in Krisenzeiten als &#8220;Lender of Last Resort&#8221; fungieren, indem sie den Bankensektor mit Liquidit\u00e4t versorgen und so eine systemische Krise verhindern.<\/li>\n<li><b>Ausgabe von Bargeld<\/b>: Zentralbanken haben die Aufgabe, die Ausgabe von Bargeld zu kontrollieren, um die Integrit\u00e4t der W\u00e4hrung zu gew\u00e4hrleisten und F\u00e4lschungen zu verhindern.<\/li>\n<li><b>W\u00e4hrungsmanagement<\/b>: Einige Zentralbanken \u00fcberwachen und steuern den Wechselkurs ihrer W\u00e4hrung im Verh\u00e4ltnis zu anderen W\u00e4hrungen und k\u00f6nnen bei Bedarf intervenieren, um Schwankungen zu begrenzen. In diesem Fall liegt jedoch ein fester Wechselkurs vor wie es zum Beispiel in China der Fall ist. Zentralbanken halten generell auch Reserven in ausl\u00e4ndischen W\u00e4hrungen, um die Stabilit\u00e4t der eigenen W\u00e4hrung zu unterst\u00fctzen.<\/li>\n<\/ul>\n<h2>D\u00fcrfen Zentralbanken Verluste machen?<\/h2>\n<p>Zentralbanken haben den Auftrag im \u00f6ffentlichen Interesse zu handeln und somit den Wert des von ihnen ausgegebenen Geldes zu sichern, damit die Bev\u00f6lkerung vertrauensvoll finanzielle Entscheidungen treffen kann. Normalerweise erwirtschaften Zentralbanken auch einen j\u00e4hrlichen Gewinn, in au\u00dfergew\u00f6hnlichen Zeiten in Bezug auf die Wirtschafts- und Finanzentwicklungen k\u00f6nnen Zentralbanken jedoch auch Verluste erleiden. Dies gilt vor allem dann, wenn sie Verm\u00f6genswerte wie Anleihen und \u00e4hnliche Wertpapiere gekauft haben, um ihre Volkswirtschaften als Reaktion auf verschiedene Krisen zu stabilisieren. Verluste stellen die wichtige Rolle der Zentralbanken jedoch nicht infrage, da sie in der Vergangenheit schon mehrmals mit Verlusten und negativem Eigenkapital effektiv gearbeitet haben. Die Einzigartigkeit der Zentralbanken bedeutet, dass Verluste manchmal der Preis sind, der f\u00fcr die Erf\u00fcllung ihrer Ziele zu zahlen ist &#8211; Wachstum und Besch\u00e4ftigung zu f\u00f6rdern, stabile Preise zu gew\u00e4hrleisten und dazu beizutragen, das Finanzsystem sicher und stabil zu halten. In normalen Zeiten ist es den Zentralbanken m\u00f6glich, sowohl ihren Auftrag zu erf\u00fcllen als auch Gewinne zu erzielen, ohne ein erhebliches finanzielles Risiko einzugehen. Zentralbanken mit gro\u00dfen Devisenreserven, die zur Abfederung externer Schocks angelegt wurden, erleben jedoch h\u00e4ufig ein Auf und Ab der Einnahmen aufgrund von Wechselkursschwankungen. Das bedeutet, dass sie manchmal Verluste machen, wenn sie ihr Ziel einer stabilen W\u00e4hrung verfolgen. In Krisenzeiten m\u00fcssen Zentralbanken unter Umst\u00e4nden auch zus\u00e4tzliche Risiken eingehen, was sie jedoch mit offenen Augen tun. Erleiden Zentralbanken also Verluste, so ist dies nicht gleichzusetzen mit erlittenen Verlusten von Privatbanken, da Erstere im Sinne des Staates und der Allgemeinheit dient und somit Verluste auf Zentralbankebene hingenommen werden m\u00fcssen, um die Stabilit\u00e4t im Finanzsystem zu garantieren.<\/p>\n","protected":false},"excerpt":{"rendered":"<p>Auch Notenbank engl. Central bank Die Zentralbank eines jeweiligen Landes oder W\u00e4hrungsraumes ist zust\u00e4ndig f\u00fcr die W\u00e4hrungs- und Geldpolitik. Sie ist verantwortlich f\u00fcr die Stabilit\u00e4t des Geldes, versucht Inflation bzw. Deflation zu kontrollieren und in ihrer M\u00f6glichkeit ein angemessenes Wirtschaftswachstum herstellen. Sie refinanziert Gesch\u00e4ftsbanken sowie (je nach Land) den Staat und gibt au\u00dferdem Banknoten in [&hellip;]<\/p>\n","protected":false},"author":1,"featured_media":0,"parent":0,"menu_order":0,"comment_status":"closed","ping_status":"closed","template":"","meta":{"site-sidebar-layout":"default","site-content-layout":"","ast-site-content-layout":"","site-content-style":"default","site-sidebar-style":"default","ast-global-header-display":"","ast-banner-title-visibility":"","ast-main-header-display":"","ast-hfb-above-header-display":"","ast-hfb-below-header-display":"","ast-hfb-mobile-header-display":"","site-post-title":"","ast-breadcrumbs-content":"","ast-featured-img":"","footer-sml-layout":"","theme-transparent-header-meta":"","adv-header-id-meta":"","stick-header-meta":"","header-above-stick-meta":"","header-main-stick-meta":"","header-below-stick-meta":"","astra-migrate-meta-layouts":"default","ast-page-background-enabled":"default","ast-page-background-meta":{"desktop":{"background-color":"","background-image":"","background-repeat":"repeat","background-position":"center center","background-size":"auto","background-attachment":"scroll","background-type":"","background-media":"","overlay-type":"","overlay-color":"","overlay-opacity":"","overlay-gradient":""},"tablet":{"background-color":"","background-image":"","background-repeat":"repeat","background-position":"center center","background-size":"auto","background-attachment":"scroll","background-type":"","background-media":"","overlay-type":"","overlay-color":"","overlay-opacity":"","overlay-gradient":""},"mobile":{"background-color":"","background-image":"","background-repeat":"repeat","background-position":"center center","background-size":"auto","background-attachment":"scroll","background-type":"","background-media":"","overlay-type":"","overlay-color":"","overlay-opacity":"","overlay-gradient":""}},"ast-content-background-meta":{"desktop":{"background-color":"var(--ast-global-color-5)","background-image":"","background-repeat":"repeat","background-position":"center center","background-size":"auto","background-attachment":"scroll","background-type":"","background-media":"","overlay-type":"","overlay-color":"","overlay-opacity":"","overlay-gradient":""},"tablet":{"background-color":"var(--ast-global-color-5)","background-image":"","background-repeat":"repeat","background-position":"center center","background-size":"auto","background-attachment":"scroll","background-type":"","background-media":"","overlay-type":"","overlay-color":"","overlay-opacity":"","overlay-gradient":""},"mobile":{"background-color":"var(--ast-global-color-5)","background-image":"","background-repeat":"repeat","background-position":"center center","background-size":"auto","background-attachment":"scroll","background-type":"","background-media":"","overlay-type":"","overlay-color":"","overlay-opacity":"","overlay-gradient":""}},"footnotes":""},"class_list":["post-1961","page","type-page","status-publish","hentry"],"translation":{"provider":"WPGlobus","version":"3.0.2","language":"en","enabled_languages":["de","en"],"languages":{"de":{"title":true,"content":true,"excerpt":false},"en":{"title":false,"content":false,"excerpt":false}}},"featured_image_urls_v2":{"full":"","thumbnail":"","medium":"","medium_large":"","large":"","1536x1536":"","2048x2048":""},"post_excerpt_stackable_v2":"<p>Auch Notenbank engl. Central bank Die Zentralbank eines jeweiligen Landes oder W\u00e4hrungsraumes ist zust\u00e4ndig f\u00fcr die W\u00e4hrungs- und Geldpolitik. Sie ist verantwortlich f\u00fcr die Stabilit\u00e4t des Geldes, versucht Inflation bzw. Deflation zu kontrollieren und in ihrer M\u00f6glichkeit ein angemessenes Wirtschaftswachstum herstellen. Sie refinanziert Gesch\u00e4ftsbanken sowie (je nach Land) den Staat und gibt au\u00dferdem Banknoten in Umlauf. Das oberste Ziel einer Zentralbank ist jedoch die Geldwertstabilit\u00e4t langfristig zu garantieren. Daf\u00fcr wird von den meisten Zentralbanken eine j\u00e4hrliche Inflationsrate von knapp unter 2 Prozent angestrebt, um das Ziel der Preisstabilit\u00e4t zu erreichen. Dies tut die Zentralbank in erster Linie \u00fcber die Geldmenge&hellip;<\/p>\n","category_list_v2":"","author_info_v2":{"name":"PrudentWater","url":"https:\/\/prudentwater.com\/en\/author\/niklas33\/"},"comments_num_v2":"0 comments","_links":{"self":[{"href":"https:\/\/prudentwater.com\/en\/wp-json\/wp\/v2\/pages\/1961","targetHints":{"allow":["GET"]}}],"collection":[{"href":"https:\/\/prudentwater.com\/en\/wp-json\/wp\/v2\/pages"}],"about":[{"href":"https:\/\/prudentwater.com\/en\/wp-json\/wp\/v2\/types\/page"}],"author":[{"embeddable":true,"href":"https:\/\/prudentwater.com\/en\/wp-json\/wp\/v2\/users\/1"}],"replies":[{"embeddable":true,"href":"https:\/\/prudentwater.com\/en\/wp-json\/wp\/v2\/comments?post=1961"}],"version-history":[{"count":0,"href":"https:\/\/prudentwater.com\/en\/wp-json\/wp\/v2\/pages\/1961\/revisions"}],"wp:attachment":[{"href":"https:\/\/prudentwater.com\/en\/wp-json\/wp\/v2\/media?parent=1961"}],"curies":[{"name":"wp","href":"https:\/\/api.w.org\/{rel}","templated":true}]}}