{"id":1983,"date":"2014-11-30T11:41:39","date_gmt":"2014-11-30T11:41:39","guid":{"rendered":"http:\/\/www.kunnskap.de\/?page_id=1983"},"modified":"2021-06-25T12:48:58","modified_gmt":"2021-06-25T10:48:58","slug":"emergings-market","status":"publish","type":"page","link":"https:\/\/prudentwater.com\/en\/emergings-market\/","title":{"rendered":"Emerging Markets"},"content":{"rendered":"<p>Auch <strong>Aufstrebende M\u00e4rkte<\/strong><\/p>\n<p>Bei dem Begriff &#8216;Emerging Markets&#8217; handelt es sich um aufstrebende, noch unterentwickelte L\u00e4nder, die sich jedoch auf den Weg zu einer Industrienation, wie z.B. Deutschland und Frankreich, befinden sollen.<br \/>\nInvestments in solche L\u00e4nder sind teilweise noch sehr spekulativ, da niedrige Handelsvolumina und volatile Aktienm\u00e4rkte sowie volatile Devisen weiterhin f\u00fcr wenig Stabilit\u00e4t sorgen. Ebenso sind die Zinsen f\u00fcr Staatsanleihen von Emerging Markets-L\u00e4nder h\u00f6her als jene von Industrienationen. Zu den Emerging Markets-L\u00e4ndern geh\u00f6ren unter anderem Brasilien, S\u00fcdkorea, Mexiko, T\u00fcrkei, Thailand und Malaysia. <\/p>\n","protected":false},"excerpt":{"rendered":"<p>Auch Aufstrebende M\u00e4rkte Bei dem Begriff &#8216;Emerging Markets&#8217; handelt es sich um aufstrebende, noch unterentwickelte L\u00e4nder, die sich jedoch auf den Weg zu einer Industrienation, wie z.B. Deutschland und Frankreich, befinden sollen. Investments in solche L\u00e4nder sind teilweise noch sehr spekulativ, da niedrige Handelsvolumina und volatile Aktienm\u00e4rkte sowie volatile Devisen weiterhin f\u00fcr wenig Stabilit\u00e4t sorgen. [&hellip;]<\/p>\n","protected":false},"author":1,"featured_media":0,"parent":0,"menu_order":0,"comment_status":"closed","ping_status":"closed","template":"","meta":{"site-sidebar-layout":"default","site-content-layout":"","ast-site-content-layout":"","site-content-style":"default","site-sidebar-style":"default","ast-global-header-display":"","ast-banner-title-visibility":"","ast-main-header-display":"","ast-hfb-above-header-display":"","ast-hfb-below-header-display":"","ast-hfb-mobile-header-display":"","site-post-title":"","ast-breadcrumbs-content":"","ast-featured-img":"","footer-sml-layout":"","theme-transparent-header-meta":"","adv-header-id-meta":"","stick-header-meta":"","header-above-stick-meta":"","header-main-stick-meta":"","header-below-stick-meta":"","astra-migrate-meta-layouts":"default","ast-page-background-enabled":"default","ast-page-background-meta":{"desktop":{"background-color":"","background-image":"","background-repeat":"repeat","background-position":"center center","background-size":"auto","background-attachment":"scroll","background-type":"","background-media":"","overlay-type":"","overlay-color":"","overlay-opacity":"","overlay-gradient":""},"tablet":{"background-color":"","background-image":"","background-repeat":"repeat","background-position":"center center","background-size":"auto","background-attachment":"scroll","background-type":"","background-media":"","overlay-type":"","overlay-color":"","overlay-opacity":"","overlay-gradient":""},"mobile":{"background-color":"","background-image":"","background-repeat":"repeat","background-position":"center center","background-size":"auto","background-attachment":"scroll","background-type":"","background-media":"","overlay-type":"","overlay-color":"","overlay-opacity":"","overlay-gradient":""}},"ast-content-background-meta":{"desktop":{"background-color":"var(--ast-global-color-5)","background-image":"","background-repeat":"repeat","background-position":"center center","background-size":"auto","background-attachment":"scroll","background-type":"","background-media":"","overlay-type":"","overlay-color":"","overlay-opacity":"","overlay-gradient":""},"tablet":{"background-color":"var(--ast-global-color-5)","background-image":"","background-repeat":"repeat","background-position":"center center","background-size":"auto","background-attachment":"scroll","background-type":"","background-media":"","overlay-type":"","overlay-color":"","overlay-opacity":"","overlay-gradient":""},"mobile":{"background-color":"var(--ast-global-color-5)","background-image":"","background-repeat":"repeat","background-position":"center center","background-size":"auto","background-attachment":"scroll","background-type":"","background-media":"","overlay-type":"","overlay-color":"","overlay-opacity":"","overlay-gradient":""}},"footnotes":""},"class_list":["post-1983","page","type-page","status-publish","hentry"],"translation":{"provider":"WPGlobus","version":"3.0.2","language":"en","enabled_languages":["de","en"],"languages":{"de":{"title":true,"content":true,"excerpt":false},"en":{"title":false,"content":false,"excerpt":false}}},"featured_image_urls_v2":{"full":"","thumbnail":"","medium":"","medium_large":"","large":"","1536x1536":"","2048x2048":""},"post_excerpt_stackable_v2":"<p>Auch Aufstrebende M\u00e4rkte Bei dem Begriff &#8216;Emerging Markets&#8217; handelt es sich um aufstrebende, noch unterentwickelte L\u00e4nder, die sich jedoch auf den Weg zu einer Industrienation, wie z.B. Deutschland und Frankreich, befinden sollen. Investments in solche L\u00e4nder sind teilweise noch sehr spekulativ, da niedrige Handelsvolumina und volatile Aktienm\u00e4rkte sowie volatile Devisen weiterhin f\u00fcr wenig Stabilit\u00e4t sorgen. Ebenso sind die Zinsen f\u00fcr Staatsanleihen von Emerging Markets-L\u00e4nder h\u00f6her als jene von Industrienationen. Zu den Emerging Markets-L\u00e4ndern geh\u00f6ren unter anderem Brasilien, S\u00fcdkorea, Mexiko, T\u00fcrkei, Thailand und Malaysia.<\/p>\n","category_list_v2":"","author_info_v2":{"name":"PrudentWater","url":"https:\/\/prudentwater.com\/en\/author\/niklas33\/"},"comments_num_v2":"0 comments","_links":{"self":[{"href":"https:\/\/prudentwater.com\/en\/wp-json\/wp\/v2\/pages\/1983","targetHints":{"allow":["GET"]}}],"collection":[{"href":"https:\/\/prudentwater.com\/en\/wp-json\/wp\/v2\/pages"}],"about":[{"href":"https:\/\/prudentwater.com\/en\/wp-json\/wp\/v2\/types\/page"}],"author":[{"embeddable":true,"href":"https:\/\/prudentwater.com\/en\/wp-json\/wp\/v2\/users\/1"}],"replies":[{"embeddable":true,"href":"https:\/\/prudentwater.com\/en\/wp-json\/wp\/v2\/comments?post=1983"}],"version-history":[{"count":0,"href":"https:\/\/prudentwater.com\/en\/wp-json\/wp\/v2\/pages\/1983\/revisions"}],"wp:attachment":[{"href":"https:\/\/prudentwater.com\/en\/wp-json\/wp\/v2\/media?parent=1983"}],"curies":[{"name":"wp","href":"https:\/\/api.w.org\/{rel}","templated":true}]}}