{"id":2020,"date":"2014-12-01T08:55:32","date_gmt":"2014-12-01T08:55:32","guid":{"rendered":"http:\/\/www.kunnskap.de\/?page_id=2020"},"modified":"2023-03-10T17:47:22","modified_gmt":"2023-03-10T16:47:22","slug":"europaische-zentralbank","status":"publish","type":"page","link":"https:\/\/prudentwater.com\/en\/europaische-zentralbank\/","title":{"rendered":"Europ\u00e4ische Zentralbank"},"content":{"rendered":"<p>Auch <b>EZB<\/b><br \/>\nengl. <b>European Central Bank<\/b><\/p>\n<p>Die Europ\u00e4ische Zentralbank ist ein Organ der Europ\u00e4ischen Union und \u00fcbernahm am 1.1.1999 in Frankfurt als Nachfolger die Aufgabenbereiche der einzelnen nationalen Zentralbanken. Zu den Hauptaufgaben der EZB geh\u00f6ren die Festlegung und Durchf\u00fchrung der Geldpolitik im Euroraum, die \u00dcberwachung des Bankensystems und die Gew\u00e4hrleistung der Preisstabilit\u00e4t durch Kontrolle der Inflation. Die EZB trifft Entscheidungen \u00fcber den Leitzins &#8211; den sogenannten Hauptrefinanzierungssatz &#8211;  und andere geldpolitische Ma\u00dfnahmen, um die Wirtschaft im Euroraum zu unterst\u00fctzen und die Preisstabilit\u00e4t aufrechtzuerhalten. Die EZB arbeitet dabei eng mit den nationalen Zentralbanken der Eurozone zusammen und bildet zusammen mit ihnen das Eurosystem. Die EZB ist jedoch unabh\u00e4ngig von politischen Eingriffen und Weisungen. Ihr ist es deshalb auch verboten, Kredite direkt an Regierungen zu vergeben.<\/p>\n<h3>Die Europ\u00e4ische Zentralbank als Dividendenzahler<\/h3>\n<p>Im Normalfall erwirtschaftet die Europ\u00e4ische Zentralbank einen Jahresgewinn, welchen sie dann in Form einer Dividendenzahlung an die jeweiligen Nationalbanken der Eurozone weiterleitet. Diese Gewinne werden dann anschlie\u00dfend von den nationalen Zentralbanken weiter an die einzelnen Regierungen des Landes weitergereicht. Erleidet die Europ\u00e4ische Zentralbank jedoch einen Jahresverlust, so werden auch keine Gelder an die Nationalbanken ausgesch\u00fcttet.<\/p>\n","protected":false},"excerpt":{"rendered":"<p>Auch EZB engl. European Central Bank Die Europ\u00e4ische Zentralbank ist ein Organ der Europ\u00e4ischen Union und \u00fcbernahm am 1.1.1999 in Frankfurt als Nachfolger die Aufgabenbereiche der einzelnen nationalen Zentralbanken. Zu den Hauptaufgaben der EZB geh\u00f6ren die Festlegung und Durchf\u00fchrung der Geldpolitik im Euroraum, die \u00dcberwachung des Bankensystems und die Gew\u00e4hrleistung der Preisstabilit\u00e4t durch Kontrolle der [&hellip;]<\/p>\n","protected":false},"author":1,"featured_media":0,"parent":0,"menu_order":0,"comment_status":"closed","ping_status":"closed","template":"","meta":{"site-sidebar-layout":"default","site-content-layout":"","ast-site-content-layout":"","site-content-style":"default","site-sidebar-style":"default","ast-global-header-display":"","ast-banner-title-visibility":"","ast-main-header-display":"","ast-hfb-above-header-display":"","ast-hfb-below-header-display":"","ast-hfb-mobile-header-display":"","site-post-title":"","ast-breadcrumbs-content":"","ast-featured-img":"","footer-sml-layout":"","theme-transparent-header-meta":"","adv-header-id-meta":"","stick-header-meta":"","header-above-stick-meta":"","header-main-stick-meta":"","header-below-stick-meta":"","astra-migrate-meta-layouts":"default","ast-page-background-enabled":"default","ast-page-background-meta":{"desktop":{"background-color":"","background-image":"","background-repeat":"repeat","background-position":"center center","background-size":"auto","background-attachment":"scroll","background-type":"","background-media":"","overlay-type":"","overlay-color":"","overlay-opacity":"","overlay-gradient":""},"tablet":{"background-color":"","background-image":"","background-repeat":"repeat","background-position":"center center","background-size":"auto","background-attachment":"scroll","background-type":"","background-media":"","overlay-type":"","overlay-color":"","overlay-opacity":"","overlay-gradient":""},"mobile":{"background-color":"","background-image":"","background-repeat":"repeat","background-position":"center center","background-size":"auto","background-attachment":"scroll","background-type":"","background-media":"","overlay-type":"","overlay-color":"","overlay-opacity":"","overlay-gradient":""}},"ast-content-background-meta":{"desktop":{"background-color":"var(--ast-global-color-5)","background-image":"","background-repeat":"repeat","background-position":"center center","background-size":"auto","background-attachment":"scroll","background-type":"","background-media":"","overlay-type":"","overlay-color":"","overlay-opacity":"","overlay-gradient":""},"tablet":{"background-color":"var(--ast-global-color-5)","background-image":"","background-repeat":"repeat","background-position":"center center","background-size":"auto","background-attachment":"scroll","background-type":"","background-media":"","overlay-type":"","overlay-color":"","overlay-opacity":"","overlay-gradient":""},"mobile":{"background-color":"var(--ast-global-color-5)","background-image":"","background-repeat":"repeat","background-position":"center center","background-size":"auto","background-attachment":"scroll","background-type":"","background-media":"","overlay-type":"","overlay-color":"","overlay-opacity":"","overlay-gradient":""}},"footnotes":""},"class_list":["post-2020","page","type-page","status-publish","hentry"],"translation":{"provider":"WPGlobus","version":"3.0.2","language":"en","enabled_languages":["de","en"],"languages":{"de":{"title":true,"content":true,"excerpt":false},"en":{"title":false,"content":false,"excerpt":false}}},"featured_image_urls_v2":{"full":"","thumbnail":"","medium":"","medium_large":"","large":"","1536x1536":"","2048x2048":""},"post_excerpt_stackable_v2":"<p>Auch EZB engl. European Central Bank Die Europ\u00e4ische Zentralbank ist ein Organ der Europ\u00e4ischen Union und \u00fcbernahm am 1.1.1999 in Frankfurt als Nachfolger die Aufgabenbereiche der einzelnen nationalen Zentralbanken. Zu den Hauptaufgaben der EZB geh\u00f6ren die Festlegung und Durchf\u00fchrung der Geldpolitik im Euroraum, die \u00dcberwachung des Bankensystems und die Gew\u00e4hrleistung der Preisstabilit\u00e4t durch Kontrolle der Inflation. Die EZB trifft Entscheidungen \u00fcber den Leitzins &#8211; den sogenannten Hauptrefinanzierungssatz &#8211; und andere geldpolitische Ma\u00dfnahmen, um die Wirtschaft im Euroraum zu unterst\u00fctzen und die Preisstabilit\u00e4t aufrechtzuerhalten. Die EZB arbeitet dabei eng mit den nationalen Zentralbanken der Eurozone zusammen und bildet zusammen mit ihnen&hellip;<\/p>\n","category_list_v2":"","author_info_v2":{"name":"PrudentWater","url":"https:\/\/prudentwater.com\/en\/author\/niklas33\/"},"comments_num_v2":"0 comments","_links":{"self":[{"href":"https:\/\/prudentwater.com\/en\/wp-json\/wp\/v2\/pages\/2020","targetHints":{"allow":["GET"]}}],"collection":[{"href":"https:\/\/prudentwater.com\/en\/wp-json\/wp\/v2\/pages"}],"about":[{"href":"https:\/\/prudentwater.com\/en\/wp-json\/wp\/v2\/types\/page"}],"author":[{"embeddable":true,"href":"https:\/\/prudentwater.com\/en\/wp-json\/wp\/v2\/users\/1"}],"replies":[{"embeddable":true,"href":"https:\/\/prudentwater.com\/en\/wp-json\/wp\/v2\/comments?post=2020"}],"version-history":[{"count":0,"href":"https:\/\/prudentwater.com\/en\/wp-json\/wp\/v2\/pages\/2020\/revisions"}],"wp:attachment":[{"href":"https:\/\/prudentwater.com\/en\/wp-json\/wp\/v2\/media?parent=2020"}],"curies":[{"name":"wp","href":"https:\/\/api.w.org\/{rel}","templated":true}]}}