{"id":2032,"date":"2014-12-02T09:40:40","date_gmt":"2014-12-02T09:40:40","guid":{"rendered":"http:\/\/www.kunnskap.de\/?page_id=2032"},"modified":"2021-06-25T12:49:00","modified_gmt":"2021-06-25T10:49:00","slug":"falligkeit","status":"publish","type":"page","link":"https:\/\/prudentwater.com\/en\/falligkeit\/","title":{"rendered":"F\u00e4lligkeit"},"content":{"rendered":"<p>engl. <strong>Maturity Date<\/strong><\/p>\n<p>Der F\u00e4lligkeitstermin bei einer Anleihe bezeichnet den Tag, an dem der Nominalwert (100 %) der Anleihe dem Anleger zur\u00fcckgezahlt wird. Auch wenn der Anleger die Anleihe bei z.B. 85 % gekauft hat, erh\u00e4lt er an diesem Tag den Nominalwert ausgezahlt. Der Anleger bekommt somit 100 % ausgezahlt zuz\u00fcglich der noch f\u00e4lligen Zinsen aus dem letzten Jahr. Eine Ordergeb\u00fchr f\u00e4llt dabei nicht mehr an.<\/p>\n<p>Bei einem Termingesch\u00e4ft kommt es am F\u00e4lligkeitstag zur Aus\u00fcbung der Rechte aus dem Kontrakt. Theoretisch ist dabei die eine Seite verpflichtet, die vereinbarte Ware zu liefern und die andere Seite dazu verpflichtet, den vereinbarten Preis zu zahlen. In den meisten F\u00e4llen kommt es jedoch zu einem Barausgleich.<\/p>\n","protected":false},"excerpt":{"rendered":"<p>engl. Maturity Date Der F\u00e4lligkeitstermin bei einer Anleihe bezeichnet den Tag, an dem der Nominalwert (100 %) der Anleihe dem Anleger zur\u00fcckgezahlt wird. Auch wenn der Anleger die Anleihe bei z.B. 85 % gekauft hat, erh\u00e4lt er an diesem Tag den Nominalwert ausgezahlt. Der Anleger bekommt somit 100 % ausgezahlt zuz\u00fcglich der noch f\u00e4lligen Zinsen [&hellip;]<\/p>\n","protected":false},"author":1,"featured_media":0,"parent":0,"menu_order":0,"comment_status":"closed","ping_status":"closed","template":"","meta":{"site-sidebar-layout":"default","site-content-layout":"","ast-site-content-layout":"","site-content-style":"default","site-sidebar-style":"default","ast-global-header-display":"","ast-banner-title-visibility":"","ast-main-header-display":"","ast-hfb-above-header-display":"","ast-hfb-below-header-display":"","ast-hfb-mobile-header-display":"","site-post-title":"","ast-breadcrumbs-content":"","ast-featured-img":"","footer-sml-layout":"","theme-transparent-header-meta":"","adv-header-id-meta":"","stick-header-meta":"","header-above-stick-meta":"","header-main-stick-meta":"","header-below-stick-meta":"","astra-migrate-meta-layouts":"default","ast-page-background-enabled":"default","ast-page-background-meta":{"desktop":{"background-color":"","background-image":"","background-repeat":"repeat","background-position":"center center","background-size":"auto","background-attachment":"scroll","background-type":"","background-media":"","overlay-type":"","overlay-color":"","overlay-opacity":"","overlay-gradient":""},"tablet":{"background-color":"","background-image":"","background-repeat":"repeat","background-position":"center center","background-size":"auto","background-attachment":"scroll","background-type":"","background-media":"","overlay-type":"","overlay-color":"","overlay-opacity":"","overlay-gradient":""},"mobile":{"background-color":"","background-image":"","background-repeat":"repeat","background-position":"center center","background-size":"auto","background-attachment":"scroll","background-type":"","background-media":"","overlay-type":"","overlay-color":"","overlay-opacity":"","overlay-gradient":""}},"ast-content-background-meta":{"desktop":{"background-color":"var(--ast-global-color-5)","background-image":"","background-repeat":"repeat","background-position":"center center","background-size":"auto","background-attachment":"scroll","background-type":"","background-media":"","overlay-type":"","overlay-color":"","overlay-opacity":"","overlay-gradient":""},"tablet":{"background-color":"var(--ast-global-color-5)","background-image":"","background-repeat":"repeat","background-position":"center center","background-size":"auto","background-attachment":"scroll","background-type":"","background-media":"","overlay-type":"","overlay-color":"","overlay-opacity":"","overlay-gradient":""},"mobile":{"background-color":"var(--ast-global-color-5)","background-image":"","background-repeat":"repeat","background-position":"center center","background-size":"auto","background-attachment":"scroll","background-type":"","background-media":"","overlay-type":"","overlay-color":"","overlay-opacity":"","overlay-gradient":""}},"footnotes":""},"class_list":["post-2032","page","type-page","status-publish","hentry"],"translation":{"provider":"WPGlobus","version":"3.0.2","language":"en","enabled_languages":["de","en"],"languages":{"de":{"title":true,"content":true,"excerpt":false},"en":{"title":false,"content":false,"excerpt":false}}},"featured_image_urls_v2":{"full":"","thumbnail":"","medium":"","medium_large":"","large":"","1536x1536":"","2048x2048":""},"post_excerpt_stackable_v2":"<p>engl. Maturity Date Der F\u00e4lligkeitstermin bei einer Anleihe bezeichnet den Tag, an dem der Nominalwert (100 %) der Anleihe dem Anleger zur\u00fcckgezahlt wird. Auch wenn der Anleger die Anleihe bei z.B. 85 % gekauft hat, erh\u00e4lt er an diesem Tag den Nominalwert ausgezahlt. Der Anleger bekommt somit 100 % ausgezahlt zuz\u00fcglich der noch f\u00e4lligen Zinsen aus dem letzten Jahr. Eine Ordergeb\u00fchr f\u00e4llt dabei nicht mehr an. Bei einem Termingesch\u00e4ft kommt es am F\u00e4lligkeitstag zur Aus\u00fcbung der Rechte aus dem Kontrakt. Theoretisch ist dabei die eine Seite verpflichtet, die vereinbarte Ware zu liefern und die andere Seite dazu verpflichtet, den vereinbarten&hellip;<\/p>\n","category_list_v2":"","author_info_v2":{"name":"PrudentWater","url":"https:\/\/prudentwater.com\/en\/author\/niklas33\/"},"comments_num_v2":"0 comments","_links":{"self":[{"href":"https:\/\/prudentwater.com\/en\/wp-json\/wp\/v2\/pages\/2032","targetHints":{"allow":["GET"]}}],"collection":[{"href":"https:\/\/prudentwater.com\/en\/wp-json\/wp\/v2\/pages"}],"about":[{"href":"https:\/\/prudentwater.com\/en\/wp-json\/wp\/v2\/types\/page"}],"author":[{"embeddable":true,"href":"https:\/\/prudentwater.com\/en\/wp-json\/wp\/v2\/users\/1"}],"replies":[{"embeddable":true,"href":"https:\/\/prudentwater.com\/en\/wp-json\/wp\/v2\/comments?post=2032"}],"version-history":[{"count":0,"href":"https:\/\/prudentwater.com\/en\/wp-json\/wp\/v2\/pages\/2032\/revisions"}],"wp:attachment":[{"href":"https:\/\/prudentwater.com\/en\/wp-json\/wp\/v2\/media?parent=2032"}],"curies":[{"name":"wp","href":"https:\/\/api.w.org\/{rel}","templated":true}]}}