{"id":2038,"date":"2014-12-02T10:17:24","date_gmt":"2014-12-02T10:17:24","guid":{"rendered":"http:\/\/www.kunnskap.de\/?page_id=2038"},"modified":"2021-06-25T12:49:01","modified_gmt":"2021-06-25T10:49:01","slug":"flagge","status":"publish","type":"page","link":"https:\/\/prudentwater.com\/en\/flagge\/","title":{"rendered":"Flagge"},"content":{"rendered":"<p>engl. <strong>Flag<\/strong><\/p>\n<p>Die Flagge ist eine charttechnische Formation, die als Trendbest\u00e4tigung dienen soll. Sie tritt typischerweise in der Mitte einer Baisse oder Hausse auf und wird durch zwei parallel verlaufende Linien gebildet, welche gegen den \u00fcbergeordneten Haupttrend verlaufen. In einem \u00fcbergeordneten Aufw\u00e4rtstrend sind die Trendlinien der Flagge also abw\u00e4rtsgerichtet, wohingegen in einem \u00fcbergeordneten Abw\u00e4rtstrend die Trendlinien der Flaggen aufw\u00e4rtsgerichtet sind. Die Flagge wird deshalb in der Charttechnik auch als Konsolidierungsformation angesehen, also als eine Art &#8216;Verschnaufpause&#8217; von dem \u00fcbergeordneten Trend. Das Handelsvolumen ist innerhalb der Flagge r\u00fcckl\u00e4ufig bzw. geringer als au\u00dferhalb der Flagge. Bricht der Kurs jedoch schlie\u00dflich wieder aus der Flagge heraus, so geschieht dies auch mit einem gleichzeitig ansteigenden Handelsvolumen. Damit die weitere Kursrichtung des \u00fcbergeordneten Trendes auch best\u00e4tigt wird, sollte der Kursausbruch aus der Flagge mit einem deutlichen Umsatzanstieg einhergehen. Ist die Konsolidierung abgeschlossen, setzt der Kurs seinen Trend fort und bewegt sich weiter in die Richtung wie vor der Flaggenbildung. Dies gilt dann als Best\u00e4tigung des Trendes. Bricht der Kurs aus der Flagge jedoch in die entgegengesetzte Richtung des \u00fcbergeordneten Trendes aus, so gilt dieser \u00fcbergeordnete Trend als zun\u00e4chst beendet.<\/p>\n","protected":false},"excerpt":{"rendered":"<p>engl. Flag Die Flagge ist eine charttechnische Formation, die als Trendbest\u00e4tigung dienen soll. Sie tritt typischerweise in der Mitte einer Baisse oder Hausse auf und wird durch zwei parallel verlaufende Linien gebildet, welche gegen den \u00fcbergeordneten Haupttrend verlaufen. In einem \u00fcbergeordneten Aufw\u00e4rtstrend sind die Trendlinien der Flagge also abw\u00e4rtsgerichtet, wohingegen in einem \u00fcbergeordneten Abw\u00e4rtstrend die [&hellip;]<\/p>\n","protected":false},"author":1,"featured_media":0,"parent":0,"menu_order":0,"comment_status":"closed","ping_status":"closed","template":"","meta":{"site-sidebar-layout":"default","site-content-layout":"","ast-site-content-layout":"","site-content-style":"default","site-sidebar-style":"default","ast-global-header-display":"","ast-banner-title-visibility":"","ast-main-header-display":"","ast-hfb-above-header-display":"","ast-hfb-below-header-display":"","ast-hfb-mobile-header-display":"","site-post-title":"","ast-breadcrumbs-content":"","ast-featured-img":"","footer-sml-layout":"","theme-transparent-header-meta":"","adv-header-id-meta":"","stick-header-meta":"","header-above-stick-meta":"","header-main-stick-meta":"","header-below-stick-meta":"","astra-migrate-meta-layouts":"default","ast-page-background-enabled":"default","ast-page-background-meta":{"desktop":{"background-color":"","background-image":"","background-repeat":"repeat","background-position":"center center","background-size":"auto","background-attachment":"scroll","background-type":"","background-media":"","overlay-type":"","overlay-color":"","overlay-opacity":"","overlay-gradient":""},"tablet":{"background-color":"","background-image":"","background-repeat":"repeat","background-position":"center center","background-size":"auto","background-attachment":"scroll","background-type":"","background-media":"","overlay-type":"","overlay-color":"","overlay-opacity":"","overlay-gradient":""},"mobile":{"background-color":"","background-image":"","background-repeat":"repeat","background-position":"center center","background-size":"auto","background-attachment":"scroll","background-type":"","background-media":"","overlay-type":"","overlay-color":"","overlay-opacity":"","overlay-gradient":""}},"ast-content-background-meta":{"desktop":{"background-color":"var(--ast-global-color-5)","background-image":"","background-repeat":"repeat","background-position":"center center","background-size":"auto","background-attachment":"scroll","background-type":"","background-media":"","overlay-type":"","overlay-color":"","overlay-opacity":"","overlay-gradient":""},"tablet":{"background-color":"var(--ast-global-color-5)","background-image":"","background-repeat":"repeat","background-position":"center center","background-size":"auto","background-attachment":"scroll","background-type":"","background-media":"","overlay-type":"","overlay-color":"","overlay-opacity":"","overlay-gradient":""},"mobile":{"background-color":"var(--ast-global-color-5)","background-image":"","background-repeat":"repeat","background-position":"center center","background-size":"auto","background-attachment":"scroll","background-type":"","background-media":"","overlay-type":"","overlay-color":"","overlay-opacity":"","overlay-gradient":""}},"footnotes":""},"class_list":["post-2038","page","type-page","status-publish","hentry"],"translation":{"provider":"WPGlobus","version":"3.0.2","language":"en","enabled_languages":["de","en"],"languages":{"de":{"title":true,"content":true,"excerpt":false},"en":{"title":false,"content":false,"excerpt":false}}},"featured_image_urls_v2":{"full":"","thumbnail":"","medium":"","medium_large":"","large":"","1536x1536":"","2048x2048":""},"post_excerpt_stackable_v2":"<p>engl. Flag Die Flagge ist eine charttechnische Formation, die als Trendbest\u00e4tigung dienen soll. Sie tritt typischerweise in der Mitte einer Baisse oder Hausse auf und wird durch zwei parallel verlaufende Linien gebildet, welche gegen den \u00fcbergeordneten Haupttrend verlaufen. In einem \u00fcbergeordneten Aufw\u00e4rtstrend sind die Trendlinien der Flagge also abw\u00e4rtsgerichtet, wohingegen in einem \u00fcbergeordneten Abw\u00e4rtstrend die Trendlinien der Flaggen aufw\u00e4rtsgerichtet sind. Die Flagge wird deshalb in der Charttechnik auch als Konsolidierungsformation angesehen, also als eine Art &#8216;Verschnaufpause&#8217; von dem \u00fcbergeordneten Trend. Das Handelsvolumen ist innerhalb der Flagge r\u00fcckl\u00e4ufig bzw. geringer als au\u00dferhalb der Flagge. Bricht der Kurs jedoch schlie\u00dflich wieder aus&hellip;<\/p>\n","category_list_v2":"","author_info_v2":{"name":"PrudentWater","url":"https:\/\/prudentwater.com\/en\/author\/niklas33\/"},"comments_num_v2":"0 comments","_links":{"self":[{"href":"https:\/\/prudentwater.com\/en\/wp-json\/wp\/v2\/pages\/2038","targetHints":{"allow":["GET"]}}],"collection":[{"href":"https:\/\/prudentwater.com\/en\/wp-json\/wp\/v2\/pages"}],"about":[{"href":"https:\/\/prudentwater.com\/en\/wp-json\/wp\/v2\/types\/page"}],"author":[{"embeddable":true,"href":"https:\/\/prudentwater.com\/en\/wp-json\/wp\/v2\/users\/1"}],"replies":[{"embeddable":true,"href":"https:\/\/prudentwater.com\/en\/wp-json\/wp\/v2\/comments?post=2038"}],"version-history":[{"count":0,"href":"https:\/\/prudentwater.com\/en\/wp-json\/wp\/v2\/pages\/2038\/revisions"}],"wp:attachment":[{"href":"https:\/\/prudentwater.com\/en\/wp-json\/wp\/v2\/media?parent=2038"}],"curies":[{"name":"wp","href":"https:\/\/api.w.org\/{rel}","templated":true}]}}