{"id":2044,"date":"2014-12-02T10:47:34","date_gmt":"2014-12-02T10:47:34","guid":{"rendered":"http:\/\/www.kunnskap.de\/?page_id=2044"},"modified":"2021-06-25T12:49:01","modified_gmt":"2021-06-25T10:49:01","slug":"floating","status":"publish","type":"page","link":"https:\/\/prudentwater.com\/en\/floating\/","title":{"rendered":"Floating"},"content":{"rendered":"<p>Auch <strong>Flexible Wechselkurse<\/strong><\/p>\n<p>Die freie Bewegung von Wechselkursen an den Devisenm\u00e4rkten wird als Floating bezeichnet. Der Wechselkurs eines bestimmten Paares richtet sich also ausschlie\u00dflich nach Angebot und Nachfrage. Die Preisbildung wird somit dem Markt \u00fcberlassen. Bei dem W\u00e4hrungspaar EUR\/USD gilt somit, dass je mehr Marktteilnehmer den US-Dollar in Euro eintauschen wollen, desto st\u00e4rker die Nachfrage nach Euro und dementsprechend der Anstieg des Euro gegen\u00fcber dem US-Dollar. Umgekehrt, gilt, dass je mehr Marktteilnehmer den Euro in US-Dollar eintauschen wollen, desto st\u00e4rker die Nachfrage nach US-Dollar und dementsprechend der Anstieg des US-Dollar gegen\u00fcber dem Euro. Im zweiten Fall w\u00fcrde dann das W\u00e4hrungspaar EUR\/USD im Kurs sinken. Flexible Wechselkurse bilden sich also (jedoch nicht ausschlie\u00dflich) durch den internationalen Warenaustausch, sprich, durch das Devisenangebot aus G\u00fcterexporten und Kapitalimporten und die Devisennachfrage aus G\u00fcterimporten und Kapitalexporten. Die Einflussfaktoren auf die Wechselkurse sind jedoch vielf\u00e4ltiger, so bestimmt auch das Zinsniveau sowie die Kaufkraftparit\u00e4t die Entwicklung eines Wechselkurses.<br \/>\nBeim Floating wird nicht von einer W\u00e4hrungsbeh\u00f6rde (Zentralbank) eingegriffen, um den Wechselkurs in eine bestimmte Richtung zu lenken oder um die Abwertung \/ Aufwertung einer W\u00e4hrung zu stoppen oder einzuleiten. Kontrolliertes Floating, Managed Floating und Blockfloating sind hingegen durch Interventionen der W\u00e4hrungsbeh\u00f6rden gepr\u00e4gt.<\/p>\n","protected":false},"excerpt":{"rendered":"<p>Auch Flexible Wechselkurse Die freie Bewegung von Wechselkursen an den Devisenm\u00e4rkten wird als Floating bezeichnet. Der Wechselkurs eines bestimmten Paares richtet sich also ausschlie\u00dflich nach Angebot und Nachfrage. Die Preisbildung wird somit dem Markt \u00fcberlassen. Bei dem W\u00e4hrungspaar EUR\/USD gilt somit, dass je mehr Marktteilnehmer den US-Dollar in Euro eintauschen wollen, desto st\u00e4rker die Nachfrage [&hellip;]<\/p>\n","protected":false},"author":1,"featured_media":0,"parent":0,"menu_order":0,"comment_status":"closed","ping_status":"closed","template":"","meta":{"site-sidebar-layout":"default","site-content-layout":"","ast-site-content-layout":"","site-content-style":"default","site-sidebar-style":"default","ast-global-header-display":"","ast-banner-title-visibility":"","ast-main-header-display":"","ast-hfb-above-header-display":"","ast-hfb-below-header-display":"","ast-hfb-mobile-header-display":"","site-post-title":"","ast-breadcrumbs-content":"","ast-featured-img":"","footer-sml-layout":"","theme-transparent-header-meta":"","adv-header-id-meta":"","stick-header-meta":"","header-above-stick-meta":"","header-main-stick-meta":"","header-below-stick-meta":"","astra-migrate-meta-layouts":"default","ast-page-background-enabled":"default","ast-page-background-meta":{"desktop":{"background-color":"","background-image":"","background-repeat":"repeat","background-position":"center center","background-size":"auto","background-attachment":"scroll","background-type":"","background-media":"","overlay-type":"","overlay-color":"","overlay-opacity":"","overlay-gradient":""},"tablet":{"background-color":"","background-image":"","background-repeat":"repeat","background-position":"center center","background-size":"auto","background-attachment":"scroll","background-type":"","background-media":"","overlay-type":"","overlay-color":"","overlay-opacity":"","overlay-gradient":""},"mobile":{"background-color":"","background-image":"","background-repeat":"repeat","background-position":"center center","background-size":"auto","background-attachment":"scroll","background-type":"","background-media":"","overlay-type":"","overlay-color":"","overlay-opacity":"","overlay-gradient":""}},"ast-content-background-meta":{"desktop":{"background-color":"var(--ast-global-color-5)","background-image":"","background-repeat":"repeat","background-position":"center center","background-size":"auto","background-attachment":"scroll","background-type":"","background-media":"","overlay-type":"","overlay-color":"","overlay-opacity":"","overlay-gradient":""},"tablet":{"background-color":"var(--ast-global-color-5)","background-image":"","background-repeat":"repeat","background-position":"center center","background-size":"auto","background-attachment":"scroll","background-type":"","background-media":"","overlay-type":"","overlay-color":"","overlay-opacity":"","overlay-gradient":""},"mobile":{"background-color":"var(--ast-global-color-5)","background-image":"","background-repeat":"repeat","background-position":"center center","background-size":"auto","background-attachment":"scroll","background-type":"","background-media":"","overlay-type":"","overlay-color":"","overlay-opacity":"","overlay-gradient":""}},"footnotes":""},"class_list":["post-2044","page","type-page","status-publish","hentry"],"translation":{"provider":"WPGlobus","version":"3.0.2","language":"en","enabled_languages":["de","en"],"languages":{"de":{"title":true,"content":true,"excerpt":false},"en":{"title":false,"content":false,"excerpt":false}}},"featured_image_urls_v2":{"full":"","thumbnail":"","medium":"","medium_large":"","large":"","1536x1536":"","2048x2048":""},"post_excerpt_stackable_v2":"<p>Auch Flexible Wechselkurse Die freie Bewegung von Wechselkursen an den Devisenm\u00e4rkten wird als Floating bezeichnet. Der Wechselkurs eines bestimmten Paares richtet sich also ausschlie\u00dflich nach Angebot und Nachfrage. Die Preisbildung wird somit dem Markt \u00fcberlassen. Bei dem W\u00e4hrungspaar EUR\/USD gilt somit, dass je mehr Marktteilnehmer den US-Dollar in Euro eintauschen wollen, desto st\u00e4rker die Nachfrage nach Euro und dementsprechend der Anstieg des Euro gegen\u00fcber dem US-Dollar. Umgekehrt, gilt, dass je mehr Marktteilnehmer den Euro in US-Dollar eintauschen wollen, desto st\u00e4rker die Nachfrage nach US-Dollar und dementsprechend der Anstieg des US-Dollar gegen\u00fcber dem Euro. Im zweiten Fall w\u00fcrde dann das W\u00e4hrungspaar&hellip;<\/p>\n","category_list_v2":"","author_info_v2":{"name":"PrudentWater","url":"https:\/\/prudentwater.com\/en\/author\/niklas33\/"},"comments_num_v2":"0 comments","_links":{"self":[{"href":"https:\/\/prudentwater.com\/en\/wp-json\/wp\/v2\/pages\/2044","targetHints":{"allow":["GET"]}}],"collection":[{"href":"https:\/\/prudentwater.com\/en\/wp-json\/wp\/v2\/pages"}],"about":[{"href":"https:\/\/prudentwater.com\/en\/wp-json\/wp\/v2\/types\/page"}],"author":[{"embeddable":true,"href":"https:\/\/prudentwater.com\/en\/wp-json\/wp\/v2\/users\/1"}],"replies":[{"embeddable":true,"href":"https:\/\/prudentwater.com\/en\/wp-json\/wp\/v2\/comments?post=2044"}],"version-history":[{"count":0,"href":"https:\/\/prudentwater.com\/en\/wp-json\/wp\/v2\/pages\/2044\/revisions"}],"wp:attachment":[{"href":"https:\/\/prudentwater.com\/en\/wp-json\/wp\/v2\/media?parent=2044"}],"curies":[{"name":"wp","href":"https:\/\/api.w.org\/{rel}","templated":true}]}}