{"id":2052,"date":"2014-12-02T11:36:22","date_gmt":"2014-12-02T11:36:22","guid":{"rendered":"http:\/\/www.kunnskap.de\/?page_id=2052"},"modified":"2021-06-25T12:49:35","modified_gmt":"2021-06-25T10:49:35","slug":"managed-floating","status":"publish","type":"page","link":"https:\/\/prudentwater.com\/en\/managed-floating\/","title":{"rendered":"Managed Floating"},"content":{"rendered":"<p>Auch <strong>Dirty Float<\/strong><\/p>\n<p>Beim Managed Floating greift die Zentralbank gelegentlich ein, um ihre Wechselkursziele zu erreichen. Grunds\u00e4tzlich schwanken die Wechselkurse frei, jedoch nach Bedarf und situationsabh\u00e4ngig reagiert die Zentralbank und beeinflusst ihre W\u00e4hrung durch Interventionen am Devisenmarkt. Sieht die Zentralbank die Entwicklung ihrer W\u00e4hrung als unerw\u00fcnscht an, greift sie beim Managed Floating ein, um makro\u00f6konomische Ziele zu erreichen.<\/p>\n<p>Die jeweilige Zentralbank des Landes \/ des W\u00e4hrungsraumes interveniert beim Managed Floating also nur dann, wenn sie die Notwendigkeit daf\u00fcr sieht. Die Konsequenz dieser Politik ist dabei jedoch ein oftmals stetiger Anstieg der W\u00e4hrungsreserven der Zentralbank. Die W\u00e4hrungsreserven der Bank wachsen an, wenn diese durch Aufk\u00e4ufe fremder W\u00e4hrungen verursacht, die eigene W\u00e4hrung zu schw\u00e4chen bzw. eine weitere Aufwertung der eigenen W\u00e4hrung zu vermeiden. Die Bank wei\u00df \u00fcber die Nachteile einer starken W\u00e4hrung, weshalb sie schlie\u00dflich am Devisenmarkt agiert. In diesem Fall wird mit der eigenen W\u00e4hrung in der Regel der US-Dollar, der Euro oder das Pfund Sterling aufgekauft, wodurch letztendlich die W\u00e4hrungsreserven anwachsen. <\/p>\n","protected":false},"excerpt":{"rendered":"<p>Auch Dirty Float Beim Managed Floating greift die Zentralbank gelegentlich ein, um ihre Wechselkursziele zu erreichen. Grunds\u00e4tzlich schwanken die Wechselkurse frei, jedoch nach Bedarf und situationsabh\u00e4ngig reagiert die Zentralbank und beeinflusst ihre W\u00e4hrung durch Interventionen am Devisenmarkt. Sieht die Zentralbank die Entwicklung ihrer W\u00e4hrung als unerw\u00fcnscht an, greift sie beim Managed Floating ein, um makro\u00f6konomische [&hellip;]<\/p>\n","protected":false},"author":1,"featured_media":0,"parent":0,"menu_order":0,"comment_status":"closed","ping_status":"closed","template":"","meta":{"site-sidebar-layout":"default","site-content-layout":"","ast-site-content-layout":"","site-content-style":"default","site-sidebar-style":"default","ast-global-header-display":"","ast-banner-title-visibility":"","ast-main-header-display":"","ast-hfb-above-header-display":"","ast-hfb-below-header-display":"","ast-hfb-mobile-header-display":"","site-post-title":"","ast-breadcrumbs-content":"","ast-featured-img":"","footer-sml-layout":"","theme-transparent-header-meta":"","adv-header-id-meta":"","stick-header-meta":"","header-above-stick-meta":"","header-main-stick-meta":"","header-below-stick-meta":"","astra-migrate-meta-layouts":"default","ast-page-background-enabled":"default","ast-page-background-meta":{"desktop":{"background-color":"","background-image":"","background-repeat":"repeat","background-position":"center center","background-size":"auto","background-attachment":"scroll","background-type":"","background-media":"","overlay-type":"","overlay-color":"","overlay-opacity":"","overlay-gradient":""},"tablet":{"background-color":"","background-image":"","background-repeat":"repeat","background-position":"center center","background-size":"auto","background-attachment":"scroll","background-type":"","background-media":"","overlay-type":"","overlay-color":"","overlay-opacity":"","overlay-gradient":""},"mobile":{"background-color":"","background-image":"","background-repeat":"repeat","background-position":"center center","background-size":"auto","background-attachment":"scroll","background-type":"","background-media":"","overlay-type":"","overlay-color":"","overlay-opacity":"","overlay-gradient":""}},"ast-content-background-meta":{"desktop":{"background-color":"var(--ast-global-color-5)","background-image":"","background-repeat":"repeat","background-position":"center center","background-size":"auto","background-attachment":"scroll","background-type":"","background-media":"","overlay-type":"","overlay-color":"","overlay-opacity":"","overlay-gradient":""},"tablet":{"background-color":"var(--ast-global-color-5)","background-image":"","background-repeat":"repeat","background-position":"center center","background-size":"auto","background-attachment":"scroll","background-type":"","background-media":"","overlay-type":"","overlay-color":"","overlay-opacity":"","overlay-gradient":""},"mobile":{"background-color":"var(--ast-global-color-5)","background-image":"","background-repeat":"repeat","background-position":"center center","background-size":"auto","background-attachment":"scroll","background-type":"","background-media":"","overlay-type":"","overlay-color":"","overlay-opacity":"","overlay-gradient":""}},"footnotes":""},"class_list":["post-2052","page","type-page","status-publish","hentry"],"translation":{"provider":"WPGlobus","version":"3.0.2","language":"en","enabled_languages":["de","en"],"languages":{"de":{"title":true,"content":true,"excerpt":false},"en":{"title":false,"content":false,"excerpt":false}}},"featured_image_urls_v2":{"full":"","thumbnail":"","medium":"","medium_large":"","large":"","1536x1536":"","2048x2048":""},"post_excerpt_stackable_v2":"<p>Auch Dirty Float Beim Managed Floating greift die Zentralbank gelegentlich ein, um ihre Wechselkursziele zu erreichen. Grunds\u00e4tzlich schwanken die Wechselkurse frei, jedoch nach Bedarf und situationsabh\u00e4ngig reagiert die Zentralbank und beeinflusst ihre W\u00e4hrung durch Interventionen am Devisenmarkt. Sieht die Zentralbank die Entwicklung ihrer W\u00e4hrung als unerw\u00fcnscht an, greift sie beim Managed Floating ein, um makro\u00f6konomische Ziele zu erreichen. Die jeweilige Zentralbank des Landes \/ des W\u00e4hrungsraumes interveniert beim Managed Floating also nur dann, wenn sie die Notwendigkeit daf\u00fcr sieht. Die Konsequenz dieser Politik ist dabei jedoch ein oftmals stetiger Anstieg der W\u00e4hrungsreserven der Zentralbank. Die W\u00e4hrungsreserven der Bank wachsen an,&hellip;<\/p>\n","category_list_v2":"","author_info_v2":{"name":"PrudentWater","url":"https:\/\/prudentwater.com\/en\/author\/niklas33\/"},"comments_num_v2":"0 comments","_links":{"self":[{"href":"https:\/\/prudentwater.com\/en\/wp-json\/wp\/v2\/pages\/2052","targetHints":{"allow":["GET"]}}],"collection":[{"href":"https:\/\/prudentwater.com\/en\/wp-json\/wp\/v2\/pages"}],"about":[{"href":"https:\/\/prudentwater.com\/en\/wp-json\/wp\/v2\/types\/page"}],"author":[{"embeddable":true,"href":"https:\/\/prudentwater.com\/en\/wp-json\/wp\/v2\/users\/1"}],"replies":[{"embeddable":true,"href":"https:\/\/prudentwater.com\/en\/wp-json\/wp\/v2\/comments?post=2052"}],"version-history":[{"count":0,"href":"https:\/\/prudentwater.com\/en\/wp-json\/wp\/v2\/pages\/2052\/revisions"}],"wp:attachment":[{"href":"https:\/\/prudentwater.com\/en\/wp-json\/wp\/v2\/media?parent=2052"}],"curies":[{"name":"wp","href":"https:\/\/api.w.org\/{rel}","templated":true}]}}