{"id":2056,"date":"2014-12-02T20:21:03","date_gmt":"2014-12-02T20:21:03","guid":{"rendered":"http:\/\/www.kunnskap.de\/?page_id=2056"},"modified":"2021-06-25T12:49:01","modified_gmt":"2021-06-25T10:49:01","slug":"floor","status":"publish","type":"page","link":"https:\/\/prudentwater.com\/en\/floor\/","title":{"rendered":"Floor"},"content":{"rendered":"<p>Auch <strong>Interest Rate Floor<\/strong><\/p>\n<p>Der Floor ist eine Zinsoption und dient dazu, um auf fallende Zinsen zu spekulieren oder aber um eine get\u00e4tigte Geldanlage gegen sinkende Zinsen abzusichern. Dem K\u00e4ufer eines Floor wird dadurch eine Mindestverzinsung auf einen vorher festgelegten investierten Nominalbetrag garantiert. Daf\u00fcr muss er dem Verk\u00e4ufer der Floor-Option eine Pr\u00e4mie (den Optionspreis) bezahlen.<br \/>\nBei diesem Zinsoptionsgesch\u00e4ft wird vorher eine Zinsuntergrenze festgelegt und ein Referenzzinssatz bestimmt. Dieser Referenzzinssatz ist in der Regel der EURIBOR oder der LIBOR. F\u00e4llt der Referenzzinssatz nun w\u00e4hrend der Laufzeit unter die Zinsuntergrenze, so erh\u00e4lt der K\u00e4ufer des Floor vom Verk\u00e4ufer die Differenz der beiden Zinss\u00e4tze in Form einer Ausgleichszahlung. Liegt also die Zinsuntergrenze bei 5 %, der Referenzzinssatz am F\u00e4lligkeitstag bei 2 %, so erh\u00e4lt der K\u00e4ufer 3 % Zinsen auf einen zugrunde liegenden nominellen Kapitalbetrag. Liegt der Referenzzinssatz jedoch am F\u00e4lligkeitstag bei z.B. 6 % und somit \u00fcber der Zinsuntergrenze, erh\u00e4lt der K\u00e4ufer keine Zinsen. Die Pr\u00e4mie bekommt er allerdings in beiden F\u00e4llen nicht wieder. Sie dient dem Verk\u00e4ufer des Optionsscheines als Ausgleich f\u00fcr das Risiko, welches er bei diesem Gesch\u00e4ft eingegangen ist.<br \/>\nEin Floor ist ein Derivat und dient neben spekulativen Zwecken auch der Absicherung von Festgeld. F\u00e4llt n\u00e4mlich der Zinssatz f\u00fcr das Festgeld, steigt gleichzeitig der Wert der Floor-Option, da schlie\u00dflich auf fallende Zinsen spekuliert wird, dieses Szenario eingetreten ist und dadurch der Wert der Option erh\u00f6ht wurde. <\/p>\n","protected":false},"excerpt":{"rendered":"<p>Auch Interest Rate Floor Der Floor ist eine Zinsoption und dient dazu, um auf fallende Zinsen zu spekulieren oder aber um eine get\u00e4tigte Geldanlage gegen sinkende Zinsen abzusichern. Dem K\u00e4ufer eines Floor wird dadurch eine Mindestverzinsung auf einen vorher festgelegten investierten Nominalbetrag garantiert. Daf\u00fcr muss er dem Verk\u00e4ufer der Floor-Option eine Pr\u00e4mie (den Optionspreis) bezahlen. [&hellip;]<\/p>\n","protected":false},"author":1,"featured_media":0,"parent":0,"menu_order":0,"comment_status":"closed","ping_status":"closed","template":"","meta":{"site-sidebar-layout":"default","site-content-layout":"","ast-site-content-layout":"","site-content-style":"default","site-sidebar-style":"default","ast-global-header-display":"","ast-banner-title-visibility":"","ast-main-header-display":"","ast-hfb-above-header-display":"","ast-hfb-below-header-display":"","ast-hfb-mobile-header-display":"","site-post-title":"","ast-breadcrumbs-content":"","ast-featured-img":"","footer-sml-layout":"","theme-transparent-header-meta":"","adv-header-id-meta":"","stick-header-meta":"","header-above-stick-meta":"","header-main-stick-meta":"","header-below-stick-meta":"","astra-migrate-meta-layouts":"default","ast-page-background-enabled":"default","ast-page-background-meta":{"desktop":{"background-color":"","background-image":"","background-repeat":"repeat","background-position":"center center","background-size":"auto","background-attachment":"scroll","background-type":"","background-media":"","overlay-type":"","overlay-color":"","overlay-opacity":"","overlay-gradient":""},"tablet":{"background-color":"","background-image":"","background-repeat":"repeat","background-position":"center center","background-size":"auto","background-attachment":"scroll","background-type":"","background-media":"","overlay-type":"","overlay-color":"","overlay-opacity":"","overlay-gradient":""},"mobile":{"background-color":"","background-image":"","background-repeat":"repeat","background-position":"center center","background-size":"auto","background-attachment":"scroll","background-type":"","background-media":"","overlay-type":"","overlay-color":"","overlay-opacity":"","overlay-gradient":""}},"ast-content-background-meta":{"desktop":{"background-color":"var(--ast-global-color-5)","background-image":"","background-repeat":"repeat","background-position":"center center","background-size":"auto","background-attachment":"scroll","background-type":"","background-media":"","overlay-type":"","overlay-color":"","overlay-opacity":"","overlay-gradient":""},"tablet":{"background-color":"var(--ast-global-color-5)","background-image":"","background-repeat":"repeat","background-position":"center center","background-size":"auto","background-attachment":"scroll","background-type":"","background-media":"","overlay-type":"","overlay-color":"","overlay-opacity":"","overlay-gradient":""},"mobile":{"background-color":"var(--ast-global-color-5)","background-image":"","background-repeat":"repeat","background-position":"center center","background-size":"auto","background-attachment":"scroll","background-type":"","background-media":"","overlay-type":"","overlay-color":"","overlay-opacity":"","overlay-gradient":""}},"footnotes":""},"class_list":["post-2056","page","type-page","status-publish","hentry"],"translation":{"provider":"WPGlobus","version":"3.0.2","language":"en","enabled_languages":["de","en"],"languages":{"de":{"title":true,"content":true,"excerpt":false},"en":{"title":false,"content":false,"excerpt":false}}},"featured_image_urls_v2":{"full":"","thumbnail":"","medium":"","medium_large":"","large":"","1536x1536":"","2048x2048":""},"post_excerpt_stackable_v2":"<p>Auch Interest Rate Floor Der Floor ist eine Zinsoption und dient dazu, um auf fallende Zinsen zu spekulieren oder aber um eine get\u00e4tigte Geldanlage gegen sinkende Zinsen abzusichern. Dem K\u00e4ufer eines Floor wird dadurch eine Mindestverzinsung auf einen vorher festgelegten investierten Nominalbetrag garantiert. Daf\u00fcr muss er dem Verk\u00e4ufer der Floor-Option eine Pr\u00e4mie (den Optionspreis) bezahlen. Bei diesem Zinsoptionsgesch\u00e4ft wird vorher eine Zinsuntergrenze festgelegt und ein Referenzzinssatz bestimmt. Dieser Referenzzinssatz ist in der Regel der EURIBOR oder der LIBOR. F\u00e4llt der Referenzzinssatz nun w\u00e4hrend der Laufzeit unter die Zinsuntergrenze, so erh\u00e4lt der K\u00e4ufer des Floor vom Verk\u00e4ufer die Differenz der beiden&hellip;<\/p>\n","category_list_v2":"","author_info_v2":{"name":"PrudentWater","url":"https:\/\/prudentwater.com\/en\/author\/niklas33\/"},"comments_num_v2":"0 comments","_links":{"self":[{"href":"https:\/\/prudentwater.com\/en\/wp-json\/wp\/v2\/pages\/2056","targetHints":{"allow":["GET"]}}],"collection":[{"href":"https:\/\/prudentwater.com\/en\/wp-json\/wp\/v2\/pages"}],"about":[{"href":"https:\/\/prudentwater.com\/en\/wp-json\/wp\/v2\/types\/page"}],"author":[{"embeddable":true,"href":"https:\/\/prudentwater.com\/en\/wp-json\/wp\/v2\/users\/1"}],"replies":[{"embeddable":true,"href":"https:\/\/prudentwater.com\/en\/wp-json\/wp\/v2\/comments?post=2056"}],"version-history":[{"count":0,"href":"https:\/\/prudentwater.com\/en\/wp-json\/wp\/v2\/pages\/2056\/revisions"}],"wp:attachment":[{"href":"https:\/\/prudentwater.com\/en\/wp-json\/wp\/v2\/media?parent=2056"}],"curies":[{"name":"wp","href":"https:\/\/api.w.org\/{rel}","templated":true}]}}