{"id":2059,"date":"2014-12-02T20:43:58","date_gmt":"2014-12-02T20:43:58","guid":{"rendered":"http:\/\/www.kunnskap.de\/?page_id=2059"},"modified":"2021-06-25T12:50:08","modified_gmt":"2021-06-25T10:50:08","slug":"referenzzinssatz","status":"publish","type":"page","link":"https:\/\/prudentwater.com\/en\/referenzzinssatz\/","title":{"rendered":"Referenzzinssatz"},"content":{"rendered":"<p>engl. <strong>Reference Rate<\/strong><\/p>\n<p>Als Referenzzinssatz wird jener Zinssatz bezeichnet, der f\u00fcr ein Kreditgesch\u00e4ft mit bestimmter Laufzeit und W\u00e4hrung g\u00fcltig ist. Dieser gilt dann als Grundlage des Finanzgesch\u00e4ftes, wobei je nach Bonit\u00e4t ein Aufschlag oder Abschlag stattfinden kann. Der Kreditzins steigt oder sinkt jedoch mit dem Referenzzinssatz. Sowohl der EURIBOR als auch der LIBOR sind Referenzzinss\u00e4tze. So kann beispielsweise in einem Kreditgesch\u00e4ft ein Zinssatz festgelegt werden, der sich als EURIBOR + 0,5 % definiert. Der Schuldner hat dann den Gl\u00e4ubiger den EURIBOR-Zinssatz zu zahlen plus einen Aufschlag von 0,5 %. In diesem Kreditgesch\u00e4ft ist dann der EURIBOR der Referenzzinssatz. <\/p>\n","protected":false},"excerpt":{"rendered":"<p>engl. Reference Rate Als Referenzzinssatz wird jener Zinssatz bezeichnet, der f\u00fcr ein Kreditgesch\u00e4ft mit bestimmter Laufzeit und W\u00e4hrung g\u00fcltig ist. Dieser gilt dann als Grundlage des Finanzgesch\u00e4ftes, wobei je nach Bonit\u00e4t ein Aufschlag oder Abschlag stattfinden kann. Der Kreditzins steigt oder sinkt jedoch mit dem Referenzzinssatz. Sowohl der EURIBOR als auch der LIBOR sind Referenzzinss\u00e4tze. [&hellip;]<\/p>\n","protected":false},"author":1,"featured_media":0,"parent":0,"menu_order":0,"comment_status":"closed","ping_status":"closed","template":"","meta":{"site-sidebar-layout":"default","site-content-layout":"","ast-site-content-layout":"","site-content-style":"default","site-sidebar-style":"default","ast-global-header-display":"","ast-banner-title-visibility":"","ast-main-header-display":"","ast-hfb-above-header-display":"","ast-hfb-below-header-display":"","ast-hfb-mobile-header-display":"","site-post-title":"","ast-breadcrumbs-content":"","ast-featured-img":"","footer-sml-layout":"","theme-transparent-header-meta":"","adv-header-id-meta":"","stick-header-meta":"","header-above-stick-meta":"","header-main-stick-meta":"","header-below-stick-meta":"","astra-migrate-meta-layouts":"default","ast-page-background-enabled":"default","ast-page-background-meta":{"desktop":{"background-color":"","background-image":"","background-repeat":"repeat","background-position":"center center","background-size":"auto","background-attachment":"scroll","background-type":"","background-media":"","overlay-type":"","overlay-color":"","overlay-opacity":"","overlay-gradient":""},"tablet":{"background-color":"","background-image":"","background-repeat":"repeat","background-position":"center center","background-size":"auto","background-attachment":"scroll","background-type":"","background-media":"","overlay-type":"","overlay-color":"","overlay-opacity":"","overlay-gradient":""},"mobile":{"background-color":"","background-image":"","background-repeat":"repeat","background-position":"center center","background-size":"auto","background-attachment":"scroll","background-type":"","background-media":"","overlay-type":"","overlay-color":"","overlay-opacity":"","overlay-gradient":""}},"ast-content-background-meta":{"desktop":{"background-color":"var(--ast-global-color-5)","background-image":"","background-repeat":"repeat","background-position":"center center","background-size":"auto","background-attachment":"scroll","background-type":"","background-media":"","overlay-type":"","overlay-color":"","overlay-opacity":"","overlay-gradient":""},"tablet":{"background-color":"var(--ast-global-color-5)","background-image":"","background-repeat":"repeat","background-position":"center center","background-size":"auto","background-attachment":"scroll","background-type":"","background-media":"","overlay-type":"","overlay-color":"","overlay-opacity":"","overlay-gradient":""},"mobile":{"background-color":"var(--ast-global-color-5)","background-image":"","background-repeat":"repeat","background-position":"center center","background-size":"auto","background-attachment":"scroll","background-type":"","background-media":"","overlay-type":"","overlay-color":"","overlay-opacity":"","overlay-gradient":""}},"footnotes":""},"class_list":["post-2059","page","type-page","status-publish","hentry"],"translation":{"provider":"WPGlobus","version":"3.0.2","language":"en","enabled_languages":["de","en"],"languages":{"de":{"title":true,"content":true,"excerpt":false},"en":{"title":false,"content":false,"excerpt":false}}},"featured_image_urls_v2":{"full":"","thumbnail":"","medium":"","medium_large":"","large":"","1536x1536":"","2048x2048":""},"post_excerpt_stackable_v2":"<p>engl. Reference Rate Als Referenzzinssatz wird jener Zinssatz bezeichnet, der f\u00fcr ein Kreditgesch\u00e4ft mit bestimmter Laufzeit und W\u00e4hrung g\u00fcltig ist. Dieser gilt dann als Grundlage des Finanzgesch\u00e4ftes, wobei je nach Bonit\u00e4t ein Aufschlag oder Abschlag stattfinden kann. Der Kreditzins steigt oder sinkt jedoch mit dem Referenzzinssatz. Sowohl der EURIBOR als auch der LIBOR sind Referenzzinss\u00e4tze. So kann beispielsweise in einem Kreditgesch\u00e4ft ein Zinssatz festgelegt werden, der sich als EURIBOR + 0,5 % definiert. Der Schuldner hat dann den Gl\u00e4ubiger den EURIBOR-Zinssatz zu zahlen plus einen Aufschlag von 0,5 %. In diesem Kreditgesch\u00e4ft ist dann der EURIBOR der Referenzzinssatz.<\/p>\n","category_list_v2":"","author_info_v2":{"name":"PrudentWater","url":"https:\/\/prudentwater.com\/en\/author\/niklas33\/"},"comments_num_v2":"0 comments","_links":{"self":[{"href":"https:\/\/prudentwater.com\/en\/wp-json\/wp\/v2\/pages\/2059","targetHints":{"allow":["GET"]}}],"collection":[{"href":"https:\/\/prudentwater.com\/en\/wp-json\/wp\/v2\/pages"}],"about":[{"href":"https:\/\/prudentwater.com\/en\/wp-json\/wp\/v2\/types\/page"}],"author":[{"embeddable":true,"href":"https:\/\/prudentwater.com\/en\/wp-json\/wp\/v2\/users\/1"}],"replies":[{"embeddable":true,"href":"https:\/\/prudentwater.com\/en\/wp-json\/wp\/v2\/comments?post=2059"}],"version-history":[{"count":0,"href":"https:\/\/prudentwater.com\/en\/wp-json\/wp\/v2\/pages\/2059\/revisions"}],"wp:attachment":[{"href":"https:\/\/prudentwater.com\/en\/wp-json\/wp\/v2\/media?parent=2059"}],"curies":[{"name":"wp","href":"https:\/\/api.w.org\/{rel}","templated":true}]}}