{"id":207,"date":"2014-08-19T11:47:06","date_gmt":"2014-08-19T11:47:06","guid":{"rendered":"http:\/\/www.kunnskap.de\/?page_id=207"},"modified":"2021-06-25T12:48:17","modified_gmt":"2021-06-25T10:48:17","slug":"aktienoption","status":"publish","type":"page","link":"https:\/\/prudentwater.com\/en\/aktienoption\/","title":{"rendered":"Aktienoption"},"content":{"rendered":"<p>engl. <strong>Stock Option<\/strong><\/p>\n<p>Eine Aktienoption ist ein Derivat und berechtigt den Inhaber zum Kauf oder Verkauf einer Aktie innerhalb einer festgelegten Frist und bei vorher festgelegtem Aus\u00fcbungspreis. Der Basiswert der Option ist also eine zugrunde liegende Aktie, welche bei einer Call Aktienoption gekauft und bei einer Put Aktienoption verkauft werden kann. Die Option kann jedoch nur an einer Terminb\u00f6rse wie zum Beispiel der EUREX gehandelt werden. Aktienoptionen werden oftmals an Mitarbeitern oder Vorst\u00e4nden ausgegeben, diese haben dann die M\u00f6glichkeit, jedoch nicht die Pflicht, Aktien ihres Unternehmens zu erhalten, wenn sie ihre Aktienoptionen aus\u00fcben.<\/p>\n<h4>Aktienoptionen in der Bilanz<\/h4>\n<p>Im Jahresabschluss muss jedes Unternehmen angeben, wie hoch aktuell die Anzahl der ausstehenden Aktienoption ist. Unter dem Punkt Verw\u00e4ssertes Ergebnis je Aktie wird zudem das erzielte Ergebnis je Aktie angezeigt, wenn alle Aktienoptionen auf einen Schlag ausge\u00fcbt werden w\u00fcrden. Investoren sollten die Anzahl der Aktienoptionen stets beachten, denn diese Derivate k\u00f6nnen zu einer teilweise starken Verw\u00e4sserung der Rendite f\u00fchren. Hat ein Unternehmen 8 Millionen Aktien ausgegeben und hat es im abgelaufenen Gesch\u00e4ftsjahr einen Gewinn von 2 000 000 Euro erzielt, so liegt der Gewinn je Aktie bei 0,25 Euro. Sind aber nun noch Aktienoptionen auf weitere 2 000 000 Aktien ausstehend, so w\u00fcrde bei Aus\u00fcbung aller Optionen der Gewinn pro Aktie bei gleichbleibenden Gewinnerl\u00f6sen des Unternehmens auf 0,2 Euro sinken, denn von nun an muss schlicht der Gewinn des Unternehmens auf mehrere Aktien verteilt werden. Dies w\u00fcrde dann ebenso die Dividende je Aktie belasten, weshalb Investoren stets die Anzahl der ausstehenden Aktienoptionen beobachten sollten und bei der Berechnung der zuk\u00fcnftigen Gewinne das verw\u00e4sserte Ergebnis je Aktie heranziehen m\u00fcssen.<\/p>\n","protected":false},"excerpt":{"rendered":"<p>engl. Stock Option Eine Aktienoption ist ein Derivat und berechtigt den Inhaber zum Kauf oder Verkauf einer Aktie innerhalb einer festgelegten Frist und bei vorher festgelegtem Aus\u00fcbungspreis. Der Basiswert der Option ist also eine zugrunde liegende Aktie, welche bei einer Call Aktienoption gekauft und bei einer Put Aktienoption verkauft werden kann. Die Option kann jedoch [&hellip;]<\/p>\n","protected":false},"author":1,"featured_media":0,"parent":0,"menu_order":0,"comment_status":"closed","ping_status":"closed","template":"","meta":{"site-sidebar-layout":"default","site-content-layout":"","ast-site-content-layout":"","site-content-style":"default","site-sidebar-style":"default","ast-global-header-display":"","ast-banner-title-visibility":"","ast-main-header-display":"","ast-hfb-above-header-display":"","ast-hfb-below-header-display":"","ast-hfb-mobile-header-display":"","site-post-title":"","ast-breadcrumbs-content":"","ast-featured-img":"","footer-sml-layout":"","theme-transparent-header-meta":"","adv-header-id-meta":"","stick-header-meta":"","header-above-stick-meta":"","header-main-stick-meta":"","header-below-stick-meta":"","astra-migrate-meta-layouts":"default","ast-page-background-enabled":"default","ast-page-background-meta":{"desktop":{"background-color":"","background-image":"","background-repeat":"repeat","background-position":"center center","background-size":"auto","background-attachment":"scroll","background-type":"","background-media":"","overlay-type":"","overlay-color":"","overlay-opacity":"","overlay-gradient":""},"tablet":{"background-color":"","background-image":"","background-repeat":"repeat","background-position":"center center","background-size":"auto","background-attachment":"scroll","background-type":"","background-media":"","overlay-type":"","overlay-color":"","overlay-opacity":"","overlay-gradient":""},"mobile":{"background-color":"","background-image":"","background-repeat":"repeat","background-position":"center center","background-size":"auto","background-attachment":"scroll","background-type":"","background-media":"","overlay-type":"","overlay-color":"","overlay-opacity":"","overlay-gradient":""}},"ast-content-background-meta":{"desktop":{"background-color":"var(--ast-global-color-5)","background-image":"","background-repeat":"repeat","background-position":"center center","background-size":"auto","background-attachment":"scroll","background-type":"","background-media":"","overlay-type":"","overlay-color":"","overlay-opacity":"","overlay-gradient":""},"tablet":{"background-color":"var(--ast-global-color-5)","background-image":"","background-repeat":"repeat","background-position":"center center","background-size":"auto","background-attachment":"scroll","background-type":"","background-media":"","overlay-type":"","overlay-color":"","overlay-opacity":"","overlay-gradient":""},"mobile":{"background-color":"var(--ast-global-color-5)","background-image":"","background-repeat":"repeat","background-position":"center center","background-size":"auto","background-attachment":"scroll","background-type":"","background-media":"","overlay-type":"","overlay-color":"","overlay-opacity":"","overlay-gradient":""}},"footnotes":""},"class_list":["post-207","page","type-page","status-publish","hentry"],"translation":{"provider":"WPGlobus","version":"3.0.2","language":"en","enabled_languages":["de","en"],"languages":{"de":{"title":true,"content":true,"excerpt":false},"en":{"title":false,"content":false,"excerpt":false}}},"featured_image_urls_v2":{"full":"","thumbnail":"","medium":"","medium_large":"","large":"","1536x1536":"","2048x2048":""},"post_excerpt_stackable_v2":"<p>engl. Stock Option Eine Aktienoption ist ein Derivat und berechtigt den Inhaber zum Kauf oder Verkauf einer Aktie innerhalb einer festgelegten Frist und bei vorher festgelegtem Aus\u00fcbungspreis. Der Basiswert der Option ist also eine zugrunde liegende Aktie, welche bei einer Call Aktienoption gekauft und bei einer Put Aktienoption verkauft werden kann. Die Option kann jedoch nur an einer Terminb\u00f6rse wie zum Beispiel der EUREX gehandelt werden. Aktienoptionen werden oftmals an Mitarbeitern oder Vorst\u00e4nden ausgegeben, diese haben dann die M\u00f6glichkeit, jedoch nicht die Pflicht, Aktien ihres Unternehmens zu erhalten, wenn sie ihre Aktienoptionen aus\u00fcben. Aktienoptionen in der Bilanz Im Jahresabschluss muss&hellip;<\/p>\n","category_list_v2":"","author_info_v2":{"name":"PrudentWater","url":"https:\/\/prudentwater.com\/en\/author\/niklas33\/"},"comments_num_v2":"0 comments","_links":{"self":[{"href":"https:\/\/prudentwater.com\/en\/wp-json\/wp\/v2\/pages\/207","targetHints":{"allow":["GET"]}}],"collection":[{"href":"https:\/\/prudentwater.com\/en\/wp-json\/wp\/v2\/pages"}],"about":[{"href":"https:\/\/prudentwater.com\/en\/wp-json\/wp\/v2\/types\/page"}],"author":[{"embeddable":true,"href":"https:\/\/prudentwater.com\/en\/wp-json\/wp\/v2\/users\/1"}],"replies":[{"embeddable":true,"href":"https:\/\/prudentwater.com\/en\/wp-json\/wp\/v2\/comments?post=207"}],"version-history":[{"count":0,"href":"https:\/\/prudentwater.com\/en\/wp-json\/wp\/v2\/pages\/207\/revisions"}],"wp:attachment":[{"href":"https:\/\/prudentwater.com\/en\/wp-json\/wp\/v2\/media?parent=207"}],"curies":[{"name":"wp","href":"https:\/\/api.w.org\/{rel}","templated":true}]}}