{"id":2078,"date":"2014-12-03T13:53:04","date_gmt":"2014-12-03T13:53:04","guid":{"rendered":"http:\/\/www.kunnskap.de\/?page_id=2078"},"modified":"2022-11-12T14:20:34","modified_gmt":"2022-11-12T13:20:34","slug":"streubesitz","status":"publish","type":"page","link":"https:\/\/prudentwater.com\/en\/streubesitz\/","title":{"rendered":"Streubesitz"},"content":{"rendered":"<p>engl. <b>Free Float<\/b><\/p>\n<p>Der Streubesitz ist der Aktienanteil einer Aktiengesellschaft, der frei zum Handel \u00fcber die B\u00f6rse verf\u00fcgbar ist und sich nicht im Festbesitz befindet. Aktien im Streubesitz k\u00f6nnen jederzeit \u00fcber die B\u00f6rse ge- und verkauft werden. Aktienpakete unter 5 % geh\u00f6ren zum Streubesitz. Besitzt jedoch der Unternehmensgr\u00fcnder, ein Gro\u00dfaktion\u00e4r oder beispielsweise auch der Staat mehr als 5 % der Aktien eines Unternehmens, so werden diese Aktien zum Festbesitz gez\u00e4hlt. Ausgenommen davon sind jedoch in der Regel Aktienpakete von Fonds oder Verm\u00f6gensverwalter, da diese die jeweiligen Gelder und damit Aktien lediglich f\u00fcr ihre Kunden verwalten. Der Streubesitz ist somit immer der Anteil der Aktien eines Unternehmens, welcher frei zum Handel verf\u00fcgbar ist und nicht von Gro\u00dfaktion\u00e4ren langfristig gehalten wird. Liegt der Streubesitz bei einer Aktiengesellschaft bei 91 %, so k\u00f6nnen aktuell 91 % aller Aktien t\u00e4glich \u00fcber die B\u00f6rse ge- und verkauft werden. 9 % der Aktien werden dann im Festbesitz verwahrt.<\/p>\n","protected":false},"excerpt":{"rendered":"<p>engl. Free Float Der Streubesitz ist der Aktienanteil einer Aktiengesellschaft, der frei zum Handel \u00fcber die B\u00f6rse verf\u00fcgbar ist und sich nicht im Festbesitz befindet. Aktien im Streubesitz k\u00f6nnen jederzeit \u00fcber die B\u00f6rse ge- und verkauft werden. Aktienpakete unter 5 % geh\u00f6ren zum Streubesitz. Besitzt jedoch der Unternehmensgr\u00fcnder, ein Gro\u00dfaktion\u00e4r oder beispielsweise auch der Staat [&hellip;]<\/p>\n","protected":false},"author":1,"featured_media":0,"parent":0,"menu_order":0,"comment_status":"closed","ping_status":"closed","template":"","meta":{"site-sidebar-layout":"default","site-content-layout":"","ast-site-content-layout":"","site-content-style":"default","site-sidebar-style":"default","ast-global-header-display":"","ast-banner-title-visibility":"","ast-main-header-display":"","ast-hfb-above-header-display":"","ast-hfb-below-header-display":"","ast-hfb-mobile-header-display":"","site-post-title":"","ast-breadcrumbs-content":"","ast-featured-img":"","footer-sml-layout":"","theme-transparent-header-meta":"","adv-header-id-meta":"","stick-header-meta":"","header-above-stick-meta":"","header-main-stick-meta":"","header-below-stick-meta":"","astra-migrate-meta-layouts":"default","ast-page-background-enabled":"default","ast-page-background-meta":{"desktop":{"background-color":"","background-image":"","background-repeat":"repeat","background-position":"center center","background-size":"auto","background-attachment":"scroll","background-type":"","background-media":"","overlay-type":"","overlay-color":"","overlay-opacity":"","overlay-gradient":""},"tablet":{"background-color":"","background-image":"","background-repeat":"repeat","background-position":"center center","background-size":"auto","background-attachment":"scroll","background-type":"","background-media":"","overlay-type":"","overlay-color":"","overlay-opacity":"","overlay-gradient":""},"mobile":{"background-color":"","background-image":"","background-repeat":"repeat","background-position":"center center","background-size":"auto","background-attachment":"scroll","background-type":"","background-media":"","overlay-type":"","overlay-color":"","overlay-opacity":"","overlay-gradient":""}},"ast-content-background-meta":{"desktop":{"background-color":"var(--ast-global-color-5)","background-image":"","background-repeat":"repeat","background-position":"center center","background-size":"auto","background-attachment":"scroll","background-type":"","background-media":"","overlay-type":"","overlay-color":"","overlay-opacity":"","overlay-gradient":""},"tablet":{"background-color":"var(--ast-global-color-5)","background-image":"","background-repeat":"repeat","background-position":"center center","background-size":"auto","background-attachment":"scroll","background-type":"","background-media":"","overlay-type":"","overlay-color":"","overlay-opacity":"","overlay-gradient":""},"mobile":{"background-color":"var(--ast-global-color-5)","background-image":"","background-repeat":"repeat","background-position":"center center","background-size":"auto","background-attachment":"scroll","background-type":"","background-media":"","overlay-type":"","overlay-color":"","overlay-opacity":"","overlay-gradient":""}},"footnotes":""},"class_list":["post-2078","page","type-page","status-publish","hentry"],"translation":{"provider":"WPGlobus","version":"3.0.2","language":"en","enabled_languages":["de","en"],"languages":{"de":{"title":true,"content":true,"excerpt":false},"en":{"title":false,"content":false,"excerpt":false}}},"featured_image_urls_v2":{"full":"","thumbnail":"","medium":"","medium_large":"","large":"","1536x1536":"","2048x2048":""},"post_excerpt_stackable_v2":"<p>engl. Free Float Der Streubesitz ist der Aktienanteil einer Aktiengesellschaft, der frei zum Handel \u00fcber die B\u00f6rse verf\u00fcgbar ist und sich nicht im Festbesitz befindet. Aktien im Streubesitz k\u00f6nnen jederzeit \u00fcber die B\u00f6rse ge- und verkauft werden. Aktienpakete unter 5 % geh\u00f6ren zum Streubesitz. Besitzt jedoch der Unternehmensgr\u00fcnder, ein Gro\u00dfaktion\u00e4r oder beispielsweise auch der Staat mehr als 5 % der Aktien eines Unternehmens, so werden diese Aktien zum Festbesitz gez\u00e4hlt. Ausgenommen davon sind jedoch in der Regel Aktienpakete von Fonds oder Verm\u00f6gensverwalter, da diese die jeweiligen Gelder und damit Aktien lediglich f\u00fcr ihre Kunden verwalten. Der Streubesitz ist somit immer&hellip;<\/p>\n","category_list_v2":"","author_info_v2":{"name":"PrudentWater","url":"https:\/\/prudentwater.com\/en\/author\/niklas33\/"},"comments_num_v2":"0 comments","_links":{"self":[{"href":"https:\/\/prudentwater.com\/en\/wp-json\/wp\/v2\/pages\/2078","targetHints":{"allow":["GET"]}}],"collection":[{"href":"https:\/\/prudentwater.com\/en\/wp-json\/wp\/v2\/pages"}],"about":[{"href":"https:\/\/prudentwater.com\/en\/wp-json\/wp\/v2\/types\/page"}],"author":[{"embeddable":true,"href":"https:\/\/prudentwater.com\/en\/wp-json\/wp\/v2\/users\/1"}],"replies":[{"embeddable":true,"href":"https:\/\/prudentwater.com\/en\/wp-json\/wp\/v2\/comments?post=2078"}],"version-history":[{"count":0,"href":"https:\/\/prudentwater.com\/en\/wp-json\/wp\/v2\/pages\/2078\/revisions"}],"wp:attachment":[{"href":"https:\/\/prudentwater.com\/en\/wp-json\/wp\/v2\/media?parent=2078"}],"curies":[{"name":"wp","href":"https:\/\/api.w.org\/{rel}","templated":true}]}}