{"id":2085,"date":"2014-12-03T16:24:33","date_gmt":"2014-12-03T16:24:33","guid":{"rendered":"http:\/\/www.kunnskap.de\/?page_id=2085"},"modified":"2023-01-19T15:50:06","modified_gmt":"2023-01-19T14:50:06","slug":"freistellungsauftrag","status":"publish","type":"page","link":"https:\/\/prudentwater.com\/en\/freistellungsauftrag\/","title":{"rendered":"Freistellungsauftrag"},"content":{"rendered":"<p>engl. <b>Exemption Order for Capital Gains<\/b><\/p>\n<p>Mit einem Freistellungsauftrag k\u00f6nnen Privatanleger in Deutschland ihre erzielten Kapitalgewinne bis zu einem Betrag von 1.000 \/ 2.000 Euro (Ledige \/ Verheiratete) steuerfrei einbehalten. Kapitalgewinne k\u00f6nnen hierbei realisierte Kursgewinne aus Wertpapiergesch\u00e4ften, erhaltene Dividenden, Zinsen oder Aussch\u00fcttungen von Fonds sein. Sobald die erzielten Kapitalgewinne die H\u00f6he von 1.000 \/ 2.000 Euro \u00fcbersteigen, werden 25 % Abgeltungssteuer plus &#8211; abh\u00e4ngig von der Person &#8211; der Solidarit\u00e4tszuschlag und \/ oder die Kirchensteuer auf den realisierten Gewinn automatisch an das Finanzamt abgef\u00fchrt. Der Freistellungsauftrag muss nicht jedes Jahr neu erteilt werden. Einmal erteilt gilt er so lange, bis er gegen\u00fcber dem Kreditinstitut \/ der depotf\u00fchrenden Bank widerrufen wird oder ein neuer Freistellungsauftrag erteilt wird.<\/p>\n","protected":false},"excerpt":{"rendered":"<p>engl. Exemption Order for Capital Gains Mit einem Freistellungsauftrag k\u00f6nnen Privatanleger in Deutschland ihre erzielten Kapitalgewinne bis zu einem Betrag von 1.000 \/ 2.000 Euro (Ledige \/ Verheiratete) steuerfrei einbehalten. Kapitalgewinne k\u00f6nnen hierbei realisierte Kursgewinne aus Wertpapiergesch\u00e4ften, erhaltene Dividenden, Zinsen oder Aussch\u00fcttungen von Fonds sein. Sobald die erzielten Kapitalgewinne die H\u00f6he von 1.000 \/ 2.000 [&hellip;]<\/p>\n","protected":false},"author":1,"featured_media":0,"parent":0,"menu_order":0,"comment_status":"closed","ping_status":"closed","template":"","meta":{"site-sidebar-layout":"default","site-content-layout":"","ast-site-content-layout":"","site-content-style":"default","site-sidebar-style":"default","ast-global-header-display":"","ast-banner-title-visibility":"","ast-main-header-display":"","ast-hfb-above-header-display":"","ast-hfb-below-header-display":"","ast-hfb-mobile-header-display":"","site-post-title":"","ast-breadcrumbs-content":"","ast-featured-img":"","footer-sml-layout":"","theme-transparent-header-meta":"","adv-header-id-meta":"","stick-header-meta":"","header-above-stick-meta":"","header-main-stick-meta":"","header-below-stick-meta":"","astra-migrate-meta-layouts":"default","ast-page-background-enabled":"default","ast-page-background-meta":{"desktop":{"background-color":"","background-image":"","background-repeat":"repeat","background-position":"center center","background-size":"auto","background-attachment":"scroll","background-type":"","background-media":"","overlay-type":"","overlay-color":"","overlay-opacity":"","overlay-gradient":""},"tablet":{"background-color":"","background-image":"","background-repeat":"repeat","background-position":"center center","background-size":"auto","background-attachment":"scroll","background-type":"","background-media":"","overlay-type":"","overlay-color":"","overlay-opacity":"","overlay-gradient":""},"mobile":{"background-color":"","background-image":"","background-repeat":"repeat","background-position":"center center","background-size":"auto","background-attachment":"scroll","background-type":"","background-media":"","overlay-type":"","overlay-color":"","overlay-opacity":"","overlay-gradient":""}},"ast-content-background-meta":{"desktop":{"background-color":"var(--ast-global-color-5)","background-image":"","background-repeat":"repeat","background-position":"center center","background-size":"auto","background-attachment":"scroll","background-type":"","background-media":"","overlay-type":"","overlay-color":"","overlay-opacity":"","overlay-gradient":""},"tablet":{"background-color":"var(--ast-global-color-5)","background-image":"","background-repeat":"repeat","background-position":"center center","background-size":"auto","background-attachment":"scroll","background-type":"","background-media":"","overlay-type":"","overlay-color":"","overlay-opacity":"","overlay-gradient":""},"mobile":{"background-color":"var(--ast-global-color-5)","background-image":"","background-repeat":"repeat","background-position":"center center","background-size":"auto","background-attachment":"scroll","background-type":"","background-media":"","overlay-type":"","overlay-color":"","overlay-opacity":"","overlay-gradient":""}},"footnotes":""},"class_list":["post-2085","page","type-page","status-publish","hentry"],"translation":{"provider":"WPGlobus","version":"3.0.2","language":"en","enabled_languages":["de","en"],"languages":{"de":{"title":true,"content":true,"excerpt":false},"en":{"title":false,"content":false,"excerpt":false}}},"featured_image_urls_v2":{"full":"","thumbnail":"","medium":"","medium_large":"","large":"","1536x1536":"","2048x2048":""},"post_excerpt_stackable_v2":"<p>engl. Exemption Order for Capital Gains Mit einem Freistellungsauftrag k\u00f6nnen Privatanleger in Deutschland ihre erzielten Kapitalgewinne bis zu einem Betrag von 1.000 \/ 2.000 Euro (Ledige \/ Verheiratete) steuerfrei einbehalten. Kapitalgewinne k\u00f6nnen hierbei realisierte Kursgewinne aus Wertpapiergesch\u00e4ften, erhaltene Dividenden, Zinsen oder Aussch\u00fcttungen von Fonds sein. Sobald die erzielten Kapitalgewinne die H\u00f6he von 1.000 \/ 2.000 Euro \u00fcbersteigen, werden 25 % Abgeltungssteuer plus &#8211; abh\u00e4ngig von der Person &#8211; der Solidarit\u00e4tszuschlag und \/ oder die Kirchensteuer auf den realisierten Gewinn automatisch an das Finanzamt abgef\u00fchrt. Der Freistellungsauftrag muss nicht jedes Jahr neu erteilt werden. Einmal erteilt gilt er so lange, bis&hellip;<\/p>\n","category_list_v2":"","author_info_v2":{"name":"PrudentWater","url":"https:\/\/prudentwater.com\/en\/author\/niklas33\/"},"comments_num_v2":"0 comments","_links":{"self":[{"href":"https:\/\/prudentwater.com\/en\/wp-json\/wp\/v2\/pages\/2085","targetHints":{"allow":["GET"]}}],"collection":[{"href":"https:\/\/prudentwater.com\/en\/wp-json\/wp\/v2\/pages"}],"about":[{"href":"https:\/\/prudentwater.com\/en\/wp-json\/wp\/v2\/types\/page"}],"author":[{"embeddable":true,"href":"https:\/\/prudentwater.com\/en\/wp-json\/wp\/v2\/users\/1"}],"replies":[{"embeddable":true,"href":"https:\/\/prudentwater.com\/en\/wp-json\/wp\/v2\/comments?post=2085"}],"version-history":[{"count":0,"href":"https:\/\/prudentwater.com\/en\/wp-json\/wp\/v2\/pages\/2085\/revisions"}],"wp:attachment":[{"href":"https:\/\/prudentwater.com\/en\/wp-json\/wp\/v2\/media?parent=2085"}],"curies":[{"name":"wp","href":"https:\/\/api.w.org\/{rel}","templated":true}]}}