{"id":2093,"date":"2014-12-03T21:12:50","date_gmt":"2014-12-03T21:12:50","guid":{"rendered":"http:\/\/www.kunnskap.de\/?page_id=2093"},"modified":"2021-06-25T12:49:02","modified_gmt":"2021-06-25T10:49:02","slug":"fundamentalanalyse","status":"publish","type":"page","link":"https:\/\/prudentwater.com\/en\/fundamentalanalyse\/","title":{"rendered":"Fundamentalanalyse"},"content":{"rendered":"<p>engl. <strong>Fundamental Analysis<\/strong><\/p>\n<p>Die Fundamentalanalyse ist eine finanzwirtschaftliche Methode, bei der der tats\u00e4chliche und eben fundamentale Wert einer Aktie ermittelt werden soll. Dabei werden mithilfe von Bilanzen und Gesch\u00e4ftsberichten die fundamentalen Daten wie Eigenkapitalquote, Verschuldungsgrad, Cashflow und Gewinnmarge \u00fcber einen l\u00e4ngeren Zeitraum betrachtet und analysiert. Die Fundamentalanalyse geht also von der Annahme aus, dass sich der faire Wert einer Aktie rechnerisch herleiten l\u00e4sst. Aber es werden ebenso die allgemeinen langfristigen Aussichten des Unternehmens, die Qualit\u00e4t des Managements, die Finanzstabilit\u00e4t und Kapitalstruktur sowie die Dividendenhistorie analysiert und ausgewertet, um zu einer m\u00f6glichst umfangreichen Bewertung des zugrunde liegenden Unternehmens zu kommen. Nach Abschluss der Fundamentalanalyse soll der (potenzielle) Anleger schlie\u00dflich Antworten auf folgende Fragen haben: Was l\u00e4sst das Unternehmen langfristig wachsen und wie generiert es Gewinne bzw. wodurch sollen Gewinne in der Zukunft nachhaltig generiert werden? Ein wichtiger Aspekt der Fundamentalanalyse dreht sich also um die Zukunftsperspektiven des Unternehmens. Oftmals wird sich dabei auch die gesamte Branche angeschaut, um daraus m\u00f6glicherweise Schl\u00fcsse auf die Entwicklung des Unternehmens ziehen zu k\u00f6nnen. Ebenso werden wirtschaftliche \/ politische Faktoren und Ver\u00e4nderungen, die Auswirkungen auf das Unternehmen haben k\u00f6nnen, mitber\u00fccksichtigt. Deshalb werden bei der Fundamentalanalyse ebenso Makrofaktoren wie Inflation oder Zins- und Konjunkturentwicklung betrachtet. Schlie\u00dflich besteht die M\u00f6glichkeit, dass durch bestimmte politische oder wirtschaftliche \u00c4nderungen die Ertragskraft eines Unternehmens zu- oder abnimmt. Die gr\u00f6\u00dften Vertreter der Fundamentalanalyse sind Benjamin Graham und Warren Buffett. Erster hat den Grundstein der Fundamentalanalyse durch sein Werk &#8220;The Intelligent Investor&#8221; (1949) gelegt. Das Buch sowie die Theorien von Graham gelten bis heute noch als Grundpfeiler der Fundamentalanalyse, mittlerweile gibt es jedoch \u00fcberarbeitete Version, welche auch Theorien und Annahmen von Buffett enthalten. Im Gegensatz zur Fundamentalanalyse steht die technische Analyse, mit der Grundannahme, dass sich in jedem Kursverlauf Chartmuster erkennen lassen, welche den zuk\u00fcnftigen Kursverlauf des zugrunde liegenden Wertpapieres vorhersagen k\u00f6nnen.<\/p>\n","protected":false},"excerpt":{"rendered":"<p>engl. Fundamental Analysis Die Fundamentalanalyse ist eine finanzwirtschaftliche Methode, bei der der tats\u00e4chliche und eben fundamentale Wert einer Aktie ermittelt werden soll. Dabei werden mithilfe von Bilanzen und Gesch\u00e4ftsberichten die fundamentalen Daten wie Eigenkapitalquote, Verschuldungsgrad, Cashflow und Gewinnmarge \u00fcber einen l\u00e4ngeren Zeitraum betrachtet und analysiert. Die Fundamentalanalyse geht also von der Annahme aus, dass sich [&hellip;]<\/p>\n","protected":false},"author":1,"featured_media":0,"parent":0,"menu_order":0,"comment_status":"closed","ping_status":"closed","template":"","meta":{"site-sidebar-layout":"default","site-content-layout":"","ast-site-content-layout":"","site-content-style":"default","site-sidebar-style":"default","ast-global-header-display":"","ast-banner-title-visibility":"","ast-main-header-display":"","ast-hfb-above-header-display":"","ast-hfb-below-header-display":"","ast-hfb-mobile-header-display":"","site-post-title":"","ast-breadcrumbs-content":"","ast-featured-img":"","footer-sml-layout":"","theme-transparent-header-meta":"","adv-header-id-meta":"","stick-header-meta":"","header-above-stick-meta":"","header-main-stick-meta":"","header-below-stick-meta":"","astra-migrate-meta-layouts":"default","ast-page-background-enabled":"default","ast-page-background-meta":{"desktop":{"background-color":"","background-image":"","background-repeat":"repeat","background-position":"center center","background-size":"auto","background-attachment":"scroll","background-type":"","background-media":"","overlay-type":"","overlay-color":"","overlay-opacity":"","overlay-gradient":""},"tablet":{"background-color":"","background-image":"","background-repeat":"repeat","background-position":"center center","background-size":"auto","background-attachment":"scroll","background-type":"","background-media":"","overlay-type":"","overlay-color":"","overlay-opacity":"","overlay-gradient":""},"mobile":{"background-color":"","background-image":"","background-repeat":"repeat","background-position":"center center","background-size":"auto","background-attachment":"scroll","background-type":"","background-media":"","overlay-type":"","overlay-color":"","overlay-opacity":"","overlay-gradient":""}},"ast-content-background-meta":{"desktop":{"background-color":"var(--ast-global-color-5)","background-image":"","background-repeat":"repeat","background-position":"center center","background-size":"auto","background-attachment":"scroll","background-type":"","background-media":"","overlay-type":"","overlay-color":"","overlay-opacity":"","overlay-gradient":""},"tablet":{"background-color":"var(--ast-global-color-5)","background-image":"","background-repeat":"repeat","background-position":"center center","background-size":"auto","background-attachment":"scroll","background-type":"","background-media":"","overlay-type":"","overlay-color":"","overlay-opacity":"","overlay-gradient":""},"mobile":{"background-color":"var(--ast-global-color-5)","background-image":"","background-repeat":"repeat","background-position":"center center","background-size":"auto","background-attachment":"scroll","background-type":"","background-media":"","overlay-type":"","overlay-color":"","overlay-opacity":"","overlay-gradient":""}},"footnotes":""},"class_list":["post-2093","page","type-page","status-publish","hentry"],"translation":{"provider":"WPGlobus","version":"3.0.2","language":"en","enabled_languages":["de","en"],"languages":{"de":{"title":true,"content":true,"excerpt":false},"en":{"title":false,"content":false,"excerpt":false}}},"featured_image_urls_v2":{"full":"","thumbnail":"","medium":"","medium_large":"","large":"","1536x1536":"","2048x2048":""},"post_excerpt_stackable_v2":"<p>engl. Fundamental Analysis Die Fundamentalanalyse ist eine finanzwirtschaftliche Methode, bei der der tats\u00e4chliche und eben fundamentale Wert einer Aktie ermittelt werden soll. Dabei werden mithilfe von Bilanzen und Gesch\u00e4ftsberichten die fundamentalen Daten wie Eigenkapitalquote, Verschuldungsgrad, Cashflow und Gewinnmarge \u00fcber einen l\u00e4ngeren Zeitraum betrachtet und analysiert. Die Fundamentalanalyse geht also von der Annahme aus, dass sich der faire Wert einer Aktie rechnerisch herleiten l\u00e4sst. Aber es werden ebenso die allgemeinen langfristigen Aussichten des Unternehmens, die Qualit\u00e4t des Managements, die Finanzstabilit\u00e4t und Kapitalstruktur sowie die Dividendenhistorie analysiert und ausgewertet, um zu einer m\u00f6glichst umfangreichen Bewertung des zugrunde liegenden Unternehmens zu kommen. Nach&hellip;<\/p>\n","category_list_v2":"","author_info_v2":{"name":"PrudentWater","url":"https:\/\/prudentwater.com\/en\/author\/niklas33\/"},"comments_num_v2":"0 comments","_links":{"self":[{"href":"https:\/\/prudentwater.com\/en\/wp-json\/wp\/v2\/pages\/2093","targetHints":{"allow":["GET"]}}],"collection":[{"href":"https:\/\/prudentwater.com\/en\/wp-json\/wp\/v2\/pages"}],"about":[{"href":"https:\/\/prudentwater.com\/en\/wp-json\/wp\/v2\/types\/page"}],"author":[{"embeddable":true,"href":"https:\/\/prudentwater.com\/en\/wp-json\/wp\/v2\/users\/1"}],"replies":[{"embeddable":true,"href":"https:\/\/prudentwater.com\/en\/wp-json\/wp\/v2\/comments?post=2093"}],"version-history":[{"count":0,"href":"https:\/\/prudentwater.com\/en\/wp-json\/wp\/v2\/pages\/2093\/revisions"}],"wp:attachment":[{"href":"https:\/\/prudentwater.com\/en\/wp-json\/wp\/v2\/media?parent=2093"}],"curies":[{"name":"wp","href":"https:\/\/api.w.org\/{rel}","templated":true}]}}