{"id":2103,"date":"2014-12-04T20:22:04","date_gmt":"2014-12-04T20:22:04","guid":{"rendered":"http:\/\/www.kunnskap.de\/?page_id=2103"},"modified":"2021-06-25T12:49:02","modified_gmt":"2021-06-25T10:49:02","slug":"future","status":"publish","type":"page","link":"https:\/\/prudentwater.com\/en\/future\/","title":{"rendered":"Future"},"content":{"rendered":"<p>Auch <strong>Terminkontrakt<\/strong><\/p>\n<p>Ein Future ist ein Terminkontrakt, welches in Bezug auf Menge, Qualit\u00e4t und Liefertermin standardisiert ist. Dabei ist zwischen Financial Future (Basiswert ist ein Wertpapier wie z.B. eine Aktie) und Commodity Future (Basiswert ist ein Rohstoff wie z.B. Mais) zu unterscheiden. Der Verk\u00e4ufer eines Future verpflichtet sich, eine standardisierte Menge eines bestimmten Wertpapieres oder eines bestimmten Rohstoff zu einem bestimmten Preis und einem festgelegten zuk\u00fcnftigen Zeitpunkt zu liefern. Andersherum verpflichtet sich der K\u00e4ufer des Futures dazu, den Basiswert zu genau den vereinbarten Konditionen zu kaufen.<br \/>\nEin Future ist ein unbedingtes Termingesch\u00e4ft. K\u00e4ufer und Verk\u00e4ufer sind somit verpflichtet, das Gesch\u00e4ft zu erf\u00fcllen. Die tats\u00e4chliche physische Lieferung des Basiswertes findet jedoch nur sehr selten statt. Meist wird vor F\u00e4lligkeit eine Glattstellung durch ein Gegengesch\u00e4ft vollzogen. Dabei erwirbt der Inhaber einer Long-Position (K\u00e4ufer) eine Short-Position  des selben Futurekontraktes bzw. der Inhaber einer Short-Position (Verk\u00e4ufer) erwirbt eine Long-Position. Vers\u00e4umt der Inhaber jedoch den Long-Kontrakt oder Short-Kontrakt vor F\u00e4lligkeit zu verkaufen, so ist er zur Abnahme oder Lieferung verpflichtet. Anders als beim Handel mit Optionen f\u00e4llt beim Kauf des Future keine Pr\u00e4mie (Optionspreis) an, die der K\u00e4ufer den Verk\u00e4ufer zahlen muss. Der Future an sich kostet somit nichts, beim Kauf \/ Verkauf fallen lediglich die Ordergeb\u00fchren an. Der m\u00f6gliche Ertrag wiederum, welcher mit einem Future erzielt wird, setzt sich aus der Spot Yield, der Roll Yield und der Collateral Yield zusammen.<br \/>\nFutures werden an Terminb\u00f6rsen gehandelt. In Deutschland z.B. an der EUREX. Im Gegensatz zu dem Future ist der Forward nicht standardisiert und kann deshalb auch nicht an einer Terminb\u00f6rse gehandelt werden, sondern ausschlie\u00dflich im au\u00dferb\u00f6rslichen Handel. Die Erf\u00fcllung eines Futuregesch\u00e4ftes ist durch ein Clearinghaus garantiert, somit besteht kein Kontrahentenrisiko. Der direkte Kontakt beim Future-Handel zwischen K\u00e4ufer und Verk\u00e4ufer findet auch nur zu Beginn bei Vertragsabschluss statt. Anschlie\u00dfend schaltet sich das Clearinghaus zwischen K\u00e4ufer und Verk\u00e4ufer und k\u00fcmmert sich von da an um Abrechnung, Abwicklung und Erf\u00fcllung des Gesch\u00e4ftes. Forderungen und Verpflichtungen aus dem Futuregesch\u00e4ft bestehen f\u00fcr beide Seiten dann nun nur noch gegen\u00fcber dem Clearinghaus.<\/p>\n","protected":false},"excerpt":{"rendered":"<p>Auch Terminkontrakt Ein Future ist ein Terminkontrakt, welches in Bezug auf Menge, Qualit\u00e4t und Liefertermin standardisiert ist. Dabei ist zwischen Financial Future (Basiswert ist ein Wertpapier wie z.B. eine Aktie) und Commodity Future (Basiswert ist ein Rohstoff wie z.B. Mais) zu unterscheiden. Der Verk\u00e4ufer eines Future verpflichtet sich, eine standardisierte Menge eines bestimmten Wertpapieres oder [&hellip;]<\/p>\n","protected":false},"author":1,"featured_media":0,"parent":0,"menu_order":0,"comment_status":"closed","ping_status":"closed","template":"","meta":{"site-sidebar-layout":"default","site-content-layout":"","ast-site-content-layout":"","site-content-style":"default","site-sidebar-style":"default","ast-global-header-display":"","ast-banner-title-visibility":"","ast-main-header-display":"","ast-hfb-above-header-display":"","ast-hfb-below-header-display":"","ast-hfb-mobile-header-display":"","site-post-title":"","ast-breadcrumbs-content":"","ast-featured-img":"","footer-sml-layout":"","theme-transparent-header-meta":"","adv-header-id-meta":"","stick-header-meta":"","header-above-stick-meta":"","header-main-stick-meta":"","header-below-stick-meta":"","astra-migrate-meta-layouts":"default","ast-page-background-enabled":"default","ast-page-background-meta":{"desktop":{"background-color":"","background-image":"","background-repeat":"repeat","background-position":"center center","background-size":"auto","background-attachment":"scroll","background-type":"","background-media":"","overlay-type":"","overlay-color":"","overlay-opacity":"","overlay-gradient":""},"tablet":{"background-color":"","background-image":"","background-repeat":"repeat","background-position":"center center","background-size":"auto","background-attachment":"scroll","background-type":"","background-media":"","overlay-type":"","overlay-color":"","overlay-opacity":"","overlay-gradient":""},"mobile":{"background-color":"","background-image":"","background-repeat":"repeat","background-position":"center center","background-size":"auto","background-attachment":"scroll","background-type":"","background-media":"","overlay-type":"","overlay-color":"","overlay-opacity":"","overlay-gradient":""}},"ast-content-background-meta":{"desktop":{"background-color":"var(--ast-global-color-5)","background-image":"","background-repeat":"repeat","background-position":"center center","background-size":"auto","background-attachment":"scroll","background-type":"","background-media":"","overlay-type":"","overlay-color":"","overlay-opacity":"","overlay-gradient":""},"tablet":{"background-color":"var(--ast-global-color-5)","background-image":"","background-repeat":"repeat","background-position":"center center","background-size":"auto","background-attachment":"scroll","background-type":"","background-media":"","overlay-type":"","overlay-color":"","overlay-opacity":"","overlay-gradient":""},"mobile":{"background-color":"var(--ast-global-color-5)","background-image":"","background-repeat":"repeat","background-position":"center center","background-size":"auto","background-attachment":"scroll","background-type":"","background-media":"","overlay-type":"","overlay-color":"","overlay-opacity":"","overlay-gradient":""}},"footnotes":""},"class_list":["post-2103","page","type-page","status-publish","hentry"],"translation":{"provider":"WPGlobus","version":"3.0.2","language":"en","enabled_languages":["de","en"],"languages":{"de":{"title":true,"content":true,"excerpt":false},"en":{"title":false,"content":false,"excerpt":false}}},"featured_image_urls_v2":{"full":"","thumbnail":"","medium":"","medium_large":"","large":"","1536x1536":"","2048x2048":""},"post_excerpt_stackable_v2":"<p>Auch Terminkontrakt Ein Future ist ein Terminkontrakt, welches in Bezug auf Menge, Qualit\u00e4t und Liefertermin standardisiert ist. Dabei ist zwischen Financial Future (Basiswert ist ein Wertpapier wie z.B. eine Aktie) und Commodity Future (Basiswert ist ein Rohstoff wie z.B. Mais) zu unterscheiden. Der Verk\u00e4ufer eines Future verpflichtet sich, eine standardisierte Menge eines bestimmten Wertpapieres oder eines bestimmten Rohstoff zu einem bestimmten Preis und einem festgelegten zuk\u00fcnftigen Zeitpunkt zu liefern. Andersherum verpflichtet sich der K\u00e4ufer des Futures dazu, den Basiswert zu genau den vereinbarten Konditionen zu kaufen. Ein Future ist ein unbedingtes Termingesch\u00e4ft. K\u00e4ufer und Verk\u00e4ufer sind somit verpflichtet, das Gesch\u00e4ft&hellip;<\/p>\n","category_list_v2":"","author_info_v2":{"name":"PrudentWater","url":"https:\/\/prudentwater.com\/en\/author\/niklas33\/"},"comments_num_v2":"0 comments","_links":{"self":[{"href":"https:\/\/prudentwater.com\/en\/wp-json\/wp\/v2\/pages\/2103","targetHints":{"allow":["GET"]}}],"collection":[{"href":"https:\/\/prudentwater.com\/en\/wp-json\/wp\/v2\/pages"}],"about":[{"href":"https:\/\/prudentwater.com\/en\/wp-json\/wp\/v2\/types\/page"}],"author":[{"embeddable":true,"href":"https:\/\/prudentwater.com\/en\/wp-json\/wp\/v2\/users\/1"}],"replies":[{"embeddable":true,"href":"https:\/\/prudentwater.com\/en\/wp-json\/wp\/v2\/comments?post=2103"}],"version-history":[{"count":0,"href":"https:\/\/prudentwater.com\/en\/wp-json\/wp\/v2\/pages\/2103\/revisions"}],"wp:attachment":[{"href":"https:\/\/prudentwater.com\/en\/wp-json\/wp\/v2\/media?parent=2103"}],"curies":[{"name":"wp","href":"https:\/\/api.w.org\/{rel}","templated":true}]}}