{"id":2105,"date":"2014-12-04T21:08:45","date_gmt":"2014-12-04T21:08:45","guid":{"rendered":"http:\/\/www.kunnskap.de\/?page_id=2105"},"modified":"2021-06-25T12:49:02","modified_gmt":"2021-06-25T10:49:02","slug":"gamma","status":"publish","type":"page","link":"https:\/\/prudentwater.com\/en\/gamma\/","title":{"rendered":"Gamma"},"content":{"rendered":"<p>Das Gamma einer Option \/ eines Optionsscheines gibt an, wie stark sich das Delta der Option \u00e4ndert, wenn sich der Kurs des Basiswerts um genau eine Einheit (ein Euro) \u00e4ndert und gleichzeitig alle anderen Werte gleich bleiben. Je gr\u00f6\u00dfer das Gamma, desto st\u00e4rker reagiert das Delta auf eine positive oder negative Ver\u00e4nderung des Kurses des Basiswertes. Ver\u00e4ndert sich der Kurs des Basiswertes um eine Einheit nach unten, und sinkt dadurch das Delta von beispielsweise 57 Prozent auf 54 Prozent, so liegt das Gamma bei 3. Liegt das Gamma jedoch beispielsweise bei 2, so wird das Delta von 50 auf 52 steigen, wenn der Kurs des Basiswertes um eine Einheit steigt.<\/p>\n<h4>Eigenschaften des Gamma<\/h4>\n<p>Allgemein ist festzuhalten, dass das Gamma umso h\u00f6her ist, je n\u00e4her die Option am Geld ist und je k\u00fcrzer die Restlaufzeit der Option. Eine gekaufte Call oder Put Option hat immer ein positives Gamma, eine verkaufte Call oder Put Option hingegen hat immer ein negatives Gamma. Optionen mit einem hohen Gamma sind f\u00fcr den K\u00e4ufer der Option (Call und Put) aussichtsreicher, da dadurch die Chancen h\u00f6her sind, dass die Option im Geld landet und somit einen Gewinn erzielt. Zu beachten ist auch, dass die Volatilit\u00e4t das Gamma beeinflusst. Steigt die Volatilit\u00e4t an, so f\u00e4llt das Gamma, f\u00e4llt die Volatilit\u00e4t, so steigt hingegen das Gamma.<\/p>\n","protected":false},"excerpt":{"rendered":"<p>Das Gamma einer Option \/ eines Optionsscheines gibt an, wie stark sich das Delta der Option \u00e4ndert, wenn sich der Kurs des Basiswerts um genau eine Einheit (ein Euro) \u00e4ndert und gleichzeitig alle anderen Werte gleich bleiben. Je gr\u00f6\u00dfer das Gamma, desto st\u00e4rker reagiert das Delta auf eine positive oder negative Ver\u00e4nderung des Kurses des [&hellip;]<\/p>\n","protected":false},"author":1,"featured_media":0,"parent":0,"menu_order":0,"comment_status":"closed","ping_status":"closed","template":"","meta":{"site-sidebar-layout":"default","site-content-layout":"","ast-site-content-layout":"","site-content-style":"default","site-sidebar-style":"default","ast-global-header-display":"","ast-banner-title-visibility":"","ast-main-header-display":"","ast-hfb-above-header-display":"","ast-hfb-below-header-display":"","ast-hfb-mobile-header-display":"","site-post-title":"","ast-breadcrumbs-content":"","ast-featured-img":"","footer-sml-layout":"","theme-transparent-header-meta":"","adv-header-id-meta":"","stick-header-meta":"","header-above-stick-meta":"","header-main-stick-meta":"","header-below-stick-meta":"","astra-migrate-meta-layouts":"default","ast-page-background-enabled":"default","ast-page-background-meta":{"desktop":{"background-color":"","background-image":"","background-repeat":"repeat","background-position":"center center","background-size":"auto","background-attachment":"scroll","background-type":"","background-media":"","overlay-type":"","overlay-color":"","overlay-opacity":"","overlay-gradient":""},"tablet":{"background-color":"","background-image":"","background-repeat":"repeat","background-position":"center center","background-size":"auto","background-attachment":"scroll","background-type":"","background-media":"","overlay-type":"","overlay-color":"","overlay-opacity":"","overlay-gradient":""},"mobile":{"background-color":"","background-image":"","background-repeat":"repeat","background-position":"center center","background-size":"auto","background-attachment":"scroll","background-type":"","background-media":"","overlay-type":"","overlay-color":"","overlay-opacity":"","overlay-gradient":""}},"ast-content-background-meta":{"desktop":{"background-color":"var(--ast-global-color-5)","background-image":"","background-repeat":"repeat","background-position":"center center","background-size":"auto","background-attachment":"scroll","background-type":"","background-media":"","overlay-type":"","overlay-color":"","overlay-opacity":"","overlay-gradient":""},"tablet":{"background-color":"var(--ast-global-color-5)","background-image":"","background-repeat":"repeat","background-position":"center center","background-size":"auto","background-attachment":"scroll","background-type":"","background-media":"","overlay-type":"","overlay-color":"","overlay-opacity":"","overlay-gradient":""},"mobile":{"background-color":"var(--ast-global-color-5)","background-image":"","background-repeat":"repeat","background-position":"center center","background-size":"auto","background-attachment":"scroll","background-type":"","background-media":"","overlay-type":"","overlay-color":"","overlay-opacity":"","overlay-gradient":""}},"footnotes":""},"class_list":["post-2105","page","type-page","status-publish","hentry"],"translation":{"provider":"WPGlobus","version":"3.0.2","language":"en","enabled_languages":["de","en"],"languages":{"de":{"title":true,"content":true,"excerpt":false},"en":{"title":false,"content":false,"excerpt":false}}},"featured_image_urls_v2":{"full":"","thumbnail":"","medium":"","medium_large":"","large":"","1536x1536":"","2048x2048":""},"post_excerpt_stackable_v2":"<p>Das Gamma einer Option \/ eines Optionsscheines gibt an, wie stark sich das Delta der Option \u00e4ndert, wenn sich der Kurs des Basiswerts um genau eine Einheit (ein Euro) \u00e4ndert und gleichzeitig alle anderen Werte gleich bleiben. Je gr\u00f6\u00dfer das Gamma, desto st\u00e4rker reagiert das Delta auf eine positive oder negative Ver\u00e4nderung des Kurses des Basiswertes. Ver\u00e4ndert sich der Kurs des Basiswertes um eine Einheit nach unten, und sinkt dadurch das Delta von beispielsweise 57 Prozent auf 54 Prozent, so liegt das Gamma bei 3. Liegt das Gamma jedoch beispielsweise bei 2, so wird das Delta von 50 auf 52&hellip;<\/p>\n","category_list_v2":"","author_info_v2":{"name":"PrudentWater","url":"https:\/\/prudentwater.com\/en\/author\/niklas33\/"},"comments_num_v2":"0 comments","_links":{"self":[{"href":"https:\/\/prudentwater.com\/en\/wp-json\/wp\/v2\/pages\/2105","targetHints":{"allow":["GET"]}}],"collection":[{"href":"https:\/\/prudentwater.com\/en\/wp-json\/wp\/v2\/pages"}],"about":[{"href":"https:\/\/prudentwater.com\/en\/wp-json\/wp\/v2\/types\/page"}],"author":[{"embeddable":true,"href":"https:\/\/prudentwater.com\/en\/wp-json\/wp\/v2\/users\/1"}],"replies":[{"embeddable":true,"href":"https:\/\/prudentwater.com\/en\/wp-json\/wp\/v2\/comments?post=2105"}],"version-history":[{"count":0,"href":"https:\/\/prudentwater.com\/en\/wp-json\/wp\/v2\/pages\/2105\/revisions"}],"wp:attachment":[{"href":"https:\/\/prudentwater.com\/en\/wp-json\/wp\/v2\/media?parent=2105"}],"curies":[{"name":"wp","href":"https:\/\/api.w.org\/{rel}","templated":true}]}}