{"id":2114,"date":"2014-12-05T10:20:02","date_gmt":"2014-12-05T10:20:02","guid":{"rendered":"http:\/\/www.kunnskap.de\/?page_id=2114"},"modified":"2021-06-25T12:49:02","modified_gmt":"2021-06-25T10:49:02","slug":"garantiefonds","status":"publish","type":"page","link":"https:\/\/prudentwater.com\/en\/garantiefonds\/","title":{"rendered":"Garantiefonds"},"content":{"rendered":"<p>engl. <strong>Capital Guarantee Fund<\/strong><\/p>\n<p>Bei einem Garantiefonds wird dem Anleger ein bestimmter Mindestprozentsatz seines eingezahlten Geldes zugesagt, welches er nach einer vorher festgelegten Mindesthaltedauer zur\u00fcckbekommt. Auch wenn in der Zeit ein gr\u00f6\u00dferer Kapitalverlust des Fonds stattgefunden hat, bekommt der Anleger den vereinbarten Mindestprozentsatz zur\u00fcck. Dadurch muss sich der Fonds allerdings absichern, was oftmals auf Kosten der Rendite geht. Steigen allgemein die B\u00f6rsen, kann der Garantiefonds nicht im gleichen Ausma\u00df daran partizipieren, da er sich oftmals durch festverzinsliche Wertpapiere laufend absichern muss. Der Mindestprozentsatz kann der Einzahlungsbetrag sein oder er liegt beispielsweise bei 90 %. In diesem Fall wird dem Anleger zugesichert, 90 % des eingezahlten Kapitals zur\u00fcckzuerhalten, egal wie sehr die Kurse gefallen sind. Allerdings muss der Ausgabeaufschlag noch mit einberechnet werden. Dieser ist noch nicht ber\u00fccksichtigt. Garantiefonds m\u00fcssen jedoch f\u00fcr eine gewisse Zeit gehalten werden, um den Garantiepreis zu erhalten. Oftmals sind dies 5-7 Jahre. Nat\u00fcrlich kann der Anleger den Fonds jederzeit \u00fcber die B\u00f6rse verkaufen, dann allerdings gilt f\u00fcr ihn nicht die Garantie, sondern er verkauft dann zum aktuellen R\u00fccknahmepreis. <\/p>\n","protected":false},"excerpt":{"rendered":"<p>engl. Capital Guarantee Fund Bei einem Garantiefonds wird dem Anleger ein bestimmter Mindestprozentsatz seines eingezahlten Geldes zugesagt, welches er nach einer vorher festgelegten Mindesthaltedauer zur\u00fcckbekommt. Auch wenn in der Zeit ein gr\u00f6\u00dferer Kapitalverlust des Fonds stattgefunden hat, bekommt der Anleger den vereinbarten Mindestprozentsatz zur\u00fcck. Dadurch muss sich der Fonds allerdings absichern, was oftmals auf Kosten [&hellip;]<\/p>\n","protected":false},"author":1,"featured_media":0,"parent":0,"menu_order":0,"comment_status":"closed","ping_status":"closed","template":"","meta":{"site-sidebar-layout":"default","site-content-layout":"","ast-site-content-layout":"","site-content-style":"default","site-sidebar-style":"default","ast-global-header-display":"","ast-banner-title-visibility":"","ast-main-header-display":"","ast-hfb-above-header-display":"","ast-hfb-below-header-display":"","ast-hfb-mobile-header-display":"","site-post-title":"","ast-breadcrumbs-content":"","ast-featured-img":"","footer-sml-layout":"","theme-transparent-header-meta":"","adv-header-id-meta":"","stick-header-meta":"","header-above-stick-meta":"","header-main-stick-meta":"","header-below-stick-meta":"","astra-migrate-meta-layouts":"default","ast-page-background-enabled":"default","ast-page-background-meta":{"desktop":{"background-color":"","background-image":"","background-repeat":"repeat","background-position":"center center","background-size":"auto","background-attachment":"scroll","background-type":"","background-media":"","overlay-type":"","overlay-color":"","overlay-opacity":"","overlay-gradient":""},"tablet":{"background-color":"","background-image":"","background-repeat":"repeat","background-position":"center center","background-size":"auto","background-attachment":"scroll","background-type":"","background-media":"","overlay-type":"","overlay-color":"","overlay-opacity":"","overlay-gradient":""},"mobile":{"background-color":"","background-image":"","background-repeat":"repeat","background-position":"center center","background-size":"auto","background-attachment":"scroll","background-type":"","background-media":"","overlay-type":"","overlay-color":"","overlay-opacity":"","overlay-gradient":""}},"ast-content-background-meta":{"desktop":{"background-color":"var(--ast-global-color-5)","background-image":"","background-repeat":"repeat","background-position":"center center","background-size":"auto","background-attachment":"scroll","background-type":"","background-media":"","overlay-type":"","overlay-color":"","overlay-opacity":"","overlay-gradient":""},"tablet":{"background-color":"var(--ast-global-color-5)","background-image":"","background-repeat":"repeat","background-position":"center center","background-size":"auto","background-attachment":"scroll","background-type":"","background-media":"","overlay-type":"","overlay-color":"","overlay-opacity":"","overlay-gradient":""},"mobile":{"background-color":"var(--ast-global-color-5)","background-image":"","background-repeat":"repeat","background-position":"center center","background-size":"auto","background-attachment":"scroll","background-type":"","background-media":"","overlay-type":"","overlay-color":"","overlay-opacity":"","overlay-gradient":""}},"footnotes":""},"class_list":["post-2114","page","type-page","status-publish","hentry"],"translation":{"provider":"WPGlobus","version":"3.0.2","language":"en","enabled_languages":["de","en"],"languages":{"de":{"title":true,"content":true,"excerpt":false},"en":{"title":false,"content":false,"excerpt":false}}},"featured_image_urls_v2":{"full":"","thumbnail":"","medium":"","medium_large":"","large":"","1536x1536":"","2048x2048":""},"post_excerpt_stackable_v2":"<p>engl. Capital Guarantee Fund Bei einem Garantiefonds wird dem Anleger ein bestimmter Mindestprozentsatz seines eingezahlten Geldes zugesagt, welches er nach einer vorher festgelegten Mindesthaltedauer zur\u00fcckbekommt. Auch wenn in der Zeit ein gr\u00f6\u00dferer Kapitalverlust des Fonds stattgefunden hat, bekommt der Anleger den vereinbarten Mindestprozentsatz zur\u00fcck. Dadurch muss sich der Fonds allerdings absichern, was oftmals auf Kosten der Rendite geht. Steigen allgemein die B\u00f6rsen, kann der Garantiefonds nicht im gleichen Ausma\u00df daran partizipieren, da er sich oftmals durch festverzinsliche Wertpapiere laufend absichern muss. Der Mindestprozentsatz kann der Einzahlungsbetrag sein oder er liegt beispielsweise bei 90 %. In diesem Fall wird dem Anleger&hellip;<\/p>\n","category_list_v2":"","author_info_v2":{"name":"PrudentWater","url":"https:\/\/prudentwater.com\/en\/author\/niklas33\/"},"comments_num_v2":"0 comments","_links":{"self":[{"href":"https:\/\/prudentwater.com\/en\/wp-json\/wp\/v2\/pages\/2114","targetHints":{"allow":["GET"]}}],"collection":[{"href":"https:\/\/prudentwater.com\/en\/wp-json\/wp\/v2\/pages"}],"about":[{"href":"https:\/\/prudentwater.com\/en\/wp-json\/wp\/v2\/types\/page"}],"author":[{"embeddable":true,"href":"https:\/\/prudentwater.com\/en\/wp-json\/wp\/v2\/users\/1"}],"replies":[{"embeddable":true,"href":"https:\/\/prudentwater.com\/en\/wp-json\/wp\/v2\/comments?post=2114"}],"version-history":[{"count":0,"href":"https:\/\/prudentwater.com\/en\/wp-json\/wp\/v2\/pages\/2114\/revisions"}],"wp:attachment":[{"href":"https:\/\/prudentwater.com\/en\/wp-json\/wp\/v2\/media?parent=2114"}],"curies":[{"name":"wp","href":"https:\/\/api.w.org\/{rel}","templated":true}]}}