{"id":2117,"date":"2014-12-05T10:48:50","date_gmt":"2014-12-05T10:48:50","guid":{"rendered":"http:\/\/www.kunnskap.de\/?page_id=2117"},"modified":"2021-08-13T20:00:25","modified_gmt":"2021-08-13T18:00:25","slug":"abzinsung","status":"publish","type":"page","link":"https:\/\/prudentwater.com\/en\/abzinsung\/","title":{"rendered":"Abzinsung"},"content":{"rendered":"<p>Auch <strong>Diskontierung<\/strong><br \/>\nengl. <strong>Discounting<\/strong><br \/>\n<div class=\"perfect-pullquote vcard pullquote-align-full pullquote-border-placement-top\" style=\"font-size:20px !important;\"><blockquote><p style=\"font-size:20px !important;\">Durch die Abzinsung wird unter Ber\u00fccksichtigung von Zinsen und Zinseszins der heutige Wert eines zuk\u00fcnftigen Geldbetrages bestimmt. Der gegenwertige Wert wird als Barwert bezeichnet.<\/p><\/blockquote><\/div><br \/>\nBei einer Geldanlage, welche j\u00e4hrlich mit 6 % verzinst wird, m\u00f6chte der Anleger in 7 Jahren 100 000 Euro verf\u00fcgen. Um nun zu berechnen, wie viel er daf\u00fcr heute anlegen muss, um eben in 7 Jahren \u00fcber 100 000 Euro zu verf\u00fcgen, wird abgezinst und dabei folgende Rechnung aufgestellt:<\/p>\n<hr>\n<h6>Berechnung:<\/h6>\n<p><center><img loading=\"lazy\" decoding=\"async\" src=\"https:\/\/prudentwater.com\/wp-content\/uploads\/2020\/11\/Abzinsung.png\" alt=\"Abzinsung\" class=\"alignnone size-full wp-image-7238\" width=\"348\" height=\"35\" title=\"\"><\/center><\/p>\n<hr>\n<p>Da die angegebene Formel den Zinseszinseffekt ber\u00fccksichtigt, m\u00fcssten heute 66.505,71 Euro angelegt werden, um in sieben Jahren den gew\u00fcnschten Betrag zu erhalten. Ohne Zinseszinseffekt w\u00fcrde der Betrag bei 70.422,54 Euro liegen. In beiden F\u00e4llen handelt es sich jedoch um einen festen Zinssatz und nicht um einen variablen Zins. Die Abzinsung findet unter anderem bei dem Diskontpapier statt.<\/p>\n","protected":false},"excerpt":{"rendered":"<p>Auch Diskontierung engl. Discounting Bei einer Geldanlage, welche j\u00e4hrlich mit 6 % verzinst wird, m\u00f6chte der Anleger in 7 Jahren 100 000 Euro verf\u00fcgen. Um nun zu berechnen, wie viel er daf\u00fcr heute anlegen muss, um eben in 7 Jahren \u00fcber 100 000 Euro zu verf\u00fcgen, wird abgezinst und dabei folgende Rechnung aufgestellt: Berechnung: Da [&hellip;]<\/p>\n","protected":false},"author":1,"featured_media":0,"parent":0,"menu_order":0,"comment_status":"closed","ping_status":"closed","template":"","meta":{"site-sidebar-layout":"default","site-content-layout":"default","ast-site-content-layout":"","site-content-style":"default","site-sidebar-style":"default","ast-global-header-display":"","ast-banner-title-visibility":"","ast-main-header-display":"","ast-hfb-above-header-display":"","ast-hfb-below-header-display":"","ast-hfb-mobile-header-display":"","site-post-title":"","ast-breadcrumbs-content":"","ast-featured-img":"","footer-sml-layout":"","theme-transparent-header-meta":"default","adv-header-id-meta":"","stick-header-meta":"","header-above-stick-meta":"","header-main-stick-meta":"","header-below-stick-meta":"","astra-migrate-meta-layouts":"default","ast-page-background-enabled":"default","ast-page-background-meta":{"desktop":{"background-color":"","background-image":"","background-repeat":"repeat","background-position":"center center","background-size":"auto","background-attachment":"scroll","background-type":"","background-media":"","overlay-type":"","overlay-color":"","overlay-opacity":"","overlay-gradient":""},"tablet":{"background-color":"","background-image":"","background-repeat":"repeat","background-position":"center center","background-size":"auto","background-attachment":"scroll","background-type":"","background-media":"","overlay-type":"","overlay-color":"","overlay-opacity":"","overlay-gradient":""},"mobile":{"background-color":"","background-image":"","background-repeat":"repeat","background-position":"center center","background-size":"auto","background-attachment":"scroll","background-type":"","background-media":"","overlay-type":"","overlay-color":"","overlay-opacity":"","overlay-gradient":""}},"ast-content-background-meta":{"desktop":{"background-color":"var(--ast-global-color-5)","background-image":"","background-repeat":"repeat","background-position":"center center","background-size":"auto","background-attachment":"scroll","background-type":"","background-media":"","overlay-type":"","overlay-color":"","overlay-opacity":"","overlay-gradient":""},"tablet":{"background-color":"var(--ast-global-color-5)","background-image":"","background-repeat":"repeat","background-position":"center center","background-size":"auto","background-attachment":"scroll","background-type":"","background-media":"","overlay-type":"","overlay-color":"","overlay-opacity":"","overlay-gradient":""},"mobile":{"background-color":"var(--ast-global-color-5)","background-image":"","background-repeat":"repeat","background-position":"center center","background-size":"auto","background-attachment":"scroll","background-type":"","background-media":"","overlay-type":"","overlay-color":"","overlay-opacity":"","overlay-gradient":""}},"footnotes":""},"class_list":["post-2117","page","type-page","status-publish","hentry"],"translation":{"provider":"WPGlobus","version":"3.0.2","language":"en","enabled_languages":["de","en"],"languages":{"de":{"title":true,"content":true,"excerpt":false},"en":{"title":false,"content":false,"excerpt":false}}},"featured_image_urls_v2":{"full":"","thumbnail":"","medium":"","medium_large":"","large":"","1536x1536":"","2048x2048":""},"post_excerpt_stackable_v2":"<p>Auch Diskontierung engl. Discounting Durch die Abzinsung wird unter Ber\u00fccksichtigung von Zinsen und Zinseszins der heutige Wert eines zuk\u00fcnftigen Geldbetrages bestimmt. Der gegenwertige Wert wird als Barwert bezeichnet. Bei einer Geldanlage, welche j\u00e4hrlich mit 6 % verzinst wird, m\u00f6chte der Anleger in 7 Jahren 100 000 Euro verf\u00fcgen. Um nun zu berechnen, wie viel er daf\u00fcr heute anlegen muss, um eben in 7 Jahren \u00fcber 100 000 Euro zu verf\u00fcgen, wird abgezinst und dabei folgende Rechnung aufgestellt: Berechnung: Da die angegebene Formel den Zinseszinseffekt ber\u00fccksichtigt, m\u00fcssten heute 66.505,71 Euro angelegt werden, um in sieben Jahren den gew\u00fcnschten Betrag zu erhalten.&hellip;<\/p>\n","category_list_v2":"","author_info_v2":{"name":"PrudentWater","url":"https:\/\/prudentwater.com\/en\/author\/niklas33\/"},"comments_num_v2":"0 comments","_links":{"self":[{"href":"https:\/\/prudentwater.com\/en\/wp-json\/wp\/v2\/pages\/2117","targetHints":{"allow":["GET"]}}],"collection":[{"href":"https:\/\/prudentwater.com\/en\/wp-json\/wp\/v2\/pages"}],"about":[{"href":"https:\/\/prudentwater.com\/en\/wp-json\/wp\/v2\/types\/page"}],"author":[{"embeddable":true,"href":"https:\/\/prudentwater.com\/en\/wp-json\/wp\/v2\/users\/1"}],"replies":[{"embeddable":true,"href":"https:\/\/prudentwater.com\/en\/wp-json\/wp\/v2\/comments?post=2117"}],"version-history":[{"count":0,"href":"https:\/\/prudentwater.com\/en\/wp-json\/wp\/v2\/pages\/2117\/revisions"}],"wp:attachment":[{"href":"https:\/\/prudentwater.com\/en\/wp-json\/wp\/v2\/media?parent=2117"}],"curies":[{"name":"wp","href":"https:\/\/api.w.org\/{rel}","templated":true}]}}