{"id":2127,"date":"2014-12-05T22:47:05","date_gmt":"2014-12-05T22:47:05","guid":{"rendered":"http:\/\/www.kunnskap.de\/?page_id=2127"},"modified":"2023-07-26T15:51:49","modified_gmt":"2023-07-26T13:51:49","slug":"geldmarktfonds","status":"publish","type":"page","link":"https:\/\/prudentwater.com\/en\/geldmarktfonds\/","title":{"rendered":"Geldmarktfonds"},"content":{"rendered":"<p>engl. <b>Money Market Funds<\/b><\/p>\n\n\n<div class=\"wp-block-stackable-heading stk-block-heading stk-block-heading--v2 stk-block stk-40c06f9\" id=\"strong-zentrale-kernaussagen-strong\" data-block-id=\"40c06f9\"><style>.stk-40c06f9{margin-bottom:15px !important}.stk-40c06f9 .stk-block-heading__text{font-size:15px !important;margin:0 !important;color:#da8611 !important;font-weight:400 !important;letter-spacing:1px !important}@media screen and (max-width:1023px){.stk-40c06f9 .stk-block-heading__text{font-size:17px !important}}<\/style><h2 class=\"stk-block-heading__text has-text-color\"><b>ZENTRALE KERNAUSSAGE<\/b><\/h2><\/div>\n\n\n\n<ul class=\"has-ast-global-color-8-color has-text-color wp-block-list\" style=\"font-size:15px;font-style:normal;font-weight:500;line-height:2\">\n\n<li>Ein Geldmarktfonds ist ein Investmentfonds, welcher in Schuldtitel mit kurzen Laufzeiten investiert. Dazu geh\u00f6ren in erster Linie Anleihen, Termingelder sowie Schuldscheindarlehen. Geldmarktfonds sind zwar nicht staatlich versichert, sie gelten aber im Allgemeinen als sehr sicherer Bargeldersatz.<\/li>\n\n<\/ul>\n\n\n<p><!-- \/wp:post-content --><\/p>\n<hr>\n<p>Der Geldmarktfonds ist ein Investmentfonds, welcher das Geld der Anleger in Geldmarktpapiere, Termingeld, Bankguthaben und in kurzfristige und bonit\u00e4tsstarke Anleihen investiert. Diese Art von Fonds ist somit in erster Linie am Geldmarkt aktiv. Um das Schwankungsrisiko zu minimieren, sind die Restlaufzeiten der Anleihen meistens kurz (oftmals bis zu 12 Monate). Der Geldmarktfonds dient in erster Linie dazu, dem Anleger Sicherheit \u00fcber das investierte Kapital zu geben und gleichzeitig eine Rendite zu erm\u00f6glichen, welche jedoch langfristig geringer ausf\u00e4llt als die von anderen Anlageklassen wie Rentenfonds oder Aktienfonds. Ebenso dienen Geldmarktfonds dazu, \u00fcbersch\u00fcssige Liquidit\u00e4t sicher zu parken oder aber auch um eine bestimmte W\u00e4hrung zu handeln, falls der Fonds in einer aus der Sicht des Anlegers Fremdw\u00e4hrung notiert. Notieren Geldmarktfonds in der Heimatw\u00e4hrung des Anlegers, geh\u00f6ren sie zu den sichersten Anlageinstrumenten, bieten deshalb aber auch deutlich geringere Renditen als Fonds mit einem h\u00f6heren Risiko.<\/p>\n<p>Geldmarktfonds dienen h\u00e4ufig dazu, \u00fcbersch\u00fcssiges Geld, welches momentan nicht ben\u00f6tigt wird, anzulegen. Der Anleger hat die ganze Zeit \u00fcber Zugriff auf das angelegte Verm\u00f6gen. Ein Geldmarktfonds weist einen geringen oder sogar keinen Ausgabeaufschlag auf, die Total Expense Ration ist deutlich geringer als die von herk\u00f6mmlichen Investmentfonds und liegt oft bei ca. 0,5 %. Zudem ist es meistens ein thesaurierender Fonds, erzielte Zinsen werden also von Fondsmanagement neu angelegt und nicht ausgesch\u00fcttet.<\/p>","protected":false},"excerpt":{"rendered":"<p>engl. Money Market Funds ZENTRALE KERNAUSSAGE Der Geldmarktfonds ist ein Investmentfonds, welcher das Geld der Anleger in Geldmarktpapiere, Termingeld, Bankguthaben und in kurzfristige und bonit\u00e4tsstarke Anleihen investiert. Diese Art von Fonds ist somit in erster Linie am Geldmarkt aktiv. Um das Schwankungsrisiko zu minimieren, sind die Restlaufzeiten der Anleihen meistens kurz (oftmals bis zu 12 [&hellip;]<\/p>\n","protected":false},"author":1,"featured_media":0,"parent":0,"menu_order":0,"comment_status":"closed","ping_status":"closed","template":"","meta":{"site-sidebar-layout":"default","site-content-layout":"","ast-site-content-layout":"","site-content-style":"default","site-sidebar-style":"default","ast-global-header-display":"","ast-banner-title-visibility":"","ast-main-header-display":"","ast-hfb-above-header-display":"","ast-hfb-below-header-display":"","ast-hfb-mobile-header-display":"","site-post-title":"","ast-breadcrumbs-content":"","ast-featured-img":"","footer-sml-layout":"","theme-transparent-header-meta":"","adv-header-id-meta":"","stick-header-meta":"","header-above-stick-meta":"","header-main-stick-meta":"","header-below-stick-meta":"","astra-migrate-meta-layouts":"default","ast-page-background-enabled":"default","ast-page-background-meta":{"desktop":{"background-color":"","background-image":"","background-repeat":"repeat","background-position":"center center","background-size":"auto","background-attachment":"scroll","background-type":"","background-media":"","overlay-type":"","overlay-color":"","overlay-opacity":"","overlay-gradient":""},"tablet":{"background-color":"","background-image":"","background-repeat":"repeat","background-position":"center center","background-size":"auto","background-attachment":"scroll","background-type":"","background-media":"","overlay-type":"","overlay-color":"","overlay-opacity":"","overlay-gradient":""},"mobile":{"background-color":"","background-image":"","background-repeat":"repeat","background-position":"center center","background-size":"auto","background-attachment":"scroll","background-type":"","background-media":"","overlay-type":"","overlay-color":"","overlay-opacity":"","overlay-gradient":""}},"ast-content-background-meta":{"desktop":{"background-color":"var(--ast-global-color-5)","background-image":"","background-repeat":"repeat","background-position":"center center","background-size":"auto","background-attachment":"scroll","background-type":"","background-media":"","overlay-type":"","overlay-color":"","overlay-opacity":"","overlay-gradient":""},"tablet":{"background-color":"var(--ast-global-color-5)","background-image":"","background-repeat":"repeat","background-position":"center center","background-size":"auto","background-attachment":"scroll","background-type":"","background-media":"","overlay-type":"","overlay-color":"","overlay-opacity":"","overlay-gradient":""},"mobile":{"background-color":"var(--ast-global-color-5)","background-image":"","background-repeat":"repeat","background-position":"center center","background-size":"auto","background-attachment":"scroll","background-type":"","background-media":"","overlay-type":"","overlay-color":"","overlay-opacity":"","overlay-gradient":""}},"footnotes":""},"class_list":["post-2127","page","type-page","status-publish","hentry"],"translation":{"provider":"WPGlobus","version":"3.0.2","language":"en","enabled_languages":["de","en"],"languages":{"de":{"title":true,"content":true,"excerpt":false},"en":{"title":false,"content":false,"excerpt":false}}},"featured_image_urls_v2":{"full":"","thumbnail":"","medium":"","medium_large":"","large":"","1536x1536":"","2048x2048":""},"post_excerpt_stackable_v2":"<p>engl. Money Market Funds ZENTRALE KERNAUSSAGE Ein Geldmarktfonds ist ein Investmentfonds, welcher in Schuldtitel mit kurzen Laufzeiten investiert. Dazu geh\u00f6ren in erster Linie Anleihen, Termingelder sowie Schuldscheindarlehen. Geldmarktfonds sind zwar nicht staatlich versichert, sie gelten aber im Allgemeinen als sehr sicherer Bargeldersatz. Der Geldmarktfonds ist ein Investmentfonds, welcher das Geld der Anleger in Geldmarktpapiere, Termingeld, Bankguthaben und in kurzfristige und bonit\u00e4tsstarke Anleihen investiert. Diese Art von Fonds ist somit in erster Linie am Geldmarkt aktiv. Um das Schwankungsrisiko zu minimieren, sind die Restlaufzeiten der Anleihen meistens kurz (oftmals bis zu 12 Monate). Der Geldmarktfonds dient in erster Linie dazu, dem&hellip;<\/p>\n","category_list_v2":"","author_info_v2":{"name":"PrudentWater","url":"https:\/\/prudentwater.com\/en\/author\/niklas33\/"},"comments_num_v2":"0 comments","_links":{"self":[{"href":"https:\/\/prudentwater.com\/en\/wp-json\/wp\/v2\/pages\/2127","targetHints":{"allow":["GET"]}}],"collection":[{"href":"https:\/\/prudentwater.com\/en\/wp-json\/wp\/v2\/pages"}],"about":[{"href":"https:\/\/prudentwater.com\/en\/wp-json\/wp\/v2\/types\/page"}],"author":[{"embeddable":true,"href":"https:\/\/prudentwater.com\/en\/wp-json\/wp\/v2\/users\/1"}],"replies":[{"embeddable":true,"href":"https:\/\/prudentwater.com\/en\/wp-json\/wp\/v2\/comments?post=2127"}],"version-history":[{"count":0,"href":"https:\/\/prudentwater.com\/en\/wp-json\/wp\/v2\/pages\/2127\/revisions"}],"wp:attachment":[{"href":"https:\/\/prudentwater.com\/en\/wp-json\/wp\/v2\/media?parent=2127"}],"curies":[{"name":"wp","href":"https:\/\/api.w.org\/{rel}","templated":true}]}}