{"id":2143,"date":"2014-12-08T20:26:03","date_gmt":"2014-12-08T20:26:03","guid":{"rendered":"http:\/\/www.kunnskap.de\/?page_id=2143"},"modified":"2021-06-25T12:49:03","modified_gmt":"2021-06-25T10:49:03","slug":"glattstellung","status":"publish","type":"page","link":"https:\/\/prudentwater.com\/en\/glattstellung\/","title":{"rendered":"Glattstellung"},"content":{"rendered":"<p>engl. <strong>Close a Position<\/strong><\/p>\n<p>Die Glattstellung bezeichnet den Kauf oder Verkauf eines Wertpapiers, um sich von den Lieferverpflichtungen eines Termingesch\u00e4ftes zu befreien. Dabei wird eine noch offene Position, welche sich somit noch im Depot befindet, geschlossen, indem ein entsprechendes Gegengesch\u00e4ft get\u00e4tigt wird.<br \/>\nBesitzt der Anleger z.B. einen Kontrakt auf Mais f\u00fcr den kommenden Monat, ist dieser Kontrakt zun\u00e4chst noch offen. Um sich nun von der Verpflichtung des Kaufes von Mais zu befreien, wird von derselben Person ein Kontrakt auf Mais mit identischer F\u00e4lligkeit verkauft. &#8216;Verkauft&#8217; bedeutet in diesem Fall, dass eine Short-Position gekauft wird. Die beiden Kontrakte heben sich nun auf und das Gesch\u00e4ft ist glattgestellt.<br \/>\nBei der Glattstellung wird immer die Gegenposition eingenommen. Besitzt der Anleger ein Long-Position auf Mais, so muss er eine Short-Position mit derselben F\u00e4lligkeit eingehen. Besitzt der eine Short-Position, so muss er eine Long-Position eingehen.<\/p>\n","protected":false},"excerpt":{"rendered":"<p>engl. Close a Position Die Glattstellung bezeichnet den Kauf oder Verkauf eines Wertpapiers, um sich von den Lieferverpflichtungen eines Termingesch\u00e4ftes zu befreien. Dabei wird eine noch offene Position, welche sich somit noch im Depot befindet, geschlossen, indem ein entsprechendes Gegengesch\u00e4ft get\u00e4tigt wird. Besitzt der Anleger z.B. einen Kontrakt auf Mais f\u00fcr den kommenden Monat, ist [&hellip;]<\/p>\n","protected":false},"author":1,"featured_media":0,"parent":0,"menu_order":0,"comment_status":"closed","ping_status":"closed","template":"","meta":{"site-sidebar-layout":"default","site-content-layout":"","ast-site-content-layout":"","site-content-style":"default","site-sidebar-style":"default","ast-global-header-display":"","ast-banner-title-visibility":"","ast-main-header-display":"","ast-hfb-above-header-display":"","ast-hfb-below-header-display":"","ast-hfb-mobile-header-display":"","site-post-title":"","ast-breadcrumbs-content":"","ast-featured-img":"","footer-sml-layout":"","theme-transparent-header-meta":"","adv-header-id-meta":"","stick-header-meta":"","header-above-stick-meta":"","header-main-stick-meta":"","header-below-stick-meta":"","astra-migrate-meta-layouts":"default","ast-page-background-enabled":"default","ast-page-background-meta":{"desktop":{"background-color":"","background-image":"","background-repeat":"repeat","background-position":"center center","background-size":"auto","background-attachment":"scroll","background-type":"","background-media":"","overlay-type":"","overlay-color":"","overlay-opacity":"","overlay-gradient":""},"tablet":{"background-color":"","background-image":"","background-repeat":"repeat","background-position":"center center","background-size":"auto","background-attachment":"scroll","background-type":"","background-media":"","overlay-type":"","overlay-color":"","overlay-opacity":"","overlay-gradient":""},"mobile":{"background-color":"","background-image":"","background-repeat":"repeat","background-position":"center center","background-size":"auto","background-attachment":"scroll","background-type":"","background-media":"","overlay-type":"","overlay-color":"","overlay-opacity":"","overlay-gradient":""}},"ast-content-background-meta":{"desktop":{"background-color":"var(--ast-global-color-5)","background-image":"","background-repeat":"repeat","background-position":"center center","background-size":"auto","background-attachment":"scroll","background-type":"","background-media":"","overlay-type":"","overlay-color":"","overlay-opacity":"","overlay-gradient":""},"tablet":{"background-color":"var(--ast-global-color-5)","background-image":"","background-repeat":"repeat","background-position":"center center","background-size":"auto","background-attachment":"scroll","background-type":"","background-media":"","overlay-type":"","overlay-color":"","overlay-opacity":"","overlay-gradient":""},"mobile":{"background-color":"var(--ast-global-color-5)","background-image":"","background-repeat":"repeat","background-position":"center center","background-size":"auto","background-attachment":"scroll","background-type":"","background-media":"","overlay-type":"","overlay-color":"","overlay-opacity":"","overlay-gradient":""}},"footnotes":""},"class_list":["post-2143","page","type-page","status-publish","hentry"],"translation":{"provider":"WPGlobus","version":"3.0.2","language":"en","enabled_languages":["de","en"],"languages":{"de":{"title":true,"content":true,"excerpt":false},"en":{"title":false,"content":false,"excerpt":false}}},"featured_image_urls_v2":{"full":"","thumbnail":"","medium":"","medium_large":"","large":"","1536x1536":"","2048x2048":""},"post_excerpt_stackable_v2":"<p>engl. Close a Position Die Glattstellung bezeichnet den Kauf oder Verkauf eines Wertpapiers, um sich von den Lieferverpflichtungen eines Termingesch\u00e4ftes zu befreien. Dabei wird eine noch offene Position, welche sich somit noch im Depot befindet, geschlossen, indem ein entsprechendes Gegengesch\u00e4ft get\u00e4tigt wird. Besitzt der Anleger z.B. einen Kontrakt auf Mais f\u00fcr den kommenden Monat, ist dieser Kontrakt zun\u00e4chst noch offen. Um sich nun von der Verpflichtung des Kaufes von Mais zu befreien, wird von derselben Person ein Kontrakt auf Mais mit identischer F\u00e4lligkeit verkauft. &#8216;Verkauft&#8217; bedeutet in diesem Fall, dass eine Short-Position gekauft wird. Die beiden Kontrakte heben sich nun&hellip;<\/p>\n","category_list_v2":"","author_info_v2":{"name":"PrudentWater","url":"https:\/\/prudentwater.com\/en\/author\/niklas33\/"},"comments_num_v2":"0 comments","_links":{"self":[{"href":"https:\/\/prudentwater.com\/en\/wp-json\/wp\/v2\/pages\/2143","targetHints":{"allow":["GET"]}}],"collection":[{"href":"https:\/\/prudentwater.com\/en\/wp-json\/wp\/v2\/pages"}],"about":[{"href":"https:\/\/prudentwater.com\/en\/wp-json\/wp\/v2\/types\/page"}],"author":[{"embeddable":true,"href":"https:\/\/prudentwater.com\/en\/wp-json\/wp\/v2\/users\/1"}],"replies":[{"embeddable":true,"href":"https:\/\/prudentwater.com\/en\/wp-json\/wp\/v2\/comments?post=2143"}],"version-history":[{"count":0,"href":"https:\/\/prudentwater.com\/en\/wp-json\/wp\/v2\/pages\/2143\/revisions"}],"wp:attachment":[{"href":"https:\/\/prudentwater.com\/en\/wp-json\/wp\/v2\/media?parent=2143"}],"curies":[{"name":"wp","href":"https:\/\/api.w.org\/{rel}","templated":true}]}}