{"id":2171,"date":"2014-12-09T10:46:14","date_gmt":"2014-12-09T10:46:14","guid":{"rendered":"http:\/\/www.kunnskap.de\/?page_id=2171"},"modified":"2021-06-25T12:49:04","modified_gmt":"2021-06-25T10:49:04","slug":"hebel","status":"publish","type":"page","link":"https:\/\/prudentwater.com\/en\/hebel\/","title":{"rendered":"Hebel"},"content":{"rendered":"<p>engl. <strong>Leverage<\/strong><\/p>\n<p><b>1.<\/b> Der Hebel eines Optionsscheins gibt an, um wie viel Einheiten der Wert des Optionsscheins steigt \/ f\u00e4llt, wenn der Basiswert um eine Einheit steigt \/ f\u00e4llt und das Aufgeld unver\u00e4ndert bleibt. Somit lassen sich mit einem Hebelprodukt Gewinne aber auch Verluste vervielfachen. Allerdings wirkt sich der Hebel bei Optionsscheinen nicht sehr stark aus. Bei einem Optionsschein mit einem Hebel von z.B. 8, sollte der Schein achtmal so stark steigen \/ fallen wie der Basiswert. Der tats\u00e4chliche Hebel ist allerdings oftmals geringer, da bei \u00c4nderung des Kurses des Basiswertes zuerst der Zeitwert des Optionsscheines abgebaut wird. Oft ist zu beobachten, dass der Zeitwert mit fallender Volatilit\u00e4t des Kurses des Basiswertes oder mit abnehmender Restlaufzeit des Optionsscheines \u00fcberproportional abnimmt. Der Hebel eines Optionsscheines ber\u00fccksichtigt somit nicht den Zeitwertverlust aber auch nicht das Delta.<br \/>\nM\u00f6chte der Anleger Aufschluss \u00fcber die Hebelwirkung eines Optionsscheines erhalten, sollte er sich das Omega anschauen, da diese dynamische Kennzahl den tats\u00e4chlichen Hebel angibt. <\/p>\n<p><b>2.<\/b> Bei einem Hebelprodukt wie einem Knock-out-Zertifikat gibt der Hebel an, mit welchem Vielfachen der Anleger an der Wertentwicklung des zugrunde liegenden Basiswertes partizipiert. <\/p>\n","protected":false},"excerpt":{"rendered":"<p>engl. Leverage 1. Der Hebel eines Optionsscheins gibt an, um wie viel Einheiten der Wert des Optionsscheins steigt \/ f\u00e4llt, wenn der Basiswert um eine Einheit steigt \/ f\u00e4llt und das Aufgeld unver\u00e4ndert bleibt. Somit lassen sich mit einem Hebelprodukt Gewinne aber auch Verluste vervielfachen. Allerdings wirkt sich der Hebel bei Optionsscheinen nicht sehr stark [&hellip;]<\/p>\n","protected":false},"author":1,"featured_media":0,"parent":0,"menu_order":0,"comment_status":"closed","ping_status":"closed","template":"","meta":{"site-sidebar-layout":"default","site-content-layout":"","ast-site-content-layout":"","site-content-style":"default","site-sidebar-style":"default","ast-global-header-display":"","ast-banner-title-visibility":"","ast-main-header-display":"","ast-hfb-above-header-display":"","ast-hfb-below-header-display":"","ast-hfb-mobile-header-display":"","site-post-title":"","ast-breadcrumbs-content":"","ast-featured-img":"","footer-sml-layout":"","theme-transparent-header-meta":"","adv-header-id-meta":"","stick-header-meta":"","header-above-stick-meta":"","header-main-stick-meta":"","header-below-stick-meta":"","astra-migrate-meta-layouts":"default","ast-page-background-enabled":"default","ast-page-background-meta":{"desktop":{"background-color":"","background-image":"","background-repeat":"repeat","background-position":"center center","background-size":"auto","background-attachment":"scroll","background-type":"","background-media":"","overlay-type":"","overlay-color":"","overlay-opacity":"","overlay-gradient":""},"tablet":{"background-color":"","background-image":"","background-repeat":"repeat","background-position":"center center","background-size":"auto","background-attachment":"scroll","background-type":"","background-media":"","overlay-type":"","overlay-color":"","overlay-opacity":"","overlay-gradient":""},"mobile":{"background-color":"","background-image":"","background-repeat":"repeat","background-position":"center center","background-size":"auto","background-attachment":"scroll","background-type":"","background-media":"","overlay-type":"","overlay-color":"","overlay-opacity":"","overlay-gradient":""}},"ast-content-background-meta":{"desktop":{"background-color":"var(--ast-global-color-5)","background-image":"","background-repeat":"repeat","background-position":"center center","background-size":"auto","background-attachment":"scroll","background-type":"","background-media":"","overlay-type":"","overlay-color":"","overlay-opacity":"","overlay-gradient":""},"tablet":{"background-color":"var(--ast-global-color-5)","background-image":"","background-repeat":"repeat","background-position":"center center","background-size":"auto","background-attachment":"scroll","background-type":"","background-media":"","overlay-type":"","overlay-color":"","overlay-opacity":"","overlay-gradient":""},"mobile":{"background-color":"var(--ast-global-color-5)","background-image":"","background-repeat":"repeat","background-position":"center center","background-size":"auto","background-attachment":"scroll","background-type":"","background-media":"","overlay-type":"","overlay-color":"","overlay-opacity":"","overlay-gradient":""}},"footnotes":""},"class_list":["post-2171","page","type-page","status-publish","hentry"],"translation":{"provider":"WPGlobus","version":"3.0.2","language":"en","enabled_languages":["de","en"],"languages":{"de":{"title":true,"content":true,"excerpt":false},"en":{"title":false,"content":false,"excerpt":false}}},"featured_image_urls_v2":{"full":"","thumbnail":"","medium":"","medium_large":"","large":"","1536x1536":"","2048x2048":""},"post_excerpt_stackable_v2":"<p>engl. Leverage 1. Der Hebel eines Optionsscheins gibt an, um wie viel Einheiten der Wert des Optionsscheins steigt \/ f\u00e4llt, wenn der Basiswert um eine Einheit steigt \/ f\u00e4llt und das Aufgeld unver\u00e4ndert bleibt. Somit lassen sich mit einem Hebelprodukt Gewinne aber auch Verluste vervielfachen. Allerdings wirkt sich der Hebel bei Optionsscheinen nicht sehr stark aus. Bei einem Optionsschein mit einem Hebel von z.B. 8, sollte der Schein achtmal so stark steigen \/ fallen wie der Basiswert. Der tats\u00e4chliche Hebel ist allerdings oftmals geringer, da bei \u00c4nderung des Kurses des Basiswertes zuerst der Zeitwert des Optionsscheines abgebaut wird. Oft ist&hellip;<\/p>\n","category_list_v2":"","author_info_v2":{"name":"PrudentWater","url":"https:\/\/prudentwater.com\/en\/author\/niklas33\/"},"comments_num_v2":"0 comments","_links":{"self":[{"href":"https:\/\/prudentwater.com\/en\/wp-json\/wp\/v2\/pages\/2171","targetHints":{"allow":["GET"]}}],"collection":[{"href":"https:\/\/prudentwater.com\/en\/wp-json\/wp\/v2\/pages"}],"about":[{"href":"https:\/\/prudentwater.com\/en\/wp-json\/wp\/v2\/types\/page"}],"author":[{"embeddable":true,"href":"https:\/\/prudentwater.com\/en\/wp-json\/wp\/v2\/users\/1"}],"replies":[{"embeddable":true,"href":"https:\/\/prudentwater.com\/en\/wp-json\/wp\/v2\/comments?post=2171"}],"version-history":[{"count":0,"href":"https:\/\/prudentwater.com\/en\/wp-json\/wp\/v2\/pages\/2171\/revisions"}],"wp:attachment":[{"href":"https:\/\/prudentwater.com\/en\/wp-json\/wp\/v2\/media?parent=2171"}],"curies":[{"name":"wp","href":"https:\/\/api.w.org\/{rel}","templated":true}]}}