{"id":2172,"date":"2014-12-09T10:46:53","date_gmt":"2014-12-09T10:46:53","guid":{"rendered":"http:\/\/www.kunnskap.de\/?page_id=2172"},"modified":"2021-08-13T19:59:18","modified_gmt":"2021-08-13T17:59:18","slug":"hedgefonds","status":"publish","type":"page","link":"https:\/\/prudentwater.com\/en\/hedgefonds\/","title":{"rendered":"Hedgefonds"},"content":{"rendered":"<p>Hedgefonds sind Investmentfonds, welche nicht einen bestimmten Anlageansatz umsetzen, sondern vor allem durch spekulative Geldanlagen versuchen, deutlich h\u00f6here Renditen als normale Fonds zu erzielen. Das oberste Ziel eines Hedgefonds besteht darin, f\u00fcr die Anleger &#8211; unabh\u00e4ngig von der jeweiligen Marktentwicklung &#8211; eine maximal positive Rendite zu erzielen. Dabei werden oftmals Derivate wie Futures und Optionen genutzt. Ebenfalls k\u00f6nnen und d\u00fcrfen Hedgefonds von dem Leerverkauf Gebrauch machen und auch hohe Summen an Fremdkapital f\u00fcr spekulative Zwecke (Leverage Effekt) aufnehmen. Durch den Leerverkauf k\u00f6nnen Hedgefonds also auch innerhalb einer Baisse (fallende B\u00f6rsenkurse) eine positive Rendite erzielen. Au\u00dferdem wird von Hedgefonds der sogenannte Carry Trade genutzt, bei dem sich Geld in einer W\u00e4hrung mit einem niedrigen Zinsniveau geliehen wird, um es anschlie\u00dfend in eine h\u00f6her verzinsliche W\u00e4hrung anzulegen.<br \/>\n<div class=\"perfect-pullquote vcard pullquote-align-full pullquote-border-placement-left\" style=\"border-color:#9cd3db !important;font-size:22px !important;\"><blockquote><p style=\"font-size:22px !important;\">Hedgefonds versuchen vor allem durch die Event Driven Strategie h\u00f6here Profite zu erzielen, indem sie aus ihrer Sicht deutliche Fehlbewertungen am Markt nutzen, um Gewinne zu erzielen.<\/p><\/blockquote><\/div><\/p>\n<p>Durch diese Anlagestrategien lassen sich zwar h\u00f6here Renditen erzielen, das Risiko deutliche Verluste zu erleiden ist jedoch auch h\u00f6her als bei herk\u00f6mmlichen Investmentfonds. Hedgefonds sind sehr schwach reguliert und unterliegen nur wenigen gesetzlichen Bestimmungen. Durch die verschiedenen Handelsstrategien und die relativ schwache Regulierung k\u00f6nnen Hedgefonds viel flexibler am Markt reagieren und so jederzeit, wenn auch nur sehr kurzfristig, Gelder in bestimmte Anlageklassen investieren.<\/p>\n","protected":false},"excerpt":{"rendered":"<p>Hedgefonds sind Investmentfonds, welche nicht einen bestimmten Anlageansatz umsetzen, sondern vor allem durch spekulative Geldanlagen versuchen, deutlich h\u00f6here Renditen als normale Fonds zu erzielen. Das oberste Ziel eines Hedgefonds besteht darin, f\u00fcr die Anleger &#8211; unabh\u00e4ngig von der jeweiligen Marktentwicklung &#8211; eine maximal positive Rendite zu erzielen. Dabei werden oftmals Derivate wie Futures und Optionen [&hellip;]<\/p>\n","protected":false},"author":1,"featured_media":0,"parent":0,"menu_order":0,"comment_status":"closed","ping_status":"closed","template":"","meta":{"site-sidebar-layout":"default","site-content-layout":"default","ast-site-content-layout":"","site-content-style":"default","site-sidebar-style":"default","ast-global-header-display":"","ast-banner-title-visibility":"","ast-main-header-display":"","ast-hfb-above-header-display":"","ast-hfb-below-header-display":"","ast-hfb-mobile-header-display":"","site-post-title":"","ast-breadcrumbs-content":"","ast-featured-img":"","footer-sml-layout":"","theme-transparent-header-meta":"default","adv-header-id-meta":"","stick-header-meta":"","header-above-stick-meta":"","header-main-stick-meta":"","header-below-stick-meta":"","astra-migrate-meta-layouts":"default","ast-page-background-enabled":"default","ast-page-background-meta":{"desktop":{"background-color":"","background-image":"","background-repeat":"repeat","background-position":"center center","background-size":"auto","background-attachment":"scroll","background-type":"","background-media":"","overlay-type":"","overlay-color":"","overlay-opacity":"","overlay-gradient":""},"tablet":{"background-color":"","background-image":"","background-repeat":"repeat","background-position":"center center","background-size":"auto","background-attachment":"scroll","background-type":"","background-media":"","overlay-type":"","overlay-color":"","overlay-opacity":"","overlay-gradient":""},"mobile":{"background-color":"","background-image":"","background-repeat":"repeat","background-position":"center center","background-size":"auto","background-attachment":"scroll","background-type":"","background-media":"","overlay-type":"","overlay-color":"","overlay-opacity":"","overlay-gradient":""}},"ast-content-background-meta":{"desktop":{"background-color":"var(--ast-global-color-5)","background-image":"","background-repeat":"repeat","background-position":"center center","background-size":"auto","background-attachment":"scroll","background-type":"","background-media":"","overlay-type":"","overlay-color":"","overlay-opacity":"","overlay-gradient":""},"tablet":{"background-color":"var(--ast-global-color-5)","background-image":"","background-repeat":"repeat","background-position":"center center","background-size":"auto","background-attachment":"scroll","background-type":"","background-media":"","overlay-type":"","overlay-color":"","overlay-opacity":"","overlay-gradient":""},"mobile":{"background-color":"var(--ast-global-color-5)","background-image":"","background-repeat":"repeat","background-position":"center center","background-size":"auto","background-attachment":"scroll","background-type":"","background-media":"","overlay-type":"","overlay-color":"","overlay-opacity":"","overlay-gradient":""}},"footnotes":""},"class_list":["post-2172","page","type-page","status-publish","hentry"],"translation":{"provider":"WPGlobus","version":"3.0.2","language":"en","enabled_languages":["de","en"],"languages":{"de":{"title":true,"content":true,"excerpt":false},"en":{"title":false,"content":false,"excerpt":false}}},"featured_image_urls_v2":{"full":"","thumbnail":"","medium":"","medium_large":"","large":"","1536x1536":"","2048x2048":""},"post_excerpt_stackable_v2":"<p>Hedgefonds sind Investmentfonds, welche nicht einen bestimmten Anlageansatz umsetzen, sondern vor allem durch spekulative Geldanlagen versuchen, deutlich h\u00f6here Renditen als normale Fonds zu erzielen. Das oberste Ziel eines Hedgefonds besteht darin, f\u00fcr die Anleger &#8211; unabh\u00e4ngig von der jeweiligen Marktentwicklung &#8211; eine maximal positive Rendite zu erzielen. Dabei werden oftmals Derivate wie Futures und Optionen genutzt. Ebenfalls k\u00f6nnen und d\u00fcrfen Hedgefonds von dem Leerverkauf Gebrauch machen und auch hohe Summen an Fremdkapital f\u00fcr spekulative Zwecke (Leverage Effekt) aufnehmen. Durch den Leerverkauf k\u00f6nnen Hedgefonds also auch innerhalb einer Baisse (fallende B\u00f6rsenkurse) eine positive Rendite erzielen. Au\u00dferdem wird von Hedgefonds der sogenannte&hellip;<\/p>\n","category_list_v2":"","author_info_v2":{"name":"PrudentWater","url":"https:\/\/prudentwater.com\/en\/author\/niklas33\/"},"comments_num_v2":"0 comments","_links":{"self":[{"href":"https:\/\/prudentwater.com\/en\/wp-json\/wp\/v2\/pages\/2172","targetHints":{"allow":["GET"]}}],"collection":[{"href":"https:\/\/prudentwater.com\/en\/wp-json\/wp\/v2\/pages"}],"about":[{"href":"https:\/\/prudentwater.com\/en\/wp-json\/wp\/v2\/types\/page"}],"author":[{"embeddable":true,"href":"https:\/\/prudentwater.com\/en\/wp-json\/wp\/v2\/users\/1"}],"replies":[{"embeddable":true,"href":"https:\/\/prudentwater.com\/en\/wp-json\/wp\/v2\/comments?post=2172"}],"version-history":[{"count":0,"href":"https:\/\/prudentwater.com\/en\/wp-json\/wp\/v2\/pages\/2172\/revisions"}],"wp:attachment":[{"href":"https:\/\/prudentwater.com\/en\/wp-json\/wp\/v2\/media?parent=2172"}],"curies":[{"name":"wp","href":"https:\/\/api.w.org\/{rel}","templated":true}]}}