{"id":2178,"date":"2014-12-09T12:26:09","date_gmt":"2014-12-09T12:26:09","guid":{"rendered":"http:\/\/www.kunnskap.de\/?page_id=2178"},"modified":"2021-06-25T12:49:04","modified_gmt":"2021-06-25T10:49:04","slug":"hedging","status":"publish","type":"page","link":"https:\/\/prudentwater.com\/en\/hedging\/","title":{"rendered":"Hedging"},"content":{"rendered":"<p><b>1.<\/b> Hedging ist das Absichern von Wertpapierpositionen oder Wechselkursschwankungen durch ein entsprechendes Gegengesch\u00e4ft. Dabei ist das Hedgegesch\u00e4ft an die urspr\u00fcngliche Transaktion gekoppelt. Hat der Anleger Aktien eines bestimmten Unternehmens gekauft, bef\u00fcrchtet aber, dass diese im Wert fallen werden, kann er sich mit Put-Optionen auf dieselbe Aktie gegen Verluste absichern. Er kauft dabei die Put-Optionen (Verkaufsoptionen) auf die entsprechenden Aktien und hat somit das Recht, die Aktien sp\u00e4ter zu einem bestimmten und vorher festgelegten Preis einem anderen Marktteilnehmer zu liefern. Liegt dieser sogenannte Basispreis (bspw. 40 Euro) bei F\u00e4lligkeit \u00fcber dem aktuellen B\u00f6rsenpreis (bspw. 34 Euro), war das Hedging erfolgreich, da nun die Aktien zu einem teureren Preis an den Marktteilnehmer verkauft werden k\u00f6nnen. Hierbei hat er das Recht, die Aktien f\u00fcr 40 Euro zu verkaufen, obwohl diese momentan bei 34 Euro gehandelt werden. In der Regel findet jedoch ein Barausgleich statt. Entscheidend ist jedoch, dass bei fallenden Kursen der Aktien im Depot der entstandene Verlust durch einen Gewinn der Put-Option ausgeglichen wird. Der Sinn des Hedging besteht also darin, eine gegen\u00fcber der abzusichernden Position entgegengesetzte Position aufzubauen, welche einen ausgleichenden Effekt erzielt.<\/p>\n<p><b>2.<\/b> Das Hedging dient auch zur Absicherung von Wechselkursschwankungen. Exportiert ein Landwirt aus Deutschland im kommenden Monat seinen Mais in die USA und wird daf\u00fcr bei Lieferung des Mais&#8217; in US-Dollar bezahlt, kann er diese US-Dollar-Summe schon heute zu einem bestimmten Kurs gegen\u00fcber Euro verkaufen und sich so gegen einen Verfall des USD gegen\u00fcber Euro absichern. Verf\u00e4llt der USD n\u00e4mlich in der Zwischenzeit, bekommt er beim Umtausch der USD-Summe weniger Euro als noch bei Abschlie\u00dfung des Gesch\u00e4ftes. Um sich nun einen Wechselkurs zu sichern, schlie\u00dft er vorher ein Termingesch\u00e4ft ab. Obwohl er aktuell die USD-Summe noch gar nicht erhalten hat, kann er diese schon heute am Terminmarkt zu einem festgelegten Zeitpunkt in der Zukunft und einem fest vereinbarten Wechselkurs gegen\u00fcber Euro mittels einem Termingesch\u00e4ft verkaufen. Dazu verkauft er an der B\u00f6rse die gew\u00fcnschte Menge Kontrakte Dollar f\u00fcr den kommenden Monat. In der Gegenwart wei\u00df er nun bereits, wie viel Euro er f\u00fcr seine US-Dollar-Summe, welche er durch das Maisgesch\u00e4ft einnehmen wird, bekommt.<\/p>\n","protected":false},"excerpt":{"rendered":"<p>1. Hedging ist das Absichern von Wertpapierpositionen oder Wechselkursschwankungen durch ein entsprechendes Gegengesch\u00e4ft. Dabei ist das Hedgegesch\u00e4ft an die urspr\u00fcngliche Transaktion gekoppelt. Hat der Anleger Aktien eines bestimmten Unternehmens gekauft, bef\u00fcrchtet aber, dass diese im Wert fallen werden, kann er sich mit Put-Optionen auf dieselbe Aktie gegen Verluste absichern. Er kauft dabei die Put-Optionen (Verkaufsoptionen) [&hellip;]<\/p>\n","protected":false},"author":1,"featured_media":0,"parent":0,"menu_order":0,"comment_status":"closed","ping_status":"closed","template":"","meta":{"site-sidebar-layout":"default","site-content-layout":"","ast-site-content-layout":"","site-content-style":"default","site-sidebar-style":"default","ast-global-header-display":"","ast-banner-title-visibility":"","ast-main-header-display":"","ast-hfb-above-header-display":"","ast-hfb-below-header-display":"","ast-hfb-mobile-header-display":"","site-post-title":"","ast-breadcrumbs-content":"","ast-featured-img":"","footer-sml-layout":"","theme-transparent-header-meta":"","adv-header-id-meta":"","stick-header-meta":"","header-above-stick-meta":"","header-main-stick-meta":"","header-below-stick-meta":"","astra-migrate-meta-layouts":"default","ast-page-background-enabled":"default","ast-page-background-meta":{"desktop":{"background-color":"","background-image":"","background-repeat":"repeat","background-position":"center center","background-size":"auto","background-attachment":"scroll","background-type":"","background-media":"","overlay-type":"","overlay-color":"","overlay-opacity":"","overlay-gradient":""},"tablet":{"background-color":"","background-image":"","background-repeat":"repeat","background-position":"center center","background-size":"auto","background-attachment":"scroll","background-type":"","background-media":"","overlay-type":"","overlay-color":"","overlay-opacity":"","overlay-gradient":""},"mobile":{"background-color":"","background-image":"","background-repeat":"repeat","background-position":"center center","background-size":"auto","background-attachment":"scroll","background-type":"","background-media":"","overlay-type":"","overlay-color":"","overlay-opacity":"","overlay-gradient":""}},"ast-content-background-meta":{"desktop":{"background-color":"var(--ast-global-color-5)","background-image":"","background-repeat":"repeat","background-position":"center center","background-size":"auto","background-attachment":"scroll","background-type":"","background-media":"","overlay-type":"","overlay-color":"","overlay-opacity":"","overlay-gradient":""},"tablet":{"background-color":"var(--ast-global-color-5)","background-image":"","background-repeat":"repeat","background-position":"center center","background-size":"auto","background-attachment":"scroll","background-type":"","background-media":"","overlay-type":"","overlay-color":"","overlay-opacity":"","overlay-gradient":""},"mobile":{"background-color":"var(--ast-global-color-5)","background-image":"","background-repeat":"repeat","background-position":"center center","background-size":"auto","background-attachment":"scroll","background-type":"","background-media":"","overlay-type":"","overlay-color":"","overlay-opacity":"","overlay-gradient":""}},"footnotes":""},"class_list":["post-2178","page","type-page","status-publish","hentry"],"translation":{"provider":"WPGlobus","version":"3.0.2","language":"en","enabled_languages":["de","en"],"languages":{"de":{"title":true,"content":true,"excerpt":false},"en":{"title":false,"content":false,"excerpt":false}}},"featured_image_urls_v2":{"full":"","thumbnail":"","medium":"","medium_large":"","large":"","1536x1536":"","2048x2048":""},"post_excerpt_stackable_v2":"<p>1. Hedging ist das Absichern von Wertpapierpositionen oder Wechselkursschwankungen durch ein entsprechendes Gegengesch\u00e4ft. Dabei ist das Hedgegesch\u00e4ft an die urspr\u00fcngliche Transaktion gekoppelt. Hat der Anleger Aktien eines bestimmten Unternehmens gekauft, bef\u00fcrchtet aber, dass diese im Wert fallen werden, kann er sich mit Put-Optionen auf dieselbe Aktie gegen Verluste absichern. Er kauft dabei die Put-Optionen (Verkaufsoptionen) auf die entsprechenden Aktien und hat somit das Recht, die Aktien sp\u00e4ter zu einem bestimmten und vorher festgelegten Preis einem anderen Marktteilnehmer zu liefern. Liegt dieser sogenannte Basispreis (bspw. 40 Euro) bei F\u00e4lligkeit \u00fcber dem aktuellen B\u00f6rsenpreis (bspw. 34 Euro), war das Hedging erfolgreich, da&hellip;<\/p>\n","category_list_v2":"","author_info_v2":{"name":"PrudentWater","url":"https:\/\/prudentwater.com\/en\/author\/niklas33\/"},"comments_num_v2":"0 comments","_links":{"self":[{"href":"https:\/\/prudentwater.com\/en\/wp-json\/wp\/v2\/pages\/2178","targetHints":{"allow":["GET"]}}],"collection":[{"href":"https:\/\/prudentwater.com\/en\/wp-json\/wp\/v2\/pages"}],"about":[{"href":"https:\/\/prudentwater.com\/en\/wp-json\/wp\/v2\/types\/page"}],"author":[{"embeddable":true,"href":"https:\/\/prudentwater.com\/en\/wp-json\/wp\/v2\/users\/1"}],"replies":[{"embeddable":true,"href":"https:\/\/prudentwater.com\/en\/wp-json\/wp\/v2\/comments?post=2178"}],"version-history":[{"count":0,"href":"https:\/\/prudentwater.com\/en\/wp-json\/wp\/v2\/pages\/2178\/revisions"}],"wp:attachment":[{"href":"https:\/\/prudentwater.com\/en\/wp-json\/wp\/v2\/media?parent=2178"}],"curies":[{"name":"wp","href":"https:\/\/api.w.org\/{rel}","templated":true}]}}