{"id":2193,"date":"2014-12-10T11:52:24","date_gmt":"2014-12-10T11:52:24","guid":{"rendered":"http:\/\/www.kunnskap.de\/?page_id=2193"},"modified":"2021-06-25T12:49:05","modified_gmt":"2021-06-25T10:49:05","slug":"indexanleihe","status":"publish","type":"page","link":"https:\/\/prudentwater.com\/en\/indexanleihe\/","title":{"rendered":"Indexanleihe"},"content":{"rendered":"<p>engl. <strong>Indexed Bond<\/strong><\/p>\n<p>Bei einer Indexanleihe ist die Zinszahlung und Tilgung der Anleihe an die Entwicklung eines Index gekoppelt. Dieser Index kann ein Aktienindex, Rohstoffindex, W\u00e4hrungsindex oder aber auch ein Verbraucherpreisindex sein, welcher im letzteren Fall die Inflationsrate eines bestimmten Landes misst. Ausschlaggebend f\u00fcr eine Indexanleihe ist, dass der R\u00fcckzahlungsbetrag an die Entwicklung des jeweiligen Index gekoppelt ist. Jedoch nicht nur der R\u00fcckzahlungsbetrag, sondern auch die einzelnen Zinszahlungen k\u00f6nnen abh\u00e4ngig von der Indexentwicklung unterschiedlich ausfallen.<br \/>\nIn Bezug auf die Inflationsrate kann z.B. vorher vereinbart werden, dass die Indexanleihe immer eine Verzinsung garantiert, welche z.B. 2 % \u00fcber der Inflation liegt. Somit wird dem Anleger ein Realzins garantiert, unabh\u00e4ngig davon, wie hoch die Inflationsrate liegt. Liegt die Inflation bei 4 %, erh\u00e4lt der Anleger einen Zinssatz von 6 %, steigt die Inflation auf 7 %, erh\u00e4lt der Anleger einen Zinssatz von 9 %.<\/p>\n","protected":false},"excerpt":{"rendered":"<p>engl. Indexed Bond Bei einer Indexanleihe ist die Zinszahlung und Tilgung der Anleihe an die Entwicklung eines Index gekoppelt. Dieser Index kann ein Aktienindex, Rohstoffindex, W\u00e4hrungsindex oder aber auch ein Verbraucherpreisindex sein, welcher im letzteren Fall die Inflationsrate eines bestimmten Landes misst. Ausschlaggebend f\u00fcr eine Indexanleihe ist, dass der R\u00fcckzahlungsbetrag an die Entwicklung des jeweiligen [&hellip;]<\/p>\n","protected":false},"author":1,"featured_media":0,"parent":0,"menu_order":0,"comment_status":"closed","ping_status":"closed","template":"","meta":{"site-sidebar-layout":"default","site-content-layout":"","ast-site-content-layout":"","site-content-style":"default","site-sidebar-style":"default","ast-global-header-display":"","ast-banner-title-visibility":"","ast-main-header-display":"","ast-hfb-above-header-display":"","ast-hfb-below-header-display":"","ast-hfb-mobile-header-display":"","site-post-title":"","ast-breadcrumbs-content":"","ast-featured-img":"","footer-sml-layout":"","theme-transparent-header-meta":"","adv-header-id-meta":"","stick-header-meta":"","header-above-stick-meta":"","header-main-stick-meta":"","header-below-stick-meta":"","astra-migrate-meta-layouts":"default","ast-page-background-enabled":"default","ast-page-background-meta":{"desktop":{"background-color":"","background-image":"","background-repeat":"repeat","background-position":"center center","background-size":"auto","background-attachment":"scroll","background-type":"","background-media":"","overlay-type":"","overlay-color":"","overlay-opacity":"","overlay-gradient":""},"tablet":{"background-color":"","background-image":"","background-repeat":"repeat","background-position":"center center","background-size":"auto","background-attachment":"scroll","background-type":"","background-media":"","overlay-type":"","overlay-color":"","overlay-opacity":"","overlay-gradient":""},"mobile":{"background-color":"","background-image":"","background-repeat":"repeat","background-position":"center center","background-size":"auto","background-attachment":"scroll","background-type":"","background-media":"","overlay-type":"","overlay-color":"","overlay-opacity":"","overlay-gradient":""}},"ast-content-background-meta":{"desktop":{"background-color":"var(--ast-global-color-5)","background-image":"","background-repeat":"repeat","background-position":"center center","background-size":"auto","background-attachment":"scroll","background-type":"","background-media":"","overlay-type":"","overlay-color":"","overlay-opacity":"","overlay-gradient":""},"tablet":{"background-color":"var(--ast-global-color-5)","background-image":"","background-repeat":"repeat","background-position":"center center","background-size":"auto","background-attachment":"scroll","background-type":"","background-media":"","overlay-type":"","overlay-color":"","overlay-opacity":"","overlay-gradient":""},"mobile":{"background-color":"var(--ast-global-color-5)","background-image":"","background-repeat":"repeat","background-position":"center center","background-size":"auto","background-attachment":"scroll","background-type":"","background-media":"","overlay-type":"","overlay-color":"","overlay-opacity":"","overlay-gradient":""}},"footnotes":""},"class_list":["post-2193","page","type-page","status-publish","hentry"],"translation":{"provider":"WPGlobus","version":"3.0.2","language":"en","enabled_languages":["de","en"],"languages":{"de":{"title":true,"content":true,"excerpt":false},"en":{"title":false,"content":false,"excerpt":false}}},"featured_image_urls_v2":{"full":"","thumbnail":"","medium":"","medium_large":"","large":"","1536x1536":"","2048x2048":""},"post_excerpt_stackable_v2":"<p>engl. Indexed Bond Bei einer Indexanleihe ist die Zinszahlung und Tilgung der Anleihe an die Entwicklung eines Index gekoppelt. Dieser Index kann ein Aktienindex, Rohstoffindex, W\u00e4hrungsindex oder aber auch ein Verbraucherpreisindex sein, welcher im letzteren Fall die Inflationsrate eines bestimmten Landes misst. Ausschlaggebend f\u00fcr eine Indexanleihe ist, dass der R\u00fcckzahlungsbetrag an die Entwicklung des jeweiligen Index gekoppelt ist. Jedoch nicht nur der R\u00fcckzahlungsbetrag, sondern auch die einzelnen Zinszahlungen k\u00f6nnen abh\u00e4ngig von der Indexentwicklung unterschiedlich ausfallen. In Bezug auf die Inflationsrate kann z.B. vorher vereinbart werden, dass die Indexanleihe immer eine Verzinsung garantiert, welche z.B. 2 % \u00fcber der Inflation liegt.&hellip;<\/p>\n","category_list_v2":"","author_info_v2":{"name":"PrudentWater","url":"https:\/\/prudentwater.com\/en\/author\/niklas33\/"},"comments_num_v2":"0 comments","_links":{"self":[{"href":"https:\/\/prudentwater.com\/en\/wp-json\/wp\/v2\/pages\/2193","targetHints":{"allow":["GET"]}}],"collection":[{"href":"https:\/\/prudentwater.com\/en\/wp-json\/wp\/v2\/pages"}],"about":[{"href":"https:\/\/prudentwater.com\/en\/wp-json\/wp\/v2\/types\/page"}],"author":[{"embeddable":true,"href":"https:\/\/prudentwater.com\/en\/wp-json\/wp\/v2\/users\/1"}],"replies":[{"embeddable":true,"href":"https:\/\/prudentwater.com\/en\/wp-json\/wp\/v2\/comments?post=2193"}],"version-history":[{"count":0,"href":"https:\/\/prudentwater.com\/en\/wp-json\/wp\/v2\/pages\/2193\/revisions"}],"wp:attachment":[{"href":"https:\/\/prudentwater.com\/en\/wp-json\/wp\/v2\/media?parent=2193"}],"curies":[{"name":"wp","href":"https:\/\/api.w.org\/{rel}","templated":true}]}}