{"id":2211,"date":"2014-12-10T19:32:47","date_gmt":"2014-12-10T19:32:47","guid":{"rendered":"http:\/\/www.kunnskap.de\/?page_id=2211"},"modified":"2021-06-25T12:49:05","modified_gmt":"2021-06-25T10:49:05","slug":"inhaberaktie","status":"publish","type":"page","link":"https:\/\/prudentwater.com\/en\/inhaberaktie\/","title":{"rendered":"Inhaberaktie"},"content":{"rendered":"<p>engl. <strong>Bearer Share<\/strong><\/p>\n<p>Die Inhaberaktie geh\u00f6rt dem K\u00e4ufer der Aktie und kann jederzeit ohne Formalit\u00e4ten an der B\u00f6rse weiterverkauft werden. Der Besitzer der Inhaberaktie besitzt alle Aktion\u00e4rsrechte. In Deutschland ist die Inhaberaktie der Regelfall und die mit Abstand verbreitetste Aktienform. Denn im Gegensatz zu der Namensaktie ist die \u00dcbertragbarkeit der Inhaberaktie ohne Aufwand m\u00f6glich. Sobald der Anleger seine Aktie verkauft, \u00fcbergibt er auch alle Rechte, die mit dem Aktienbesitz einhergehen. Zus\u00e4tzlich bleiben die Aktion\u00e4re gegen\u00fcber der ausgebenden Aktiengesellschaft anonym. Dies ist bei Namensaktien nicht der Fall, da Besitzer von Namensaktien in das Aktienbuch der Aktiengesellschaft eingetragen werden.<\/p>\n","protected":false},"excerpt":{"rendered":"<p>engl. Bearer Share Die Inhaberaktie geh\u00f6rt dem K\u00e4ufer der Aktie und kann jederzeit ohne Formalit\u00e4ten an der B\u00f6rse weiterverkauft werden. Der Besitzer der Inhaberaktie besitzt alle Aktion\u00e4rsrechte. In Deutschland ist die Inhaberaktie der Regelfall und die mit Abstand verbreitetste Aktienform. Denn im Gegensatz zu der Namensaktie ist die \u00dcbertragbarkeit der Inhaberaktie ohne Aufwand m\u00f6glich. Sobald [&hellip;]<\/p>\n","protected":false},"author":1,"featured_media":0,"parent":0,"menu_order":0,"comment_status":"closed","ping_status":"closed","template":"","meta":{"site-sidebar-layout":"default","site-content-layout":"","ast-site-content-layout":"","site-content-style":"default","site-sidebar-style":"default","ast-global-header-display":"","ast-banner-title-visibility":"","ast-main-header-display":"","ast-hfb-above-header-display":"","ast-hfb-below-header-display":"","ast-hfb-mobile-header-display":"","site-post-title":"","ast-breadcrumbs-content":"","ast-featured-img":"","footer-sml-layout":"","theme-transparent-header-meta":"","adv-header-id-meta":"","stick-header-meta":"","header-above-stick-meta":"","header-main-stick-meta":"","header-below-stick-meta":"","astra-migrate-meta-layouts":"default","ast-page-background-enabled":"default","ast-page-background-meta":{"desktop":{"background-color":"","background-image":"","background-repeat":"repeat","background-position":"center center","background-size":"auto","background-attachment":"scroll","background-type":"","background-media":"","overlay-type":"","overlay-color":"","overlay-opacity":"","overlay-gradient":""},"tablet":{"background-color":"","background-image":"","background-repeat":"repeat","background-position":"center center","background-size":"auto","background-attachment":"scroll","background-type":"","background-media":"","overlay-type":"","overlay-color":"","overlay-opacity":"","overlay-gradient":""},"mobile":{"background-color":"","background-image":"","background-repeat":"repeat","background-position":"center center","background-size":"auto","background-attachment":"scroll","background-type":"","background-media":"","overlay-type":"","overlay-color":"","overlay-opacity":"","overlay-gradient":""}},"ast-content-background-meta":{"desktop":{"background-color":"var(--ast-global-color-5)","background-image":"","background-repeat":"repeat","background-position":"center center","background-size":"auto","background-attachment":"scroll","background-type":"","background-media":"","overlay-type":"","overlay-color":"","overlay-opacity":"","overlay-gradient":""},"tablet":{"background-color":"var(--ast-global-color-5)","background-image":"","background-repeat":"repeat","background-position":"center center","background-size":"auto","background-attachment":"scroll","background-type":"","background-media":"","overlay-type":"","overlay-color":"","overlay-opacity":"","overlay-gradient":""},"mobile":{"background-color":"var(--ast-global-color-5)","background-image":"","background-repeat":"repeat","background-position":"center center","background-size":"auto","background-attachment":"scroll","background-type":"","background-media":"","overlay-type":"","overlay-color":"","overlay-opacity":"","overlay-gradient":""}},"footnotes":""},"class_list":["post-2211","page","type-page","status-publish","hentry"],"translation":{"provider":"WPGlobus","version":"3.0.2","language":"en","enabled_languages":["de","en"],"languages":{"de":{"title":true,"content":true,"excerpt":false},"en":{"title":false,"content":false,"excerpt":false}}},"featured_image_urls_v2":{"full":"","thumbnail":"","medium":"","medium_large":"","large":"","1536x1536":"","2048x2048":""},"post_excerpt_stackable_v2":"<p>engl. Bearer Share Die Inhaberaktie geh\u00f6rt dem K\u00e4ufer der Aktie und kann jederzeit ohne Formalit\u00e4ten an der B\u00f6rse weiterverkauft werden. Der Besitzer der Inhaberaktie besitzt alle Aktion\u00e4rsrechte. In Deutschland ist die Inhaberaktie der Regelfall und die mit Abstand verbreitetste Aktienform. Denn im Gegensatz zu der Namensaktie ist die \u00dcbertragbarkeit der Inhaberaktie ohne Aufwand m\u00f6glich. Sobald der Anleger seine Aktie verkauft, \u00fcbergibt er auch alle Rechte, die mit dem Aktienbesitz einhergehen. Zus\u00e4tzlich bleiben die Aktion\u00e4re gegen\u00fcber der ausgebenden Aktiengesellschaft anonym. Dies ist bei Namensaktien nicht der Fall, da Besitzer von Namensaktien in das Aktienbuch der Aktiengesellschaft eingetragen werden.<\/p>\n","category_list_v2":"","author_info_v2":{"name":"PrudentWater","url":"https:\/\/prudentwater.com\/en\/author\/niklas33\/"},"comments_num_v2":"0 comments","_links":{"self":[{"href":"https:\/\/prudentwater.com\/en\/wp-json\/wp\/v2\/pages\/2211","targetHints":{"allow":["GET"]}}],"collection":[{"href":"https:\/\/prudentwater.com\/en\/wp-json\/wp\/v2\/pages"}],"about":[{"href":"https:\/\/prudentwater.com\/en\/wp-json\/wp\/v2\/types\/page"}],"author":[{"embeddable":true,"href":"https:\/\/prudentwater.com\/en\/wp-json\/wp\/v2\/users\/1"}],"replies":[{"embeddable":true,"href":"https:\/\/prudentwater.com\/en\/wp-json\/wp\/v2\/comments?post=2211"}],"version-history":[{"count":0,"href":"https:\/\/prudentwater.com\/en\/wp-json\/wp\/v2\/pages\/2211\/revisions"}],"wp:attachment":[{"href":"https:\/\/prudentwater.com\/en\/wp-json\/wp\/v2\/media?parent=2211"}],"curies":[{"name":"wp","href":"https:\/\/api.w.org\/{rel}","templated":true}]}}