{"id":223,"date":"2014-08-19T13:45:01","date_gmt":"2014-08-19T13:45:01","guid":{"rendered":"http:\/\/www.kunnskap.de\/?page_id=223"},"modified":"2021-08-08T22:00:37","modified_gmt":"2021-08-08T20:00:37","slug":"anleihe","status":"publish","type":"page","link":"https:\/\/prudentwater.com\/en\/anleihe\/","title":{"rendered":"Anleihe"},"content":{"rendered":"<p>Auch <strong>Verzinsliches Wertpapier<\/strong>, <strong>Straight Bond<\/strong>  oder <strong>Plain Vanilla Bond<\/strong><br \/>\nengl. <strong>Bond<\/strong><\/p>\n<p>Eine Anleihe ist eine festverzinsliche Schuldverschreibung, welche von einem Unternehmen oder einem Staat emittiert wird, um Fremdkapital \u00fcber die B\u00f6rse aufzunehmen. Wird die Anleihe von einem Staat emittiert, so handelt es sich um eine Staatsanleihe, wird sie von einem Unternehmen emittiert, so handelt es sich um eine Unternehmensanleihe. Gemeinsam haben jedoch beide Formen, dass sie f\u00fcr den Anleger einen R\u00fcckzahlungsanspruch des gesamten investierten Kapitals plus eine j\u00e4hrliche Zinszahlung verbriefen.<\/p>\n<h5>Funktionsweise einer Anleihe<\/h5>\n<p>Die H\u00f6he der laufenden Zinszahlungen wird durch den Kupon der Anleihe festgelegt. Kauft der Anleger Anleihen im Nominalwert von 1000 Euro mit einem Kupon von 5,5 %, so erh\u00e4lt er jedes Jahr eine Zinszahlung in H\u00f6he von 55 Euro und bei F\u00e4lligkeit der Anleihe die letzte Kuponzahlung plus den Nominalwert in H\u00f6he von 1000 Euro. Steht eine Anleihe z.B bei 105 Prozent, so muss der K\u00e4ufer der Anleihe f\u00fcr einen Nominalwert von 1000 Euro 1050 Euro bezahlen. Nach Ende der Laufzeit erh\u00e4lt der K\u00e4ufer vom Emittenten jedoch nur den Nominalwert in H\u00f6he von 1000 Euro zur\u00fcck. Durch die zwischenzeitlichen Zinszahlungen wird der Kursverlust von 50 Euro jedoch wieder wettgemacht, solange die Anleihe noch \u00fcber eine entsprechend lange Laufzeit verf\u00fcgt und somit die Kuponzahlungen den erh\u00f6hten Kaufpreis &#8211; welcher \u00fcber dem R\u00fcckzahlungswert lag &#8211; noch ausgleichen k\u00f6nnen. In Deutschland werden Zinsen einmal j\u00e4hrlich bezahlt, im Ausland jedoch oftmals halbj\u00e4hrlich oder viertelj\u00e4hrlich.<\/p>\n<h5>Kursentwicklung einer Anleihe<\/h5>\n<p>Der Kurs der Anleihe verh\u00e4lt sich entgegengesetzt zu dem aktuellen Zinsniveau. Steigen am Markt die Zinsen, so fallen allgemein die Anleihenkurse, fallen hingegen die Marktzinsen, so steigen allgemein die Anleihekurse. Dementsprechend verh\u00e4lt es sich auch mit der Anleihe selbst.<br \/>\n<div class=\"perfect-pullquote vcard pullquote-align-full pullquote-border-placement-left\" style=\"border-color:#9cd3db !important;font-size:21px !important;\"><blockquote><p style=\"font-size:21px !important;\">Bei fallenden Anleihekursen steigt f\u00fcr potenzielle Neuk\u00e4ufer die Effektivverzinsung, wohingegen bei steigenden Anleihekursen die Effektivverzinsung f\u00fcr potenzielle K\u00e4ufer f\u00e4llt.<\/p><\/blockquote><\/div><\/p>\n<p>Anders als bei Aktien, ist der Anleger durch den Kauf von Anleihen kein (Mit-)Eigent\u00fcmer des Unternehmens. Bei der Anleihe handelt es sich schlie\u00dflich um eine Art Kredit, mit dem Unterschied, dass die Anleihe zum Nominalwert von 100 Prozent bei Ende der Laufzeit auf einmal zur\u00fcckgezahlt wird. Zus\u00e4tzlich wird eine Anleihe im Unterschied zu einem Kredit \u00f6ffentlich begeben und kann jederzeit \u00fcber die B\u00f6rse ge- und verkauft werden. Der Kurs einer Anleihe wird dabei vor allem von der Umlaufrendite und der Bonit\u00e4t des Schuldners gepr\u00e4gt. Die Einflussfaktoren auf das Zinsniveau der Anleihe sind hingegen umfangreicher und bestehen vor allem aus der Inflationsentwicklung, der Geldpolitik als auch der Fiskalpolitik.<br \/>\n<div class=\"perfect-pullquote vcard pullquote-align-full pullquote-border-placement-left\" style=\"border-color:#9cd3db !important;font-size:21px !important;\"><blockquote><p style=\"font-size:21px !important;\">Fallende Anleihekurse werden oftmals durch h\u00f6her als zuvor erwartete Wirtschaftwachstumsraten und Inflationsraten ausgel\u00f6st.<\/p><\/blockquote><\/div><\/p>\n<p>Neben der Bonit\u00e4t des Schuldners hat auch die Laufzeit der Anleihe gro\u00dfen Einfluss auf die Kursentwicklung als auch auf die H\u00f6he des Zinssatzes. Allgemein, gilt, dass je l\u00e4nger die Laufzeit der Anleihe, desto h\u00f6her der Kupon, da die Finanzstabilit\u00e4t und Wirtschaftlichkeit eines Unternehmens oder eines Staates f\u00fcr die n\u00e4chsten 30 Jahre weniger zuverl\u00e4ssig vorhergesagt werden kann als f\u00fcr die n\u00e4chsten 2 Jahre. Investoren, die dem Staat oder Unternehmen somit Geld f\u00fcr 30 Jahre leihen und eben nicht nur f\u00fcr 2 Jahre, wollen f\u00fcr das h\u00f6here Risiko auch einen Ausgleich in Form eines h\u00f6heren j\u00e4hrlichen Zinssatzes erhalten. In Zeiten von steigenden Inflationsraten fallen oft die Kurse von Anleihen. Dann reagieren jedoch Anleihen mit langer Laufzeit (10-30 Jahre) oftmals sensibler als Anleihen mit kurzer Laufzeit (bis 2 Jahre) auf die steigende Inflation. Langlaufende Anleihen reagieren ohnehin sensibler auf makro\u00f6konomische Daten und Nachrichten als Anleihen mit einer kurzen Laufzeit.<br \/>\n<div class=\"perfect-pullquote vcard pullquote-align-full pullquote-border-placement-left\" style=\"border-color:#9cd3db !important;font-size:21px !important;\"><blockquote><p style=\"font-size:21px !important;\">Je l\u00e4nger die Laufzeit einer Anleihe, desto h\u00f6her die Schwankungsintensit\u00e4t ihres Kursverlaufes.<\/p><\/blockquote><\/div><\/p>\n<h5>Anleihen in Fremdw\u00e4hrungen<\/h5>\n<p>Erwirtschaftet der Emittent der Anleihe seine Ertr\u00e4ge in einer anderen W\u00e4hrung als die W\u00e4hrung der Anleihe, so ist er zus\u00e4tzlich dem Wechselkursrisiko ausgesetzt. Das Unternehmen erwirtschaftet seine Gewinne komplett in USD, die Anleihe lautet jedoch auf Euro. Wertet nun der USD gegen\u00fcber dem Euro ab, muss die Anleihe in immer teurer werdenden Euros bedient und letztlich auch zur\u00fcckgezahlt werden. Ebenso besteht f\u00fcr den Anleger das W\u00e4hrungsrisiko, wenn er eine sogenannte Fremdw\u00e4hrungsanleihe kauft. Dies ist eine Anleihe, welche in einer W\u00e4hrung notiert, die nicht seiner Heimatw\u00e4hrung entspricht. Die Effektivverzinsung h\u00e4ngt dann n\u00e4mlich auch von der Entwicklung der Fremdw\u00e4hrung gegen\u00fcber seiner Heimatw\u00e4hrung ab. Allgemein gibt es viele verschiedene Arten von Anleihen. So zum Beispiel auch die inflationsindexierte Anleihe, bei der die Kuponzahlungen als auch der R\u00fcckzahlungsbetrag an die Inflationsentwicklung des Landes \/ W\u00e4hrungsraumes gekoppelt sind.<\/p>\n","protected":false},"excerpt":{"rendered":"<p>Auch Verzinsliches Wertpapier, Straight Bond oder Plain Vanilla Bond engl. Bond Eine Anleihe ist eine festverzinsliche Schuldverschreibung, welche von einem Unternehmen oder einem Staat emittiert wird, um Fremdkapital \u00fcber die B\u00f6rse aufzunehmen. Wird die Anleihe von einem Staat emittiert, so handelt es sich um eine Staatsanleihe, wird sie von einem Unternehmen emittiert, so handelt es [&hellip;]<\/p>\n","protected":false},"author":1,"featured_media":0,"parent":0,"menu_order":0,"comment_status":"closed","ping_status":"closed","template":"","meta":{"site-sidebar-layout":"default","site-content-layout":"default","ast-site-content-layout":"","site-content-style":"default","site-sidebar-style":"default","ast-global-header-display":"","ast-banner-title-visibility":"","ast-main-header-display":"","ast-hfb-above-header-display":"","ast-hfb-below-header-display":"","ast-hfb-mobile-header-display":"","site-post-title":"","ast-breadcrumbs-content":"","ast-featured-img":"","footer-sml-layout":"","theme-transparent-header-meta":"default","adv-header-id-meta":"","stick-header-meta":"","header-above-stick-meta":"","header-main-stick-meta":"","header-below-stick-meta":"","astra-migrate-meta-layouts":"default","ast-page-background-enabled":"default","ast-page-background-meta":{"desktop":{"background-color":"","background-image":"","background-repeat":"repeat","background-position":"center center","background-size":"auto","background-attachment":"scroll","background-type":"","background-media":"","overlay-type":"","overlay-color":"","overlay-opacity":"","overlay-gradient":""},"tablet":{"background-color":"","background-image":"","background-repeat":"repeat","background-position":"center center","background-size":"auto","background-attachment":"scroll","background-type":"","background-media":"","overlay-type":"","overlay-color":"","overlay-opacity":"","overlay-gradient":""},"mobile":{"background-color":"","background-image":"","background-repeat":"repeat","background-position":"center center","background-size":"auto","background-attachment":"scroll","background-type":"","background-media":"","overlay-type":"","overlay-color":"","overlay-opacity":"","overlay-gradient":""}},"ast-content-background-meta":{"desktop":{"background-color":"var(--ast-global-color-5)","background-image":"","background-repeat":"repeat","background-position":"center center","background-size":"auto","background-attachment":"scroll","background-type":"","background-media":"","overlay-type":"","overlay-color":"","overlay-opacity":"","overlay-gradient":""},"tablet":{"background-color":"var(--ast-global-color-5)","background-image":"","background-repeat":"repeat","background-position":"center center","background-size":"auto","background-attachment":"scroll","background-type":"","background-media":"","overlay-type":"","overlay-color":"","overlay-opacity":"","overlay-gradient":""},"mobile":{"background-color":"var(--ast-global-color-5)","background-image":"","background-repeat":"repeat","background-position":"center center","background-size":"auto","background-attachment":"scroll","background-type":"","background-media":"","overlay-type":"","overlay-color":"","overlay-opacity":"","overlay-gradient":""}},"footnotes":""},"class_list":["post-223","page","type-page","status-publish","hentry"],"translation":{"provider":"WPGlobus","version":"3.0.2","language":"en","enabled_languages":["de","en"],"languages":{"de":{"title":true,"content":true,"excerpt":false},"en":{"title":false,"content":false,"excerpt":false}}},"featured_image_urls_v2":{"full":"","thumbnail":"","medium":"","medium_large":"","large":"","1536x1536":"","2048x2048":""},"post_excerpt_stackable_v2":"<p>Auch Verzinsliches Wertpapier, Straight Bond oder Plain Vanilla Bond engl. Bond Eine Anleihe ist eine festverzinsliche Schuldverschreibung, welche von einem Unternehmen oder einem Staat emittiert wird, um Fremdkapital \u00fcber die B\u00f6rse aufzunehmen. Wird die Anleihe von einem Staat emittiert, so handelt es sich um eine Staatsanleihe, wird sie von einem Unternehmen emittiert, so handelt es sich um eine Unternehmensanleihe. Gemeinsam haben jedoch beide Formen, dass sie f\u00fcr den Anleger einen R\u00fcckzahlungsanspruch des gesamten investierten Kapitals plus eine j\u00e4hrliche Zinszahlung verbriefen. Funktionsweise einer Anleihe Die H\u00f6he der laufenden Zinszahlungen wird durch den Kupon der Anleihe festgelegt. Kauft der Anleger Anleihen im&hellip;<\/p>\n","category_list_v2":"","author_info_v2":{"name":"PrudentWater","url":"https:\/\/prudentwater.com\/en\/author\/niklas33\/"},"comments_num_v2":"0 comments","_links":{"self":[{"href":"https:\/\/prudentwater.com\/en\/wp-json\/wp\/v2\/pages\/223","targetHints":{"allow":["GET"]}}],"collection":[{"href":"https:\/\/prudentwater.com\/en\/wp-json\/wp\/v2\/pages"}],"about":[{"href":"https:\/\/prudentwater.com\/en\/wp-json\/wp\/v2\/types\/page"}],"author":[{"embeddable":true,"href":"https:\/\/prudentwater.com\/en\/wp-json\/wp\/v2\/users\/1"}],"replies":[{"embeddable":true,"href":"https:\/\/prudentwater.com\/en\/wp-json\/wp\/v2\/comments?post=223"}],"version-history":[{"count":0,"href":"https:\/\/prudentwater.com\/en\/wp-json\/wp\/v2\/pages\/223\/revisions"}],"wp:attachment":[{"href":"https:\/\/prudentwater.com\/en\/wp-json\/wp\/v2\/media?parent=223"}],"curies":[{"name":"wp","href":"https:\/\/api.w.org\/{rel}","templated":true}]}}