{"id":2244,"date":"2014-12-12T13:12:02","date_gmt":"2014-12-12T13:12:02","guid":{"rendered":"http:\/\/www.kunnskap.de\/?page_id=2244"},"modified":"2021-06-25T12:49:31","modified_gmt":"2021-06-25T10:49:31","slug":"investmentfonds","status":"publish","type":"page","link":"https:\/\/prudentwater.com\/en\/investmentfonds\/","title":{"rendered":"Investmentfonds"},"content":{"rendered":"<p>Auch <strong>Fonds<\/strong><br \/>\nengl. <strong>Mutual Fund<\/strong><\/p>\n<p>Ein Investmentfonds b\u00fcndelt, verwaltet und investiert schlie\u00dflich das Geld der Anleger in Wertpapiere wie Aktien, Anleihen, Rohstoffe oder Immobilien. Dabei gibt es Rentenfonds, Aktienfonds, Immobilienfonds oder gemischte Fonds. Bei allen Fonds handelt es sich um eine Kapitalsammelstelle, in die Investoren Geld einzahlen und im Gegenzug Fondsanteile erhalten. Ein Investmentfonds ist ein verwaltetes Sonderverm\u00f6gen. Dies bedeutet, dass das Geld der Anleger vom Verm\u00f6gen der Kapitalanlagegesellschaft getrennt wird. Das Verm\u00f6gen im Investmentfonds ist somit von der Gesellschaft oder von anderen Fonds abgekoppelt und selbst im Insolvenzfall rechtlich gesch\u00fctzt. Das Fondsverm\u00f6gen haftet nicht f\u00fcr Schulden der Kapitalanlagegesellschaft.<br \/>\nF\u00fcr den Privatanleger bietet ein Fonds die M\u00f6glichkeit der Diversifikation, also der Streuung seines Geldverm\u00f6gens. Anstatt in einzelne Aktien zu investieren, kann er durch den Kauf von Fondsanteilen zeitgleich in mehrere verschiedene Unternehmen oder sogar Anlageklassen investieren und somit das Marktrisiko, das Ausfallrisiko und das Emittentenrisiko streuen und f\u00fcr ihn selbst minimieren. Daf\u00fcr jedoch muss er der Investmentgesellschaft eine j\u00e4hrliche Geb\u00fchr zahlen, welche in der Regel zwischen ca. 1,5 % bis 4,0 % liegt. Durch den Kauf von Anteilen eines Investmentfonds wird der Anleger Miteigent\u00fcmer. Bei einem offenen Investmentfonds hat der Anleger jederzeit einen Anspruch auf die R\u00fcckgabe seiner Anteile zum aktuellen R\u00fccknahmepreis. Beim geschlossenen Investmentfonds ist dies oftmals nur \u00fcber den Zweitmarkt f\u00fcr geschlossene Fonds m\u00f6glich. Der Kurs eines Fondsanteiles bildet sich jedoch nach dem Nettoinventarwert und wird nicht nach Angebot und Nachfrage bestimmt, wie es ansonsten f\u00fcr Aktien oder Anleihen der Fall ist. Es k\u00f6nnen auch jederzeit neue Anteile von der Fondsgesellschaft ausgegeben werden oder zur\u00fcckgenommen werden. Als Faustregel gilt, dass ein Fonds ein Mindestverm\u00f6gen von $100 Millionen verwalten muss, damit der Fonds f\u00fcr die Kapitalanlagegesellschaft profitabel ist.<\/p>\n","protected":false},"excerpt":{"rendered":"<p>Auch Fonds engl. Mutual Fund Ein Investmentfonds b\u00fcndelt, verwaltet und investiert schlie\u00dflich das Geld der Anleger in Wertpapiere wie Aktien, Anleihen, Rohstoffe oder Immobilien. Dabei gibt es Rentenfonds, Aktienfonds, Immobilienfonds oder gemischte Fonds. Bei allen Fonds handelt es sich um eine Kapitalsammelstelle, in die Investoren Geld einzahlen und im Gegenzug Fondsanteile erhalten. Ein Investmentfonds ist [&hellip;]<\/p>\n","protected":false},"author":1,"featured_media":0,"parent":0,"menu_order":0,"comment_status":"closed","ping_status":"closed","template":"","meta":{"site-sidebar-layout":"default","site-content-layout":"","ast-site-content-layout":"","site-content-style":"default","site-sidebar-style":"default","ast-global-header-display":"","ast-banner-title-visibility":"","ast-main-header-display":"","ast-hfb-above-header-display":"","ast-hfb-below-header-display":"","ast-hfb-mobile-header-display":"","site-post-title":"","ast-breadcrumbs-content":"","ast-featured-img":"","footer-sml-layout":"","theme-transparent-header-meta":"","adv-header-id-meta":"","stick-header-meta":"","header-above-stick-meta":"","header-main-stick-meta":"","header-below-stick-meta":"","astra-migrate-meta-layouts":"default","ast-page-background-enabled":"default","ast-page-background-meta":{"desktop":{"background-color":"","background-image":"","background-repeat":"repeat","background-position":"center center","background-size":"auto","background-attachment":"scroll","background-type":"","background-media":"","overlay-type":"","overlay-color":"","overlay-opacity":"","overlay-gradient":""},"tablet":{"background-color":"","background-image":"","background-repeat":"repeat","background-position":"center center","background-size":"auto","background-attachment":"scroll","background-type":"","background-media":"","overlay-type":"","overlay-color":"","overlay-opacity":"","overlay-gradient":""},"mobile":{"background-color":"","background-image":"","background-repeat":"repeat","background-position":"center center","background-size":"auto","background-attachment":"scroll","background-type":"","background-media":"","overlay-type":"","overlay-color":"","overlay-opacity":"","overlay-gradient":""}},"ast-content-background-meta":{"desktop":{"background-color":"var(--ast-global-color-5)","background-image":"","background-repeat":"repeat","background-position":"center center","background-size":"auto","background-attachment":"scroll","background-type":"","background-media":"","overlay-type":"","overlay-color":"","overlay-opacity":"","overlay-gradient":""},"tablet":{"background-color":"var(--ast-global-color-5)","background-image":"","background-repeat":"repeat","background-position":"center center","background-size":"auto","background-attachment":"scroll","background-type":"","background-media":"","overlay-type":"","overlay-color":"","overlay-opacity":"","overlay-gradient":""},"mobile":{"background-color":"var(--ast-global-color-5)","background-image":"","background-repeat":"repeat","background-position":"center center","background-size":"auto","background-attachment":"scroll","background-type":"","background-media":"","overlay-type":"","overlay-color":"","overlay-opacity":"","overlay-gradient":""}},"footnotes":""},"class_list":["post-2244","page","type-page","status-publish","hentry"],"translation":{"provider":"WPGlobus","version":"3.0.2","language":"en","enabled_languages":["de","en"],"languages":{"de":{"title":true,"content":true,"excerpt":false},"en":{"title":false,"content":false,"excerpt":false}}},"featured_image_urls_v2":{"full":"","thumbnail":"","medium":"","medium_large":"","large":"","1536x1536":"","2048x2048":""},"post_excerpt_stackable_v2":"<p>Auch Fonds engl. Mutual Fund Ein Investmentfonds b\u00fcndelt, verwaltet und investiert schlie\u00dflich das Geld der Anleger in Wertpapiere wie Aktien, Anleihen, Rohstoffe oder Immobilien. Dabei gibt es Rentenfonds, Aktienfonds, Immobilienfonds oder gemischte Fonds. Bei allen Fonds handelt es sich um eine Kapitalsammelstelle, in die Investoren Geld einzahlen und im Gegenzug Fondsanteile erhalten. Ein Investmentfonds ist ein verwaltetes Sonderverm\u00f6gen. Dies bedeutet, dass das Geld der Anleger vom Verm\u00f6gen der Kapitalanlagegesellschaft getrennt wird. Das Verm\u00f6gen im Investmentfonds ist somit von der Gesellschaft oder von anderen Fonds abgekoppelt und selbst im Insolvenzfall rechtlich gesch\u00fctzt. Das Fondsverm\u00f6gen haftet nicht f\u00fcr Schulden der Kapitalanlagegesellschaft. F\u00fcr&hellip;<\/p>\n","category_list_v2":"","author_info_v2":{"name":"PrudentWater","url":"https:\/\/prudentwater.com\/en\/author\/niklas33\/"},"comments_num_v2":"0 comments","_links":{"self":[{"href":"https:\/\/prudentwater.com\/en\/wp-json\/wp\/v2\/pages\/2244","targetHints":{"allow":["GET"]}}],"collection":[{"href":"https:\/\/prudentwater.com\/en\/wp-json\/wp\/v2\/pages"}],"about":[{"href":"https:\/\/prudentwater.com\/en\/wp-json\/wp\/v2\/types\/page"}],"author":[{"embeddable":true,"href":"https:\/\/prudentwater.com\/en\/wp-json\/wp\/v2\/users\/1"}],"replies":[{"embeddable":true,"href":"https:\/\/prudentwater.com\/en\/wp-json\/wp\/v2\/comments?post=2244"}],"version-history":[{"count":0,"href":"https:\/\/prudentwater.com\/en\/wp-json\/wp\/v2\/pages\/2244\/revisions"}],"wp:attachment":[{"href":"https:\/\/prudentwater.com\/en\/wp-json\/wp\/v2\/media?parent=2244"}],"curies":[{"name":"wp","href":"https:\/\/api.w.org\/{rel}","templated":true}]}}