{"id":2249,"date":"2014-12-12T13:35:23","date_gmt":"2014-12-12T13:35:23","guid":{"rendered":"http:\/\/www.kunnskap.de\/?page_id=2249"},"modified":"2021-09-20T23:10:40","modified_gmt":"2021-09-20T21:10:40","slug":"investor-relations","status":"publish","type":"page","link":"https:\/\/prudentwater.com\/en\/investor-relations\/","title":{"rendered":"Investor Relations"},"content":{"rendered":"<p>Auch <strong>IR<\/strong><\/p>\n<p>Investor Relations als \u00dcberbegriff bezeichnet Ma\u00dfnahmen, welche von der Aktiengesellschaft ausgehen und zur Pflege der Beziehung zu den eigenen Aktion\u00e4ren dienen. Die Bindung der Aktion\u00e4re an das Unternehmen soll dabei nachhaltig und vertrauensvoll gest\u00e4rkt werden. Zu den Ma\u00dfnahmen geh\u00f6ren die Ausgabe von Informationen in Form von (digitalen) Brosch\u00fcren und Unterlagen, eine \u00fcbersichtliche Gestaltung der Gesch\u00e4fts- und Finanzberichte auf der Internetseite sowie Aktion\u00e4rstreffen und Roadshows, um relevante Informationen jederzeit und einfach \u00fcbermitteln zu k\u00f6nnen. Investor Relations kann somit als dauerhafte Kommunikation nach au\u00dfen hin zu den Eigenkapitalgebern (Aktion\u00e4re) und Fremdkapitalgebern (Gl\u00e4ubiger) des Unternehmens angesehen werden. Durch Investor Relations-Ma\u00dfnahmen m\u00f6chte das Unternehmen gegen\u00fcber den (potenziellen) Kapitalgebern Transparenz und nachhaltiges Vertrauen aufbauen.<\/p>\n","protected":false},"excerpt":{"rendered":"<p>Auch IR Investor Relations als \u00dcberbegriff bezeichnet Ma\u00dfnahmen, welche von der Aktiengesellschaft ausgehen und zur Pflege der Beziehung zu den eigenen Aktion\u00e4ren dienen. Die Bindung der Aktion\u00e4re an das Unternehmen soll dabei nachhaltig und vertrauensvoll gest\u00e4rkt werden. Zu den Ma\u00dfnahmen geh\u00f6ren die Ausgabe von Informationen in Form von (digitalen) Brosch\u00fcren und Unterlagen, eine \u00fcbersichtliche Gestaltung [&hellip;]<\/p>\n","protected":false},"author":1,"featured_media":0,"parent":0,"menu_order":0,"comment_status":"closed","ping_status":"closed","template":"","meta":{"site-sidebar-layout":"default","site-content-layout":"default","ast-site-content-layout":"","site-content-style":"default","site-sidebar-style":"default","ast-global-header-display":"","ast-banner-title-visibility":"","ast-main-header-display":"","ast-hfb-above-header-display":"","ast-hfb-below-header-display":"","ast-hfb-mobile-header-display":"","site-post-title":"","ast-breadcrumbs-content":"","ast-featured-img":"","footer-sml-layout":"","theme-transparent-header-meta":"default","adv-header-id-meta":"","stick-header-meta":"","header-above-stick-meta":"","header-main-stick-meta":"","header-below-stick-meta":"","astra-migrate-meta-layouts":"default","ast-page-background-enabled":"default","ast-page-background-meta":{"desktop":{"background-color":"","background-image":"","background-repeat":"repeat","background-position":"center center","background-size":"auto","background-attachment":"scroll","background-type":"","background-media":"","overlay-type":"","overlay-color":"","overlay-opacity":"","overlay-gradient":""},"tablet":{"background-color":"","background-image":"","background-repeat":"repeat","background-position":"center center","background-size":"auto","background-attachment":"scroll","background-type":"","background-media":"","overlay-type":"","overlay-color":"","overlay-opacity":"","overlay-gradient":""},"mobile":{"background-color":"","background-image":"","background-repeat":"repeat","background-position":"center center","background-size":"auto","background-attachment":"scroll","background-type":"","background-media":"","overlay-type":"","overlay-color":"","overlay-opacity":"","overlay-gradient":""}},"ast-content-background-meta":{"desktop":{"background-color":"var(--ast-global-color-5)","background-image":"","background-repeat":"repeat","background-position":"center center","background-size":"auto","background-attachment":"scroll","background-type":"","background-media":"","overlay-type":"","overlay-color":"","overlay-opacity":"","overlay-gradient":""},"tablet":{"background-color":"var(--ast-global-color-5)","background-image":"","background-repeat":"repeat","background-position":"center center","background-size":"auto","background-attachment":"scroll","background-type":"","background-media":"","overlay-type":"","overlay-color":"","overlay-opacity":"","overlay-gradient":""},"mobile":{"background-color":"var(--ast-global-color-5)","background-image":"","background-repeat":"repeat","background-position":"center center","background-size":"auto","background-attachment":"scroll","background-type":"","background-media":"","overlay-type":"","overlay-color":"","overlay-opacity":"","overlay-gradient":""}},"footnotes":""},"class_list":["post-2249","page","type-page","status-publish","hentry"],"translation":{"provider":"WPGlobus","version":"3.0.2","language":"en","enabled_languages":["de","en"],"languages":{"de":{"title":true,"content":true,"excerpt":false},"en":{"title":false,"content":false,"excerpt":false}}},"featured_image_urls_v2":{"full":"","thumbnail":"","medium":"","medium_large":"","large":"","1536x1536":"","2048x2048":""},"post_excerpt_stackable_v2":"<p>Auch IR Investor Relations als \u00dcberbegriff bezeichnet Ma\u00dfnahmen, welche von der Aktiengesellschaft ausgehen und zur Pflege der Beziehung zu den eigenen Aktion\u00e4ren dienen. Die Bindung der Aktion\u00e4re an das Unternehmen soll dabei nachhaltig und vertrauensvoll gest\u00e4rkt werden. Zu den Ma\u00dfnahmen geh\u00f6ren die Ausgabe von Informationen in Form von (digitalen) Brosch\u00fcren und Unterlagen, eine \u00fcbersichtliche Gestaltung der Gesch\u00e4fts- und Finanzberichte auf der Internetseite sowie Aktion\u00e4rstreffen und Roadshows, um relevante Informationen jederzeit und einfach \u00fcbermitteln zu k\u00f6nnen. Investor Relations kann somit als dauerhafte Kommunikation nach au\u00dfen hin zu den Eigenkapitalgebern (Aktion\u00e4re) und Fremdkapitalgebern (Gl\u00e4ubiger) des Unternehmens angesehen werden. Durch Investor Relations-Ma\u00dfnahmen m\u00f6chte&hellip;<\/p>\n","category_list_v2":"","author_info_v2":{"name":"PrudentWater","url":"https:\/\/prudentwater.com\/en\/author\/niklas33\/"},"comments_num_v2":"0 comments","_links":{"self":[{"href":"https:\/\/prudentwater.com\/en\/wp-json\/wp\/v2\/pages\/2249","targetHints":{"allow":["GET"]}}],"collection":[{"href":"https:\/\/prudentwater.com\/en\/wp-json\/wp\/v2\/pages"}],"about":[{"href":"https:\/\/prudentwater.com\/en\/wp-json\/wp\/v2\/types\/page"}],"author":[{"embeddable":true,"href":"https:\/\/prudentwater.com\/en\/wp-json\/wp\/v2\/users\/1"}],"replies":[{"embeddable":true,"href":"https:\/\/prudentwater.com\/en\/wp-json\/wp\/v2\/comments?post=2249"}],"version-history":[{"count":0,"href":"https:\/\/prudentwater.com\/en\/wp-json\/wp\/v2\/pages\/2249\/revisions"}],"wp:attachment":[{"href":"https:\/\/prudentwater.com\/en\/wp-json\/wp\/v2\/media?parent=2249"}],"curies":[{"name":"wp","href":"https:\/\/api.w.org\/{rel}","templated":true}]}}