{"id":2254,"date":"2014-12-13T20:33:39","date_gmt":"2014-12-13T20:33:39","guid":{"rendered":"http:\/\/www.kunnskap.de\/?page_id=2254"},"modified":"2023-11-05T14:25:09","modified_gmt":"2023-11-05T13:25:09","slug":"investmentgesellschaft","status":"publish","type":"page","link":"https:\/\/prudentwater.com\/en\/investmentgesellschaft\/","title":{"rendered":"Kapitalanlagegesellschaft"},"content":{"rendered":"<p>Auch <strong>Investmentgesellschaft<\/strong><br \/>\nengl. <strong>Investment Company<\/strong><\/p>\n<p>Eine Kapitalanlagegesellschaft ist ein Unternehmen, welches anvertrautes Geld der Anleger (Kunden) b\u00fcndelt und hinterher gesondert vom eigenen Verm\u00f6gen in Wertpapiere oder Immobilien investiert. In der Regel betreiben Investmentgesellschaften mehrere Investmentfonds. Das Geld, welches in die Investmentfonds flie\u00dft, wird anschlie\u00dfend im Sonderverm\u00f6gen angelegt. Das Hauptgesch\u00e4ft einer Kapitalanlagegesellschaft besteht somit aus der Verwaltung von Investmentverm\u00f6gen, nebenbei kann aber auch die reine Anlageberatung zu den Gesch\u00e4ftsaktivit\u00e4ten geh\u00f6ren.<\/p>\n","protected":false},"excerpt":{"rendered":"<p>Auch Investmentgesellschaft engl. Investment Company Eine Kapitalanlagegesellschaft ist ein Unternehmen, welches anvertrautes Geld der Anleger (Kunden) b\u00fcndelt und hinterher gesondert vom eigenen Verm\u00f6gen in Wertpapiere oder Immobilien investiert. In der Regel betreiben Investmentgesellschaften mehrere Investmentfonds. Das Geld, welches in die Investmentfonds flie\u00dft, wird anschlie\u00dfend im Sonderverm\u00f6gen angelegt. Das Hauptgesch\u00e4ft einer Kapitalanlagegesellschaft besteht somit aus der [&hellip;]<\/p>\n","protected":false},"author":1,"featured_media":0,"parent":0,"menu_order":0,"comment_status":"closed","ping_status":"closed","template":"","meta":{"site-sidebar-layout":"default","site-content-layout":"","ast-site-content-layout":"default","site-content-style":"default","site-sidebar-style":"default","ast-global-header-display":"","ast-banner-title-visibility":"","ast-main-header-display":"","ast-hfb-above-header-display":"","ast-hfb-below-header-display":"","ast-hfb-mobile-header-display":"","site-post-title":"","ast-breadcrumbs-content":"","ast-featured-img":"","footer-sml-layout":"","theme-transparent-header-meta":"","adv-header-id-meta":"","stick-header-meta":"","header-above-stick-meta":"","header-main-stick-meta":"","header-below-stick-meta":"","astra-migrate-meta-layouts":"set","ast-page-background-enabled":"default","ast-page-background-meta":{"desktop":{"background-color":"","background-image":"","background-repeat":"repeat","background-position":"center center","background-size":"auto","background-attachment":"scroll","background-type":"","background-media":"","overlay-type":"","overlay-color":"","overlay-opacity":"","overlay-gradient":""},"tablet":{"background-color":"","background-image":"","background-repeat":"repeat","background-position":"center center","background-size":"auto","background-attachment":"scroll","background-type":"","background-media":"","overlay-type":"","overlay-color":"","overlay-opacity":"","overlay-gradient":""},"mobile":{"background-color":"","background-image":"","background-repeat":"repeat","background-position":"center center","background-size":"auto","background-attachment":"scroll","background-type":"","background-media":"","overlay-type":"","overlay-color":"","overlay-opacity":"","overlay-gradient":""}},"ast-content-background-meta":{"desktop":{"background-color":"var(--ast-global-color-5)","background-image":"","background-repeat":"repeat","background-position":"center center","background-size":"auto","background-attachment":"scroll","background-type":"","background-media":"","overlay-type":"","overlay-color":"","overlay-opacity":"","overlay-gradient":""},"tablet":{"background-color":"var(--ast-global-color-5)","background-image":"","background-repeat":"repeat","background-position":"center center","background-size":"auto","background-attachment":"scroll","background-type":"","background-media":"","overlay-type":"","overlay-color":"","overlay-opacity":"","overlay-gradient":""},"mobile":{"background-color":"var(--ast-global-color-5)","background-image":"","background-repeat":"repeat","background-position":"center center","background-size":"auto","background-attachment":"scroll","background-type":"","background-media":"","overlay-type":"","overlay-color":"","overlay-opacity":"","overlay-gradient":""}},"footnotes":""},"class_list":["post-2254","page","type-page","status-publish","hentry"],"translation":{"provider":"WPGlobus","version":"3.0.2","language":"en","enabled_languages":["de","en"],"languages":{"de":{"title":true,"content":true,"excerpt":false},"en":{"title":false,"content":false,"excerpt":false}}},"featured_image_urls_v2":{"full":"","thumbnail":"","medium":"","medium_large":"","large":"","1536x1536":"","2048x2048":""},"post_excerpt_stackable_v2":"<p>Auch Investmentgesellschaft engl. Investment Company Eine Kapitalanlagegesellschaft ist ein Unternehmen, welches anvertrautes Geld der Anleger (Kunden) b\u00fcndelt und hinterher gesondert vom eigenen Verm\u00f6gen in Wertpapiere oder Immobilien investiert. In der Regel betreiben Investmentgesellschaften mehrere Investmentfonds. Das Geld, welches in die Investmentfonds flie\u00dft, wird anschlie\u00dfend im Sonderverm\u00f6gen angelegt. Das Hauptgesch\u00e4ft einer Kapitalanlagegesellschaft besteht somit aus der Verwaltung von Investmentverm\u00f6gen, nebenbei kann aber auch die reine Anlageberatung zu den Gesch\u00e4ftsaktivit\u00e4ten geh\u00f6ren.<\/p>\n","category_list_v2":"","author_info_v2":{"name":"PrudentWater","url":"https:\/\/prudentwater.com\/en\/author\/niklas33\/"},"comments_num_v2":"0 comments","_links":{"self":[{"href":"https:\/\/prudentwater.com\/en\/wp-json\/wp\/v2\/pages\/2254","targetHints":{"allow":["GET"]}}],"collection":[{"href":"https:\/\/prudentwater.com\/en\/wp-json\/wp\/v2\/pages"}],"about":[{"href":"https:\/\/prudentwater.com\/en\/wp-json\/wp\/v2\/types\/page"}],"author":[{"embeddable":true,"href":"https:\/\/prudentwater.com\/en\/wp-json\/wp\/v2\/users\/1"}],"replies":[{"embeddable":true,"href":"https:\/\/prudentwater.com\/en\/wp-json\/wp\/v2\/comments?post=2254"}],"version-history":[{"count":0,"href":"https:\/\/prudentwater.com\/en\/wp-json\/wp\/v2\/pages\/2254\/revisions"}],"wp:attachment":[{"href":"https:\/\/prudentwater.com\/en\/wp-json\/wp\/v2\/media?parent=2254"}],"curies":[{"name":"wp","href":"https:\/\/api.w.org\/{rel}","templated":true}]}}